{"id":977,"date":"2025-01-28T14:14:41","date_gmt":"2025-01-28T13:14:41","guid":{"rendered":"https:\/\/www.patriarcatovenezia.it\/ufficio-amministrativo\/?page_id=977"},"modified":"2026-03-17T14:37:50","modified_gmt":"2026-03-17T13:37:50","slug":"unio","status":"publish","type":"page","link":"https:\/\/www.patriarcatovenezia.it\/ufficio-amministrativo\/unio\/","title":{"rendered":"UniO"},"content":{"rendered":"<div id=\"pl-977\"  class=\"panel-layout\" ><div id=\"pg-977-0\"  class=\"panel-grid panel-no-style\" ><div id=\"pgc-977-0-0\"  class=\"panel-grid-cell\" ><div id=\"panel-977-0-0-0\" class=\"so-panel widget widget_sow-editor panel-first-child\" data-index=\"0\" ><div\n\t\t\t\n\t\t\tclass=\"so-widget-sow-editor so-widget-sow-editor-base\"\n\t\t\t\n\t\t>\n<div class=\"siteorigin-widget-tinymce textwidget\">\n\t<p>Il Patriarcato di Venezia ha valutato di adottare, come gi\u00e0 altre Diocesi italiane, la piattaforma UniO che la Conferenza Episcopale Italiana mette a disposizione per gestire la contabilit\u00e0 parrocchiale e facilitare le comunicazioni tra le parrocchie e gli uffici della Curia Patriarcale.<\/p>\n<\/div>\n<\/div><\/div><div id=\"panel-977-0-0-1\" class=\"so-panel widget widget_sow-editor\" data-index=\"1\" ><div\n\t\t\t\n\t\t\tclass=\"so-widget-sow-editor so-widget-sow-editor-base\"\n\t\t\t\n\t\t><h3 class=\"widget-title\">Che cos\u2019\u00e8?<\/h3>\n<div class=\"siteorigin-widget-tinymce textwidget\">\n\t<h4><\/h4>\n<hr \/>\n<p><strong>UniO<\/strong>\u00a0\u00e8 la\u00a0<u>piattaforma parrocchiale<\/u>\u00a0che consente, da un unico sistema di accesso, l\u2019utilizzo di moduli gestionali e dei servizi per le parrocchie\u00a0<a href=\"https:\/\/unio.glauco.it\/Video\/presentazione_unio.mp4\">https:\/\/unio.glauco.it\/Video\/presentazione_unio.mp4<\/a>: un contenitore in\u00a0<em>cloud<\/em>\u00a0<u>per gestire i diversi settori<\/u>\u00a0quali anagrafica (persone, famiglie, gruppi, sacramenti, istruttoria matrimoniale), la comunicazione con la Diocesi relativamente ai defunti, l\u2019amministrazione (gestione piano dei conti fornito dalla Diocesi, contabilit\u00e0), i rapporti amministrativi con la Diocesi mediante l\u2019invio del Rendiconto, gli orari Sante Messe, la condivisione dei documenti, gli eventi parrocchiali.<\/p>\n<p><u>Nel 2024 nella nostra Diocesi \u00e8 stata attivata la sezione amministrativa<\/u>\u00a0per la tenuta della contabilit\u00e0 parrocchiale, la redazione del rendiconto annuale e le comunicazioni con l\u2019ufficio amministrativo della Curia Patriarcale.<\/p>\n<\/div>\n<\/div><\/div><div id=\"panel-977-0-0-2\" class=\"so-panel widget widget_sow-editor\" data-index=\"2\" ><div\n\t\t\t\n\t\t\tclass=\"so-widget-sow-editor so-widget-sow-editor-base\"\n\t\t\t\n\t\t><h3 class=\"widget-title\">Quali vantaggi?<\/h3>\n<div class=\"siteorigin-widget-tinymce textwidget\">\n\t<h4><\/h4>\n<hr \/>\n<p>La principale ragione che ha spinto anche la nostra Diocesi ad adottare la piattaforma <strong>UniO<\/strong>\u00a0\u00e8 quella di\u00a0<u>agevolare e semplificare le comunicazioni tra parrocchia e Diocesi<\/u>, riducendo progressivamente la comunicazione cartacea. Ma vi sono anche altri benefici e i pi\u00f9 evidenti sono: un\u2019unica piattaforma omogenea per tutta la Diocesi per la quale non servono particolari conoscenza o abilit\u00e0 informatiche (i parroci che si avvicendano nelle varie parrocchie potranno ritrovare la stessa modalit\u00e0 operativa e quindi di accedere alle informazioni in modo pi\u00f9 semplice e rapido), <u>favorire un progetto di standardizzazione e ottimizzazione dei dati<\/u> in modo che siano fruibili da tutti secondo le stesse modalit\u00e0, l\u2019accesso da qualsiasi computer con la garanzia che i dati sono sempre disponibili sul cloud garantendo continuit\u00e0 del servizio, sicurezza e riservatezza, protezione, backup.<\/p>\n<\/div>\n<\/div><\/div><div id=\"panel-977-0-0-3\" class=\"so-panel widget widget_sow-editor\" data-index=\"3\" ><div\n\t\t\t\n\t\t\tclass=\"so-widget-sow-editor so-widget-sow-editor-base\"\n\t\t\t\n\t\t><h3 class=\"widget-title\">Modalit\u00e0 assistenza su utilizzo UniO<\/h3>\n<div class=\"siteorigin-widget-tinymce textwidget\">\n\t<header class=\"entry-header\">\n<hr \/>\n<div class=\"entry-meta\">Per venire incontro alle richieste di chiarimenti sull\u2019utilizzo del sistema UniO per la tenuta contabile e la trasmissione dei rendiconti delle parrocchie questo Ufficio Amministrativo \u00e8 a disposizione completa disposizione.<\/div>\n<\/header>\n<div class=\"entry-content\">\n<p>Per garantire un servizio ordinato ed efficare si chiede ai parroci e ai loro collaboratori di prendere\u00a0<b>appuntamento via posta elettronica\u00a0<\/b>all\u2019indirizzo\u00a0<a href=\"mailto:amministrativo@patriarcatovenezia.it\" rel=\"noreferrer\">amministrativo@patriarcatovenezia.it<\/a>, tenendo conto che sar\u00e0 fissato quanto prima e preferibilmente al pomeriggio tra le 14.00 e le 16.00 \u2013 fatte salve esigenze particolari da segnalare nella richiesta.<\/p>\n<p>A tal fine potr\u00e0 essere utile predisporre il PC scaricando il programma\u00a0 gratuito <b>SUPREMO\u00a0<\/b>(<a href=\"https:\/\/www.supremocontrol.com\/it\/\">https:\/\/www.supremocontrol.com\/it\/<\/a>): questo permetter\u00e0 all\u2019Ufficio di collegarsi al terminale della parrocchia (o del collaboratore) per dare una migliore e pi\u00f9 precisa assistenza.<\/p>\n<\/div>\n<\/div>\n<\/div><\/div><div id=\"panel-977-0-0-4\" class=\"so-panel widget widget_sow-editor panel-last-child\" data-index=\"4\" ><div\n\t\t\t\n\t\t\tclass=\"so-widget-sow-editor so-widget-sow-editor-base\"\n\t\t\t\n\t\t><h3 class=\"widget-title\">Documenti<\/h3>\n<div class=\"siteorigin-widget-tinymce textwidget\">\n\t<hr \/>\n<p><strong><a href=\"https:\/\/www.patriarcatovenezia.it\/ufficio-amministrativo\/wp-content\/uploads\/sites\/8\/2025\/09\/00-UniO-Funzionalita-di-base.pdf\">00-UniO-Funzionalita di base<\/a><\/strong><\/p>\n<p><strong><a href=\"https:\/\/www.patriarcatovenezia.it\/ufficio-amministrativo\/wp-content\/uploads\/sites\/8\/2025\/03\/01-UniO-Credenziali-principali-e-collaboratori.pdf\">01-UniO-Credenziali principali e collaboratori<\/a><\/strong><\/p>\n<p><strong><a href=\"https:\/\/www.patriarcatovenezia.it\/ufficio-amministrativo\/wp-content\/uploads\/sites\/8\/2025\/03\/02-UniO-Prima-apertura.pdf\">02-UniO-Prima apertura<\/a><\/strong><\/p>\n<p><strong><a href=\"https:\/\/www.patriarcatovenezia.it\/ufficio-amministrativo\/wp-content\/uploads\/sites\/8\/2025\/03\/03-UniO-Sottoconti_compressed.pdf\">03-UniO-Sottoconti<\/a><\/strong><\/p>\n<p><strong><a href=\"https:\/\/www.patriarcatovenezia.it\/ufficio-amministrativo\/wp-content\/uploads\/sites\/8\/2025\/03\/04-UniO-Apertura-anno-e-invio-rendiconto.pdf\">04-UniO-Apertura anno e invio rendiconto<\/a><\/strong><\/p>\n<p><strong><a href=\"https:\/\/www.patriarcatovenezia.it\/ufficio-amministrativo\/wp-content\/uploads\/sites\/8\/2025\/09\/05-UniO-Alcune-operazioni-comuni.pdf\">05-UniO-Alcune operazioni comuni<\/a><\/strong><\/p>\n<p><strong><a href=\"https:\/\/www.patriarcatovenezia.it\/ufficio-amministrativo\/wp-content\/uploads\/sites\/8\/2026\/03\/VADEMECUM-Piano-dei-conti-R7.pdf\">VADEMECUM Piano dei conti-R7<\/a><\/strong><\/p>\n<\/div>\n<\/div><\/div><\/div><\/div><\/div>","protected":false},"excerpt":{"rendered":"<p>Il Patriarcato di Venezia ha valutato di adottare, come gi\u00e0 altre Diocesi italiane, la piattaforma UniO che la Conferenza Episcopale Italiana mette a disposizione per gestire la contabilit\u00e0 parrocchiale e facilitare le comunicazioni tra le parrocchie e gli uffici della Curia Patriarcale. UniO\u00a0\u00e8 la\u00a0piattaforma parrocchiale\u00a0che consente, da un unico sistema di accesso, l\u2019utilizzo di moduli [&hellip;]<\/p>\n","protected":false},"author":0,"featured_media":979,"parent":0,"menu_order":0,"comment_status":"closed","ping_status":"closed","template":"","meta":{"_acf_changed":false,"ip_address":"","user_agent":"","level":"","revision":"","cookie_id":"","page_referer":"","html_form":"","footnotes":""},"class_list":["post-977","page","type-page","status-publish","has-post-thumbnail","hentry"],"acf":[],"_links":{"self":[{"href":"https:\/\/www.patriarcatovenezia.it\/ufficio-amministrativo\/wp-json\/wp\/v2\/pages\/977"}],"collection":[{"href":"https:\/\/www.patriarcatovenezia.it\/ufficio-amministrativo\/wp-json\/wp\/v2\/pages"}],"about":[{"href":"https:\/\/www.patriarcatovenezia.it\/ufficio-amministrativo\/wp-json\/wp\/v2\/types\/page"}],"author":[{"embeddable":true,"href":"https:\/\/www.patriarcatovenezia.it\/ufficio-amministrativo\/wp-json\/wp\/v2\/users\/10"}],"replies":[{"embeddable":true,"href":"https:\/\/www.patriarcatovenezia.it\/ufficio-amministrativo\/wp-json\/wp\/v2\/comments?post=977"}],"version-history":[{"count":12,"href":"https:\/\/www.patriarcatovenezia.it\/ufficio-amministrativo\/wp-json\/wp\/v2\/pages\/977\/revisions"}],"predecessor-version":[{"id":1781,"href":"https:\/\/www.patriarcatovenezia.it\/ufficio-amministrativo\/wp-json\/wp\/v2\/pages\/977\/revisions\/1781"}],"wp:featuredmedia":[{"embeddable":true,"href":"https:\/\/www.patriarcatovenezia.it\/ufficio-amministrativo\/wp-json\/wp\/v2\/media\/979"}],"wp:attachment":[{"href":"https:\/\/www.patriarcatovenezia.it\/ufficio-amministrativo\/wp-json\/wp\/v2\/media?parent=977"}],"curies":[{"name":"wp","href":"https:\/\/api.w.org\/{rel}","templated":true}]}}