{"id":2285,"date":"2021-11-16T09:55:09","date_gmt":"2021-11-16T08:55:09","guid":{"rendered":"https:\/\/venezia.webdiocesi.it\/pastorale-sposi-famiglia\/?page_id=2285"},"modified":"2023-02-22T08:45:30","modified_gmt":"2023-02-22T07:45:30","slug":"corsi-fidanzati-2022-2023","status":"publish","type":"page","link":"https:\/\/www.patriarcatovenezia.it\/pastorale-sposi-famiglia\/corsi-fidanzati-2022-2023\/","title":{"rendered":"Corsi fidanzati 2022-2023"},"content":{"rendered":"<header class=\"article-header\">\n<h1 class=\"page-title\"><\/h1>\n<\/header>\n<section class=\"entry-content\">\n<p class=\"entry-content\"><a title=\"\" href=\"https:\/\/venezia.webdiocesi.it\/pastorale-sposi-famiglia\/wp-content\/uploads\/sites\/7\/2019\/09\/Sposi.jpg\" data-rel=\"lightbox-image-0\" data-rl_title=\"\" data-rl_caption=\"\"><img loading=\"lazy\" decoding=\"async\" class=\"wp-image-1664 alignleft\" src=\"https:\/\/venezia.webdiocesi.it\/pastorale-sposi-famiglia\/wp-content\/uploads\/sites\/7\/2019\/09\/Sposi.jpg\" alt=\"\" width=\"361\" height=\"214\" srcset=\"https:\/\/www.patriarcatovenezia.it\/pastorale-sposi-famiglia\/wp-content\/uploads\/sites\/7\/2019\/09\/Sposi.jpg 720w, https:\/\/www.patriarcatovenezia.it\/pastorale-sposi-famiglia\/wp-content\/uploads\/sites\/7\/2019\/09\/Sposi-300x178.jpg 300w, https:\/\/www.patriarcatovenezia.it\/pastorale-sposi-famiglia\/wp-content\/uploads\/sites\/7\/2019\/09\/Sposi-360x214.jpg 360w\" sizes=\"(max-width: 361px) 100vw, 361px\" \/><\/a><\/p>\n<p>&nbsp;<\/p>\n<p>&nbsp;<\/p>\n<p class=\"entry-content\">Stiamo inserendo progressivamente le informazioni sui\u00a0<strong>corsi di preparazione al matrimonio<\/strong>, in base alle segnalazioni di parrocchie, collaborazioni pastorali e vicariati.\u00a0\u00a0<em><strong>Sei un sacerdote o un membro dell\u2019equipe dei corsi prematrimoniali\u00a0<\/strong><\/em>ti invitiamo a compilare il\u00a0<strong><a title=\"\" href=\"https:\/\/venezia.webdiocesi.it\/pastorale-sposi-famiglia\/fidanzati-2\/modulo-da-compilare\/\">MODULO ONLINE<\/a><\/strong>\u00a0per darci tutte le informazioni sul corso che attiverete.<\/p>\n<\/section>\n<p>&nbsp;<\/p>\n<p>&nbsp;<\/p>\n<section class=\"entry-content\">\n<hr \/>\n<p><strong>VENEZIA CENTRO STORICO<\/strong><\/p>\n<ul>\n<li><strong>Collaborazione pastorale Frari, Tolentini e S. Pantalon<\/strong>: inizio corso a gennaio 2023. Per informazioni contattare il parroco padre Lino:\u00a0041-2728611 e\u00a0parroco@basilicadeifrari.it<\/li>\n<li><strong>Parrocchie di\u00a0San Mois\u00e8 &#8211; San Salvador &#8211; San Zaccaria\u00a0Santo Stefano \u2013 San Luca<\/strong>: inizio corso sabato 14 gennaio ore 15:00 nel patronato di S. Mois\u00e9; i successivi incontri si alterneranno di venerd\u00ec e sabato. <em>Tutte le informazioni nel depliant<\/em>\u00a0<a href=\"https:\/\/venezia.webdiocesi.it\/pastorale-sposi-famiglia\/wp-content\/uploads\/sites\/7\/2022\/12\/Area_marciana_Corso-per-i-Fidanzati-2023.pdf\">Area_marciana_Corso per i Fidanzati 2023<\/a>. Contatti:\u00a0matrimonicm@gmail.com\u00a0 041-5285840.<\/li>\n<li><strong>Colaborazione pastorale Gesuati-Carmini-S. Trovaso<\/strong>: periodo febbraio-aprile 2023; data inizio 16.02.23; n. 10 incontri &#8211; il gioved\u00ec alle ore 20,45 presso la parrocchia dei Gesuati, Dorsoduro 917\/a (salvo quando diversamente indicato). <em>Per informazioni:<\/em>\u00a0per info cell 351 966 7283 don Valentino<\/li>\n<\/ul>\n<hr \/>\n<p><strong>MESTRE E TERRAFERMA<\/strong><\/p>\n<ul>\n<li><strong>Parrocchia SS. Gervasio e Protasio di Carpenedo<\/strong>: il corso inizier\u00e0 sabato 25\/02 p.v. e terminer\u00e0 il 15\/4, per complessivi 7 incontri settimanali (saltando l&#8217;8\/4 che sar\u00e0 Sabato Santo) dalle 20.30 alle 22.00 circa. Referenti Animatori corso:\u00a0Mariagiovanna Bellemo e\u00a0Gianandrea Tamai (tel. parrocchia 041-5352327)<\/li>\n<li><strong>S Maria Goretti:\u00a0<\/strong>il corso inizier\u00e0 alla fine di gennaio di domenica (orario 16:00-17:00); con i partecipanti si stabilir\u00e0 poi il calendario. <em>Per informazioni<\/em>: 041-611021 e parrocchiasmgmestre@gmail.com<\/li>\n<li><strong>Collaborazione Trifoglio\u00a0<\/strong><strong>(parrocchie di San Giuseppe, San Marco, Corpus Domini e Santa Maria della Pace):\u00a0<\/strong>l&#8217;itinerario di preparazione al matrimonio inizia venerd\u00ec 13 gennaio alle ore 21:00 e termina venerd\u00ec 3 marzo (8 incontri) nel patronato di San Giuseppe. Per informazioni:\u00a0041-5315433 e\u00a0parroco@sangiuseppemestre.it<\/li>\n<li><strong>Beata Vergine Addolorata:<\/strong> contattare il parroco don Stefano\u00a0041-5343812 e ufficio@parrocchiabva.it<\/li>\n<li><strong>Collaborazione Asseggiano, Gazzera, S. Barbara, Zelarino e Trivignano: <\/strong>il corso si terr\u00e0\u00a0da sabato 21 Gennaio al 18 marzo 2023 presso il patronato della Gazzera alle ore 20.45. <em>Per informazioni:<\/em> 041-913210\u00a0gazzera@patriarcatovenezia.it<\/li>\n<li><strong>S. Lorenzo martire Duomo: <\/strong>percorso in 9 incontri, che inizier\u00e0 gioved\u00ec 9 febbraio fino al 30 marzo. La sede sar\u00e0 Santa Maria delle Grazie in Via Poerio, alle ore 20:45. <em>Per informazion<\/em>i:\u00a0041-611021<\/li>\n<li><strong>Parrocchie di Quarto d&#8217;Altino, Portegrandi e Altino<\/strong>: il cammino di formazione si terr\u00e0 il marted\u00ec\u00a0sera alle ore 20.45 presso i\u00a0locali del patronato della parrocchia di Quarto d&#8217;Altino.\u00a0<em>Per info e iscrizioni<\/em>:\u00a0don Gianni tel. 333 1322916<\/li>\n<\/ul>\n<hr \/>\n<p><strong>MARGHERA<\/strong><\/p>\n<ul>\n<li><strong>Corso vicariale<\/strong> a partire dal 16 gennaio, il luned\u00ec sera alle 20: 30\u00a0c\/o parrocchia S. Michele. <em>Per informazioni e contatti:<\/em>\u00a0<a href=\"https:\/\/venezia.webdiocesi.it\/pastorale-sposi-famiglia\/wp-content\/uploads\/sites\/7\/2023\/01\/Corso_fidanzati_vicariato_Marghera_2023.pdf\">Corso_fidanzati_vicariato_Marghera_2023<\/a><\/li>\n<\/ul>\n<hr \/>\n<p><strong>RIVIERA<\/strong><\/p>\n<ul>\n<li><\/li>\n<\/ul>\n<hr \/>\n<p><strong>LITORALE<\/strong><\/p>\n<ul>\n<li><strong>Parrocchia S. Giovanni Battista di Jesolo Paese<\/strong>: il corso inizia il 9 gennaio, per un totale di 10 incontri il luned\u00ec sera alle 20:30. A questi incontri si aggiunge l&#8217;appuntamento diocesano per i fidanzati con il Patriarca a Venezia.\u00a0<em>Tutte le informazioni nel depliant:\u00a0<\/em><a href=\"https:\/\/venezia.webdiocesi.it\/pastorale-sposi-famiglia\/wp-content\/uploads\/sites\/7\/2022\/11\/JesoloPaese_corsofidanzati2023.pdf\">JesoloPaese_corsofidanzati2023<\/a>.<\/li>\n<li><strong>Collaborazione pastorale di Eraclea<\/strong>: il corso inizier\u00e0 gioved\u00ec 12 gennaio, tutti i gioved\u00ec fino al 30 marzo alle ore 20.45 nel patronato di Eraclea. <em>Per informazioni<\/em>: 0421-232108<\/li>\n<\/ul>\n<\/section>\n","protected":false},"excerpt":{"rendered":"<p>&nbsp; &nbsp; Stiamo inserendo progressivamente le informazioni sui\u00a0corsi di preparazione al matrimonio, in base alle segnalazioni di parrocchie, collaborazioni pastorali e vicariati.\u00a0\u00a0Sei un sacerdote o un membro dell\u2019equipe dei corsi prematrimoniali\u00a0ti invitiamo a compilare il\u00a0MODULO ONLINE\u00a0per darci tutte le informazioni sul corso che attiverete. &nbsp; &nbsp; VENEZIA CENTRO STORICO Collaborazione pastorale Frari, Tolentini e S. [&hellip;]<\/p>\n","protected":false},"author":0,"featured_media":0,"parent":0,"menu_order":0,"comment_status":"closed","ping_status":"closed","template":"","meta":{"_acf_changed":false,"ip_address":"","user_agent":"","level":"","revision":"","cookie_id":"","page_referer":"","html_form":"","footnotes":""},"class_list":["post-2285","page","type-page","status-publish","hentry"],"acf":[],"_links":{"self":[{"href":"https:\/\/www.patriarcatovenezia.it\/pastorale-sposi-famiglia\/wp-json\/wp\/v2\/pages\/2285"}],"collection":[{"href":"https:\/\/www.patriarcatovenezia.it\/pastorale-sposi-famiglia\/wp-json\/wp\/v2\/pages"}],"about":[{"href":"https:\/\/www.patriarcatovenezia.it\/pastorale-sposi-famiglia\/wp-json\/wp\/v2\/types\/page"}],"author":[{"embeddable":true,"href":"https:\/\/www.patriarcatovenezia.it\/pastorale-sposi-famiglia\/wp-json\/wp\/v2\/users\/10"}],"replies":[{"embeddable":true,"href":"https:\/\/www.patriarcatovenezia.it\/pastorale-sposi-famiglia\/wp-json\/wp\/v2\/comments?post=2285"}],"version-history":[{"count":20,"href":"https:\/\/www.patriarcatovenezia.it\/pastorale-sposi-famiglia\/wp-json\/wp\/v2\/pages\/2285\/revisions"}],"predecessor-version":[{"id":2530,"href":"https:\/\/www.patriarcatovenezia.it\/pastorale-sposi-famiglia\/wp-json\/wp\/v2\/pages\/2285\/revisions\/2530"}],"wp:attachment":[{"href":"https:\/\/www.patriarcatovenezia.it\/pastorale-sposi-famiglia\/wp-json\/wp\/v2\/media?parent=2285"}],"curies":[{"name":"wp","href":"https:\/\/api.w.org\/{rel}","templated":true}]}}