{"id":4766,"date":"2024-11-02T13:52:05","date_gmt":"2024-11-02T12:52:05","guid":{"rendered":"https:\/\/www.patriarcatovenezia.it\/pastorale-giovanile\/corsi-di-formazione-custodi-di-comunita\/"},"modified":"2024-12-04T14:48:31","modified_gmt":"2024-12-04T13:48:31","slug":"corsi-di-formazione-custodi-di-comunita","status":"publish","type":"page","link":"https:\/\/www.patriarcatovenezia.it\/pastorale-giovanile\/corsi-di-formazione-custodi-di-comunita\/","title":{"rendered":"CORSI di formazione: CUSTODI DI COMUNIT\u00c0 &#8211; 2024\/2025"},"content":{"rendered":"<p><img loading=\"lazy\" decoding=\"async\" class=\" wp-image-4788 alignleft\" src=\"https:\/\/www.patriarcatovenezia.it\/pastorale-giovanile\/wp-content\/uploads\/sites\/6\/2024\/12\/Foto-da-Anna-5-1-400x300.jpg\" alt=\"\" width=\"359\" height=\"269\" srcset=\"https:\/\/www.patriarcatovenezia.it\/pastorale-giovanile\/wp-content\/uploads\/sites\/6\/2024\/12\/Foto-da-Anna-5-1-400x300.jpg 400w, https:\/\/www.patriarcatovenezia.it\/pastorale-giovanile\/wp-content\/uploads\/sites\/6\/2024\/12\/Foto-da-Anna-5-1-1024x768.jpg 1024w, https:\/\/www.patriarcatovenezia.it\/pastorale-giovanile\/wp-content\/uploads\/sites\/6\/2024\/12\/Foto-da-Anna-5-1-768x576.jpg 768w, https:\/\/www.patriarcatovenezia.it\/pastorale-giovanile\/wp-content\/uploads\/sites\/6\/2024\/12\/Foto-da-Anna-5-1-360x270.jpg 360w, https:\/\/www.patriarcatovenezia.it\/pastorale-giovanile\/wp-content\/uploads\/sites\/6\/2024\/12\/Foto-da-Anna-5-1-1536x1152.jpg 1536w, https:\/\/www.patriarcatovenezia.it\/pastorale-giovanile\/wp-content\/uploads\/sites\/6\/2024\/12\/Foto-da-Anna-5-1.jpg 2048w\" sizes=\"(max-width: 359px) 100vw, 359px\" \/><\/p>\n<p style=\"text-align: left\"><strong><span style=\"color: #333399\">PRESENTAZIONE<\/span><\/strong><\/p>\n<p style=\"text-align: left\"><span style=\"color: #333399\">Il Progetto <strong>CUSTODI DI COMUNIT\u00c0<\/strong> \u00e8 gi\u00e0 in atto da qualche anno nel Patriarcato e nasce dal desiderio di intercettare e provare a rispondere ad un bisogno formativo che le varie parrocchie hanno fortemente espresso: <strong>strutturare e rendere sempre pi\u00f9 consapevole il servizio generoso, ma spesso fragile e temporaneo, degli adolescenti nelle esperienze estive e\/o dei GREST parrocchiali.<\/strong><\/span><\/p>\n<p style=\"text-align: left\"><span style=\"color: #333399\"><strong>Far maturare figure <\/strong>(veramente) <strong>educative<br \/>\n<\/strong>\u00e8 un&#8217;impresa lunga e complessa che richiede un lavoro &#8220;a tutto tondo&#8221; sulla persona. Tempo e discernimento che non si sposano esattamente con alcune <em>emergenze<\/em> registrate dalle comunit\u00e0: occorre vigilare sulla domanda di <em>animatori pret-a-porter<\/em> perch\u00e9 essa non pu\u00f2 guidare le nostre scelte. Certi allora che figure del genere non hanno ricette infallibili e non si ottengono in quattro serate (!) possiamo almeno pensare che da qualche parte il lungo cammino prenda il via. D<\/span><span style=\"color: #333399\">i questi tempi <\/span><span style=\"color: #333399\">non sembra praticabile che<\/span><span style=\"color: #333399\">\u00a0<\/span><span style=\"color: #333399\">il compito gravi sulle sole parrocchie (pur riconoscendo che alcune lo sostengono molto bene!)&#8230; n<\/span><span style=\"color: #333399\">emmeno il contrario per\u00f2 \u00e8 proponibile: delegare tutto alla Diocesi quale &#8220;fabbrica-animatori&#8221;.<br \/>\n<\/span><span style=\"color: #333399\"><strong>Che fare?<\/strong> La strada scelta \u00e8 quella di mettere in atto <strong>un progetto<\/strong>, sempre migliorabile, per iniziare almeno a rispondere a questi bisogni, restando in dialogo, e vedere\/discernere cosa si pu\u00f2 sviluppare da questa esperienza.<\/span><\/p>\n<p><img loading=\"lazy\" decoding=\"async\" class=\"size-full wp-image-4770 alignright\" src=\"https:\/\/www.patriarcatovenezia.it\/pastorale-giovanile\/wp-content\/uploads\/sites\/6\/2024\/12\/AGO_logo_oriz.png\" alt=\"\" width=\"251\" height=\"101\" \/><\/p>\n<p><span style=\"color: #333399\"><br \/>\n<strong>La collaborazione con Gigi Cotichella e gli educatori di <\/strong><\/span><strong style=\"color: #333399\">AGO per la formazione<br \/>\n<\/strong><span style=\"color: #333399\">ha permesso di presentare le nostre necessit\u00e0 a persone competenti, studiare, avviare e (laddove serve) &#8220;aggiustare&#8221; per venire incontro alle esigenze e ai tempi che mutano.<\/span><\/p>\n<hr \/>\n<h3 style=\"text-align: center\"><span style=\"color: #ff0000\"><strong>CORSO FORMATORI<\/strong><\/span><\/h3>\n<p><span style=\"color: #333399\"><strong>La sfida pi\u00f9 grande<br \/>\n<\/strong>\u00e8 quella di non ripartire sempre da zero, ogni anno, investendo valanghe di energie e disperdendole in un nano-secondo.<br \/>\nPer questo la PG di Venezia sta cercando di costituire un <strong>gruppo di giovani appassionati dai 18 anni in su<\/strong> che, attraverso una proposta formativa diocesana pi\u00f9 corposa, imparino un metodo per &#8220;pensare la formazione&#8221; e metterla a servizio di altri.<br \/>\nLo sguardo e il respiro di una Chiesa pi\u00f9 ampia aiutano poi a rivitalizzare le dinamiche parrocchiali, nel momento in cui risulti necessario.<br \/>\nQuanto imparato e messo in pratica in diocesi, infatti, crediamo davvero possa (e debba) diventare una ricchezza che torna nelle parrocchie di appartenenza, dove quotidianamente siamo chiamati a vivere il nostro esserne&#8230; non <em>padroni<\/em>, non <em>schiavi<\/em>, ma CUSTODI.<\/span><\/p>\n<p><img loading=\"lazy\" decoding=\"async\" class=\" wp-image-4972 alignleft\" src=\"https:\/\/www.patriarcatovenezia.it\/pastorale-giovanile\/wp-content\/uploads\/sites\/6\/2024\/12\/CUSTODI-DI-COMUNITa-formatori-Verticale.png\" alt=\"\" width=\"223\" height=\"315\" \/><\/p>\n<p style=\"text-align: left\"><strong>Il corso \u00e8 pensato solo per giovani MAGGIORENNI<\/strong><br \/>\nche sposano in toto la proposta e investono sulla loro formazione con l&#8217;aiuto delle loro comunit\u00e0\/gruppi<\/p>\n<p style=\"text-align: left\"><span style=\"color: #ff0000\">&gt;&gt;&gt; IMPARO<\/span><br \/>\n<strong>1 fine settimana<\/strong> di formazione residenziale nelle date <strong>10-12 gennaio 2025<\/strong>:<br \/>\n<em>&#8211; livello base (per chi inizia)<\/em><br \/>\n<em>&#8211; livello avanzato (per chi ha gi\u00e0 partecipato lo scorso anno)<\/em><\/p>\n<p style=\"text-align: left\"><strong>2 incontri in presenza<\/strong> al Centro Urbani (nei mesi di gennaio\/febbraio)<\/p>\n<p style=\"text-align: left\"><strong>3 incontri on-line<\/strong> per proseguire nella progettazione (sempre gennaio\/febbraio)<\/p>\n<p style=\"text-align: left\"><span style=\"color: #ff0000\">&gt;&gt;&gt; METTO IN PRATICA<\/span><br \/>\n<strong>4 serate + 1 giornata<\/strong> del Corso animatori <em>(vedi sopra)<\/em><\/p>\n<hr \/>\n<h4 style=\"text-align: left\"><a href=\"https:\/\/forms.gle\/mwArzwyaBGL6HwiY9\" target=\"_blank\" rel=\"noopener\"><span style=\"color: #ff0000\"><strong>ISCRIZIONI attraverso MODULO on-line<\/strong><\/span><\/a><\/h4>\n<p style=\"text-align: left\">(dal <strong>4 novembre 2024<\/strong>) <strong>50,00 euro<\/strong> di quota* a testa per l&#8217;intera proposta<\/p>\n<p style=\"text-align: left\"><em>*ribadiamolo: le comunit\u00e0 parrocchiali sono invitate a sostenere queste spese per agevolare l&#8217;adesione di chi si mette in gioco donando il proprio tempo e i propri talenti, essendo un investimento formativo a favore di tutti.<\/em><\/p>\n<hr \/>\n<h3 style=\"text-align: center\"><strong><span style=\"color: #ff0000\">CORSO ANIMATORI<\/span><\/strong><\/h3>\n<p><span style=\"color: #333399\">Per chi, dopo vari anni da &#8220;animato&#8221; cova il desiderio di essere &#8220;animatore&#8221; e <\/span><span style=\"color: #333399\">fa il\u00a0<\/span><em style=\"color: #333399\">salto<\/em><span style=\"color: #333399\">&#8230; il tentativo \u00e8 quello di offrire uno stile base, cristianamente chiaro e non confondibile con altre forme di animazione, che accolga questo <\/span><em style=\"color: #333399\">salto<\/em><span style=\"color: #333399\"> come <strong>un segno di crescita<\/strong>, voglia sana di protagonismo, che richiede un accompagnamento per non rischiare di farsi male e magari precipitare maldestramente su altri.<\/span><\/p>\n<p><span style=\"color: #333399\">Allo stesso tempo chi non \u00e8 proprio alle &#8220;prime armi&#8221; necessita di arricchire il suo bagaglio di esperienze, per non accontentarsi mai &#8211; <em>tanto io so come si fa l&#8217;animatore!<\/em> &#8211; imparando piuttosto che bellezza e fatica sono le due facce del prendersi cura dei fratelli e delle sorelle.<br \/>\nIn poche parole: diventare <strong>sempre pi\u00f9 responsabili<\/strong> (= capaci di rispondere, ciascuno in base alla propria et\u00e0).<\/span><\/p>\n<p style=\"text-align: left\"><span style=\"color: #ff0000\"><strong><img loading=\"lazy\" decoding=\"async\" class=\"size-medium wp-image-4768 alignleft\" src=\"https:\/\/www.patriarcatovenezia.it\/pastorale-giovanile\/wp-content\/uploads\/sites\/6\/2024\/12\/CUSTODI-DI-COMUNITa-animatori-vertivale-1-283x400.png\" alt=\"\" width=\"283\" height=\"400\" srcset=\"https:\/\/www.patriarcatovenezia.it\/pastorale-giovanile\/wp-content\/uploads\/sites\/6\/2024\/12\/CUSTODI-DI-COMUNITa-animatori-vertivale-1-283x400.png 283w, https:\/\/www.patriarcatovenezia.it\/pastorale-giovanile\/wp-content\/uploads\/sites\/6\/2024\/12\/CUSTODI-DI-COMUNITa-animatori-vertivale-1-724x1024.png 724w, https:\/\/www.patriarcatovenezia.it\/pastorale-giovanile\/wp-content\/uploads\/sites\/6\/2024\/12\/CUSTODI-DI-COMUNITa-animatori-vertivale-1-768x1086.png 768w, https:\/\/www.patriarcatovenezia.it\/pastorale-giovanile\/wp-content\/uploads\/sites\/6\/2024\/12\/CUSTODI-DI-COMUNITa-animatori-vertivale-1-198x280.png 198w, https:\/\/www.patriarcatovenezia.it\/pastorale-giovanile\/wp-content\/uploads\/sites\/6\/2024\/12\/CUSTODI-DI-COMUNITa-animatori-vertivale-1-543x768.png 543w, https:\/\/www.patriarcatovenezia.it\/pastorale-giovanile\/wp-content\/uploads\/sites\/6\/2024\/12\/CUSTODI-DI-COMUNITa-animatori-vertivale-1-1086x1536.png 1086w, https:\/\/www.patriarcatovenezia.it\/pastorale-giovanile\/wp-content\/uploads\/sites\/6\/2024\/12\/CUSTODI-DI-COMUNITa-animatori-vertivale-1.png 1414w\" sizes=\"(max-width: 283px) 100vw, 283px\" \/>Corso per la 3^ &#8211; 4^ e 5^ superiore<\/strong><\/span><br \/>\n4 serate di formazione al Centro pastorale &#8220;Card. G. Urbani&#8221;<br \/>\n<strong>14 marzo, 21 marzo e 27 marzo e 4 aprile 2025<\/strong><\/p>\n<p><span style=\"color: #ff0000\"><strong>Giornata per la 1^ e 2^ superiore\u00a0<\/strong><\/span><br \/>\nUna mezza giornata di formazione &#8220;energetica&#8221;<br \/>\n<strong>DOMENICA 6 APRILE 2025\u00a0<\/strong>(&#8230;dettagli in via di definizione)<br \/>\n<em>Questa fascia d&#8217;et\u00e0 sar\u00e0 accompagnata da <strong>coordinatori e responsabili dei GREST<\/strong> a cui verr\u00e0 fatta una proposta specifica!<\/em><\/p>\n<p style=\"text-align: left\"><span style=\"color: #ff0000\"><strong><br \/>\nISCRIZIONI attraverso MODULO on-line<\/strong><\/span> (da gennaio 2025)<br \/>\n<strong>5,00 euro<\/strong> di quota a testa<\/p>\n","protected":false},"excerpt":{"rendered":"<p>PRESENTAZIONE Il Progetto CUSTODI DI COMUNIT\u00c0 \u00e8 gi\u00e0 in atto da qualche anno nel Patriarcato e nasce dal desiderio di intercettare e provare a rispondere ad un bisogno formativo che le varie parrocchie hanno fortemente espresso: strutturare e rendere sempre pi\u00f9 consapevole il servizio generoso, ma spesso fragile e temporaneo, degli adolescenti nelle esperienze estive [&hellip;]<\/p>\n","protected":false},"author":0,"featured_media":0,"parent":0,"menu_order":0,"comment_status":"open","ping_status":"open","template":"","meta":{"_acf_changed":false,"ip_address":"","user_agent":"","level":"","revision":"","cookie_id":"","page_referer":"","html_form":"","footnotes":""},"class_list":["post-4766","page","type-page","status-publish","hentry"],"acf":[],"_links":{"self":[{"href":"https:\/\/www.patriarcatovenezia.it\/pastorale-giovanile\/wp-json\/wp\/v2\/pages\/4766"}],"collection":[{"href":"https:\/\/www.patriarcatovenezia.it\/pastorale-giovanile\/wp-json\/wp\/v2\/pages"}],"about":[{"href":"https:\/\/www.patriarcatovenezia.it\/pastorale-giovanile\/wp-json\/wp\/v2\/types\/page"}],"author":[{"embeddable":true,"href":"https:\/\/www.patriarcatovenezia.it\/pastorale-giovanile\/wp-json\/wp\/v2\/users\/9"}],"replies":[{"embeddable":true,"href":"https:\/\/www.patriarcatovenezia.it\/pastorale-giovanile\/wp-json\/wp\/v2\/comments?post=4766"}],"version-history":[{"count":3,"href":"https:\/\/www.patriarcatovenezia.it\/pastorale-giovanile\/wp-json\/wp\/v2\/pages\/4766\/revisions"}],"predecessor-version":[{"id":4791,"href":"https:\/\/www.patriarcatovenezia.it\/pastorale-giovanile\/wp-json\/wp\/v2\/pages\/4766\/revisions\/4791"}],"wp:attachment":[{"href":"https:\/\/www.patriarcatovenezia.it\/pastorale-giovanile\/wp-json\/wp\/v2\/media?parent=4766"}],"curies":[{"name":"wp","href":"https:\/\/api.w.org\/{rel}","templated":true}]}}