{"id":4642,"date":"2024-11-30T14:31:01","date_gmt":"2024-11-30T13:31:01","guid":{"rendered":"https:\/\/www.patriarcatovenezia.it\/pastorale-giovanile\/?page_id=4642"},"modified":"2024-12-02T10:17:37","modified_gmt":"2024-12-02T09:17:37","slug":"formazione","status":"publish","type":"page","link":"https:\/\/www.patriarcatovenezia.it\/pastorale-giovanile\/formazione\/","title":{"rendered":"FORMAZIONE"},"content":{"rendered":"<p>Nell&#8217;ambito FORMAZIONE \u00e8 chiaro che possono rientrare molte delle attivit\u00e0 che la Pastorale Giovanile diocesana pensa e organizza per gli adolescenti e i giovani, essendo questo uno scopo cardine dell&#8217;Ufficio. Le esperienze che noi abbiamo scelto di inserire in questa sezione\u00a0 possono essere legate agli aspetti del SERVIZIO EDUCATIVO e della CRESCITA SPIRITUALE.<\/p>\n<p><img loading=\"lazy\" decoding=\"async\" class=\"size-medium wp-image-3730 alignleft\" src=\"https:\/\/www.patriarcatovenezia.it\/pastorale-giovanile\/wp-content\/uploads\/sites\/6\/2022\/12\/corsoanimatori2022-300x156.jpeg\" alt=\"\" width=\"300\" height=\"156\" srcset=\"https:\/\/www.patriarcatovenezia.it\/pastorale-giovanile\/wp-content\/uploads\/sites\/6\/2022\/12\/corsoanimatori2022-300x156.jpeg 300w, https:\/\/www.patriarcatovenezia.it\/pastorale-giovanile\/wp-content\/uploads\/sites\/6\/2022\/12\/corsoanimatori2022-768x398.jpeg 768w, https:\/\/www.patriarcatovenezia.it\/pastorale-giovanile\/wp-content\/uploads\/sites\/6\/2022\/12\/corsoanimatori2022-1024x531.jpeg 1024w, https:\/\/www.patriarcatovenezia.it\/pastorale-giovanile\/wp-content\/uploads\/sites\/6\/2022\/12\/corsoanimatori2022-360x187.jpeg 360w, https:\/\/www.patriarcatovenezia.it\/pastorale-giovanile\/wp-content\/uploads\/sites\/6\/2022\/12\/corsoanimatori2022.jpeg 1080w\" sizes=\"(max-width: 300px) 100vw, 300px\" \/><\/p>\n<p>Per questo il progetto <a href=\"https:\/\/www.patriarcatovenezia.it\/pastorale-giovanile\/custodi-di-comunita-corsi-di-formazione-2025\/\"><strong>CUSTODI DI COMUNIT\u00c0<\/strong><\/a> tenta di rispondere ai bisogni nel campo dell&#8217;animazione e responsabilit\u00e0 delle attivit\u00e0 estive, soprattutto GREST, ma anche animazione dei PATRONATI.<\/p>\n<hr \/>\n<p><img loading=\"lazy\" decoding=\"async\" class=\" wp-image-4643 alignright\" src=\"https:\/\/www.patriarcatovenezia.it\/pastorale-giovanile\/wp-content\/uploads\/sites\/6\/2024\/11\/Allegato-4-400x249.jpeg\" alt=\"\" width=\"275\" height=\"171\" srcset=\"https:\/\/www.patriarcatovenezia.it\/pastorale-giovanile\/wp-content\/uploads\/sites\/6\/2024\/11\/Allegato-4-400x249.jpeg 400w, https:\/\/www.patriarcatovenezia.it\/pastorale-giovanile\/wp-content\/uploads\/sites\/6\/2024\/11\/Allegato-4-1024x637.jpeg 1024w, https:\/\/www.patriarcatovenezia.it\/pastorale-giovanile\/wp-content\/uploads\/sites\/6\/2024\/11\/Allegato-4-768x478.jpeg 768w, https:\/\/www.patriarcatovenezia.it\/pastorale-giovanile\/wp-content\/uploads\/sites\/6\/2024\/11\/Allegato-4-360x224.jpeg 360w, https:\/\/www.patriarcatovenezia.it\/pastorale-giovanile\/wp-content\/uploads\/sites\/6\/2024\/11\/Allegato-4.jpeg 1080w\" sizes=\"(max-width: 275px) 100vw, 275px\" \/><\/p>\n<p>Mentre agli adolescenti vengono proposte dei weekend alla Casa S. Maria Assunta al Cavallino chiamati <strong>SOSTE<\/strong>\u00a0per i ragazzi di 2^ e 3^ media, appunto, che con i catechisti e il loro gruppo parrocchiale sono in procinto di vivere il sacramento della confermazione.<br \/>\nAnche per le altre fasce di et\u00e0 la Pastorale Giovanile sposa e promuove l&#8217;attivit\u00e0 dell&#8217;Ufficio ODERSP che in diocesi propone tutto l&#8217;anno i fine-settimana con gli <a href=\"https:\/\/www.patriarcatovenezia.it\/esercizispirituali-oders\/\" target=\"_blank\" rel=\"noopener\"><strong>ESERCIZI SPIRITUALI<\/strong> <\/a>a partire dalla Parola di Dio, sempre alla Casa del Cavallino. <a href=\"https:\/\/www.patriarcatovenezia.it\/esercizispirituali-oders\/calendario-esercizi\/\" target=\"_blank\" rel=\"noopener\">Consulta il calendario<\/a><a href=\"https:\/\/www.patriarcatovenezia.it\/esercizispirituali-oders\/calendario-esercizi\/\" target=\"_blank\" rel=\"noopener\"> 2024-2025<\/a>.<\/p>\n<hr \/>\n<p><img loading=\"lazy\" decoding=\"async\" class=\" wp-image-4669 alignleft\" src=\"https:\/\/www.patriarcatovenezia.it\/pastorale-giovanile\/wp-content\/uploads\/sites\/6\/2024\/11\/10parole2024.jpg\" alt=\"\" width=\"215\" height=\"304\" \/><\/p>\n<p>&nbsp;<\/p>\n<p>In Diocesi, da qualche anno, sono stati avviati e sperimentati <strong>cammini di fede per i giovani<\/strong> dal 18 anni in su, rivolti a chi vuole prendere in mano la propria e &#8220;portarla a maturit\u00e0&#8221;, per tanti motivi&#8230; perch\u00e9 non trova in parrocchia un gruppo di coetanei, perch\u00e9 quanto vissuto da ragazzino\/a nella catechesi sta diventando stretto (e ci si accorge che Ges\u00f9 Cristo non \u00e8 solo <em>una cosa da bambini<\/em>!), perch\u00e9 alcune domande di senso &#8220;fanno rumore&#8221; dentro e non \u00e8 facile trovare spazi nella quotidianit\u00e0 per poterle tirare fuori e nutrirle di cibo sostanzioso!<br \/>\nE per mille altri motivi ancora&#8230; si pu\u00f2 essere &#8220;in ricerca&#8221;.<\/p>\n<p>Il cammino delle <strong>10 PAROLE<\/strong> pu\u00f2 essere proprio la risposta adatta a questo tipo di ricerca, ha ripreso ad ottobre 2024 c\/o la chiesa di San Giuseppe di Mestre.<\/p>\n<p>Un gruppo di sacerdoti e laici accoglie e accompagna alla Sorgente dell&#8217;annuncio cristiano e ridare Vita&#8230; alla vita.<br \/>\nPer informazioni: <strong>don Gilberto Sabbadin<\/strong> &#8211; <strong>gilbertosabbadin@gmail.com<\/strong><\/p>\n<p>&nbsp;<\/p>\n","protected":false},"excerpt":{"rendered":"<p>Nell&#8217;ambito FORMAZIONE \u00e8 chiaro che possono rientrare molte delle attivit\u00e0 che la Pastorale Giovanile diocesana pensa e organizza per gli adolescenti e i giovani, essendo questo uno scopo cardine dell&#8217;Ufficio. Le esperienze che noi abbiamo scelto di inserire in questa sezione\u00a0 possono essere legate agli aspetti del SERVIZIO EDUCATIVO e della CRESCITA SPIRITUALE. Per questo [&hellip;]<\/p>\n","protected":false},"author":0,"featured_media":0,"parent":0,"menu_order":0,"comment_status":"closed","ping_status":"closed","template":"","meta":{"_acf_changed":false,"ip_address":"","user_agent":"","level":"","revision":"","cookie_id":"","page_referer":"","html_form":"","footnotes":""},"class_list":["post-4642","page","type-page","status-publish","hentry"],"acf":[],"_links":{"self":[{"href":"https:\/\/www.patriarcatovenezia.it\/pastorale-giovanile\/wp-json\/wp\/v2\/pages\/4642"}],"collection":[{"href":"https:\/\/www.patriarcatovenezia.it\/pastorale-giovanile\/wp-json\/wp\/v2\/pages"}],"about":[{"href":"https:\/\/www.patriarcatovenezia.it\/pastorale-giovanile\/wp-json\/wp\/v2\/types\/page"}],"author":[{"embeddable":true,"href":"https:\/\/www.patriarcatovenezia.it\/pastorale-giovanile\/wp-json\/wp\/v2\/users\/9"}],"replies":[{"embeddable":true,"href":"https:\/\/www.patriarcatovenezia.it\/pastorale-giovanile\/wp-json\/wp\/v2\/comments?post=4642"}],"version-history":[{"count":13,"href":"https:\/\/www.patriarcatovenezia.it\/pastorale-giovanile\/wp-json\/wp\/v2\/pages\/4642\/revisions"}],"predecessor-version":[{"id":4693,"href":"https:\/\/www.patriarcatovenezia.it\/pastorale-giovanile\/wp-json\/wp\/v2\/pages\/4642\/revisions\/4693"}],"wp:attachment":[{"href":"https:\/\/www.patriarcatovenezia.it\/pastorale-giovanile\/wp-json\/wp\/v2\/media?parent=4642"}],"curies":[{"name":"wp","href":"https:\/\/api.w.org\/{rel}","templated":true}]}}