{"id":4622,"date":"2024-11-30T10:45:39","date_gmt":"2024-11-30T09:45:39","guid":{"rendered":"https:\/\/www.patriarcatovenezia.it\/pastorale-giovanile\/?page_id=4622"},"modified":"2025-01-16T11:52:52","modified_gmt":"2025-01-16T10:52:52","slug":"custodi-di-comunita-corsi-di-formazione-2025","status":"publish","type":"page","link":"https:\/\/www.patriarcatovenezia.it\/pastorale-giovanile\/custodi-di-comunita-corsi-di-formazione-2025\/","title":{"rendered":"CUSTODI DI COMUNIT\u00c0 &#8211; corsi di formazione 2025"},"content":{"rendered":"<p><strong>Presentazione del progetto<\/strong><\/p>\n<p><img loading=\"lazy\" decoding=\"async\" class=\"size-full wp-image-4770 alignright\" src=\"https:\/\/www.patriarcatovenezia.it\/pastorale-giovanile\/wp-content\/uploads\/sites\/6\/2024\/12\/AGO_logo_oriz.png\" alt=\"\" width=\"251\" height=\"101\" \/><\/p>\n<p>In collaborazione con Gigi Cotichella e gli educatori di <strong>AGO per la formazione<\/strong>, la Pastorale Giovanile di Venezia ha messo a punto un progetto che vuole &#8220;guardare pi\u00f9 lontano&#8221; nell&#8217;ambito formativo, per non cadere nel rischio (sempre in agguato) di offrire <em>pillole ad efficacia immediata<\/em> da somministrare ai ragazzi delle superiori che si mettono a servizio dei pi\u00f9 piccoli, magari incalzati dalle necessit\u00e0 di attivare attivit\u00e0 estive in parrocchia e specialmente i GREST.<br \/>\n<strong>&#8220;Custodire&#8221; e &#8220;Comunit\u00e0&#8221;<\/strong> sono i due focus di questo progetto, affinch\u00e9 l&#8217;atteggiamento base sia quello di prendersi cura gli uni degli altri, di ci\u00f2 che \u00e8 pi\u00f9 fragile e prezioso, nello stile di Ges\u00f9&#8230; e che allo stesso tempo punta a costruire legami e relazioni sane, in cui ciascuno possa poter crescere, appunto, comunitariamente.<\/p>\n<p><img loading=\"lazy\" decoding=\"async\" class=\" wp-image-4768 alignleft\" src=\"https:\/\/www.patriarcatovenezia.it\/pastorale-giovanile\/wp-content\/uploads\/sites\/6\/2024\/12\/CUSTODI-DI-COMUNITa-animatori-vertivale-1-283x400.png\" alt=\"\" width=\"295\" height=\"417\" srcset=\"https:\/\/www.patriarcatovenezia.it\/pastorale-giovanile\/wp-content\/uploads\/sites\/6\/2024\/12\/CUSTODI-DI-COMUNITa-animatori-vertivale-1-283x400.png 283w, https:\/\/www.patriarcatovenezia.it\/pastorale-giovanile\/wp-content\/uploads\/sites\/6\/2024\/12\/CUSTODI-DI-COMUNITa-animatori-vertivale-1-724x1024.png 724w, https:\/\/www.patriarcatovenezia.it\/pastorale-giovanile\/wp-content\/uploads\/sites\/6\/2024\/12\/CUSTODI-DI-COMUNITa-animatori-vertivale-1-768x1086.png 768w, https:\/\/www.patriarcatovenezia.it\/pastorale-giovanile\/wp-content\/uploads\/sites\/6\/2024\/12\/CUSTODI-DI-COMUNITa-animatori-vertivale-1-198x280.png 198w, https:\/\/www.patriarcatovenezia.it\/pastorale-giovanile\/wp-content\/uploads\/sites\/6\/2024\/12\/CUSTODI-DI-COMUNITa-animatori-vertivale-1-543x768.png 543w, https:\/\/www.patriarcatovenezia.it\/pastorale-giovanile\/wp-content\/uploads\/sites\/6\/2024\/12\/CUSTODI-DI-COMUNITa-animatori-vertivale-1-1086x1536.png 1086w, https:\/\/www.patriarcatovenezia.it\/pastorale-giovanile\/wp-content\/uploads\/sites\/6\/2024\/12\/CUSTODI-DI-COMUNITa-animatori-vertivale-1.png 1414w\" sizes=\"(max-width: 295px) 100vw, 295px\" \/><\/p>\n<p><span style=\"color: #ff0000\"><strong>IL CORSO ANIMATORI<\/strong><\/span><br \/>\nPer quanti svolgono gi\u00e0 &#8211; o si accingono ad iniziare &#8211; il servizio di animazione, sono state pensate delle serate formative nel mese di marzo e aprile 2025, con sede al Centro Pastorale &#8220;Card. G. Urbani&#8221; di Zelarino,\u00a0<strong>dalle ore 20.30 alle ore 22.30<\/strong>\u00a0circa.<\/p>\n<p>&gt;&gt;&gt; I ragazzi di 3^ &#8211; 4^ &#8211; 5^ superiore sono i principali destinatari di questo ciclo di 4 serate, il cui programma + contenuti verr\u00e0 presentato pi\u00f9 avanti dal gruppo che lo sta elaborando:<br \/>\n<strong>venerd\u00ec 14 marzo<\/strong><br \/>\n<strong>venerd\u00ec 21 marzo<\/strong><br \/>\n<strong>gioved\u00ec 27 marzo<\/strong><br \/>\n<strong>venerd\u00ec 4 aprile<\/strong><\/p>\n<p>&gt;&gt;&gt; Ai ragazzi di 1^ e 2^ superiore (con i loro responsabili) viene proposta, invece una mezza-giornata di formazione intensiva ed &#8220;energetica&#8221; che possa mostrare soprattutto l&#8217;orizzonte in cui sono chiamati a impegnarsi e donare il proprio tempo e le proprie capacit\u00e0.<br \/>\n<strong>domenica 6 aprile 2025<\/strong> &#8211; c\/o <strong>Istituto Berna<\/strong> &#8211; Via Bissuola 93, Mestre &#8211; <strong>dalle ore 9.30 alle ore 16.00<\/strong><\/p>\n<p><b>La giornata prevede:<br \/>\n<\/b><b>&#8211;\u00a0<\/b>Celebrazione S. Messa<br \/>\n&#8211; Attivit\u00e0 formative e di animazione<br \/>\n&#8211; Momenti dedicati ai coordinatori del GREST<br \/>\n&#8211; Pausa pranzo (pranzo al sacco)<\/p>\n<p style=\"text-align: center\">Contributo: <strong>5,00<\/strong> euro a testa <em>(sia per i partecipanti alle serate che alla giornata di aprile)<\/em><\/p>\n<h5 style=\"text-align: center\">Le\u00a0<strong>ISCRIZIONI<\/strong> rimarranno aperte dal <strong>20 GENNAIO<\/strong> al <strong>23 FEBBRAIO 2025<br \/>\n<\/strong>attraverso un <a href=\"https:\/\/docs.google.com\/forms\/d\/e\/1FAIpQLSfXvguZoT0ULevdHi7VNGm0A-eWX-EgIUjPYfPFy_sydElrrQ\/viewform?usp=preview\" target=\"_blank\" rel=\"noopener\"><span style=\"color: #ff0000\"><strong>MODULO ON-LINE<\/strong><\/span><\/a> che compiler\u00e0 un referente di gruppo<\/h5>\n<p>&nbsp;<\/p>\n<hr \/>\n<p><strong><img loading=\"lazy\" decoding=\"async\" class=\"wp-image-4769 alignright\" src=\"https:\/\/www.patriarcatovenezia.it\/pastorale-giovanile\/wp-content\/uploads\/sites\/6\/2024\/12\/CUSTODI-DI-COMUNITa-formatori-Verticale-1-283x400.png\" alt=\"\" width=\"291\" height=\"411\" srcset=\"https:\/\/www.patriarcatovenezia.it\/pastorale-giovanile\/wp-content\/uploads\/sites\/6\/2024\/12\/CUSTODI-DI-COMUNITa-formatori-Verticale-1-283x400.png 283w, https:\/\/www.patriarcatovenezia.it\/pastorale-giovanile\/wp-content\/uploads\/sites\/6\/2024\/12\/CUSTODI-DI-COMUNITa-formatori-Verticale-1-724x1024.png 724w, https:\/\/www.patriarcatovenezia.it\/pastorale-giovanile\/wp-content\/uploads\/sites\/6\/2024\/12\/CUSTODI-DI-COMUNITa-formatori-Verticale-1-768x1086.png 768w, https:\/\/www.patriarcatovenezia.it\/pastorale-giovanile\/wp-content\/uploads\/sites\/6\/2024\/12\/CUSTODI-DI-COMUNITa-formatori-Verticale-1-198x280.png 198w, https:\/\/www.patriarcatovenezia.it\/pastorale-giovanile\/wp-content\/uploads\/sites\/6\/2024\/12\/CUSTODI-DI-COMUNITa-formatori-Verticale-1-543x768.png 543w, https:\/\/www.patriarcatovenezia.it\/pastorale-giovanile\/wp-content\/uploads\/sites\/6\/2024\/12\/CUSTODI-DI-COMUNITa-formatori-Verticale-1-1086x1536.png 1086w, https:\/\/www.patriarcatovenezia.it\/pastorale-giovanile\/wp-content\/uploads\/sites\/6\/2024\/12\/CUSTODI-DI-COMUNITa-formatori-Verticale-1.png 1414w\" sizes=\"(max-width: 291px) 100vw, 291px\" \/><span style=\"color: #ff0000\">IL CORSO FORMATORI<\/span><\/strong><br \/>\nLa prima proposta, quindi, che prosegue il suo percorso iniziato gi\u00e0 nell&#8217;anno pastorale 2023-2024, \u00e8 quella di offrire una formazione ad alcuni giovani maggiorenni che abbia certamente un valore per il servizio di animazione, ma che aiuti soprattutto ad acquisire quella consapevolezza e responsabilit\u00e0 verso altri animatori e l&#8217;intera comunit\u00e0 cristiana. \u00c8 questa, infatti, che esprime, attraverso di loro, la propria vocazione educativa, sia a livello diocesano che nelle parrocchie di provenienza.<\/p>\n<p><strong>1^ fase &#8211; IMPARO<\/strong><br \/>\n10, 11, 12 gennaio &#8211; fine settimana residenziale<br \/>\n2 incontri in presenza al Centro Urbani (gennaio\/febbraio)<br \/>\n3 incontri on-line per continuare a progettare insieme<\/p>\n<p><strong>2^ fase &#8211; METTO IN PRATICA<\/strong><br \/>\nle 4 serate + 1 giornata di formazione per gli animatori pi\u00f9 giovani (delle superiori) in cui mettere a disposizione quanto imparato e testare anche le dinamiche formative per affinarle sempre pi\u00f9.<\/p>\n<p>Contributo di <strong>50,00<\/strong> euro (in cui le parrocchie sono chiamate ad investire)<br \/>\n<strong>ISCRIZIONI &gt;&gt;<\/strong> attraverso il <a href=\"https:\/\/forms.gle\/PjNhYhWS1ZUCZPDU8\" target=\"_blank\" rel=\"noopener\"><strong>MODULO ON-LINE<\/strong><\/a><\/p>\n<p>&nbsp;<\/p>\n","protected":false},"excerpt":{"rendered":"<p>Presentazione del progetto In collaborazione con Gigi Cotichella e gli educatori di AGO per la formazione, la Pastorale Giovanile di Venezia ha messo a punto un progetto che vuole &#8220;guardare pi\u00f9 lontano&#8221; nell&#8217;ambito formativo, per non cadere nel rischio (sempre in agguato) di offrire pillole ad efficacia immediata da somministrare ai ragazzi delle superiori che [&hellip;]<\/p>\n","protected":false},"author":0,"featured_media":0,"parent":0,"menu_order":0,"comment_status":"closed","ping_status":"closed","template":"","meta":{"_acf_changed":false,"ip_address":"","user_agent":"","level":"","revision":"","cookie_id":"","page_referer":"","html_form":"","footnotes":""},"class_list":["post-4622","page","type-page","status-publish","hentry"],"acf":[],"_links":{"self":[{"href":"https:\/\/www.patriarcatovenezia.it\/pastorale-giovanile\/wp-json\/wp\/v2\/pages\/4622"}],"collection":[{"href":"https:\/\/www.patriarcatovenezia.it\/pastorale-giovanile\/wp-json\/wp\/v2\/pages"}],"about":[{"href":"https:\/\/www.patriarcatovenezia.it\/pastorale-giovanile\/wp-json\/wp\/v2\/types\/page"}],"author":[{"embeddable":true,"href":"https:\/\/www.patriarcatovenezia.it\/pastorale-giovanile\/wp-json\/wp\/v2\/users\/9"}],"replies":[{"embeddable":true,"href":"https:\/\/www.patriarcatovenezia.it\/pastorale-giovanile\/wp-json\/wp\/v2\/comments?post=4622"}],"version-history":[{"count":22,"href":"https:\/\/www.patriarcatovenezia.it\/pastorale-giovanile\/wp-json\/wp\/v2\/pages\/4622\/revisions"}],"predecessor-version":[{"id":5315,"href":"https:\/\/www.patriarcatovenezia.it\/pastorale-giovanile\/wp-json\/wp\/v2\/pages\/4622\/revisions\/5315"}],"wp:attachment":[{"href":"https:\/\/www.patriarcatovenezia.it\/pastorale-giovanile\/wp-json\/wp\/v2\/media?parent=4622"}],"curies":[{"name":"wp","href":"https:\/\/api.w.org\/{rel}","templated":true}]}}