{"id":4087,"date":"2024-01-31T12:19:48","date_gmt":"2024-01-31T11:19:48","guid":{"rendered":"https:\/\/venezia.webdiocesi.it\/pastorale-giovanile\/?page_id=4087"},"modified":"2024-01-31T12:22:05","modified_gmt":"2024-01-31T11:22:05","slug":"corso-educatori-2024","status":"publish","type":"page","link":"https:\/\/www.patriarcatovenezia.it\/pastorale-giovanile\/corso-educatori-2024\/","title":{"rendered":"CORSO EDUCATORI 2024"},"content":{"rendered":"<p><strong><span style=\"color: #ff6600\"><img loading=\"lazy\" decoding=\"async\" class=\" wp-image-4088 alignleft\" src=\"https:\/\/venezia.webdiocesi.it\/pastorale-giovanile\/wp-content\/uploads\/sites\/6\/2024\/01\/IMG-20240129-WA0004-300x300.jpg\" alt=\"\" width=\"369\" height=\"369\" \/>EDUCARE\u00a0 \u00c9 POSSIBILE<\/span><br \/>\n<\/strong> quando si percorre un cammino di conversione personale e comunitario! La vita di ogni santo lascia una testimonianza ed un\u2019eredit\u00e0 che attendono di essere raccolte e spese a servizio del bene comune. La vita di San Giovanni Bosco \u00e8 conosciuta da tutti. Quello che egli ci ha lasciato \u00e8 una grande attenzione, l\u2019immensa dedizione e la premurosa cura verso l\u2019educazione dei giovani. Questa vocazione di San Giovanni Bosco diventa occasione per riflettere sull\u2019urgenza della missione educativa.<\/p>\n<p>L\u2019educazione preventiva \u00e8 stata la grande intuizione di Giovanni Bosco, il quale comprese la necessit\u00e0 di prevenire con l\u2019insegnamento e con la correzione, piuttosto che applicare forme punitive e restrittive. Del resto, la parola educare contiene l\u2019essenza dell\u2019opera che viene richiesta. Il verbo educare assume una valenza positiva, ma contiene anche un valore di vigilanza e di correzione.<\/p>\n<p><strong>Il corso educatori 2024<\/strong> promosso dalla Pastorale Giovanile del nostro Patriarcato \u00e8 rivolto ai giovani dalla 1^ alla 5^ superiore e oltre. La proposta sar\u00e0 realizzata grazie al supporto dello staff di \u201cAGO per la formazione\u201d e dai giovani della nostra Diocesi di Venezia che, in questi mesi, hanno aderito e sostenuto il percorso di formazione \u201cCustodi di Comunit\u00e0\u201d proposto dalla <strong>Pastorale Giovanile di Venezia<\/strong> e tenuto da <strong>Luigi Cotichella con lo staff AGO.<\/strong><\/p>\n<p><strong>Educare \u00e8 possibile<\/strong> quando si percorre un cammino di conversione personale e comunitario. Noi possiamo \u201ctirare fuori\u201d il bene dal cuore dell\u2019altro solo se ci siamo lasciati condurre alla verit\u00e0 e alla bont\u00e0 di Dio. Educare non significa rimanere rinchiusi dentro le proprie sicurezze, gruppo o i propri interessi. Educare presuppone lasciarsi condurre dentro ambiti distanti da noi, per raggiungere sempre nuovi spazi dove \u00e8 possibile gettare la semente del Vangelo, quindi, ritornare anche in quei contesti dove la nostra fede si \u00e8 generata, ma oggi trova situazioni di fatica o indifferenza.<\/p>\n<p>Il dinamismo dell\u2019educazione presuppone umilt\u00e0, perch\u00e9 correggere non significa salire su una comoda cattedra da dove insegnare, ma vuol dire lasciarsi correggere e poi accompagnare il giovane nella tristezza delle fatiche che incontra per risalire con lui verso una prospettiva di bene. Educare \u00e8 decidere di fare un pezzo di strada insieme e non solo limitarsi a dispensare consigli.<\/p>\n<hr \/>\n<p><img loading=\"lazy\" decoding=\"async\" class=\"wp-image-4089 alignright\" src=\"https:\/\/venezia.webdiocesi.it\/pastorale-giovanile\/wp-content\/uploads\/sites\/6\/2024\/01\/IMG-20240129-WA0005-300x300.jpg\" alt=\"\" width=\"367\" height=\"367\" srcset=\"https:\/\/www.patriarcatovenezia.it\/pastorale-giovanile\/wp-content\/uploads\/sites\/6\/2024\/01\/IMG-20240129-WA0005-300x300.jpg 300w, https:\/\/www.patriarcatovenezia.it\/pastorale-giovanile\/wp-content\/uploads\/sites\/6\/2024\/01\/IMG-20240129-WA0005-1024x1024.jpg 1024w, https:\/\/www.patriarcatovenezia.it\/pastorale-giovanile\/wp-content\/uploads\/sites\/6\/2024\/01\/IMG-20240129-WA0005-150x150.jpg 150w, https:\/\/www.patriarcatovenezia.it\/pastorale-giovanile\/wp-content\/uploads\/sites\/6\/2024\/01\/IMG-20240129-WA0005-768x768.jpg 768w, https:\/\/www.patriarcatovenezia.it\/pastorale-giovanile\/wp-content\/uploads\/sites\/6\/2024\/01\/IMG-20240129-WA0005-200x200.jpg 200w, https:\/\/www.patriarcatovenezia.it\/pastorale-giovanile\/wp-content\/uploads\/sites\/6\/2024\/01\/IMG-20240129-WA0005-280x280.jpg 280w, https:\/\/www.patriarcatovenezia.it\/pastorale-giovanile\/wp-content\/uploads\/sites\/6\/2024\/01\/IMG-20240129-WA0005.jpg 1080w\" sizes=\"(max-width: 367px) 100vw, 367px\" \/><\/p>\n<p><span style=\"color: #ff6600\"><strong>DOVE, COME, QUANDO&#8230;<\/strong><\/span><\/p>\n<p>Un percorso di <strong>quattro incontri dalle ore 20:45 alle ore 22:30,<\/strong><br \/>\nsu due zone della nostra Diocesi: il <strong>Centro Urbani a Zelarino<\/strong> e il <strong>patronato della parrocchia di Santo Stefano a Caorle.<\/strong><br \/>\nIn ambedue i luoghi, il medesimo percorso, affronta specifiche tematiche (vedi pi\u00f9 sotto la presentazione dettagliata), chiedendo la massima seriet\u00e0 e tenendo conto che i posti sono limitati, poich\u00e9 diamo particolare attenzione alle interazioni e alle relazioni con i partecipanti.<\/p>\n<p>Primo Ciclo a<strong> Zelarino<\/strong> nei giorni di<strong> venerd\u00ec 23 febbraio 2024 e 01, 08 e 15 marzo 2024<\/strong><br \/>\nSecondo Ciclo a <strong>Caorle<\/strong> nei giorni di <strong>venerd\u00ec 12 e 19 aprile 2024; 03 e 10 maggio 2024<\/strong><\/p>\n<p style=\"text-align: left\"><span style=\"color: #ff6600\"><strong>ISCRIZIONI APERTE dal 1 FEBBRAIO 2024<\/strong><\/span> compilando il <strong><a href=\"https:\/\/forms.gle\/RmYqNmGGYmUiTd8w7\" target=\"_blank\" rel=\"noopener\">MODULO online<\/a><\/strong><\/p>\n<p style=\"text-align: left\">La quota di partecipazione di<strong> euro 5,00<\/strong> a partecipante, va versata con bonifico a<\/p>\n<p style=\"text-align: left\"><strong>DIOCESI: PATRIARCATO DI VENEZIA, presso Banco BPM<\/strong><br \/>\n<strong>IBAN IT92Y0503402070000000009317\u00a0 \u00a0 \u00a0 <em>causale:<\/em> \u201cCorso educatori 2024 &#8211;<\/strong><em> parrocchia di&#8230;<\/em><strong> \u201d<\/strong><\/p>\n<p style=\"text-align: left\">In alternativa si pu\u00f2 pagare in contanti (la prima sera del ciclo), solo dopo mail di conferma di avvenuta registrazione.<\/p>\n<hr \/>\n<p><span style=\"color: #ff6600\"><strong>TEMATICHE dei 4 incontri e DESTINATARI<\/strong><\/span><\/p>\n<p><strong>1^-2^ Superiore<\/strong><br \/>\nUn percorso per chi \u00e8 agli inizi della sua avventura da animatori. Si passa e ripassa l\u2019ABC per essere pronti a scrivere al meglio l\u2019estate dei bambini e dei ragazzi che incontreremo.<\/p>\n<ul>\n<li><strong>1\u00b0 INCONTRO: L\u2019IDENTIKIT DELL\u2019ANIMATORE<\/strong>\u00a0 \u00a0Un modo simpatico e profondo per scoprire chi diventiamo quando decidiamo di metterci in gioco nel mondo dell\u2019animazione.<\/li>\n<li><strong>2\u00b0 INCONTRO: IL GIOCO<\/strong>\u00a0 \u00a0Un laboratorio che affronta il tema del gioco, ma soprattutto il modo di far giocare e far giocare nello stile giusto.<\/li>\n<li><strong>3\u00b0 INCONTRO: UN PRONTUARIO D\u2019EMERGENZA<\/strong>\u00a0 \u00a0Cosa fare quando non si sa che cosa fare? Ecco un laboratorio che ci aiuta a preparare il kit di sopravvivenza in caso di emergenze animative estive!<\/li>\n<li>4<strong>\u00b0 INCONTRO: LA RELAZIONE EDUCATIVA<\/strong>\u00a0 \u00a0Come dei bravi detective, andremo alla ricerca di indizi di relazione educativa in vari casi per rispondere alla domanda di sempre: come si educa in un centro estivo?<\/li>\n<\/ul>\n<p><strong>3^-4^ Superiore<\/strong><br \/>\nUn percorso per gli esperti di animazione, che per\u00f2 sanno che non c\u2019\u00e8 mai fine alla formazione e che il meglio deve sempre venire<\/p>\n<ul>\n<li><strong>1\u00b0 INCONTRO: L\u2019IDENTIKIT DELL\u2019ANIMATORE\u2026 SENIOR!<\/strong>\u00a0 \u00a0Che cosa accade quando si diventa animatori\u2026 grandi? Ci sono pi\u00f9 responsabilit\u00e0 da gestire, ma ci sono anche pi\u00f9 competenze da usare. E poi ci sono anche i nuovi animatori da seguire\u2026<\/li>\n<li><strong>2\u00b0 INCONTRO: GIOCO PLUS<\/strong>\u00a0 \u00a0Quando il gioco si fa duro, i veri animatori restano in gioco! Un laboratorio per alzare il livello di quello che \u00e8 il pane quotidiano delle esperienze estive<\/li>\n<li><strong>3\u00b0 INCONTRO: CURA E PROGRAMMAZIONE<\/strong>\u00a0 \u00a0La cura del sapere stare in mezzo ai ragazzi e l\u2019arte di programmare bene: due parole fondamentali nell\u2019esperienza estiva<\/li>\n<li><strong>4\u00b0 INCONTRO: PREGHIERE, PREGARE, FAR PREGARE<\/strong>\u00a0 \u00a0Un tema forte, forse anche scomodo, ma che ci interroga, perch\u00e9 nei nostri centri estivi \u00e8 e rimane uno dei pilastri, con cui spesso abbiamo a che fare<\/li>\n<\/ul>\n<p><strong>5^ Superiore e oltre\u2026<\/strong> Un percorso alternativo fatto di tanti pezzi che si compongono per costruire la migliore esperienza estiva di sempre. Un percorso di consapevolezza e conoscenza per i pi\u00f9 grandi chiamati a coordinare, gestire, progettare le attivit\u00e0, senza dimenticare la cura degli animatori.<\/p>\n","protected":false},"excerpt":{"rendered":"<p>EDUCARE\u00a0 \u00c9 POSSIBILE quando si percorre un cammino di conversione personale e comunitario! La vita di ogni santo lascia una testimonianza ed un\u2019eredit\u00e0 che attendono di essere raccolte e spese a servizio del bene comune. La vita di San Giovanni Bosco \u00e8 conosciuta da tutti. Quello che egli ci ha lasciato \u00e8 una grande attenzione, [&hellip;]<\/p>\n","protected":false},"author":0,"featured_media":0,"parent":0,"menu_order":0,"comment_status":"closed","ping_status":"closed","template":"","meta":{"_acf_changed":false,"ip_address":"","user_agent":"","level":"","revision":"","cookie_id":"","page_referer":"","html_form":"","footnotes":""},"class_list":["post-4087","page","type-page","status-publish","hentry"],"acf":[],"_links":{"self":[{"href":"https:\/\/www.patriarcatovenezia.it\/pastorale-giovanile\/wp-json\/wp\/v2\/pages\/4087"}],"collection":[{"href":"https:\/\/www.patriarcatovenezia.it\/pastorale-giovanile\/wp-json\/wp\/v2\/pages"}],"about":[{"href":"https:\/\/www.patriarcatovenezia.it\/pastorale-giovanile\/wp-json\/wp\/v2\/types\/page"}],"author":[{"embeddable":true,"href":"https:\/\/www.patriarcatovenezia.it\/pastorale-giovanile\/wp-json\/wp\/v2\/users\/9"}],"replies":[{"embeddable":true,"href":"https:\/\/www.patriarcatovenezia.it\/pastorale-giovanile\/wp-json\/wp\/v2\/comments?post=4087"}],"version-history":[{"count":8,"href":"https:\/\/www.patriarcatovenezia.it\/pastorale-giovanile\/wp-json\/wp\/v2\/pages\/4087\/revisions"}],"predecessor-version":[{"id":4097,"href":"https:\/\/www.patriarcatovenezia.it\/pastorale-giovanile\/wp-json\/wp\/v2\/pages\/4087\/revisions\/4097"}],"wp:attachment":[{"href":"https:\/\/www.patriarcatovenezia.it\/pastorale-giovanile\/wp-json\/wp\/v2\/media?parent=4087"}],"curies":[{"name":"wp","href":"https:\/\/api.w.org\/{rel}","templated":true}]}}