{"id":2,"date":"2015-12-15T15:09:39","date_gmt":"2015-12-15T14:09:39","guid":{"rendered":"https:\/\/venezia.webdiocesi.it\/pastorale-giovanile\/?page_id=2"},"modified":"2026-04-28T19:29:38","modified_gmt":"2026-04-28T17:29:38","slug":"pagina-di-esempio","status":"publish","type":"page","link":"https:\/\/www.patriarcatovenezia.it\/pastorale-giovanile\/","title":{"rendered":"Home"},"content":{"rendered":"<div id=\"pl-2\"  class=\"panel-layout\" ><div id=\"pg-2-0\"  class=\"panel-grid panel-has-style\" ><div class=\"container g-3 panel-row-style panel-row-style-for-2-0\" ><div id=\"pgc-2-0-0\"  class=\"panel-grid-cell\" ><div id=\"panel-2-0-0-1\" class=\"so-panel widget widget_bso-so-widget-all-in-one\" data-index=\"1\" ><div\n\t\t\t\n\t\t\tclass=\"so-widget-bso-so-widget-all-in-one so-widget-bso-so-widget-all-in-one-default-d75171398898-2\"\n\t\t\t\n\t\t><div class=\"antenews\"><h3 class=\"titlebox\">PGVE News<\/h3>\n<div class=\"contenuto py-3\">                             <div class=\"item row g-3 mx-3 mb-3 pb-3\">\n<div class=\"miniatura col-12 col-md-6 col-lg-4 \"><img decoding=\"async\" src=\"https:\/\/www.patriarcatovenezia.it\/pastorale-giovanile\/wp-content\/uploads\/sites\/6\/2026\/03\/libro-rosini-ma-anche-no-400x267.jpg\" \/><\/div>\n<div class=\"col-12 col-md-6 col-lg-8\">\n<a href=\"https:\/\/www.patriarcatovenezia.it\/pastorale-giovanile\/2026\/03\/30\/don-fabio-rosini-ai-frari\/\">\n<h3 class=\"occhiello\"><\/h3>\n<h1 class=\"entry-title\">don Fabio Rosini ai Frari!<\/h1>\n<h2 class=\"sottotitolo\"><\/h2>\n<p class=\"summary\">La Pastorale universitaria invita tutti i giovani (e non) Luned\u00ec 13 aprile 2026 Ore 20.45 c\/o la Basilica di Santa Maria Gloriosa dei Frari MA ANCHE NO Don Fabio Rosini (biblista, docente e scrittore, ideatore dei percorsi Dieci Parole e Sette Segni) sar\u00e0 tra noi a Venezia per&hellip;<\/p>\n<\/a>\n<\/div>\n<\/div>\n                                                       <div class=\"item row g-3 mx-3 mb-3 pb-3\">\n<div class=\"miniatura col-12 col-md-6 col-lg-4 \"><img decoding=\"async\" src=\"https:\/\/www.patriarcatovenezia.it\/pastorale-giovanile\/wp-content\/uploads\/sites\/6\/2026\/03\/locandinaVC26-320x400.jpeg\" \/><\/div>\n<div class=\"col-12 col-md-6 col-lg-8\">\n<a href=\"https:\/\/www.patriarcatovenezia.it\/pastorale-giovanile\/2026\/03\/04\/via-crucis-diocesana\/\">\n<h3 class=\"occhiello\"><\/h3>\n<h1 class=\"entry-title\">VIA CRUCIS diocesana<\/h1>\n<h2 class=\"sottotitolo\"><\/h2>\n<p class=\"summary\">La Via Crucis diocesana con il patriarca Francesco sar\u00e0 quest&#8217;anno ospitata negli spazi dell&#8217;Istituto Don Orione di Chirignago, Via Ghetto, 1. Una realt\u00e0 che gi\u00e0 ha accolto questo evento nelle passate edizioni, tra il verde parco di Villa Bisacco dove tale Centro opera con persone portatrici di varie disabilit\u00e0.<\/p>\n<\/a>\n<\/div>\n<\/div>\n                                                       <div class=\"item row g-3 mx-3 mb-3 pb-3\">\n<div class=\"miniatura col-12 col-md-6 col-lg-4 \"><img decoding=\"async\" src=\"https:\/\/www.patriarcatovenezia.it\/pastorale-giovanile\/wp-content\/uploads\/sites\/6\/2026\/01\/veglia_marcia_pace2026-284x400.jpeg\" \/><\/div>\n<div class=\"col-12 col-md-6 col-lg-8\">\n<a href=\"https:\/\/www.patriarcatovenezia.it\/pastorale-giovanile\/2026\/01\/21\/veglia-e-marcia-per-la-pace\/\">\n<h3 class=\"occhiello\">La pace sia con tutti voi. Verso una pace disarmata e disarmante<\/h3>\n<h1 class=\"entry-title\">VEGLIA e MARCIA per la PACE<\/h1>\n<h2 class=\"sottotitolo\"><\/h2>\n<p class=\"summary\">Sia che abbiamo il dono della fede, sia che ci sembri di non averlo, cari fratelli e sorelle, apriamoci alla pace! Accogliamola e riconosciamola, piuttosto che considerarla lontana e impossibile. Prima di essere una meta, la pace \u00e8 una presenza e un cammino. Seppure contrastata&hellip;<\/p>\n<\/a>\n<\/div>\n<\/div>\n                                                       <div class=\"item row g-3 mx-3 mb-3 pb-3\">\n<div class=\"miniatura col-12 col-md-6 col-lg-4 \"><img decoding=\"async\" src=\"https:\/\/www.patriarcatovenezia.it\/pastorale-giovanile\/wp-content\/uploads\/sites\/6\/2026\/01\/es.spir_-400x400.jpeg\" \/><\/div>\n<div class=\"col-12 col-md-6 col-lg-8\">\n<a href=\"https:\/\/www.patriarcatovenezia.it\/pastorale-giovanile\/2026\/01\/20\/esercizi-spirituali-per-adolescenti-e-giovani\/\">\n<h3 class=\"occhiello\"><\/h3>\n<h1 class=\"entry-title\">ESERCIZI SPIRITUALI per ADOLESCENTI e GIOVANI<\/h1>\n<h2 class=\"sottotitolo\"><\/h2>\n<p class=\"summary\">Come tutti gli anni, nella ricca offerta di possibilit\u00e0 per vivere un fine-settimana al Cavallino, l&#8217;ODERSP pensa anche agli adolescenti (maschi e femmine) e ai giovani lavoratori e universitari. Un weekend dedicato specificatamente a loro incentrato sull&#8217;ascolto della Parola di Dio e la preghiera, il silenzio e la riflessione.<\/p>\n<\/a>\n<\/div>\n<\/div>\n                           <div class=\"archiviolink text-end m-3\"><a href=\"\/pastorale-giovanile\/category\/notizie\">Tutte le news<\/a><\/div>\n<\/div><\/div><\/div><\/div><div id=\"panel-2-0-0-2\" class=\"so-panel widget widget_siteorigin-panels-builder\" data-index=\"2\" ><div class=\" p-4 panel-widget-style panel-widget-style-for-2-0-0-2\" id=\"photoalbum\" ><div id=\"pl-w66e421e6750c0\"  class=\"panel-layout\" ><div id=\"pg-w66e421e6750c0-0\"  class=\"panel-grid panel-no-style\" ><div id=\"pgc-w66e421e6750c0-0-0\"  class=\"panel-grid-cell\" ><div id=\"panel-w66e421e6750c0-0-0-0\" class=\"so-panel widget widget_bso-so-widget-all-in-one panel-first-child panel-last-child\" data-index=\"0\" ><div\n\t\t\t\n\t\t\tclass=\"so-widget-bso-so-widget-all-in-one so-widget-bso-so-widget-all-in-one-default-d75171398898\"\n\t\t\t\n\t\t>\n<h3 class=\"widget-title pb-2\">PHOTOGALLERY<\/h3>\n<div id=slider-nav>                             <div class=\"slick-slide item px-2\">\n<div class=\"miniatura\"><img decoding=\"async\" src=\"https:\/\/www.patriarcatovenezia.it\/pastorale-giovanile\/wp-content\/uploads\/sites\/6\/2021\/12\/20211120_183602-150x150.jpg\" \/><\/div>\n<h5 class=\"entry-title text-truncate\"><a href=\"https:\/\/www.patriarcatovenezia.it\/pastorale-giovanile\/s-photogallery\/salute-2021-photogallery\/\">Salute 2021 &#8211; photogallery<\/a><\/h5>\n<\/div>\n                                                       <div class=\"slick-slide item px-2\">\n<div class=\"miniatura\"><img decoding=\"async\" src=\"https:\/\/www.patriarcatovenezia.it\/pastorale-giovanile\/wp-content\/uploads\/sites\/6\/2020\/11\/1-150x150.jpg\" \/><\/div>\n<h5 class=\"entry-title text-truncate\"><a href=\"https:\/\/www.patriarcatovenezia.it\/pastorale-giovanile\/s-photogallery\/3314\/\">Salute 2020 &#8211; Le parole del Patriarca, da meditare e condividere!<\/a><\/h5>\n<\/div>\n                                                       <div class=\"slick-slide item px-2\">\n<div class=\"miniatura\"><img decoding=\"async\" src=\"https:\/\/www.patriarcatovenezia.it\/pastorale-giovanile\/wp-content\/uploads\/sites\/6\/2019\/11\/mde_49097262472_o-150x150.jpg\" \/><\/div>\n<h5 class=\"entry-title text-truncate\"><a href=\"https:\/\/www.patriarcatovenezia.it\/pastorale-giovanile\/s-photogallery\/pellegrinaggio-alla-salute-2019-photogallery\/\">Pellegrinaggio alla Salute 2019 &#8211; photogallery<\/a><\/h5>\n<\/div>\n                                                       <div class=\"slick-slide item px-2\">\n<div class=\"miniatura\"><img decoding=\"async\" src=\"https:\/\/www.patriarcatovenezia.it\/pastorale-giovanile\/wp-content\/uploads\/sites\/6\/2019\/10\/20190925_222529-1-150x150.jpg\" \/><\/div>\n<h5 class=\"entry-title text-truncate\"><a href=\"https:\/\/www.patriarcatovenezia.it\/pastorale-giovanile\/s-photogallery\/assemblee-zonali-2019-foto\/\">Assemblee zonali 2019 &#8211; foto<\/a><\/h5>\n<\/div>\n                                                       <div class=\"slick-slide item px-2\">\n<div class=\"miniatura\"><img decoding=\"async\" src=\"https:\/\/www.patriarcatovenezia.it\/pastorale-giovanile\/wp-content\/uploads\/sites\/6\/2017\/11\/Salute2017_13-1-150x150.jpg\" \/><\/div>\n<h5 class=\"entry-title text-truncate\"><a href=\"https:\/\/www.patriarcatovenezia.it\/pastorale-giovanile\/s-photogallery\/pellegrinaggio-salute-2017\/\">Pellegrinaggio Salute 2017 &#8211; photo<\/a><\/h5>\n<\/div>\n                                                       <div class=\"slick-slide item px-2\">\n<div class=\"miniatura\"><img decoding=\"async\" src=\"https:\/\/www.patriarcatovenezia.it\/pastorale-giovanile\/wp-content\/uploads\/sites\/6\/2017\/04\/IMG-20170410-WA0018-150x150.jpg\" \/><\/div>\n<h5 class=\"entry-title text-truncate\"><a href=\"https:\/\/www.patriarcatovenezia.it\/pastorale-giovanile\/s-photogallery\/via-crucis-2017-istantanee-di-giovane-fede\/\">Via Crucis 2017 &#8211; istantanee di giovane fede<\/a><\/h5>\n<\/div>\n                           <\/div>\n<div class=\"archiviolink text-center\"><a href=\"\/mainsite\/category\/foto\/\">tutti gli album fotografici<\/a><\/div>\n<script>\n\t\t\tjQuery(function(){\n\t\t\tjQuery('#slider-nav').slick({\n\t\t\t\tslidesToShow: 3,\n\t\t\t\tslidesToScroll: 1,\n\t\t\t\tdots: true,\n                                arrows: true,\n\t\t\t\tcenterMode: true,\t\t\n                                responsive: [\n                                      {\n                          breakpoint: 1024,\n                                     settings: {\n                                      dots: true,\n                                      slidesToShow: 2,\n                                      slidesToScroll: 1\n                                                   }\n                                },\n                               {\n                         breakpoint: 600,\n                                 settings: {\n                                 dots: true,\n                                 slidesToShow: 2,\n                                 slidesToScroll: 1\n                                             }\n                             },\n                              {\n                          breakpoint: 480,\n                             settings: {\n                             dots: true,\n                             slidesToShow: 1,\n                             slidesToScroll: 1\n                                            }\n                               }\n                          ]\n  \t   \t});\t\t\t\n\t\t\t});\n<\/script>\n<\/div><\/div><\/div><\/div><\/div><\/div><\/div><\/div><div id=\"pgc-2-0-1\"  class=\"panel-grid-cell\" ><div id=\"panel-2-0-1-0\" class=\"so-panel widget widget_media_image panel-first-child\" data-index=\"4\" ><a href=\"https:\/\/www.patriarcatovenezia.it\/evangelizzazione-e-catechesi\/assisi-2026-il-pellegrinaggio-diocesano-dei-ragazzi\/\"><img loading=\"lazy\" decoding=\"async\" width=\"400\" height=\"174\" src=\"https:\/\/www.patriarcatovenezia.it\/pastorale-giovanile\/wp-content\/uploads\/sites\/6\/2025\/11\/banner_Assisi2026-400x174.png\" class=\"image wp-image-7744  attachment-medium size-medium\" alt=\"\" style=\"max-width: 100%; height: auto;\" srcset=\"https:\/\/www.patriarcatovenezia.it\/pastorale-giovanile\/wp-content\/uploads\/sites\/6\/2025\/11\/banner_Assisi2026-400x174.png 400w, https:\/\/www.patriarcatovenezia.it\/pastorale-giovanile\/wp-content\/uploads\/sites\/6\/2025\/11\/banner_Assisi2026-360x156.png 360w, https:\/\/www.patriarcatovenezia.it\/pastorale-giovanile\/wp-content\/uploads\/sites\/6\/2025\/11\/banner_Assisi2026.png 488w\" sizes=\"(max-width: 400px) 100vw, 400px\" \/><\/a><\/div><div id=\"panel-2-0-1-1\" class=\"so-panel widget widget_sow-editor\" data-index=\"5\" ><div class=\"contattibox panel-widget-style panel-widget-style-for-2-0-1-1\" ><div\n\t\t\t\n\t\t\tclass=\"so-widget-sow-editor so-widget-sow-editor-base\"\n\t\t\t\n\t\t><h3 class=\"widget-title\">Contatti<\/h3>\n<div class=\"siteorigin-widget-tinymce textwidget\">\n\t<p><strong>SEGRETERIA<\/strong>:<br \/>\npgve@patriarcatovenezia.it<\/p>\n<hr \/>\n<p><strong>DIRETTORI:<br \/>\n<\/strong>DON MAURO MARGAGLIOTTI<br \/>\nDON MARCO ZANE<br \/>\nDON MORRIS PASIAN<\/p>\n<p><strong>Contatti<\/strong><br \/>\n<a href=\"https:\/\/www.facebook.com\/pgvenezia\/?locale=it_IT\" target=\"_blank\" rel=\"noopener\">Facebook<\/a><br \/>\n<a href=\"https:\/\/www.instagram.com\/pastoralegiovanilevenezia\/?hl=it\" target=\"_blank\" rel=\"noopener\">Instagram<\/a><\/p>\n<\/div>\n<\/div><\/div><\/div><div id=\"panel-2-0-1-2\" class=\"so-panel widget widget_bso-so-widget-all-in-one\" data-index=\"6\" ><div\n\t\t\t\n\t\t\tclass=\"so-widget-bso-so-widget-all-in-one so-widget-bso-so-widget-all-in-one-default-d75171398898-1433\"\n\t\t\t\n\t\t><div class=\"my-5 antepage\">                             <div class=\"item\">\n<a href=\"https:\/\/www.patriarcatovenezia.it\/pastorale-giovanile\/2026\/03\/30\/don-fabio-rosini-ai-frari\/\"><h1 class=\"entry-title\">don Fabio Rosini ai Frari!<\/h1><\/a>\n<div class=\"miniatura mb-3\"><a href=\"https:\/\/www.patriarcatovenezia.it\/pastorale-giovanile\/2026\/03\/30\/don-fabio-rosini-ai-frari\/\"><img decoding=\"async\" src=\"https:\/\/www.patriarcatovenezia.it\/pastorale-giovanile\/wp-content\/uploads\/sites\/6\/2026\/03\/libro-rosini-ma-anche-no-400x267.jpg\" \/><\/a><\/div>\n<h2 class=\"sottotitolo\"><\/h2>\n<p class=\"summary\">La Pastorale universitaria invita tutti i giovani (e non) Luned\u00ec 13 aprile 2026 Ore 20.45 c\/o la Basilica&hellip;<\/p>\n\t<\/a>\n<\/div>\n                           <\/div><\/div><\/div>      <div id=\"panel-2-0-1-3\" class=\"so-panel widget widget_mailpoet_form\" data-index=\"7\" ><div class=\"panel-widget-style panel-widget-style-for-2-0-1-3\" >\n  \n  \n  <div class=\"\n    mailpoet_form_popup_overlay\n      \"><\/div>\n  <div\n    id=\"mailpoet_form_1\"\n    class=\"\n      mailpoet_form\n      mailpoet_form_widget\n      mailpoet_form_position_\n      mailpoet_form_animation_\n    \"\n      >\n    \n    <style type=\"text\/css\">\n     .mailpoet_hp_email_label{display:none!important;}#mailpoet_form_1 .mailpoet_form {  }\n#mailpoet_form_1 .mailpoet_column_with_background { padding: 10px; }\n#mailpoet_form_1 .mailpoet_form_column:not(:first-child) { margin-left: 20px; }\n#mailpoet_form_1 .mailpoet_paragraph { line-height: 20px; margin-bottom: 20px; }\n#mailpoet_form_1 .mailpoet_segment_label, #mailpoet_form_1 .mailpoet_text_label, #mailpoet_form_1 .mailpoet_textarea_label, #mailpoet_form_1 .mailpoet_select_label, #mailpoet_form_1 .mailpoet_radio_label, #mailpoet_form_1 .mailpoet_checkbox_label, #mailpoet_form_1 .mailpoet_list_label, #mailpoet_form_1 .mailpoet_date_label { display: block; font-weight: normal; }\n#mailpoet_form_1 .mailpoet_text, #mailpoet_form_1 .mailpoet_textarea, #mailpoet_form_1 .mailpoet_select, #mailpoet_form_1 .mailpoet_date_month, #mailpoet_form_1 .mailpoet_date_day, #mailpoet_form_1 .mailpoet_date_year, #mailpoet_form_1 .mailpoet_date { display: block; }\n#mailpoet_form_1 .mailpoet_text, #mailpoet_form_1 .mailpoet_textarea { width: 200px; }\n#mailpoet_form_1 .mailpoet_checkbox {  }\n#mailpoet_form_1 .mailpoet_submit {  }\n#mailpoet_form_1 .mailpoet_divider {  }\n#mailpoet_form_1 .mailpoet_message {  }\n#mailpoet_form_1 .mailpoet_form_loading { width: 30px; text-align: center; line-height: normal; }\n#mailpoet_form_1 .mailpoet_form_loading > span { width: 5px; height: 5px; background-color: #5b5b5b; }#mailpoet_form_1{border-radius: 0px;text-align: left;}#mailpoet_form_1 form.mailpoet_form {padding: 20px;}#mailpoet_form_1{width: 100%;}#mailpoet_form_1 .mailpoet_message {margin: 0; padding: 0 20px;}#mailpoet_form_1 .mailpoet_paragraph.last {margin-bottom: 0} @media (max-width: 500px) {#mailpoet_form_1 {background-image: none;}} @media (min-width: 500px) {#mailpoet_form_1 .last .mailpoet_paragraph:last-child {margin-bottom: 0}}  @media (max-width: 500px) {#mailpoet_form_1 .mailpoet_form_column:last-child .mailpoet_paragraph:last-child {margin-bottom: 0}} \n    <\/style>\n\n    <form\n      target=\"_self\"\n      method=\"post\"\n      action=\"https:\/\/www.patriarcatovenezia.it\/pastorale-giovanile\/wp-admin\/admin-post.php?action=mailpoet_subscription_form\"\n      class=\"mailpoet_form mailpoet_form_form mailpoet_form_widget\"\n      novalidate\n      data-delay=\"\"\n      data-exit-intent-enabled=\"\"\n      data-font-family=\"\"\n      data-cookie-expiration-time=\"\"\n    >\n      <input type=\"hidden\" name=\"data[form_id]\" value=\"1\" \/>\n      <input type=\"hidden\" name=\"token\" value=\"c1f0b20e0f\" \/>\n      <input type=\"hidden\" name=\"api_version\" value=\"v1\" \/>\n      <input type=\"hidden\" name=\"endpoint\" value=\"subscribers\" \/>\n      <input type=\"hidden\" name=\"mailpoet_method\" value=\"subscribe\" \/>\n\n      <label class=\"mailpoet_hp_email_label\">Lascia questo campo vuoto<input type=\"email\" name=\"data[email]\"\/><\/label><p class=\"mailpoet_form_paragraph \" style=\"text-align: left\">Iscriviti alla nostra newsletter!<\/p>\n<div class=\"mailpoet_paragraph \"><label for=\"form_first_name_1\" class=\"mailpoet_text_label\" data-automation-id=\"form_first_name_label\" >Nome <span class=\"mailpoet_required\">*<\/span><\/label><input type=\"text\" autocomplete=\"given-name\" class=\"mailpoet_text\" id=\"form_first_name_1\" name=\"data[form_field_N2QwMDQ0MjNkZWQ1X2ZpcnN0X25hbWU=]\" title=\"Nome\" value=\"\" style=\"padding:5px;margin: 0 auto 0 0;\" data-automation-id=\"form_first_name\" data-parsley-names='[&quot;Specifica un nome valido.&quot;,&quot;Gli indirizzi nei nomi non sono ammessi: per favore, aggiungi il tuo nome.&quot;]' data-parsley-required=\"true\" data-parsley-required-message=\"Questo campo \u00e8 obbligatorio.\"\/><\/div>\n<div class=\"mailpoet_paragraph \"><label for=\"form_last_name_1\" class=\"mailpoet-screen-reader-text\" data-automation-id=\"form_last_name_label\" >Cognome <span class=\"mailpoet_required\">*<\/span><\/label><input type=\"text\" autocomplete=\"family-name\" class=\"mailpoet_text\" id=\"form_last_name_1\" name=\"data[form_field_Y2FhZGE0M2YyM2VkX2xhc3RfbmFtZQ==]\" title=\"Cognome\" value=\"\" style=\"width:100%;padding:5px;margin: 0 auto 0 0;\" data-automation-id=\"form_last_name\"  placeholder=\"Cognome *\" data-parsley-names='[&quot;Specifica un nome valido.&quot;,&quot;Gli indirizzi nei nomi non sono ammessi: per favore, aggiungi il tuo nome.&quot;]' data-parsley-required=\"true\" data-parsley-required-message=\"Questo campo \u00e8 obbligatorio.\"\/><\/div>\n<div class=\"mailpoet_paragraph \"><label for=\"form_email_1\" class=\"mailpoet_text_label\" data-automation-id=\"form_email_label\" >Email <span class=\"mailpoet_required\">*<\/span><\/label><input type=\"email\" autocomplete=\"email\" class=\"mailpoet_text\" id=\"form_email_1\" name=\"data[form_field_ZTRlOTM0YmM1ZjRkX2VtYWls]\" title=\"Email\" value=\"\" style=\"padding:5px;margin: 0 auto 0 0;\" data-automation-id=\"form_email\" data-parsley-required=\"true\" data-parsley-minlength=\"6\" data-parsley-maxlength=\"150\" data-parsley-error-message=\"Specifica un indirizzo email valido.\" data-parsley-required-message=\"Questo campo \u00e8 obbligatorio.\"\/><\/div>\n<div class=\"mailpoet_paragraph \"><input type=\"submit\" class=\"mailpoet_submit\" value=\"Iscriviti\" data-automation-id=\"subscribe-submit-button\" style=\"padding:5px;margin: 0 auto 0 0;border-color:transparent;\" \/><span class=\"mailpoet_form_loading\"><span class=\"mailpoet_bounce1\"><\/span><span class=\"mailpoet_bounce2\"><\/span><span class=\"mailpoet_bounce3\"><\/span><\/span><\/div>\n\n      <div class=\"mailpoet_message\">\n        <p class=\"mailpoet_validate_success\"\n                style=\"display:none;\"\n                >Controlla la tua casella di posta o la cartella spam per confermare la tua iscrizione\n        <\/p>\n        <p class=\"mailpoet_validate_error\"\n                style=\"display:none;\"\n                >        <\/p>\n      <\/div>\n    <\/form>\n  <\/div>\n\n      <\/div><\/div>\n  <div id=\"panel-2-0-1-4\" class=\"so-panel widget widget_media_image panel-last-child\" data-index=\"8\" ><div class=\"panel-widget-style panel-widget-style-for-2-0-1-4\" ><a href=\"https:\/\/giovani.chiesacattolica.it\/\"><img loading=\"lazy\" decoding=\"async\" width=\"361\" height=\"129\" src=\"https:\/\/www.patriarcatovenezia.it\/pastorale-giovanile\/wp-content\/uploads\/sites\/6\/2024\/12\/logo_trasparente.jpg\" class=\"image wp-image-4848  attachment-full size-full\" alt=\"\" style=\"max-width: 100%; height: auto;\" \/><\/a><\/div><\/div><\/div><\/div><\/div><\/div>","protected":false},"excerpt":{"rendered":"<p>Contatti SEGRETERIA: pgve@patriarcatovenezia.it DIRETTORI: DON MAURO MARGAGLIOTTI DON MARCO ZANE DON MORRIS PASIAN Contatti Facebook Instagram<\/p>\n","protected":false},"author":0,"featured_media":41,"parent":0,"menu_order":0,"comment_status":"closed","ping_status":"closed","template":"","meta":{"_acf_changed":false,"ip_address":"","user_agent":"","level":"","revision":"","cookie_id":"","page_referer":"","html_form":"","footnotes":""},"class_list":["post-2","page","type-page","status-publish","has-post-thumbnail","hentry"],"acf":[],"_links":{"self":[{"href":"https:\/\/www.patriarcatovenezia.it\/pastorale-giovanile\/wp-json\/wp\/v2\/pages\/2"}],"collection":[{"href":"https:\/\/www.patriarcatovenezia.it\/pastorale-giovanile\/wp-json\/wp\/v2\/pages"}],"about":[{"href":"https:\/\/www.patriarcatovenezia.it\/pastorale-giovanile\/wp-json\/wp\/v2\/types\/page"}],"author":[{"embeddable":true,"href":"https:\/\/www.patriarcatovenezia.it\/pastorale-giovanile\/wp-json\/wp\/v2\/users\/10"}],"replies":[{"embeddable":true,"href":"https:\/\/www.patriarcatovenezia.it\/pastorale-giovanile\/wp-json\/wp\/v2\/comments?post=2"}],"version-history":[{"count":30,"href":"https:\/\/www.patriarcatovenezia.it\/pastorale-giovanile\/wp-json\/wp\/v2\/pages\/2\/revisions"}],"predecessor-version":[{"id":9163,"href":"https:\/\/www.patriarcatovenezia.it\/pastorale-giovanile\/wp-json\/wp\/v2\/pages\/2\/revisions\/9163"}],"wp:featuredmedia":[{"embeddable":true,"href":"https:\/\/www.patriarcatovenezia.it\/pastorale-giovanile\/wp-json\/wp\/v2\/media\/41"}],"wp:attachment":[{"href":"https:\/\/www.patriarcatovenezia.it\/pastorale-giovanile\/wp-json\/wp\/v2\/media?parent=2"}],"curies":[{"name":"wp","href":"https:\/\/api.w.org\/{rel}","templated":true}]}}