{"id":130,"date":"2015-12-29T14:37:50","date_gmt":"2015-12-29T13:37:50","guid":{"rendered":"https:\/\/venezia.webdiocesi.it\/pastorale-giovanile\/?page_id=130"},"modified":"2018-09-03T12:21:01","modified_gmt":"2018-09-03T10:21:01","slug":"gmg","status":"publish","type":"page","link":"https:\/\/www.patriarcatovenezia.it\/pastorale-giovanile\/eventi-2\/gmg\/","title":{"rendered":"GMG"},"content":{"rendered":"<p style=\"text-align: justify\">La <b>Giornata mondiale della giovent\u00f9<\/b>, spesso chiamata con la sigla <b>GMG<\/b> in italiano, o WYD (<i>World Youth Day<\/i>) in inglese, \u00e8 un incontro internazionale di spiritualit\u00e0 e cultura dei giovani cattolici, promosso dalla Chiesa cattolica su iniziativa del\u00a0Papa.<\/p>\n<p style=\"text-align: justify\">Tali incontri ebbero inizio nel 1985 per intuizione di papa Giovanni Paolo II, il quale tuttavia non si consider\u00f2 mai il fondatore delle GMG, piuttosto affermava: \u00abi giovani le hanno create\u00bb.\u00a0Egli desiderava promuovere le aspirazioni dei giovani ad avere un proprio spazio nella chiesa e nel mondo, e, disponendosi a sostenere la loro iniziativa, cre\u00f2 la &#8220;Sezione giovani&#8221; del Pontificio Consiglio per i Laici, che coordina la realizzazione delle giornate.<\/p>\n<p style=\"text-align: justify\">Le Giornate mondiali della giovent\u00f9 vengono celebrate secondo due modalit\u00e0:<\/p>\n<ul style=\"text-align: justify\">\n<li>a livello <i>internazionale<\/i>, ogni due o tre anni in una specifica citt\u00e0 del mondo scelta volta per volta dal Pontefice, con un grande raduno che avviene secondo modalit\u00e0 consolidate negli anni e con un grande numero di partecipanti da ogni parte del mondo. L&#8217;ultimo incontro internazionale, il primo presieduto da papa Francesco, si \u00e8 tenuto dal 23 al 28 luglio 2013 a Rio de Janeiro, in Brasile. Il prossimo si terr\u00e0 dal 25 al 31 luglio 2016 a Cracovia, in Polonia;<\/li>\n<\/ul>\n<ul>\n<li style=\"text-align: justify\">a livello <i>diocesano<\/i>, negli anni in cui non si svolge la GMG internazionale, in occasione della Domenica delle Palme. Gli incontri sono organizzati su iniziativa delle varie diocesi mondiali e in piazza San Pietro a Roma con il Papa. L&#8217;ultima si \u00e8 svolta il 29 marzo 2015.<\/li>\n<\/ul>\n<p style=\"text-align: right\">[fonte: <em>wikipedia<\/em>]<\/p>\n<hr \/>\n<p><a href=\"https:\/\/venezia.webdiocesi.it\/pastorale-giovanile\/wp-content\/uploads\/sites\/6\/2015\/12\/GMG_lista.pdf\">Lista delle GMG fino\u00a0al 2016<\/a><\/p>\n<p><a href=\"http:\/\/www.vatican.va\/gmg\/documents\/index_it.html\">Omelie e testi vari delle GMG<\/a><\/p>\n<hr \/>\n<p><strong><a href=\"https:\/\/venezia.webdiocesi.it\/pastorale-giovanile\/wp-content\/uploads\/sites\/6\/2015\/12\/Logo_GMG2016_png1.png\" data-rel=\"lightbox-image-0\" data-rl_title=\"\" data-rl_caption=\"\" title=\"\"><img loading=\"lazy\" decoding=\"async\" class=\" wp-image-329 alignleft\" src=\"https:\/\/venezia.webdiocesi.it\/pastorale-giovanile\/wp-content\/uploads\/sites\/6\/2015\/12\/Logo_GMG2016_png1-300x185.png\" alt=\"Logo_GMG2016_png\" width=\"164\" height=\"101\" \/><\/a><\/strong><\/p>\n<p>&nbsp;<\/p>\n<p><strong><a href=\"https:\/\/venezia.webdiocesi.it\/pastorale-giovanile\/attivita-ed-eventi\/gmg\/gmg-cracovia-2016\/\">SPECIALE GMG CRACOVIA 2016<\/a><\/strong><\/p>\n<p>&nbsp;<\/p>\n<hr \/>\n<p><strong><a href=\"https:\/\/venezia.webdiocesi.it\/pastorale-giovanile\/wp-content\/uploads\/sites\/6\/2018\/09\/logo_Panama2019.jpg\" data-rel=\"lightbox-image-1\" data-rl_title=\"\" data-rl_caption=\"\" title=\"\"><img loading=\"lazy\" decoding=\"async\" class=\"alignleft wp-image-2579 \" src=\"https:\/\/venezia.webdiocesi.it\/pastorale-giovanile\/wp-content\/uploads\/sites\/6\/2018\/09\/logo_Panama2019-203x300.jpg\" alt=\"\" width=\"82\" height=\"121\" srcset=\"https:\/\/www.patriarcatovenezia.it\/pastorale-giovanile\/wp-content\/uploads\/sites\/6\/2018\/09\/logo_Panama2019-203x300.jpg 203w, https:\/\/www.patriarcatovenezia.it\/pastorale-giovanile\/wp-content\/uploads\/sites\/6\/2018\/09\/logo_Panama2019-189x280.jpg 189w, https:\/\/www.patriarcatovenezia.it\/pastorale-giovanile\/wp-content\/uploads\/sites\/6\/2018\/09\/logo_Panama2019.jpg 372w\" sizes=\"(max-width: 82px) 100vw, 82px\" \/><\/a><\/strong><\/p>\n<p>&nbsp;<\/p>\n<p><a href=\"https:\/\/venezia.webdiocesi.it\/pastorale-giovanile\/gmg-2019-panama\/\"><strong>GMG PANAMA 2019<\/strong><\/a><\/p>\n<p>&nbsp;<\/p>\n<p>&nbsp;<\/p>\n<hr \/>\n<p>&nbsp;<\/p>\n","protected":false},"excerpt":{"rendered":"<p>La Giornata mondiale della giovent\u00f9, spesso chiamata con la sigla GMG in italiano, o WYD (World Youth Day) in inglese, \u00e8 un incontro internazionale di spiritualit\u00e0 e cultura dei giovani cattolici, promosso dalla Chiesa cattolica su iniziativa del\u00a0Papa. Tali incontri ebbero inizio nel 1985 per intuizione di papa Giovanni Paolo II, il quale tuttavia non [&hellip;]<\/p>\n","protected":false},"author":0,"featured_media":0,"parent":83,"menu_order":0,"comment_status":"closed","ping_status":"closed","template":"","meta":{"_acf_changed":false,"ip_address":"","user_agent":"","level":"","revision":"","cookie_id":"","page_referer":"","html_form":"","footnotes":""},"class_list":["post-130","page","type-page","status-publish","hentry"],"acf":[],"_links":{"self":[{"href":"https:\/\/www.patriarcatovenezia.it\/pastorale-giovanile\/wp-json\/wp\/v2\/pages\/130"}],"collection":[{"href":"https:\/\/www.patriarcatovenezia.it\/pastorale-giovanile\/wp-json\/wp\/v2\/pages"}],"about":[{"href":"https:\/\/www.patriarcatovenezia.it\/pastorale-giovanile\/wp-json\/wp\/v2\/types\/page"}],"author":[{"embeddable":true,"href":"https:\/\/www.patriarcatovenezia.it\/pastorale-giovanile\/wp-json\/wp\/v2\/users\/10"}],"replies":[{"embeddable":true,"href":"https:\/\/www.patriarcatovenezia.it\/pastorale-giovanile\/wp-json\/wp\/v2\/comments?post=130"}],"version-history":[{"count":4,"href":"https:\/\/www.patriarcatovenezia.it\/pastorale-giovanile\/wp-json\/wp\/v2\/pages\/130\/revisions"}],"predecessor-version":[{"id":2592,"href":"https:\/\/www.patriarcatovenezia.it\/pastorale-giovanile\/wp-json\/wp\/v2\/pages\/130\/revisions\/2592"}],"up":[{"embeddable":true,"href":"https:\/\/www.patriarcatovenezia.it\/pastorale-giovanile\/wp-json\/wp\/v2\/pages\/83"}],"wp:attachment":[{"href":"https:\/\/www.patriarcatovenezia.it\/pastorale-giovanile\/wp-json\/wp\/v2\/media?parent=130"}],"curies":[{"name":"wp","href":"https:\/\/api.w.org\/{rel}","templated":true}]}}