{"id":390,"date":"2021-09-10T16:18:58","date_gmt":"2021-09-10T14:18:58","guid":{"rendered":"https:\/\/venezia.webdiocesi.it\/insegnamento-religione-cattolica\/?page_id=390"},"modified":"2024-01-29T22:47:05","modified_gmt":"2024-01-29T21:47:05","slug":"storia-del-popolo-ebraico","status":"publish","type":"page","link":"https:\/\/www.patriarcatovenezia.it\/insegnamento-religione-cattolica\/test-on-line\/storia-del-popolo-ebraico\/","title":{"rendered":"Storia del popolo ebraico"},"content":{"rendered":"<div id=\"pl-390\"  class=\"panel-layout\" ><div id=\"pg-390-0\"  class=\"panel-grid panel-no-style\" ><div id=\"pgc-390-0-0\"  class=\"panel-grid-cell\" ><div id=\"panel-390-0-0-0\" class=\"so-panel widget panel-first-child panel-last-child\" data-index=\"0\" ><\/div><\/div><div id=\"pgc-390-0-1\"  class=\"panel-grid-cell\" ><div id=\"panel-390-0-1-0\" class=\"so-panel widget widget_text panel-first-child panel-last-child\" data-index=\"1\" >\t\t\t<div class=\"textwidget\"><h4><a href=\"https:\/\/wordwall.net\/play\/13533\/319\/869\"><strong>DALLE ORIGINI ALL&#8217;INGRESSO A CANAAN<\/strong><\/a><\/h4>\n<h4><strong>ABRAMO (esercizio di collegamento)<\/strong><\/h4>\n<h4><a href=\"http:\/\/irc.patriarcatovenezia.it\/TEST\/ABRAMO%202.htm\"><strong>ABRAMO E LA SUA DISCENDENZA (cruciverba)<\/strong><\/a><\/h4>\n<h4><strong>IL NOME DI DIO<\/strong><\/h4>\n<h4><strong>GIUSEPPE IL SOGNATORE<\/strong><\/h4>\n<h4><a href=\"https:\/\/wordwall.net\/play\/15638\/812\/178\"><strong>GIUSEPPE VENDUTO DAI FRATELLI<\/strong><\/a><\/h4>\n<h4><a href=\"https:\/\/wordwall.net\/play\/15644\/884\/992\"><strong>GIUSEPPE DA SCHIAVO A VICER\u00c8<\/strong><\/a><\/h4>\n<h4><a href=\"http:\/\/irc.patriarcatovenezia.it\/TEST\/MOSE.htm\"><strong>DIO SCEGLIE MOS\u00c8<\/strong><\/a><\/h4>\n<h4><strong>MOS\u00c8<\/strong><\/h4>\n<h4><a href=\"https:\/\/learningapps.org\/watch?v=pqnua8ce321\"><strong>LE PIAGHE D&#8217;EGITTO<\/strong><\/a><\/h4>\n<h4><a href=\"https:\/\/wordwall.net\/play\/15637\/833\/708\"><strong>IL PASSAGGIO DEL MAR ROSSO SECONDO CHAGALL<\/strong><\/a><\/h4>\n<h4><a href=\"https:\/\/wordwall.net\/play\/12993\/151\/167\"><strong>NELLA TERRA PROMESSA<\/strong><\/a><\/h4>\n<h4><a href=\"http:\/\/www.classtools.net\/arcade\/202102_R6Rj9j\"><strong>GIOSU\u00c8<\/strong><\/a><\/h4>\n<h4><a href=\"https:\/\/learningapps.org\/watch?v=piimxfdi321\"><strong>GIOSU\u00c8<\/strong><\/a><\/h4>\n<h4><strong>LA DIVISIONE DEL REGNO<\/strong><\/h4>\n<h4><a href=\"https:\/\/wordwall.net\/play\/14957\/841\/704\"><strong>LE TRIB\u00d9 D&#8217;ISRAELE<\/strong><\/a><\/h4>\n<h4><a href=\"https:\/\/learningapps.org\/watch?v=pqbk018xa21\"><strong>GEDEONE E SANSONE<\/strong><\/a><\/h4>\n<h4><a href=\"https:\/\/wordwall.net\/play\/13001\/342\/563\"><strong>IL TEMPIO DI RE SALOMONE<\/strong><\/a><\/h4>\n<h4><a href=\"https:\/\/wordwall.net\/play\/13491\/560\/107\"><strong>DAL REGNO ALL&#8217;ESILIO<\/strong><\/a><\/h4>\n<h4><a href=\"https:\/\/wordwall.net\/play\/13701\/767\/835\"><strong>LA DISTRUZIONE DEL TEMPIO SECONDO HAYEZ<\/strong><\/a><\/h4>\n<h4><strong>A CIASCUNO IL FATTO PROPRIO<\/strong><\/h4>\n<h4><strong>1 &#8211; ANTICO POPOLO EBRAICO<\/strong><\/h4>\n<h4><strong>2 &#8211; ANTICO POPOLO EBRAICO<\/strong><\/h4>\n<h4><strong>3 &#8211; ANTICO POPOLO EBRAICO<\/strong><\/h4>\n<h4><strong>STORIA DEL POPOLO EBRAICO<\/strong><\/h4>\n<\/div>\n\t\t<\/div><\/div><\/div><div id=\"pg-390-1\"  class=\"panel-grid panel-no-style\" ><div id=\"pgc-390-1-0\"  class=\"panel-grid-cell\" ><div id=\"panel-390-1-0-0\" class=\"so-panel widget widget_text panel-first-child panel-last-child\" data-index=\"2\" ><div class=\"panel-widget-style panel-widget-style-for-390-1-0-0\" >\t\t\t<div class=\"textwidget\"><h3><strong><a href=\"https:\/\/venezia.webdiocesi.it\/insegnamento-religione-cattolica\/test-on-line\/\">&#8230;torna alla pagina iniziale di TEST ONLINE!<\/a><\/strong><\/h3>\n<\/div>\n\t\t<\/div><\/div><\/div><\/div><\/div>","protected":false},"excerpt":{"rendered":"<p>DALLE ORIGINI ALL&#8217;INGRESSO A CANAAN ABRAMO (esercizio di collegamento) ABRAMO E LA SUA DISCENDENZA (cruciverba) IL NOME DI DIO GIUSEPPE IL SOGNATORE GIUSEPPE VENDUTO DAI FRATELLI GIUSEPPE DA SCHIAVO A VICER\u00c8 DIO SCEGLIE MOS\u00c8 MOS\u00c8 LE PIAGHE D&#8217;EGITTO IL PASSAGGIO DEL MAR ROSSO SECONDO CHAGALL NELLA TERRA PROMESSA GIOSU\u00c8 GIOSU\u00c8 LA DIVISIONE DEL REGNO LE [&hellip;]<\/p>\n","protected":false},"author":0,"featured_media":0,"parent":304,"menu_order":0,"comment_status":"closed","ping_status":"closed","template":"page-simple.php","meta":{"_acf_changed":false,"ip_address":"","user_agent":"","level":"","revision":"","cookie_id":"","page_referer":"","html_form":"","footnotes":""},"class_list":["post-390","page","type-page","status-publish","hentry"],"acf":[],"_links":{"self":[{"href":"https:\/\/www.patriarcatovenezia.it\/insegnamento-religione-cattolica\/wp-json\/wp\/v2\/pages\/390"}],"collection":[{"href":"https:\/\/www.patriarcatovenezia.it\/insegnamento-religione-cattolica\/wp-json\/wp\/v2\/pages"}],"about":[{"href":"https:\/\/www.patriarcatovenezia.it\/insegnamento-religione-cattolica\/wp-json\/wp\/v2\/types\/page"}],"author":[{"embeddable":true,"href":"https:\/\/www.patriarcatovenezia.it\/insegnamento-religione-cattolica\/wp-json\/wp\/v2\/users\/10"}],"replies":[{"embeddable":true,"href":"https:\/\/www.patriarcatovenezia.it\/insegnamento-religione-cattolica\/wp-json\/wp\/v2\/comments?post=390"}],"version-history":[{"count":9,"href":"https:\/\/www.patriarcatovenezia.it\/insegnamento-religione-cattolica\/wp-json\/wp\/v2\/pages\/390\/revisions"}],"predecessor-version":[{"id":462,"href":"https:\/\/www.patriarcatovenezia.it\/insegnamento-religione-cattolica\/wp-json\/wp\/v2\/pages\/390\/revisions\/462"}],"up":[{"embeddable":true,"href":"https:\/\/www.patriarcatovenezia.it\/insegnamento-religione-cattolica\/wp-json\/wp\/v2\/pages\/304"}],"wp:attachment":[{"href":"https:\/\/www.patriarcatovenezia.it\/insegnamento-religione-cattolica\/wp-json\/wp\/v2\/media?parent=390"}],"curies":[{"name":"wp","href":"https:\/\/api.w.org\/{rel}","templated":true}]}}