{"id":383,"date":"2021-09-10T15:20:27","date_gmt":"2021-09-10T13:20:27","guid":{"rendered":"https:\/\/venezia.webdiocesi.it\/insegnamento-religione-cattolica\/?page_id=383"},"modified":"2024-01-29T22:46:38","modified_gmt":"2024-01-29T21:46:38","slug":"gesu-cristo","status":"publish","type":"page","link":"https:\/\/www.patriarcatovenezia.it\/insegnamento-religione-cattolica\/test-on-line\/gesu-cristo\/","title":{"rendered":"Ges\u00f9 Cristo"},"content":{"rendered":"<div id=\"pl-383\"  class=\"panel-layout\" ><div id=\"pg-383-0\"  class=\"panel-grid panel-no-style\" ><div id=\"pgc-383-0-0\"  class=\"panel-grid-cell\" ><div id=\"panel-383-0-0-0\" class=\"so-panel widget panel-first-child panel-last-child\" data-index=\"0\" ><\/div><\/div><div id=\"pgc-383-0-1\"  class=\"panel-grid-cell\" ><div id=\"panel-383-0-1-0\" class=\"so-panel widget widget_text panel-first-child panel-last-child\" data-index=\"1\" >\t\t\t<div class=\"textwidget\"><h4><a href=\"http:\/\/www.classtools.net\/flingteacher\/202105-GESUDINAZARETHN5QPSC\"><strong>GES\u00d9 DI NAZARETH (Fling the teacher!)<\/strong><\/a><\/h4>\n<h4><a href=\"https:\/\/wordwall.net\/play\/16410\/474\/387\"><strong>LA VITA DI GES\u00d9 SECONDO GIOTTO<\/strong><\/a><\/h4>\n<h4><a href=\"https:\/\/www.jigsawplanet.com\/?rc=play&amp;pid=1b172b3359e5\"><strong>GES\u00d9 E LA DONNA DI SAMARIA<\/strong><\/a><\/h4>\n<h4><a href=\"https:\/\/www.jigsawplanet.com\/?rc=play&amp;pid=04ea4f1fd2d6\"><strong>GES\u00d9 GUARISCE UN UOMO CIECO DALLA NASCITA<\/strong><\/a><\/h4>\n<h4><a href=\"https:\/\/www.jigsawplanet.com\/?rc=play&amp;pid=124d152a9e88\"><strong>GES\u00d9 ENTRA IN GERUSALEMME<\/strong><\/a><\/h4>\n<\/div>\n\t\t<\/div><\/div><\/div><div id=\"pg-383-1\"  class=\"panel-grid panel-no-style\" ><div id=\"pgc-383-1-0\"  class=\"panel-grid-cell\" ><div id=\"panel-383-1-0-0\" class=\"so-panel widget widget_text panel-first-child panel-last-child\" data-index=\"2\" ><div class=\"panel-widget-style panel-widget-style-for-383-1-0-0\" >\t\t\t<div class=\"textwidget\"><h3><strong><a href=\"https:\/\/venezia.webdiocesi.it\/insegnamento-religione-cattolica\/test-on-line\/\">&#8230;torna alla pagina iniziale di TEST ONLINE!<\/a><\/strong><\/h3>\n<\/div>\n\t\t<\/div><\/div><\/div><\/div><\/div>","protected":false},"excerpt":{"rendered":"<p>GES\u00d9 DI NAZARETH (Fling the teacher!) LA VITA DI GES\u00d9 SECONDO GIOTTO GES\u00d9 E LA DONNA DI SAMARIA GES\u00d9 GUARISCE UN UOMO CIECO DALLA NASCITA GES\u00d9 ENTRA IN GERUSALEMME &#8230;torna alla pagina iniziale di TEST ONLINE!<\/p>\n","protected":false},"author":0,"featured_media":0,"parent":304,"menu_order":0,"comment_status":"closed","ping_status":"closed","template":"page-simple.php","meta":{"_acf_changed":false,"ip_address":"","user_agent":"","level":"","revision":"","cookie_id":"","page_referer":"","html_form":"","footnotes":""},"class_list":["post-383","page","type-page","status-publish","hentry"],"acf":[],"_links":{"self":[{"href":"https:\/\/www.patriarcatovenezia.it\/insegnamento-religione-cattolica\/wp-json\/wp\/v2\/pages\/383"}],"collection":[{"href":"https:\/\/www.patriarcatovenezia.it\/insegnamento-religione-cattolica\/wp-json\/wp\/v2\/pages"}],"about":[{"href":"https:\/\/www.patriarcatovenezia.it\/insegnamento-religione-cattolica\/wp-json\/wp\/v2\/types\/page"}],"author":[{"embeddable":true,"href":"https:\/\/www.patriarcatovenezia.it\/insegnamento-religione-cattolica\/wp-json\/wp\/v2\/users\/10"}],"replies":[{"embeddable":true,"href":"https:\/\/www.patriarcatovenezia.it\/insegnamento-religione-cattolica\/wp-json\/wp\/v2\/comments?post=383"}],"version-history":[{"count":5,"href":"https:\/\/www.patriarcatovenezia.it\/insegnamento-religione-cattolica\/wp-json\/wp\/v2\/pages\/383\/revisions"}],"predecessor-version":[{"id":424,"href":"https:\/\/www.patriarcatovenezia.it\/insegnamento-religione-cattolica\/wp-json\/wp\/v2\/pages\/383\/revisions\/424"}],"up":[{"embeddable":true,"href":"https:\/\/www.patriarcatovenezia.it\/insegnamento-religione-cattolica\/wp-json\/wp\/v2\/pages\/304"}],"wp:attachment":[{"href":"https:\/\/www.patriarcatovenezia.it\/insegnamento-religione-cattolica\/wp-json\/wp\/v2\/media?parent=383"}],"curies":[{"name":"wp","href":"https:\/\/api.w.org\/{rel}","templated":true}]}}