{"id":962,"date":"2016-05-12T16:19:25","date_gmt":"2016-05-12T14:19:25","guid":{"rendered":"https:\/\/venezia.webdiocesi.it\/Evangelizzazione-e-Catechesi\/?page_id=962"},"modified":"2016-07-08T15:29:44","modified_gmt":"2016-07-08T13:29:44","slug":"giornate-catechistiche-2011","status":"publish","type":"page","link":"https:\/\/www.patriarcatovenezia.it\/evangelizzazione-e-catechesi\/archivio-attivita\/archivioggcat\/giornate-catechistiche-2011\/","title":{"rendered":"Giornate catechistiche 2011"},"content":{"rendered":"<p><img loading=\"lazy\" decoding=\"async\" class=\"size-full wp-image-483 alignleft\" src=\"https:\/\/venezia.webdiocesi.it\/Evangelizzazione-e-Catechesi\/wp-content\/uploads\/sites\/17\/2015\/10\/emmaus1.jpg\" alt=\"emmaus\" width=\"262\" height=\"192\" \/><\/p>\n<h4><span style=\"color: #ff0000\"><strong>\u201cRipartire da Emmaus&#8221;<\/strong><\/span><\/h4>\n<h4><span style=\"color: #ff0000\"><strong>La conversione alla vita comunitaria<\/strong><\/span><\/h4>\n<p style=\"text-align: justify\"><em>(Dalla lettera di presentazione del programma di formazione catechisti 2011-2012)<\/em><\/p>\n<p style=\"text-align: justify\">Nell\u2019ampio orizzonte degli <strong>Orientamenti pastorali<\/strong> per il prossimo decennio <em>\u201cEducare alla vita buona del Vangelo\u201d <\/em>che ci sono stati recentemente consegnati (ottobre 2010) e arricchiti dalla Visita di Benedetto XVI alla nostra Chiesa (7-8 maggio 2011), le giornate di formazione per catechisti ed educatori, approfondiranno l\u2019impegno di questi ultimi anni per l\u2019edificazione e il consolidamento del soggetto comunitario, quale elemento insuperabile per l\u2019annuncio del Vangelo e l\u2019accompagnamento nella fede di piccoli e grandi.<\/p>\n<p style=\"text-align: justify\">Nel mese di giugno, avvalendosi del parere di catechisti e sacerdoti disponibili ad incontrarsi in ciascuna zona, abbiamo deciso di rinnovare la formula delle \u201cgiornate\u201d, nel segno della qualit\u00e0 e quantit\u00e0 del tempo condiviso, al fine di valorizzare la dimensione comunionale della nostra formazione. Si sono cos\u00ec individuati <strong>due fine-settimana<\/strong> nel mese di settembre in cui sar\u00e0 concentrata la proposta formativa di inizio anno, per le 4 zone, secondo un criterio comune: un ampio <strong>momento di preghiera<\/strong> serale e una <strong>intera giornata<\/strong> di studio e approfondimento sul nostro essere comunit\u00e0 educante.<\/p>\n<p style=\"text-align: justify\">L\u2019esperienza, mantenendo un carattere di semplicit\u00e0 e concretezza, vuole essere esemplare di come una comunit\u00e0 parrocchiale e in essa quella dei catechisti\/educatori, vivendo di Ges\u00f9 Cristo, possa testimoniare l\u2019amore di Dio Padre e proporsi a tutti gli uomini come luogo essenziale in cui farne esperienza. Il tema: <strong><em>\u201cRipartire da Emmaus &#8211; La conversione alla vita comunitaria\u201d<\/em><\/strong> ci vuole aiutare proprio ad intraprendere il cammino indicato da Benedetto XVI nella sua omelia della S. Messa di San Giuliano, per affiancare bambini, ragazzi e giovani nel gustare la presenza del Risorto nella vita quotidiana e il suo ricondurci alla gioia della vita di comunit\u00e0.<\/p>\n<p style=\"text-align: justify\">\u00a0\u00a0\u00a0\u00a0\u00a0\u00a0\u00a0\u00a0\u00a0\u00a0\u00a0 Alle giornate di formazione sono invitati anche gli educatori dell\u2019AC, i Capi-scout che possono aiutarci a capire cosa vuol dire vivere l\u2019esperienza comunitaria, e voi potete allargare l\u2019invito ai genitori pi\u00f9 disponibili a coinvolgersi nella comunit\u00e0 educante della parrocchia.<\/p>\n<p style=\"text-align: justify\"><span style=\"color: #0000ff\"><strong>N.B.: A fondo pagina \u00e8 scaricabile la sintesi dei lavori di gruppo, stesa al termine di tutte le giornate formative, in tutte le zone.<\/strong><\/span><\/p>\n","protected":false},"excerpt":{"rendered":"<p>\u201cRipartire da Emmaus&#8221; La conversione alla vita comunitaria (Dalla lettera di presentazione del programma di formazione catechisti 2011-2012) Nell\u2019ampio orizzonte degli Orientamenti pastorali per il prossimo decennio \u201cEducare alla vita buona del Vangelo\u201d che ci sono stati recentemente consegnati (ottobre 2010) e arricchiti dalla Visita di Benedetto XVI alla nostra Chiesa (7-8 maggio 2011), le [&hellip;]<\/p>\n","protected":false},"author":0,"featured_media":0,"parent":1200,"menu_order":0,"comment_status":"closed","ping_status":"closed","template":"","meta":{"_acf_changed":false,"ip_address":"","user_agent":"","level":"","revision":"","cookie_id":"","page_referer":"","html_form":"","footnotes":""},"class_list":["post-962","page","type-page","status-publish","hentry"],"acf":[],"_links":{"self":[{"href":"https:\/\/www.patriarcatovenezia.it\/evangelizzazione-e-catechesi\/wp-json\/wp\/v2\/pages\/962"}],"collection":[{"href":"https:\/\/www.patriarcatovenezia.it\/evangelizzazione-e-catechesi\/wp-json\/wp\/v2\/pages"}],"about":[{"href":"https:\/\/www.patriarcatovenezia.it\/evangelizzazione-e-catechesi\/wp-json\/wp\/v2\/types\/page"}],"author":[{"embeddable":true,"href":"https:\/\/www.patriarcatovenezia.it\/evangelizzazione-e-catechesi\/wp-json\/wp\/v2\/users\/9"}],"replies":[{"embeddable":true,"href":"https:\/\/www.patriarcatovenezia.it\/evangelizzazione-e-catechesi\/wp-json\/wp\/v2\/comments?post=962"}],"version-history":[{"count":1,"href":"https:\/\/www.patriarcatovenezia.it\/evangelizzazione-e-catechesi\/wp-json\/wp\/v2\/pages\/962\/revisions"}],"predecessor-version":[{"id":965,"href":"https:\/\/www.patriarcatovenezia.it\/evangelizzazione-e-catechesi\/wp-json\/wp\/v2\/pages\/962\/revisions\/965"}],"up":[{"embeddable":true,"href":"https:\/\/www.patriarcatovenezia.it\/evangelizzazione-e-catechesi\/wp-json\/wp\/v2\/pages\/1200"}],"wp:attachment":[{"href":"https:\/\/www.patriarcatovenezia.it\/evangelizzazione-e-catechesi\/wp-json\/wp\/v2\/media?parent=962"}],"curies":[{"name":"wp","href":"https:\/\/api.w.org\/{rel}","templated":true}]}}