{"id":907,"date":"2016-05-06T16:25:44","date_gmt":"2016-05-06T14:25:44","guid":{"rendered":"https:\/\/venezia.webdiocesi.it\/Evangelizzazione-e-Catechesi\/?page_id=907"},"modified":"2016-07-08T15:33:27","modified_gmt":"2016-07-08T13:33:27","slug":"mandato-2011","status":"publish","type":"page","link":"https:\/\/www.patriarcatovenezia.it\/evangelizzazione-e-catechesi\/archivio-attivita\/archiviomandato\/mandato-2011\/","title":{"rendered":"Mandato 2011"},"content":{"rendered":"<h5><span style=\"color: #ff0000\"><img loading=\"lazy\" decoding=\"async\" class=\"wp-image-911 alignleft\" src=\"https:\/\/venezia.webdiocesi.it\/Evangelizzazione-e-Catechesi\/wp-content\/uploads\/sites\/17\/2016\/05\/PH_024-300x199.jpg\" alt=\"PH_024\" width=\"371\" height=\"246\" srcset=\"https:\/\/www.patriarcatovenezia.it\/evangelizzazione-e-catechesi\/wp-content\/uploads\/sites\/17\/2016\/05\/PH_024-300x199.jpg 300w, https:\/\/www.patriarcatovenezia.it\/evangelizzazione-e-catechesi\/wp-content\/uploads\/sites\/17\/2016\/05\/PH_024-768x510.jpg 768w, https:\/\/www.patriarcatovenezia.it\/evangelizzazione-e-catechesi\/wp-content\/uploads\/sites\/17\/2016\/05\/PH_024-1024x680.jpg 1024w, https:\/\/www.patriarcatovenezia.it\/evangelizzazione-e-catechesi\/wp-content\/uploads\/sites\/17\/2016\/05\/PH_024-360x239.jpg 360w\" sizes=\"(max-width: 371px) 100vw, 371px\" \/>&#8220;PARTIRONO SENZA INDUGIO&#8221;<\/span><\/h5>\n<h5 style=\"text-align: left\"><span style=\"color: #800000\"><strong>MANDATO ai catechisti, agli evangelizzatori e agli educatori alla fede<\/strong><\/span><\/h5>\n<h5 style=\"text-align: left\"><span style=\"color: #000000\">23\u00a0settembre 2011 \u2013 Basilica di San Marco<\/span><\/h5>\n<p><em>[dall\u2019omelia di Benedetto XVI alla GMG &#8211;\u00a0<\/em><em>Aeroporto Cuatro Vientos di Madrid, 21 agosto 2011]<\/em><\/p>\n<p style=\"text-align: justify\">(\u2026) Seguire Ges\u00f9 nella fede \u00e8 camminare con Lui nella comunione della Chiesa*. Non si pu\u00f2 seguire Ges\u00f9 da soli. Chi cede alla tentazione di andare \u00abper conto suo\u00bb o di vivere la fede secondo la mentalit\u00e0 individualista, che predomina nella societ\u00e0, corre il rischio di non incontrare mai Ges\u00f9 Cristo, o di finire seguendo un\u2019immagine falsa di Lui.\u00a0Aver fede significa appoggiarsi sulla fede dei tuoi fratelli, e che la tua fede serva allo stesso modo da appoggio per quella degli altri.<\/p>\n<p style=\"text-align: justify\"><em><strong>La Chiesa di Venezia \u00e8 in attesa di conoscere il suo nuovo Patriarca, l&#8217;amministratore apostolico Mons. Pizziol presiede il Mandato diocesano. A tutti i presenti viene regalato un libretto dal titolo\u00a0<\/strong><\/em><strong>&#8220;Sparsi per tutti i liti&#8230;&#8221;<\/strong><em><strong> commento di Mons. Vianello <\/strong>(gi\u00e0 direttore dell&#8217;Ufficio Catechistico diocesano)<strong> a <\/strong><\/em><strong>La Pentecoste<\/strong><em><strong> di A. Manzoni.<\/strong><\/em><\/p>\n<p style=\"text-align: right\"><img loading=\"lazy\" decoding=\"async\" class=\"wp-image-910 alignleft\" src=\"https:\/\/venezia.webdiocesi.it\/Evangelizzazione-e-Catechesi\/wp-content\/uploads\/sites\/17\/2016\/05\/PH_153-300x199.jpg\" alt=\"\" width=\"280\" height=\"186\" srcset=\"https:\/\/www.patriarcatovenezia.it\/evangelizzazione-e-catechesi\/wp-content\/uploads\/sites\/17\/2016\/05\/PH_153-300x199.jpg 300w, https:\/\/www.patriarcatovenezia.it\/evangelizzazione-e-catechesi\/wp-content\/uploads\/sites\/17\/2016\/05\/PH_153-768x510.jpg 768w, https:\/\/www.patriarcatovenezia.it\/evangelizzazione-e-catechesi\/wp-content\/uploads\/sites\/17\/2016\/05\/PH_153-1024x680.jpg 1024w, https:\/\/www.patriarcatovenezia.it\/evangelizzazione-e-catechesi\/wp-content\/uploads\/sites\/17\/2016\/05\/PH_153-360x239.jpg 360w\" sizes=\"(max-width: 280px) 100vw, 280px\" \/><img loading=\"lazy\" decoding=\"async\" class=\" wp-image-912 alignright\" src=\"https:\/\/venezia.webdiocesi.it\/Evangelizzazione-e-Catechesi\/wp-content\/uploads\/sites\/17\/2016\/05\/PH_078-300x199.jpg\" alt=\"PH_078\" width=\"280\" height=\"186\" srcset=\"https:\/\/www.patriarcatovenezia.it\/evangelizzazione-e-catechesi\/wp-content\/uploads\/sites\/17\/2016\/05\/PH_078-300x199.jpg 300w, https:\/\/www.patriarcatovenezia.it\/evangelizzazione-e-catechesi\/wp-content\/uploads\/sites\/17\/2016\/05\/PH_078-768x510.jpg 768w, https:\/\/www.patriarcatovenezia.it\/evangelizzazione-e-catechesi\/wp-content\/uploads\/sites\/17\/2016\/05\/PH_078-1024x680.jpg 1024w, https:\/\/www.patriarcatovenezia.it\/evangelizzazione-e-catechesi\/wp-content\/uploads\/sites\/17\/2016\/05\/PH_078-360x239.jpg 360w\" sizes=\"(max-width: 280px) 100vw, 280px\" \/><\/p>\n","protected":false},"excerpt":{"rendered":"<p>&#8220;PARTIRONO SENZA INDUGIO&#8221; MANDATO ai catechisti, agli evangelizzatori e agli educatori alla fede 23\u00a0settembre 2011 \u2013 Basilica di San Marco [dall\u2019omelia di Benedetto XVI alla GMG &#8211;\u00a0Aeroporto Cuatro Vientos di Madrid, 21 agosto 2011] (\u2026) Seguire Ges\u00f9 nella fede \u00e8 camminare con Lui nella comunione della Chiesa*. Non si pu\u00f2 seguire Ges\u00f9 da soli. Chi [&hellip;]<\/p>\n","protected":false},"author":0,"featured_media":0,"parent":1208,"menu_order":0,"comment_status":"closed","ping_status":"closed","template":"","meta":{"_acf_changed":false,"ip_address":"","user_agent":"","level":"","revision":"","cookie_id":"","page_referer":"","html_form":"","footnotes":""},"class_list":["post-907","page","type-page","status-publish","hentry"],"acf":[],"_links":{"self":[{"href":"https:\/\/www.patriarcatovenezia.it\/evangelizzazione-e-catechesi\/wp-json\/wp\/v2\/pages\/907"}],"collection":[{"href":"https:\/\/www.patriarcatovenezia.it\/evangelizzazione-e-catechesi\/wp-json\/wp\/v2\/pages"}],"about":[{"href":"https:\/\/www.patriarcatovenezia.it\/evangelizzazione-e-catechesi\/wp-json\/wp\/v2\/types\/page"}],"author":[{"embeddable":true,"href":"https:\/\/www.patriarcatovenezia.it\/evangelizzazione-e-catechesi\/wp-json\/wp\/v2\/users\/9"}],"replies":[{"embeddable":true,"href":"https:\/\/www.patriarcatovenezia.it\/evangelizzazione-e-catechesi\/wp-json\/wp\/v2\/comments?post=907"}],"version-history":[{"count":2,"href":"https:\/\/www.patriarcatovenezia.it\/evangelizzazione-e-catechesi\/wp-json\/wp\/v2\/pages\/907\/revisions"}],"predecessor-version":[{"id":914,"href":"https:\/\/www.patriarcatovenezia.it\/evangelizzazione-e-catechesi\/wp-json\/wp\/v2\/pages\/907\/revisions\/914"}],"up":[{"embeddable":true,"href":"https:\/\/www.patriarcatovenezia.it\/evangelizzazione-e-catechesi\/wp-json\/wp\/v2\/pages\/1208"}],"wp:attachment":[{"href":"https:\/\/www.patriarcatovenezia.it\/evangelizzazione-e-catechesi\/wp-json\/wp\/v2\/media?parent=907"}],"curies":[{"name":"wp","href":"https:\/\/api.w.org\/{rel}","templated":true}]}}