{"id":8171,"date":"2026-03-23T14:32:24","date_gmt":"2026-03-23T13:32:24","guid":{"rendered":"https:\/\/www.patriarcatovenezia.it\/evangelizzazione-e-catechesi\/?page_id=8171"},"modified":"2026-03-24T14:42:23","modified_gmt":"2026-03-24T13:42:23","slug":"sulle-orme-di-marco-e-francesco","status":"publish","type":"page","link":"https:\/\/www.patriarcatovenezia.it\/evangelizzazione-e-catechesi\/sulle-orme-di-marco-e-francesco\/","title":{"rendered":"Sulle orme di Marco e Francesco"},"content":{"rendered":"<p><a href=\"https:\/\/www.patriarcatovenezia.it\/evangelizzazione-e-catechesi\/wp-content\/uploads\/sites\/17\/2026\/03\/Locandina-Sulle-orme-di-Marco-e-Francesco-2-itinerari-di-fede-e-arte-a-Venezia-15_03_2026.pdf\" target=\"_blank\" rel=\"noopener\"><img loading=\"lazy\" decoding=\"async\" class=\"wp-image-8173 alignleft\" src=\"https:\/\/www.patriarcatovenezia.it\/evangelizzazione-e-catechesi\/wp-content\/uploads\/sites\/17\/2026\/03\/locandina-Sulle-orme-di-Marco-e-Francesco-2-itinerari-di-fede-e-arte-a-Venezia-212x300.jpg\" alt=\"\" width=\"411\" height=\"582\" srcset=\"https:\/\/www.patriarcatovenezia.it\/evangelizzazione-e-catechesi\/wp-content\/uploads\/sites\/17\/2026\/03\/locandina-Sulle-orme-di-Marco-e-Francesco-2-itinerari-di-fede-e-arte-a-Venezia-212x300.jpg 212w, https:\/\/www.patriarcatovenezia.it\/evangelizzazione-e-catechesi\/wp-content\/uploads\/sites\/17\/2026\/03\/locandina-Sulle-orme-di-Marco-e-Francesco-2-itinerari-di-fede-e-arte-a-Venezia-724x1024.jpg 724w, https:\/\/www.patriarcatovenezia.it\/evangelizzazione-e-catechesi\/wp-content\/uploads\/sites\/17\/2026\/03\/locandina-Sulle-orme-di-Marco-e-Francesco-2-itinerari-di-fede-e-arte-a-Venezia-768x1086.jpg 768w, https:\/\/www.patriarcatovenezia.it\/evangelizzazione-e-catechesi\/wp-content\/uploads\/sites\/17\/2026\/03\/locandina-Sulle-orme-di-Marco-e-Francesco-2-itinerari-di-fede-e-arte-a-Venezia-1086x1536.jpg 1086w, https:\/\/www.patriarcatovenezia.it\/evangelizzazione-e-catechesi\/wp-content\/uploads\/sites\/17\/2026\/03\/locandina-Sulle-orme-di-Marco-e-Francesco-2-itinerari-di-fede-e-arte-a-Venezia.jpg 1414w\" sizes=\"(max-width: 411px) 100vw, 411px\" \/><\/a><\/p>\n<p>Nel 2026 ricorrono gli <strong>800 anni del transito di san Francesco<\/strong> (1226-2026) e inizia, in Diocesi, il <strong>triennio marciano<\/strong> di preparazione ai 1200 anni della traslazione delle reliquie del santo Evangelista in Basilica (828-2028).<\/p>\n<p>In occasione di questi due eventi, cos\u00ec importanti per l\u2019identit\u00e0 religiosa, spirituale, culturale e sociale di Venezia, si propone di attivare alcuni <strong>percorsi guidati in citt\u00e0, di taglio tematico<\/strong>.<br \/>\nI cammini, accompagnati da <strong>volontari appositamente formati<\/strong>, saranno di <strong>mezza giornata<\/strong> e declinati con attenzioni specifiche a seconda della fascia d\u2019et\u00e0 dei partecipanti. Gli itinerari avranno lo scopo di riscoprire, attraverso la bellezza artistica, la preghiera e momenti di riappropriazione\/condivisione di taglio laboratoriale, la fede di Marco e Francesco, ovvero il nucleo pi\u00f9 profondo della loro esperienza cristiana, la loro eredit\u00e0 e la loro attualit\u00e0.<\/p>\n<p><strong>\u21d2\u00a0<a href=\"https:\/\/www.patriarcatovenezia.it\/evangelizzazione-e-catechesi\/wp-content\/uploads\/sites\/17\/2026\/03\/Locandina-Sulle-orme-di-Marco-e-Francesco-2-itinerari-di-fede-e-arte-a-Venezia-15_03_2026.pdf\" target=\"_blank\" rel=\"noopener\">SCARICA LA LOCANDINA<\/a><br \/>\n<\/strong><\/p>\n<p><span style=\"color: #800000\"><strong>PER CHI?<\/strong><\/span> Gruppi di pellegrini e chi desidera vivere l\u2019arte in un clima di ascolto e contemplazione (<strong>max 25 persone<\/strong>)<br \/>\n<span style=\"color: #800000\"><strong>QUANDO?<\/strong> <\/span>Siamo disponibili\u00a0<strong>da met\u00e0 aprile a dicembre 2026 <\/strong>tutte le mattine e i pomeriggi del<strong> sabato<br \/>\n<\/strong><em>Per i gruppi che ne faranno richiesta, sar\u00e0 possibile usufruire di spazi di accoglienza per consumare il pranzo al sacco.<\/em><\/p>\n<hr \/>\n<p><strong>\u25ca GLI ITINERARI PROPOSTI \u25ca<\/strong><\/p>\n<p><strong>Info e prenotazioni: <span style=\"color: #800000\"><a style=\"color: #800000\" href=\"mailto:artecatechesi@patriarcatovenezia.it\">artecatechesi@patriarcatovenezia.it<\/a><\/span><\/strong><\/p>\n<h5><span style=\"color: #800000\"><strong><u>1 &#8211; Due come noi<\/u><\/strong><u>: <em>Dalla Basilica dei Frari alla chiesa di San Rocco<\/em><\/u><\/span><\/h5>\n<p><strong>BASILICA DEI FRARI<\/strong>: La Basilica dei frati minori conventuali a Venezia \u00e8 ricca di capolavori, da Paolo Veneziano a Giovanni Bellini, da Alvise Vivarini a Tiziano Vecellio. Diverse sono le rappresentazioni dei santi Marco e Francesco, ognuna delle quali riflette una sfaccettatura della loro vita e testimonianza cristiana. La bellezza dei capolavori artistici della Basilica sar\u00e0 lo strumento per raccontare la bellezza della vita dei due santi.<\/p>\n<p><strong>CHIESA DI SAN ROCCO<\/strong>: Secondo le <em>vite<\/em> del santo francese, Rocco si convert\u00ec facendosi terziario francescano. Il suo esempio di radicale servizio agli ultimi (appestati, carcerati) si ispira alla vita di Francesco e viene splendidamente rappresentato da Tintoretto nei celebri teleri che ornano pareti e presbiterio.<\/p>\n<h5><span style=\"color: #800000\"><strong><u>2 &#8211; Vivere al passo di Dio<\/u><\/strong><u>: <em>Dalla Scuola Grande di San Marco alla chiesa di San Francesco della Vigna<\/em><\/u><\/span><\/h5>\n<p><strong>SCUOLA GRANDE DI SAN MARCO<\/strong>: la Scuola \u00e8 segno di un attivismo caritatevole che ha animato la citt\u00e0 di Venezia e ha preso ispirazione sia dalla vita di Marco (esemplare \u00e8 il miracolo di guarigione di Aniano) che dall\u2019esperienza degli ordini mendicanti, fortemente attivi in citt\u00e0 dal XIII secolo. La splendida facciata tardo quattrocentesca intesse un ricchissimo discorso sul tema della carit\u00e0, mentre le Sale dell\u2019Albergo e Capitolare raccontano la testimonianza di fedelt\u00e0 al Vangelo di Marco, fino al martirio.<\/p>\n<p><strong>CHIESA DI SAN FRANCESCO DELLA VIGNA<\/strong>: sito significativo della presenza francescana in citt\u00e0, il complesso della Vigna \u00e8 un luogo dove natura, cultura e spiritualit\u00e0 si fondono in un equilibrio architettonico e paesaggistico straordinario; con l\u2019oratorio dedicato a san Marco, che fa memoria della sua leggendaria <em>Praedestinatio<\/em> (che qui sarebbe avvenuta), la Vigna rappresenta il luogo per eccellenza dell\u2019intreccio tra il carisma francescano e le vicende di san Marco in rapporto a Venezia.<\/p>\n<hr \/>\n<p style=\"text-align: right\"><strong>Partners e rete di collaborazione<br \/>\n<\/strong>Comitato \u201cFrancesco 800\u201d Venezia<br \/>\nPatriarcato di Venezia (Uffici: Evangelizzazione e catechesi, Pastorale del Turismo, Pastorale Universitaria, Pastorale Giovanile)<br \/>\nCase Studentesche diocesane<br \/>\nScuola Grande di San Marco<br \/>\nScuola Grande di San Rocco<br \/>\nAssociazione Chorus per le chiese di Venezia<\/p>\n<p style=\"text-align: right\"><strong>Coordinamento scientifico e segreteria tecnica<br \/>\n<\/strong>Ester Brunet<\/p>\n<p>&nbsp;<\/p>\n","protected":false},"excerpt":{"rendered":"<p>Nel 2026 ricorrono gli 800 anni del transito di san Francesco (1226-2026) e inizia, in Diocesi, il triennio marciano di preparazione ai 1200 anni della traslazione delle reliquie del santo Evangelista in Basilica (828-2028). In occasione di questi due eventi, cos\u00ec importanti per l\u2019identit\u00e0 religiosa, spirituale, culturale e sociale di Venezia, si propone di attivare [&hellip;]<\/p>\n","protected":false},"author":0,"featured_media":0,"parent":0,"menu_order":0,"comment_status":"closed","ping_status":"closed","template":"","meta":{"_acf_changed":false,"ip_address":"","user_agent":"","level":"","revision":"","cookie_id":"","page_referer":"","html_form":"","footnotes":""},"class_list":["post-8171","page","type-page","status-publish","hentry"],"acf":[],"_links":{"self":[{"href":"https:\/\/www.patriarcatovenezia.it\/evangelizzazione-e-catechesi\/wp-json\/wp\/v2\/pages\/8171"}],"collection":[{"href":"https:\/\/www.patriarcatovenezia.it\/evangelizzazione-e-catechesi\/wp-json\/wp\/v2\/pages"}],"about":[{"href":"https:\/\/www.patriarcatovenezia.it\/evangelizzazione-e-catechesi\/wp-json\/wp\/v2\/types\/page"}],"author":[{"embeddable":true,"href":"https:\/\/www.patriarcatovenezia.it\/evangelizzazione-e-catechesi\/wp-json\/wp\/v2\/users\/9"}],"replies":[{"embeddable":true,"href":"https:\/\/www.patriarcatovenezia.it\/evangelizzazione-e-catechesi\/wp-json\/wp\/v2\/comments?post=8171"}],"version-history":[{"count":23,"href":"https:\/\/www.patriarcatovenezia.it\/evangelizzazione-e-catechesi\/wp-json\/wp\/v2\/pages\/8171\/revisions"}],"predecessor-version":[{"id":8235,"href":"https:\/\/www.patriarcatovenezia.it\/evangelizzazione-e-catechesi\/wp-json\/wp\/v2\/pages\/8171\/revisions\/8235"}],"wp:attachment":[{"href":"https:\/\/www.patriarcatovenezia.it\/evangelizzazione-e-catechesi\/wp-json\/wp\/v2\/media?parent=8171"}],"curies":[{"name":"wp","href":"https:\/\/api.w.org\/{rel}","templated":true}]}}