{"id":7360,"date":"2026-01-27T13:35:34","date_gmt":"2026-01-27T12:35:34","guid":{"rendered":"https:\/\/www.patriarcatovenezia.it\/evangelizzazione-e-catechesi\/?page_id=7360"},"modified":"2026-01-27T13:39:04","modified_gmt":"2026-01-27T12:39:04","slug":"altre-esperienze-in-vista-di-assisi-2026","status":"publish","type":"page","link":"https:\/\/www.patriarcatovenezia.it\/evangelizzazione-e-catechesi\/altre-esperienze-in-vista-di-assisi-2026\/","title":{"rendered":"Altre esperienze in vista di Assisi 2026"},"content":{"rendered":"<p>Il sussidio messo a disposizione dei gruppi per il cammino prima del Pellegrinaggio di aprile, pu\u00f2 certamente essere arricchito da altre esperienze di gruppo che valorizzino quanto del carisma francescano \u00e8 presente nel nostro territorio o si \u00e8 attivato proprio in occasione degli 800 anni dalla morte del Poverello di Assisi.<\/p>\n<p>Riportiamo qui alcune idee o luoghi che si possono visitare da qui ad aprile, ma anche una volta tornati a casa!<\/p>\n<ul>\n<li><strong>Le chiese<\/strong> dedicate a questi santi nel Patriarcato: <span style=\"color: #ff0000\"><em>San Francesco d&#8217;Assisi<\/em><\/span> &#8211; Ca&#8217;Savio \/ <em><span style=\"color: #ff0000\">San Francesco della Vigna<\/span><\/em> &#8211; Venezia \/ <span style=\"color: #ff0000\"><em>Ss. Francesco e Chiara<\/em><\/span> &#8211; Marghera<\/li>\n<li><a href=\"https:\/\/www.sanfrancescodeldeserto.it\/\" target=\"_blank\" rel=\"noopener\">L&#8217;isola di <strong>San Francesco del deserto<\/strong><\/a> &#8211; luogo di pace, dove ancora oggi i frati minori custodiscono il ricordo proprio di un passaggio di Francesco stesso in laguna<\/li>\n<li><strong>I conventi<\/strong> dove sono presenti le comunit\u00e0 di francescani e clarisse:<span style=\"color: #ff0000\"><em> S. Maria Gloriosa dei Frari<\/em> <\/span>&#8211; Venezia \/<em><span style=\"color: #ff0000\"> Ss. Redentore<\/span> &#8211;<\/em> Giudecca \/ <span style=\"color: #ff0000\"><em>Ss. Trinit\u00e0<\/em><\/span> &#8211; Giudecca \/ <span style=\"color: #ff0000\">i<\/span> <span style=\"color: #ff0000\"><em>Cappuccini<\/em> <\/span>&#8211; Mestre<\/li>\n<li><a href=\"https:\/\/www.jesolosandnativity.it\/jesolo-sand-nativity-2025\/\" target=\"_blank\" rel=\"noopener\"><strong>La mostra temporanea<\/strong><\/a> delle sculture di sabbia a <strong>Jesolo<\/strong>, quest&#8217;anno dedicata al <span style=\"color: #ff0000\"><em>&#8220;Cantico delle creature&#8221;\u00a0<\/em><\/span><\/li>\n<\/ul>\n<p>Anche dalle parrocchie possono giungere IDEE e SUGGERIMENTI!<br \/>\nScrivete a <strong>pgve@patriarcatovenezia.it\u00a0 <\/strong>o <strong>catechistico@patriarcatovenezia.it\u00a0<\/strong><\/p>\n","protected":false},"excerpt":{"rendered":"<p>Il sussidio messo a disposizione dei gruppi per il cammino prima del Pellegrinaggio di aprile, pu\u00f2 certamente essere arricchito da altre esperienze di gruppo che valorizzino quanto del carisma francescano \u00e8 presente nel nostro territorio o si \u00e8 attivato proprio in occasione degli 800 anni dalla morte del Poverello di Assisi. Riportiamo qui alcune idee [&hellip;]<\/p>\n","protected":false},"author":0,"featured_media":0,"parent":0,"menu_order":0,"comment_status":"closed","ping_status":"closed","template":"","meta":{"_acf_changed":false,"ip_address":"","user_agent":"","level":"","revision":"","cookie_id":"","page_referer":"","html_form":"","footnotes":""},"class_list":["post-7360","page","type-page","status-publish","hentry"],"acf":[],"_links":{"self":[{"href":"https:\/\/www.patriarcatovenezia.it\/evangelizzazione-e-catechesi\/wp-json\/wp\/v2\/pages\/7360"}],"collection":[{"href":"https:\/\/www.patriarcatovenezia.it\/evangelizzazione-e-catechesi\/wp-json\/wp\/v2\/pages"}],"about":[{"href":"https:\/\/www.patriarcatovenezia.it\/evangelizzazione-e-catechesi\/wp-json\/wp\/v2\/types\/page"}],"author":[{"embeddable":true,"href":"https:\/\/www.patriarcatovenezia.it\/evangelizzazione-e-catechesi\/wp-json\/wp\/v2\/users\/9"}],"replies":[{"embeddable":true,"href":"https:\/\/www.patriarcatovenezia.it\/evangelizzazione-e-catechesi\/wp-json\/wp\/v2\/comments?post=7360"}],"version-history":[{"count":7,"href":"https:\/\/www.patriarcatovenezia.it\/evangelizzazione-e-catechesi\/wp-json\/wp\/v2\/pages\/7360\/revisions"}],"predecessor-version":[{"id":7396,"href":"https:\/\/www.patriarcatovenezia.it\/evangelizzazione-e-catechesi\/wp-json\/wp\/v2\/pages\/7360\/revisions\/7396"}],"wp:attachment":[{"href":"https:\/\/www.patriarcatovenezia.it\/evangelizzazione-e-catechesi\/wp-json\/wp\/v2\/media?parent=7360"}],"curies":[{"name":"wp","href":"https:\/\/api.w.org\/{rel}","templated":true}]}}