{"id":6382,"date":"2025-11-06T15:45:11","date_gmt":"2025-11-06T14:45:11","guid":{"rendered":"https:\/\/www.patriarcatovenezia.it\/evangelizzazione-e-catechesi\/?page_id=6382"},"modified":"2026-03-18T15:24:26","modified_gmt":"2026-03-18T14:24:26","slug":"assisi-2026-il-pellegrinaggio-diocesano-dei-ragazzi","status":"publish","type":"page","link":"https:\/\/www.patriarcatovenezia.it\/evangelizzazione-e-catechesi\/assisi-2026-il-pellegrinaggio-diocesano-dei-ragazzi\/","title":{"rendered":"ASSISI 2026 &#8211; il Pellegrinaggio diocesano dei ragazzi"},"content":{"rendered":"<div id=\"pl-6382\"  class=\"panel-layout\" ><div id=\"pg-6382-0\"  class=\"panel-grid panel-has-style\" ><div class=\"panel-row-style panel-row-style-for-6382-0\" ><div id=\"pgc-6382-0-0\"  class=\"panel-grid-cell\" ><div id=\"panel-6382-0-0-0\" class=\"so-panel widget widget_text panel-first-child panel-last-child\" data-index=\"0\" ><div class=\"panel-widget-style panel-widget-style-for-6382-0-0-0\" >\t\t\t<div class=\"textwidget\"><p><strong>MATERIALI per ACCOMPAGNARE i RAGAZZI ad ASSISI<br \/>\n<\/strong>Qui di fianco verr\u00e0 caricato man mano quanto elaborato e messo a disposizione dei gruppi che partecipano per un cammino comune verso Assisi.<br \/>\nCliccando su ogni sezione, referenti e accompagnatori, possono attingere ad essi, nella massima libert\u00e0 di adattare la proposta alla propria realt\u00e0.<br \/>\nPer informazioni o condivisione idee e ulteriori spunti scrivere a: <strong>pgve@patriarcatovenezia.it\u00a0<\/strong><\/p>\n<\/div>\n\t\t<\/div><\/div><\/div><div id=\"pgc-6382-0-1\"  class=\"panel-grid-cell\" ><div id=\"panel-6382-0-1-0\" class=\"so-panel widget widget_media_image panel-first-child\" data-index=\"1\" ><div class=\"panel-widget-style panel-widget-style-for-6382-0-1-0\" ><a href=\"https:\/\/www.patriarcatovenezia.it\/evangelizzazione-e-catechesi\/wp-content\/uploads\/sites\/17\/2026\/01\/ASSISI_2026_Tema_Sussidio_per_accompagnatori.pdf\"><img loading=\"lazy\" decoding=\"async\" width=\"300\" height=\"170\" src=\"https:\/\/www.patriarcatovenezia.it\/evangelizzazione-e-catechesi\/wp-content\/uploads\/sites\/17\/2026\/01\/Copertina_slides_19gennaio-300x170.png\" class=\"image wp-image-7300  attachment-medium size-medium\" alt=\"\" style=\"max-width: 100%; height: auto;\" srcset=\"https:\/\/www.patriarcatovenezia.it\/evangelizzazione-e-catechesi\/wp-content\/uploads\/sites\/17\/2026\/01\/Copertina_slides_19gennaio-300x170.png 300w, https:\/\/www.patriarcatovenezia.it\/evangelizzazione-e-catechesi\/wp-content\/uploads\/sites\/17\/2026\/01\/Copertina_slides_19gennaio-1024x580.png 1024w, https:\/\/www.patriarcatovenezia.it\/evangelizzazione-e-catechesi\/wp-content\/uploads\/sites\/17\/2026\/01\/Copertina_slides_19gennaio-768x435.png 768w, https:\/\/www.patriarcatovenezia.it\/evangelizzazione-e-catechesi\/wp-content\/uploads\/sites\/17\/2026\/01\/Copertina_slides_19gennaio.png 1500w\" sizes=\"(max-width: 300px) 100vw, 300px\" \/><\/a><\/div><\/div><div id=\"panel-6382-0-1-1\" class=\"so-panel widget widget_media_image panel-last-child\" data-index=\"2\" ><a href=\"https:\/\/www.patriarcatovenezia.it\/evangelizzazione-e-catechesi\/wp-content\/uploads\/sites\/17\/2026\/01\/Sussidio-Assisi-2026.pdf\"><img loading=\"lazy\" decoding=\"async\" width=\"300\" height=\"206\" src=\"https:\/\/www.patriarcatovenezia.it\/evangelizzazione-e-catechesi\/wp-content\/uploads\/sites\/17\/2026\/01\/sussidio_copertina-300x206.jpg\" class=\"image wp-image-7383  attachment-medium size-medium\" alt=\"\" style=\"max-width: 100%; height: auto;\" srcset=\"https:\/\/www.patriarcatovenezia.it\/evangelizzazione-e-catechesi\/wp-content\/uploads\/sites\/17\/2026\/01\/sussidio_copertina-300x206.jpg 300w, https:\/\/www.patriarcatovenezia.it\/evangelizzazione-e-catechesi\/wp-content\/uploads\/sites\/17\/2026\/01\/sussidio_copertina-1024x703.jpg 1024w, https:\/\/www.patriarcatovenezia.it\/evangelizzazione-e-catechesi\/wp-content\/uploads\/sites\/17\/2026\/01\/sussidio_copertina-768x528.jpg 768w, https:\/\/www.patriarcatovenezia.it\/evangelizzazione-e-catechesi\/wp-content\/uploads\/sites\/17\/2026\/01\/sussidio_copertina.jpg 1057w\" sizes=\"(max-width: 300px) 100vw, 300px\" \/><\/a><\/div><\/div><div id=\"pgc-6382-0-2\"  class=\"panel-grid-cell\" ><div id=\"panel-6382-0-2-0\" class=\"so-panel widget widget_media_image panel-first-child\" data-index=\"3\" ><a href=\"https:\/\/www.patriarcatovenezia.it\/evangelizzazione-e-catechesi\/wp-content\/uploads\/sites\/17\/2026\/03\/INCONTRO_REFERENTI_13.03.26.pdf\"><img loading=\"lazy\" decoding=\"async\" width=\"300\" height=\"170\" src=\"https:\/\/www.patriarcatovenezia.it\/evangelizzazione-e-catechesi\/wp-content\/uploads\/sites\/17\/2026\/03\/slides_13marzo-300x170.jpg\" class=\"image wp-image-8100  attachment-medium size-medium\" alt=\"\" style=\"max-width: 100%; height: auto;\" srcset=\"https:\/\/www.patriarcatovenezia.it\/evangelizzazione-e-catechesi\/wp-content\/uploads\/sites\/17\/2026\/03\/slides_13marzo-300x170.jpg 300w, https:\/\/www.patriarcatovenezia.it\/evangelizzazione-e-catechesi\/wp-content\/uploads\/sites\/17\/2026\/03\/slides_13marzo-1024x579.jpg 1024w, https:\/\/www.patriarcatovenezia.it\/evangelizzazione-e-catechesi\/wp-content\/uploads\/sites\/17\/2026\/03\/slides_13marzo-768x434.jpg 768w, https:\/\/www.patriarcatovenezia.it\/evangelizzazione-e-catechesi\/wp-content\/uploads\/sites\/17\/2026\/03\/slides_13marzo.jpg 1496w\" sizes=\"(max-width: 300px) 100vw, 300px\" \/><\/a><\/div><div id=\"panel-6382-0-2-1\" class=\"so-panel widget widget_media_image panel-last-child\" data-index=\"4\" ><a href=\"https:\/\/www.patriarcatovenezia.it\/evangelizzazione-e-catechesi\/altre-esperienze-in-vista-di-assisi-2026\/\"><img loading=\"lazy\" decoding=\"async\" width=\"300\" height=\"264\" src=\"https:\/\/www.patriarcatovenezia.it\/evangelizzazione-e-catechesi\/wp-content\/uploads\/sites\/17\/2026\/01\/attivita-300x264.jpg\" class=\"image wp-image-7370  attachment-medium size-medium\" alt=\"\" style=\"max-width: 100%; height: auto;\" srcset=\"https:\/\/www.patriarcatovenezia.it\/evangelizzazione-e-catechesi\/wp-content\/uploads\/sites\/17\/2026\/01\/attivita-300x264.jpg 300w, https:\/\/www.patriarcatovenezia.it\/evangelizzazione-e-catechesi\/wp-content\/uploads\/sites\/17\/2026\/01\/attivita-1024x900.jpg 1024w, https:\/\/www.patriarcatovenezia.it\/evangelizzazione-e-catechesi\/wp-content\/uploads\/sites\/17\/2026\/01\/attivita-768x675.jpg 768w, https:\/\/www.patriarcatovenezia.it\/evangelizzazione-e-catechesi\/wp-content\/uploads\/sites\/17\/2026\/01\/attivita-1536x1349.jpg 1536w, https:\/\/www.patriarcatovenezia.it\/evangelizzazione-e-catechesi\/wp-content\/uploads\/sites\/17\/2026\/01\/attivita-2048x1799.jpg 2048w\" sizes=\"(max-width: 300px) 100vw, 300px\" \/><\/a><\/div><\/div><\/div><\/div><div id=\"pg-6382-1\"  class=\"panel-grid panel-no-style\" ><div id=\"pgc-6382-1-0\"  class=\"panel-grid-cell\" ><div id=\"panel-6382-1-0-0\" class=\"so-panel widget widget_sow-image panel-first-child panel-last-child\" data-index=\"5\" ><div\n\t\t\t\n\t\t\tclass=\"so-widget-sow-image so-widget-sow-image-default-8b5b6f678277-6382\"\n\t\t\t\n\t\t>\n\n<div class=\"sow-image-container\">\n\t\t<img loading=\"lazy\" decoding=\"async\" src=\"https:\/\/www.patriarcatovenezia.it\/evangelizzazione-e-catechesi\/wp-content\/uploads\/sites\/17\/2025\/11\/52757509281_202664be9f_o.jpg\" width=\"960\" height=\"960\" srcset=\"https:\/\/www.patriarcatovenezia.it\/evangelizzazione-e-catechesi\/wp-content\/uploads\/sites\/17\/2025\/11\/52757509281_202664be9f_o.jpg 960w, https:\/\/www.patriarcatovenezia.it\/evangelizzazione-e-catechesi\/wp-content\/uploads\/sites\/17\/2025\/11\/52757509281_202664be9f_o-300x300.jpg 300w, https:\/\/www.patriarcatovenezia.it\/evangelizzazione-e-catechesi\/wp-content\/uploads\/sites\/17\/2025\/11\/52757509281_202664be9f_o-150x150.jpg 150w, https:\/\/www.patriarcatovenezia.it\/evangelizzazione-e-catechesi\/wp-content\/uploads\/sites\/17\/2025\/11\/52757509281_202664be9f_o-768x768.jpg 768w\" sizes=\"(max-width: 960px) 100vw, 960px\" alt=\"\" \t\tclass=\"so-widget-image\"\/>\n\t<\/div>\n\n<\/div><\/div><\/div><div id=\"pgc-6382-1-1\"  class=\"panel-grid-cell\" ><div id=\"panel-6382-1-1-0\" class=\"so-panel widget widget_sow-editor panel-first-child panel-last-child\" data-index=\"6\" ><div\n\t\t\t\n\t\t\tclass=\"so-widget-sow-editor so-widget-sow-editor-base\"\n\t\t\t\n\t\t>\n<div class=\"siteorigin-widget-tinymce textwidget\">\n\t<h3><span style=\"color: #ff0000;\"><strong>ASSISI... STIAMO ARRIVANDO!<\/strong><\/span><\/h3>\n<p>Tre anni passati in fretta, ma anche tre anni in cui abbiamo vissuto tanto, non ultimo il Giubileo dei preadolescenti a Roma che ancora portiamo nel cuore. Ma sono passati gi\u00e0 tre anni da quel famoso 17-19 marzo 2023, chi di voi se lo ricorda?<\/p>\n<p>Tirate fuori gli zaini perch\u00e9 \u00e8 ora di rimettersi in cammino, il 2026 sar\u00e0 un anno davvero speciale per tutto il mondo francescano visti gli 800 anni dalla morte di San Francesco e Venezia... non pu\u00f2 mancare!<\/p>\n<p><strong>DATE: 17-19 APRILE 2026<\/strong><\/p>\n<p><strong>INVITATI:<\/strong> Ragazzi dagli 11 ai 14 anni con adulti e giovani accompagnatori (sacerdoti, catechisti, religiosi, educatori, amici pi\u00f9 \"grandi\" arruolati per l'occasione...)<\/p>\n<p><strong>CI ACCOMPAGNA:<\/strong> il Patriarca di Venezia, mons. Francesco Moraglia<\/p>\n<\/div>\n<\/div><\/div><\/div><\/div><div id=\"pg-6382-2\"  class=\"panel-grid panel-no-style\" ><div id=\"pgc-6382-2-0\"  class=\"panel-grid-cell\" ><div id=\"panel-6382-2-0-0\" class=\"so-panel widget widget_sow-editor panel-first-child panel-last-child\" data-index=\"7\" ><div\n\t\t\t\n\t\t\tclass=\"so-widget-sow-editor so-widget-sow-editor-base\"\n\t\t\t\n\t\t>\n<div class=\"siteorigin-widget-tinymce textwidget\">\n\t<p>Qui trovate tutti i materiali con il PROGRAMMA di massima e le INFORMAZIONI tecniche della proposta di viaggio diocesana + la modulistica per iniziare subito a raccogliere le ISCRIZIONI <em>(attenzione alle date di scadenza!!!)<\/em><\/p>\n<p><strong>1 - FOGLIO INFORMATIVO<\/strong> <span style=\"color: #800000;\"><strong>\"INFO ISCRIZIONE\"<\/strong><\/span><\/p>\n<ul>\n<li>Per i REFERENTI (parrocchiali \/ della collaborazione pastorale \/ del vicariato in base a quale livello ci si raggruppa)<\/li>\n<li>Contiene tutte le informazioni e le indicazioni necessarie per la partecipazione<\/li>\n<li>Disponibili formati WORD e PDF<\/li>\n<\/ul>\n<p><strong>2 - MODULO di ISCRIZIONE per i <span style=\"color: #800000;\">MINORENNI<\/span><\/strong><\/p>\n<ul>\n<li>Da consegnare ai GENITORI per l'autorizzazione<\/li>\n<li>Compresi accompagnatori minorenni (ad es. adolescenti superiori)<\/li>\n<li>Da compilare in tutte le sue parti<\/li>\n<li>La parte relativa all'Informativa deve essere trattenuta e custodita dai GENITORI<\/li>\n<li>Disponibili formati WORD e PDF<\/li>\n<li>Da restituire al REFERENTE<\/li>\n<\/ul>\n<p><strong>3 - MODULO di ISCRIZIONE per <span style=\"color: #800000;\">MAGGIORENNI<\/span><\/strong><\/p>\n<ul>\n<li>Per quanti parteciperanno come ACCOMPAGNATORI MAGGIORENNI dei ragazzi<\/li>\n<li>Da compilare in tutte le sue parti<\/li>\n<li>La parte relativa all'Informativa deve essere trattenuta e custodita dall'ACCOMPAGNATORE MAGGIORENNE<\/li>\n<li>Disponibili formati WORD e PDF<\/li>\n<li>Da restituire al REFERENTE<\/li>\n<\/ul>\n<p><strong>4 - MODULO di ISCRIZIONE di <span style=\"color: #800000;\">GRUPPO<\/span><\/strong><\/p>\n<ul>\n<li>Per i REFERENTI<\/li>\n<li>Con i dati riassuntivi ai fini della partecipazione alla proposta diocesana<\/li>\n<li>Disponibili formati WORD e PDF<\/li>\n<li>Da restituire alla SEGRETERIA in formato WORD o PDF<\/li>\n<\/ul>\n<p><strong>5 - ALLEGATO A - <span style=\"color: #800000;\">ELENCO PARTECIPANTI<\/span><\/strong><\/p>\n<ul>\n<li>Per i REFERENTI<\/li>\n<li>Tabella dove inserire i dati di tutti i partecipanti del gruppo, taglie maglie comprese<\/li>\n<li>Formato EXCEL<\/li>\n<li>Da restituire alla SEGRETERIA esclusivamente in formato EXCEL (no scansioni, no foto, no formato immagine, no pdf)<\/li>\n<\/ul>\n<p><strong>6 - ALLEGATO B - <span style=\"color: #800000;\">PROGRAMMA <\/span><\/strong>con i dati riassuntivi ai fini della partecipazione alla proposta diocesana<\/p>\n<ul>\n<li>Per i REFERENTI<\/li>\n<li>Modulo dove inserire il programma di viaggio del gruppo<\/li>\n<li>Disponibili formati WORD e PDF<\/li>\n<li>Da restituire alla SEGRETERIA in formato WORD o PDF<\/li>\n<\/ul>\n<\/div>\n<\/div><\/div><\/div><\/div><\/div>","protected":false},"excerpt":{"rendered":"<p>MATERIALI per ACCOMPAGNARE i RAGAZZI ad ASSISI Qui di fianco verr\u00e0 caricato man mano quanto elaborato e messo a disposizione dei gruppi che partecipano per un cammino comune verso Assisi. Cliccando su ogni sezione, referenti e accompagnatori, possono attingere ad essi, nella massima libert\u00e0 di adattare la proposta alla propria realt\u00e0. Per informazioni o condivisione [&hellip;]<\/p>\n","protected":false},"author":0,"featured_media":0,"parent":0,"menu_order":0,"comment_status":"closed","ping_status":"closed","template":"","meta":{"_acf_changed":false,"ip_address":"","user_agent":"","level":"","revision":"","cookie_id":"","page_referer":"","html_form":"","footnotes":""},"class_list":["post-6382","page","type-page","status-publish","hentry"],"acf":[],"_links":{"self":[{"href":"https:\/\/www.patriarcatovenezia.it\/evangelizzazione-e-catechesi\/wp-json\/wp\/v2\/pages\/6382"}],"collection":[{"href":"https:\/\/www.patriarcatovenezia.it\/evangelizzazione-e-catechesi\/wp-json\/wp\/v2\/pages"}],"about":[{"href":"https:\/\/www.patriarcatovenezia.it\/evangelizzazione-e-catechesi\/wp-json\/wp\/v2\/types\/page"}],"author":[{"embeddable":true,"href":"https:\/\/www.patriarcatovenezia.it\/evangelizzazione-e-catechesi\/wp-json\/wp\/v2\/users\/9"}],"replies":[{"embeddable":true,"href":"https:\/\/www.patriarcatovenezia.it\/evangelizzazione-e-catechesi\/wp-json\/wp\/v2\/comments?post=6382"}],"version-history":[{"count":31,"href":"https:\/\/www.patriarcatovenezia.it\/evangelizzazione-e-catechesi\/wp-json\/wp\/v2\/pages\/6382\/revisions"}],"predecessor-version":[{"id":8106,"href":"https:\/\/www.patriarcatovenezia.it\/evangelizzazione-e-catechesi\/wp-json\/wp\/v2\/pages\/6382\/revisions\/8106"}],"wp:attachment":[{"href":"https:\/\/www.patriarcatovenezia.it\/evangelizzazione-e-catechesi\/wp-json\/wp\/v2\/media?parent=6382"}],"curies":[{"name":"wp","href":"https:\/\/api.w.org\/{rel}","templated":true}]}}