{"id":601,"date":"2016-03-08T12:22:36","date_gmt":"2016-03-08T11:22:36","guid":{"rendered":"https:\/\/venezia.webdiocesi.it\/Evangelizzazione-e-Catechesi\/?page_id=601"},"modified":"2016-07-08T15:33:27","modified_gmt":"2016-07-08T13:33:27","slug":"archivio-mandato-agli-evangelizzatori-e-catechisti","status":"publish","type":"page","link":"https:\/\/www.patriarcatovenezia.it\/evangelizzazione-e-catechesi\/archivio-attivita\/archiviomandato\/archivio-mandato-agli-evangelizzatori-e-catechisti\/","title":{"rendered":"Mandato 2015"},"content":{"rendered":"<h4 style=\"text-align: center\"><strong><img loading=\"lazy\" decoding=\"async\" class=\"wp-image-882 alignright\" src=\"https:\/\/venezia.webdiocesi.it\/Evangelizzazione-e-Catechesi\/wp-content\/uploads\/sites\/17\/2016\/03\/Mandato2015-300x225.jpg\" alt=\"Mandato2015\" width=\"306\" height=\"230\" srcset=\"https:\/\/www.patriarcatovenezia.it\/evangelizzazione-e-catechesi\/wp-content\/uploads\/sites\/17\/2016\/03\/Mandato2015-300x225.jpg 300w, https:\/\/www.patriarcatovenezia.it\/evangelizzazione-e-catechesi\/wp-content\/uploads\/sites\/17\/2016\/03\/Mandato2015-360x270.jpg 360w, https:\/\/www.patriarcatovenezia.it\/evangelizzazione-e-catechesi\/wp-content\/uploads\/sites\/17\/2016\/03\/Mandato2015.jpg 653w\" sizes=\"(max-width: 306px) 100vw, 306px\" \/><span style=\"color: #ff0000\">\u201cMISERICORDIOSI COME IL PADRE\u201d<\/span><\/strong><\/h4>\n<h5 style=\"text-align: center\"><span style=\"color: #800000\"><strong>MANDATO ai catechisti, agli evangelizzatori <\/strong><strong>e agli educatori alla fede<\/strong><\/span><\/h5>\n<h5 style=\"text-align: center\"><strong>3 ottobre 2015 \u2013 Basilica di San Marco<\/strong><\/h5>\n<hr \/>\n<p><em>(citazione stampata sul retro del cartoncino ricordo)<\/em><\/p>\n<p><strong><img loading=\"lazy\" decoding=\"async\" class=\"wp-image-876 alignleft\" src=\"https:\/\/venezia.webdiocesi.it\/Evangelizzazione-e-Catechesi\/wp-content\/uploads\/sites\/17\/2016\/03\/cartoncinoMandato2016-121x300.png\" alt=\"cartoncinoMandato2016\" width=\"168\" height=\"417\" srcset=\"https:\/\/www.patriarcatovenezia.it\/evangelizzazione-e-catechesi\/wp-content\/uploads\/sites\/17\/2016\/03\/cartoncinoMandato2016-121x300.png 121w, https:\/\/www.patriarcatovenezia.it\/evangelizzazione-e-catechesi\/wp-content\/uploads\/sites\/17\/2016\/03\/cartoncinoMandato2016-113x280.png 113w, https:\/\/www.patriarcatovenezia.it\/evangelizzazione-e-catechesi\/wp-content\/uploads\/sites\/17\/2016\/03\/cartoncinoMandato2016-309x768.png 309w, https:\/\/www.patriarcatovenezia.it\/evangelizzazione-e-catechesi\/wp-content\/uploads\/sites\/17\/2016\/03\/cartoncinoMandato2016.png 312w\" sizes=\"(max-width: 168px) 100vw, 168px\" \/>SAN FRANCESCO D\u2019ASSISI da \u201clettera ad un ministro\u201d<\/strong><\/p>\n<p>Io ti dico, come posso, per quello che riguarda la tua anima, che quelle cose che ti sono di impedimento nell\u2019amare il Signore Dio, ed ogni persona che ti sar\u00e0 ostacolo, siamo fratelli o altri anche se ti coprissero di battiture: tutto questo devi considerare una grazia.<\/p>\n<p>\u201cE questo devi volere e non altro. E di questo devi tener conto come di vera obbedienza da parte del Signore Dio e mia, perch\u00e9 io fermamente riconosco che questa \u00e8 vera obbedienza. E ama coloro che agiscono con te in questo modo, e non esigere da loro altro se non ci\u00f2 che il Signore dar\u00e0 a te. E in questo amali e non pretendere che diventino cristiani migliori.<\/p>\n<p>\u201cE questo sia per te pi\u00f9 che stare appartato in un eremo. E in questo voglio conoscere se tu ami il Signore ed ami me suo servo e tuo, se ti comporterai in questa maniera, e cio\u00e8 che non ci sia alcun frate al mondo che abbia peccato quanto \u00e8 possibile peccare, che, dopo aver visto i tuoi occhi, non se ne torni via senza il tuo perdono, se egli te lo chiede, e se non chiedesse perdono, chiedi tu a lui se vuol, essere perdonato. E se i seguito mille volte peccasse davanti ai tuoi\u00a0 occhi, amalo pi\u00f9 di me per questo: che tu possa attrarlo al Signore; ed abbi sempre misericordia per tali fratelli\u201d<\/p>\n","protected":false},"excerpt":{"rendered":"<p>\u201cMISERICORDIOSI COME IL PADRE\u201d MANDATO ai catechisti, agli evangelizzatori e agli educatori alla fede 3 ottobre 2015 \u2013 Basilica di San Marco (citazione stampata sul retro del cartoncino ricordo) SAN FRANCESCO D\u2019ASSISI da \u201clettera ad un ministro\u201d Io ti dico, come posso, per quello che riguarda la tua anima, che quelle cose che ti sono [&hellip;]<\/p>\n","protected":false},"author":0,"featured_media":0,"parent":1208,"menu_order":0,"comment_status":"closed","ping_status":"closed","template":"","meta":{"_acf_changed":false,"ip_address":"","user_agent":"","level":"","revision":"","cookie_id":"","page_referer":"","html_form":"","footnotes":""},"class_list":["post-601","page","type-page","status-publish","hentry"],"acf":[],"_links":{"self":[{"href":"https:\/\/www.patriarcatovenezia.it\/evangelizzazione-e-catechesi\/wp-json\/wp\/v2\/pages\/601"}],"collection":[{"href":"https:\/\/www.patriarcatovenezia.it\/evangelizzazione-e-catechesi\/wp-json\/wp\/v2\/pages"}],"about":[{"href":"https:\/\/www.patriarcatovenezia.it\/evangelizzazione-e-catechesi\/wp-json\/wp\/v2\/types\/page"}],"author":[{"embeddable":true,"href":"https:\/\/www.patriarcatovenezia.it\/evangelizzazione-e-catechesi\/wp-json\/wp\/v2\/users\/9"}],"replies":[{"embeddable":true,"href":"https:\/\/www.patriarcatovenezia.it\/evangelizzazione-e-catechesi\/wp-json\/wp\/v2\/comments?post=601"}],"version-history":[{"count":10,"href":"https:\/\/www.patriarcatovenezia.it\/evangelizzazione-e-catechesi\/wp-json\/wp\/v2\/pages\/601\/revisions"}],"predecessor-version":[{"id":886,"href":"https:\/\/www.patriarcatovenezia.it\/evangelizzazione-e-catechesi\/wp-json\/wp\/v2\/pages\/601\/revisions\/886"}],"up":[{"embeddable":true,"href":"https:\/\/www.patriarcatovenezia.it\/evangelizzazione-e-catechesi\/wp-json\/wp\/v2\/pages\/1208"}],"wp:attachment":[{"href":"https:\/\/www.patriarcatovenezia.it\/evangelizzazione-e-catechesi\/wp-json\/wp\/v2\/media?parent=601"}],"curies":[{"name":"wp","href":"https:\/\/api.w.org\/{rel}","templated":true}]}}