{"id":4382,"date":"2023-12-15T10:22:57","date_gmt":"2023-12-15T09:22:57","guid":{"rendered":"https:\/\/venezia.webdiocesi.it\/Evangelizzazione-e-Catechesi\/?page_id=4382"},"modified":"2024-02-08T14:56:50","modified_gmt":"2024-02-08T13:56:50","slug":"convegno-regionale-catechisti-2024","status":"publish","type":"page","link":"https:\/\/www.patriarcatovenezia.it\/evangelizzazione-e-catechesi\/convegno-regionale-catechisti-2024\/","title":{"rendered":"CONVEGNO REGIONALE CATECHISTI 2024"},"content":{"rendered":"<h3 style=\"text-align: left\"><span style=\"color: #008000\"><strong>UN ANNUNCIO CHE INCONTRA LA VITA<\/strong><\/span><\/h3>\n<h4 style=\"text-align: left\"><span style=\"color: #003366\"><strong><em>Riscoprire il Battesimo, porta della fede<\/em><\/strong><\/span><\/h4>\n<hr \/>\n<p><span style=\"color: #870101\"><strong><img loading=\"lazy\" decoding=\"async\" class=\"wp-image-4384 alignright\" src=\"https:\/\/venezia.webdiocesi.it\/Evangelizzazione-e-Catechesi\/wp-content\/uploads\/sites\/17\/2023\/12\/loc_28.01.2024-212x300.png\" alt=\"\" width=\"390\" height=\"552\" srcset=\"https:\/\/www.patriarcatovenezia.it\/evangelizzazione-e-catechesi\/wp-content\/uploads\/sites\/17\/2023\/12\/loc_28.01.2024-212x300.png 212w, https:\/\/www.patriarcatovenezia.it\/evangelizzazione-e-catechesi\/wp-content\/uploads\/sites\/17\/2023\/12\/loc_28.01.2024-724x1024.png 724w, https:\/\/www.patriarcatovenezia.it\/evangelizzazione-e-catechesi\/wp-content\/uploads\/sites\/17\/2023\/12\/loc_28.01.2024-768x1086.png 768w, https:\/\/www.patriarcatovenezia.it\/evangelizzazione-e-catechesi\/wp-content\/uploads\/sites\/17\/2023\/12\/loc_28.01.2024-198x280.png 198w, https:\/\/www.patriarcatovenezia.it\/evangelizzazione-e-catechesi\/wp-content\/uploads\/sites\/17\/2023\/12\/loc_28.01.2024-543x768.png 543w, https:\/\/www.patriarcatovenezia.it\/evangelizzazione-e-catechesi\/wp-content\/uploads\/sites\/17\/2023\/12\/loc_28.01.2024-1086x1536.png 1086w, https:\/\/www.patriarcatovenezia.it\/evangelizzazione-e-catechesi\/wp-content\/uploads\/sites\/17\/2023\/12\/loc_28.01.2024.png 1258w\" sizes=\"(max-width: 390px) 100vw, 390px\" \/>&#8230;come Diocesi di Venezia<br \/>\n<\/strong><span style=\"color: #000000\">siamo chiamati a metterci in cammino con tutte le altre Chiese del Triveneto fin da subito, in vista dell&#8217;appuntamento ad Aquileia il 28 settembre 2024. Le parrocchie sono state, infatti, invitate ad individuare <strong>due o pi\u00f9 persone <\/strong>che, a nome del gruppo catechisti parrocchiale o della collaborazione pastorale, vivessero in presenza la <strong>giornata di studio<\/strong> del <strong>28 gennaio 2024<\/strong>, ore 15.00 &#8211; 18.00 presso l&#8217;<strong>Istituto Berna<\/strong> di Mestre.<br \/>\nUn buon numero di presbiteri ha scelto di accompagnare i propri catechisti condividendo la fatica di mettersi in ascolto dello Spirito Santo, in un tempo non facile per l&#8217;annuncio cristiano. Di questa vicinanza e attenzione la comunit\u00e0 catechistica \u00e8 profondamente grata!<\/span><\/span><\/p>\n<h5><strong><span style=\"color: #008000\">MATERIALI PER LA PROSECUZIONE DEL LAVORO NELLE PARROCCHIE<\/span><br \/>\n<\/strong><em>I segretari degli 8 TAVOLI sono stati incaricati della raccolta delle riflessioni fatte in merito alle tre aree scelte e una sintesi andr\u00e0 ad arricchire l&#8217;aspetto del RICONOSCERE a livello regionale. Quanto emerger\u00e0 sar\u00e0 diffuso anche nei nostri gruppi catechisti.<\/em><strong><br \/>\n<\/strong><\/h5>\n<p>Tuttavia, \u00e8 desiderio dell&#8217;Ufficio catechistico di Venezia diffondere il pi\u00f9 possibile il materiale di questa giornata di studio affinch\u00e9 la riflessione continui e si possano riprendere in mano gli stimolanti spunti offerti alle diocesi del Triveneto in tale occasione. La proposta fatta ai presenti \u00e8 quella, perci\u00f2, di <strong>rivedere i video e\/o leggere insieme la relazione<\/strong> di don Carlo e quella di don Michele per poter riproporre, attraverso <strong>le TRACCE*<\/strong>, una condivisione simile a quella vissuta domenica 28.01.24, anche con chi non \u00e8 potuto essere presente, tenendo ancor pi\u00f9 in evidenza la trama particolare del proprio territorio.<\/p>\n<p><strong>\u2666 <a href=\"https:\/\/www.youtube.com\/watch?v=MA7SHXeQGQA\" target=\"_blank\" rel=\"noopener\">VIDEO<\/a><\/strong> dell&#8217;incontro di domenica 28 gennaio<\/p>\n<p><strong>\u2666 <\/strong> <a href=\"https:\/\/www.conferenzaepiscopaletriveneto.it\/wp-content\/uploads\/sites\/17\/2024\/01\/Broccardo-Per-un-annuncio-che-incontra-la-vita-Triveneto.pdf\" target=\"_blank\" rel=\"noopener\"><strong>INTERVENTO<\/strong><\/a> di don Carlo Broccardo<em> &#8220;Fede, vita, annuncio: una prospettiva biblica&#8221;<\/em><\/p>\n<p><strong>\u2666 <a href=\"https:\/\/www.conferenzaepiscopaletriveneto.it\/wp-content\/uploads\/sites\/17\/2024\/01\/Roselli-Per-un-annuncio-che-incontra-la-vita-Triveneto.pdf\" target=\"_blank\" rel=\"noopener\">INTERVENTO<\/a> <\/strong>di don Michele Roselli <em>&#8220;Riconoscere gli appelli del nostro tempo e della\/alla pastorale&#8221;<\/em><\/p>\n<p><span style=\"color: #008000\"><strong>*TRACCE tematiche\u00a0 per il confronto a piccoli gruppi<\/strong><\/span><br \/>\n<strong>\u2666 <a href=\"https:\/\/venezia.webdiocesi.it\/Evangelizzazione-e-Catechesi\/wp-content\/uploads\/sites\/17\/2024\/02\/TAVOLO_Catechesi_IC.pdf\" target=\"_blank\" rel=\"noopener\">Catechesi dell&#8217;iniziazione cristiana<\/a><br \/>\n\u2666 <a href=\"https:\/\/venezia.webdiocesi.it\/Evangelizzazione-e-Catechesi\/wp-content\/uploads\/sites\/17\/2024\/02\/TAVOLO_Catechesi_ADULTI.pdf\" target=\"_blank\" rel=\"noopener\">Catechesi degli adulti<\/a><\/strong><\/p>\n<hr \/>\n<p style=\"text-align: left\"><span style=\"color: #870101\"><strong>I Convegni regionali<\/strong><\/span><br \/>\n<a href=\"https:\/\/www.conferenzaepiscopaletriveneto.it\/convegno-regionale-annuncio-triveneto\/\"><img loading=\"lazy\" decoding=\"async\" class=\"wp-image-4387 alignleft\" src=\"https:\/\/venezia.webdiocesi.it\/Evangelizzazione-e-Catechesi\/wp-content\/uploads\/sites\/17\/2023\/12\/Tappe_Conv_Reg_2024-1-212x300.png\" alt=\"\" width=\"278\" height=\"393\" srcset=\"https:\/\/www.patriarcatovenezia.it\/evangelizzazione-e-catechesi\/wp-content\/uploads\/sites\/17\/2023\/12\/Tappe_Conv_Reg_2024-1-212x300.png 212w, https:\/\/www.patriarcatovenezia.it\/evangelizzazione-e-catechesi\/wp-content\/uploads\/sites\/17\/2023\/12\/Tappe_Conv_Reg_2024-1-724x1024.png 724w, https:\/\/www.patriarcatovenezia.it\/evangelizzazione-e-catechesi\/wp-content\/uploads\/sites\/17\/2023\/12\/Tappe_Conv_Reg_2024-1-768x1087.png 768w, https:\/\/www.patriarcatovenezia.it\/evangelizzazione-e-catechesi\/wp-content\/uploads\/sites\/17\/2023\/12\/Tappe_Conv_Reg_2024-1-198x280.png 198w, https:\/\/www.patriarcatovenezia.it\/evangelizzazione-e-catechesi\/wp-content\/uploads\/sites\/17\/2023\/12\/Tappe_Conv_Reg_2024-1-543x768.png 543w, https:\/\/www.patriarcatovenezia.it\/evangelizzazione-e-catechesi\/wp-content\/uploads\/sites\/17\/2023\/12\/Tappe_Conv_Reg_2024-1-1085x1536.png 1085w, https:\/\/www.patriarcatovenezia.it\/evangelizzazione-e-catechesi\/wp-content\/uploads\/sites\/17\/2023\/12\/Tappe_Conv_Reg_2024-1-1447x2048.png 1447w, https:\/\/www.patriarcatovenezia.it\/evangelizzazione-e-catechesi\/wp-content\/uploads\/sites\/17\/2023\/12\/Tappe_Conv_Reg_2024-1-1320x1868.png 1320w\" sizes=\"(max-width: 278px) 100vw, 278px\" \/><\/a>Con l\u2019intenzione di sostenere le comunit\u00e0 nell\u2019annuncio del kerigma, l\u2019Ufficio Catechistico Nazionale propone quest\u2019anno di sostituire il Convegno nazionale annuale con un Convegno regionale, organizzato nel territorio dalla Commissione regionale.\u00a0 Ogni regione \u00e8 stata quindi invitata a decidere il tema, la forma e le varie fasi del Convegno, facendo riferimento al crono programma suggerito dall\u2019UCN:<\/p>\n<p><span style=\"color: #339966\"><strong><em>ottobre &#8211; dicembre 2023 <\/em><\/strong>&#8211; programmazione del progetto,<\/span><br \/>\n<span style=\"color: #339966\"><strong><em>marzo &#8211; ottobre 2024<\/em> <\/strong>&#8211; celebrazione del Convegno,<\/span><br \/>\n<span style=\"color: #339966\"><strong><em>ottobre 2024 &#8211; febbraio 2025<\/em><\/strong> &#8211; rielaborazione dell\u2019Ufficio nazionale per una restituzione di quanto emerso dalle regioni.<\/span><\/p>\n<p><strong><span style=\"color: #870101\">La linea scelta dal Triveneto<\/span><br \/>\n<\/strong>La Commissione Triveneto per l\u2019annuncio, la catechesi e la dottrina della fede ha individuato come tema di interesse condiviso e trasversale <strong>l\u2019annuncio della fede che scaturisce dal Battesimo, l\u2019immersione nella Pasqua di Cristo come evento che riguarda tutta la vita del cristiano.<\/strong> Tale approfondimento potr\u00e0 essere sviluppato in diversi ambiti d\u2019interesse catechistico (catecumenato, disabilit\u00e0, pastorale battesimale, iniziazione cristiana dei ragazzi ed evangelizzazione con gli adulti) con l\u2019obiettivo di intuire le trasformazioni necessarie per una prassi catechistica ancorata al mistero pasquale, in modo che l\u2019annuncio sappia\u00a0intercettare la vita. Il coinvolgimento dal basso e la seriet\u00e0 di un buon metodo di lavoro sono scelte fondamentali per giungere all\u2019individuazione di alcuni passi concreti di conversione pastorale da sottoporre all\u2019attenzione dei vescovi della Conferenza Episcopale Triveneta e a beneficio del progetto nazionale cui si intende aderire.<\/p>\n<p style=\"text-align: left\">All&#8217;intero percorso e ai materiali che verranno di volta in volta prodotti \u00e8 stata dedicata una sezione nel sito regionale che invitiamo a consultare per tutti gli aggiornamenti:<\/p>\n<p style=\"text-align: center\"><a href=\"https:\/\/www.conferenzaepiscopaletriveneto.it\/convegno-regionale-annuncio-triveneto\/\" target=\"_blank\" rel=\"noopener\"><span style=\"color: #ff0000\"><strong>&gt;&gt;&gt; ACCEDI ALLA PAGINA DEL SITO REGIONALE<\/strong><\/span><\/a><\/p>\n<p>&nbsp;<\/p>\n","protected":false},"excerpt":{"rendered":"<p>UN ANNUNCIO CHE INCONTRA LA VITA Riscoprire il Battesimo, porta della fede &#8230;come Diocesi di Venezia siamo chiamati a metterci in cammino con tutte le altre Chiese del Triveneto fin da subito, in vista dell&#8217;appuntamento ad Aquileia il 28 settembre 2024. Le parrocchie sono state, infatti, invitate ad individuare due o pi\u00f9 persone che, a [&hellip;]<\/p>\n","protected":false},"author":0,"featured_media":0,"parent":0,"menu_order":0,"comment_status":"closed","ping_status":"closed","template":"page-full-width.php","meta":{"_acf_changed":false,"ip_address":"","user_agent":"","level":"","revision":"","cookie_id":"","page_referer":"","html_form":"","footnotes":""},"class_list":["post-4382","page","type-page","status-publish","hentry"],"acf":[],"_links":{"self":[{"href":"https:\/\/www.patriarcatovenezia.it\/evangelizzazione-e-catechesi\/wp-json\/wp\/v2\/pages\/4382"}],"collection":[{"href":"https:\/\/www.patriarcatovenezia.it\/evangelizzazione-e-catechesi\/wp-json\/wp\/v2\/pages"}],"about":[{"href":"https:\/\/www.patriarcatovenezia.it\/evangelizzazione-e-catechesi\/wp-json\/wp\/v2\/types\/page"}],"author":[{"embeddable":true,"href":"https:\/\/www.patriarcatovenezia.it\/evangelizzazione-e-catechesi\/wp-json\/wp\/v2\/users\/9"}],"replies":[{"embeddable":true,"href":"https:\/\/www.patriarcatovenezia.it\/evangelizzazione-e-catechesi\/wp-json\/wp\/v2\/comments?post=4382"}],"version-history":[{"count":23,"href":"https:\/\/www.patriarcatovenezia.it\/evangelizzazione-e-catechesi\/wp-json\/wp\/v2\/pages\/4382\/revisions"}],"predecessor-version":[{"id":4604,"href":"https:\/\/www.patriarcatovenezia.it\/evangelizzazione-e-catechesi\/wp-json\/wp\/v2\/pages\/4382\/revisions\/4604"}],"wp:attachment":[{"href":"https:\/\/www.patriarcatovenezia.it\/evangelizzazione-e-catechesi\/wp-json\/wp\/v2\/media?parent=4382"}],"curies":[{"name":"wp","href":"https:\/\/api.w.org\/{rel}","templated":true}]}}