{"id":4056,"date":"2022-11-09T13:11:33","date_gmt":"2022-11-09T12:11:33","guid":{"rendered":"https:\/\/venezia.webdiocesi.it\/Evangelizzazione-e-Catechesi\/?page_id=4056"},"modified":"2022-11-11T18:27:07","modified_gmt":"2022-11-11T17:27:07","slug":"cammino-di-avvento-e-natale-2022","status":"publish","type":"page","link":"https:\/\/www.patriarcatovenezia.it\/evangelizzazione-e-catechesi\/cammino-di-avvento-e-natale-2022\/","title":{"rendered":"CAMMINO di AVVENTO e NATALE 2022"},"content":{"rendered":"<p><img loading=\"lazy\" decoding=\"async\" class=\" wp-image-4057 alignleft\" src=\"https:\/\/venezia.webdiocesi.it\/Evangelizzazione-e-Catechesi\/wp-content\/uploads\/sites\/17\/2022\/11\/titolo-300x162.png\" alt=\"\" width=\"333\" height=\"180\" srcset=\"https:\/\/www.patriarcatovenezia.it\/evangelizzazione-e-catechesi\/wp-content\/uploads\/sites\/17\/2022\/11\/titolo-300x162.png 300w, https:\/\/www.patriarcatovenezia.it\/evangelizzazione-e-catechesi\/wp-content\/uploads\/sites\/17\/2022\/11\/titolo-768x414.png 768w, https:\/\/www.patriarcatovenezia.it\/evangelizzazione-e-catechesi\/wp-content\/uploads\/sites\/17\/2022\/11\/titolo-360x194.png 360w, https:\/\/www.patriarcatovenezia.it\/evangelizzazione-e-catechesi\/wp-content\/uploads\/sites\/17\/2022\/11\/titolo.png 784w\" sizes=\"(max-width: 333px) 100vw, 333px\" \/><\/p>\n<blockquote><p><em>Desiderare il bene dell\u2019altro vuol dire (\u2026) vivere nella Chiesa non come fosse un\u2019istituzione erogatrice di servizi ma come essa \u00e8 nella sua realt\u00e0 pi\u00f9 vera e profonda: un \u201corganismo vivo\u201d in cui nel segno della fede, della speranza e della carit\u00e0 si generano relazioni nuove, umanamente e cristianamente vive, capaci di rinnovare la societ\u00e0 in cui viviamo. <\/em><\/p>\n<p>[Francesco Moraglia, lettera pastorale <em>\u201cDesiderare il bene\u201d<\/em>, Venezia 2022]<\/p><\/blockquote>\n<p>Il percorso proposto a bambini e famiglie in vista del Santo Natale 2022, vuole provare ad entrare nel tema diocesano \u201cDesiderare il bene\u201d &#8211; che il nostro Patriarca Francesco ci ha consegnato per l\u2019anno pastorale in corso \u2013 cercando di fare nostro questo principio: <strong>io divento capace di essere \u201cbene\u201d per gli altri, solo se scopro di essere io stesso \u201cbene\u201d. <\/strong>Al fine di renderlo semplice e praticabile anche ai pi\u00f9 piccoli, proponiamo di rivisitare un\u2019immagine molto cara a tutti e immancabile nei festeggiamenti natalizi: IL REGALO.<\/p>\n<p><img loading=\"lazy\" decoding=\"async\" class=\" wp-image-4061 alignright\" src=\"https:\/\/venezia.webdiocesi.it\/Evangelizzazione-e-Catechesi\/wp-content\/uploads\/sites\/17\/2022\/11\/pacco-regalo-1-300x300.jpg\" alt=\"\" width=\"225\" height=\"225\" srcset=\"https:\/\/www.patriarcatovenezia.it\/evangelizzazione-e-catechesi\/wp-content\/uploads\/sites\/17\/2022\/11\/pacco-regalo-1-300x300.jpg 300w, https:\/\/www.patriarcatovenezia.it\/evangelizzazione-e-catechesi\/wp-content\/uploads\/sites\/17\/2022\/11\/pacco-regalo-1-300x300-150x150.jpg 150w, https:\/\/www.patriarcatovenezia.it\/evangelizzazione-e-catechesi\/wp-content\/uploads\/sites\/17\/2022\/11\/pacco-regalo-1-300x300-200x200.jpg 200w, https:\/\/www.patriarcatovenezia.it\/evangelizzazione-e-catechesi\/wp-content\/uploads\/sites\/17\/2022\/11\/pacco-regalo-1-300x300-280x280.jpg 280w\" sizes=\"(max-width: 225px) 100vw, 225px\" \/><\/p>\n<p>I MATERIALI messi a disposizione dei gruppi parrocchiali sono qui elencati<br \/>\ne li trovi IN ALLEGATO a fondo pagina:<\/p>\n<p><em><strong>\u2666 traccia per il cammino delle 4 settimane<br \/>\n<\/strong><\/em><em><strong>\u2666 raccolta fondi per il sostegno alle famiglie &#8220;<a href=\"https:\/\/venezia.webdiocesi.it\/Evangelizzazione-e-Catechesi\/avvento-di-fraternita-2022\/\" target=\"_blank\" rel=\"noopener\">COLLETTA x la BOLLETTA<\/a>&#8221; <\/strong>(Avvento di fraternit\u00e0 2022)<br \/>\n<\/em><em>\u2666\u00a0<strong>proposta di preghiera in famiglia<\/strong>\u00a0(settimanale)<strong>\u00a0a cura della Pastorale familiare<\/strong><\/em><\/p>\n<hr \/>\n<p><img loading=\"lazy\" decoding=\"async\" class=\" wp-image-4081 alignleft\" src=\"https:\/\/venezia.webdiocesi.it\/Evangelizzazione-e-Catechesi\/wp-content\/uploads\/sites\/17\/2022\/11\/un_bambino-238x300.png\" alt=\"\" width=\"69\" height=\"87\" \/>ATTENZIONE !!!! Ti segnaliamo anche il <a href=\"https:\/\/liturgico.chiesacattolica.it\/sussidio-di-avvento-e-natale-2022-2023\/\" target=\"_blank\" rel=\"noopener\"><strong>SUSSIDIO DI AVVENTO e NATALE<\/strong><\/a> per l&#8217;animazione liturgica che \u00e8 stato pensato e pubblicato dall&#8217;<strong>Ufficio liturgico nazionale<\/strong><\/p>\n<hr \/>\n<h5>Se poi stai cercando notizie sull&#8217;<a href=\"https:\/\/venezia.webdiocesi.it\/Evangelizzazione-e-Catechesi\/incontro-della-carita-2022\/\" target=\"_blank\" rel=\"noopener\"><strong>INCONTRO DELLA CARITA&#8217; 2022&#8230; clicca qui<\/strong><\/a><\/h5>\n","protected":false},"excerpt":{"rendered":"<p>Desiderare il bene dell\u2019altro vuol dire (\u2026) vivere nella Chiesa non come fosse un\u2019istituzione erogatrice di servizi ma come essa \u00e8 nella sua realt\u00e0 pi\u00f9 vera e profonda: un \u201corganismo vivo\u201d in cui nel segno della fede, della speranza e della carit\u00e0 si generano relazioni nuove, umanamente e cristianamente vive, capaci di rinnovare la societ\u00e0 [&hellip;]<\/p>\n","protected":false},"author":0,"featured_media":0,"parent":0,"menu_order":0,"comment_status":"closed","ping_status":"closed","template":"","meta":{"_acf_changed":false,"ip_address":"","user_agent":"","level":"","revision":"","cookie_id":"","page_referer":"","html_form":"","footnotes":""},"class_list":["post-4056","page","type-page","status-publish","hentry"],"acf":[],"_links":{"self":[{"href":"https:\/\/www.patriarcatovenezia.it\/evangelizzazione-e-catechesi\/wp-json\/wp\/v2\/pages\/4056"}],"collection":[{"href":"https:\/\/www.patriarcatovenezia.it\/evangelizzazione-e-catechesi\/wp-json\/wp\/v2\/pages"}],"about":[{"href":"https:\/\/www.patriarcatovenezia.it\/evangelizzazione-e-catechesi\/wp-json\/wp\/v2\/types\/page"}],"author":[{"embeddable":true,"href":"https:\/\/www.patriarcatovenezia.it\/evangelizzazione-e-catechesi\/wp-json\/wp\/v2\/users\/9"}],"replies":[{"embeddable":true,"href":"https:\/\/www.patriarcatovenezia.it\/evangelizzazione-e-catechesi\/wp-json\/wp\/v2\/comments?post=4056"}],"version-history":[{"count":16,"href":"https:\/\/www.patriarcatovenezia.it\/evangelizzazione-e-catechesi\/wp-json\/wp\/v2\/pages\/4056\/revisions"}],"predecessor-version":[{"id":4101,"href":"https:\/\/www.patriarcatovenezia.it\/evangelizzazione-e-catechesi\/wp-json\/wp\/v2\/pages\/4056\/revisions\/4101"}],"wp:attachment":[{"href":"https:\/\/www.patriarcatovenezia.it\/evangelizzazione-e-catechesi\/wp-json\/wp\/v2\/media?parent=4056"}],"curies":[{"name":"wp","href":"https:\/\/api.w.org\/{rel}","templated":true}]}}