{"id":4043,"date":"2022-11-09T12:30:09","date_gmt":"2022-11-09T11:30:09","guid":{"rendered":"https:\/\/venezia.webdiocesi.it\/Evangelizzazione-e-Catechesi\/?page_id=4043"},"modified":"2022-11-10T16:50:52","modified_gmt":"2022-11-10T15:50:52","slug":"incontro-della-carita-2022","status":"publish","type":"page","link":"https:\/\/www.patriarcatovenezia.it\/evangelizzazione-e-catechesi\/incontro-della-carita-2022\/","title":{"rendered":"INCONTRO della CARITA&#8217; 2022"},"content":{"rendered":"<p><img loading=\"lazy\" decoding=\"async\" class=\" wp-image-4088 alignleft\" src=\"https:\/\/venezia.webdiocesi.it\/Evangelizzazione-e-Catechesi\/wp-content\/uploads\/sites\/17\/2022\/11\/Incontro_della_carit\u00e02022-215x300.jpg\" alt=\"\" width=\"283\" height=\"395\" \/><\/p>\n<p>L&#8217;Incontro della carit\u00e0 che vede tradizionalmente <strong>il Patriarca incontrare i bambini dai 6 ai 10 anni e le loro famiglie<\/strong>, per quest&#8217;anno <strong>\u00e8 stato spostato all&#8217;inizio dell&#8217;Avvento<\/strong> anzich\u00e9 a termine del cammino, in prossimit\u00e0 del Natale.<br \/>\nQuesto spostamento ci permetter\u00e0 di dare avvio assieme al nostro Vescovo al percorso diocesano in un&#8217;ottica di <strong>gratuit\u00e0 e solidariet\u00e0<\/strong> verso altre famiglie.<\/p>\n<p>Appuntamento quindi per <strong>DOMENICA 27 NOVEMBRE, alle ore 15.30, in Basilica di San Marco<\/strong>.<\/p>\n<p><strong>\u2666 SCARICA LA <a href=\"https:\/\/venezia.webdiocesi.it\/Evangelizzazione-e-Catechesi\/wp-content\/uploads\/sites\/17\/2022\/11\/Locandina_Incontro_della_carit\u00e02022.pdf\" target=\"_blank\" rel=\"noopener\">LOCANDINA<\/a> <\/strong>(per la stampa)<\/p>\n<p><strong>\u2666 SCARICA LA <a href=\"https:\/\/venezia.webdiocesi.it\/Evangelizzazione-e-Catechesi\/wp-content\/uploads\/sites\/17\/2022\/11\/Incontro_della_carit\u00e02022-e1668091566837.jpg\" data-rel=\"lightbox-image-0\" data-rl_title=\"\" data-rl_caption=\"\" title=\"\">LOCANDINA<\/a><\/strong> (per i canali social)<\/p>\n<p>La Caritas diocesana e gli Uffici pastorali hanno infatti predisposto una raccolta fondi per sostenere quanti si trovano in difficolt\u00e0 con il pagamento delle utenze (luce, gas, riscaldamento&#8230;).<br \/>\nLa proposta per l&#8217;Avvento di fraternit\u00e0 2022\u00a0<strong>&#8220;<\/strong><a href=\"https:\/\/venezia.webdiocesi.it\/Evangelizzazione-e-Catechesi\/avvento-di-fraternita-2022\/\"><strong>COLLETTA x la BOLLETTA<\/strong><\/a><strong>&#8220;<\/strong> &#8211;\u00a0a partire da questa giornata per arrivare a tutte le feste natalizie (e oltre!) &#8211; desidera coinvolgere non solo le famiglie dei pi\u00f9 piccoli, ma \u00e8 idealmente rivolta a tutte le famiglie delle nostre comunit\u00e0.<\/p>\n<p><span style=\"color: #ff0000\"><span style=\"color: #333333\">Siamo tutti invitati a far arrivare la notizia dell&#8217;appuntamento diocesano alle famiglie dei nostri gruppi di bambini e a promuovere la raccolta, tramite tutti i canali abitualmente utilizzati, sia quelli relazionali che quelli social. I materiali scaricabili qui sotto possono essere utilizzati in tal senso a seconda delle necessit\u00e0 di stampa o invio.<\/span><\/span><\/p>\n<p><strong>\u2666 SCARICA LA CARD <\/strong>dell&#8217;<a href=\"https:\/\/venezia.webdiocesi.it\/Evangelizzazione-e-Catechesi\/wp-content\/uploads\/sites\/17\/2022\/11\/Avvento_fraternita_2022.pdf\"><strong>AVVENTO DI FRATERNITA&#8217; 2022<\/strong><\/a> (per la stampa A4)<img loading=\"lazy\" decoding=\"async\" class=\" wp-image-4053 alignright\" src=\"https:\/\/venezia.webdiocesi.it\/Evangelizzazione-e-Catechesi\/wp-content\/uploads\/sites\/17\/2022\/11\/COLLETTAxlaBOLLETTA-300x197.png\" alt=\"\" width=\"347\" height=\"228\" \/><\/p>\n<p><strong>\u2666 SCARICA LA CARD <\/strong>dell&#8217;<strong><a href=\"https:\/\/venezia.webdiocesi.it\/Evangelizzazione-e-Catechesi\/wp-content\/uploads\/sites\/17\/2022\/11\/Avvento_fraternita_2022.pdf\">AVVENTO DI FRATERNITA&#8217; 2022<\/a> <\/strong>(per i canali social)<\/p>\n<p>&nbsp;<\/p>\n<p>Ricordiamo che dalla collaborazione degli Uffici pastorali viene offerta anche una semplice\u00a0<strong><a href=\"https:\/\/venezia.webdiocesi.it\/Evangelizzazione-e-Catechesi\/cammino-di-avvento-e-natale-2022\/\" target=\"_blank\" rel=\"noopener\">TRACCIA PER IL CAMMINO DI AVVENTO<\/a>\u00a0<\/strong><br \/>\nche, partendo dai bambini, pu\u00f2 essere motivo di riflessione e impegno comune verso il Santo Natale per l&#8217;intera comunit\u00e0 parrocchiale.<\/p>\n","protected":false},"excerpt":{"rendered":"<p>L&#8217;Incontro della carit\u00e0 che vede tradizionalmente il Patriarca incontrare i bambini dai 6 ai 10 anni e le loro famiglie, per quest&#8217;anno \u00e8 stato spostato all&#8217;inizio dell&#8217;Avvento anzich\u00e9 a termine del cammino, in prossimit\u00e0 del Natale. Questo spostamento ci permetter\u00e0 di dare avvio assieme al nostro Vescovo al percorso diocesano in un&#8217;ottica di gratuit\u00e0 e [&hellip;]<\/p>\n","protected":false},"author":0,"featured_media":0,"parent":0,"menu_order":0,"comment_status":"closed","ping_status":"closed","template":"","meta":{"_acf_changed":false,"ip_address":"","user_agent":"","level":"","revision":"","cookie_id":"","page_referer":"","html_form":"","footnotes":""},"class_list":["post-4043","page","type-page","status-publish","hentry"],"acf":[],"_links":{"self":[{"href":"https:\/\/www.patriarcatovenezia.it\/evangelizzazione-e-catechesi\/wp-json\/wp\/v2\/pages\/4043"}],"collection":[{"href":"https:\/\/www.patriarcatovenezia.it\/evangelizzazione-e-catechesi\/wp-json\/wp\/v2\/pages"}],"about":[{"href":"https:\/\/www.patriarcatovenezia.it\/evangelizzazione-e-catechesi\/wp-json\/wp\/v2\/types\/page"}],"author":[{"embeddable":true,"href":"https:\/\/www.patriarcatovenezia.it\/evangelizzazione-e-catechesi\/wp-json\/wp\/v2\/users\/9"}],"replies":[{"embeddable":true,"href":"https:\/\/www.patriarcatovenezia.it\/evangelizzazione-e-catechesi\/wp-json\/wp\/v2\/comments?post=4043"}],"version-history":[{"count":12,"href":"https:\/\/www.patriarcatovenezia.it\/evangelizzazione-e-catechesi\/wp-json\/wp\/v2\/pages\/4043\/revisions"}],"predecessor-version":[{"id":4098,"href":"https:\/\/www.patriarcatovenezia.it\/evangelizzazione-e-catechesi\/wp-json\/wp\/v2\/pages\/4043\/revisions\/4098"}],"wp:attachment":[{"href":"https:\/\/www.patriarcatovenezia.it\/evangelizzazione-e-catechesi\/wp-json\/wp\/v2\/media?parent=4043"}],"curies":[{"name":"wp","href":"https:\/\/api.w.org\/{rel}","templated":true}]}}