{"id":319,"date":"2016-01-18T10:47:46","date_gmt":"2016-01-18T09:47:46","guid":{"rendered":"https:\/\/venezia.webdiocesi.it\/Evangelizzazione-e-Catechesi\/?page_id=319"},"modified":"2016-03-17T14:37:10","modified_gmt":"2016-03-17T13:37:10","slug":"bella-la-nostra-chiesa","status":"publish","type":"page","link":"https:\/\/www.patriarcatovenezia.it\/evangelizzazione-e-catechesi\/bella-la-nostra-chiesa\/","title":{"rendered":"Bella la nostra chiesa!"},"content":{"rendered":"<h3><span style=\"color: #9c0322\">Il progetto &#8220;<strong>Bella la nostra chiesa!&#8221;<\/strong>\u00a0\u00a0<em>L\u2019arte a servizio dell\u2019iniziazione cristiana<\/em><\/span><\/h3>\n<hr \/>\n<p style=\"text-align: justify\"><a href=\"https:\/\/venezia.webdiocesi.it\/Evangelizzazione-e-Catechesi\/wp-content\/uploads\/sites\/17\/2016\/01\/LogoMaria_bassa.jpg\" data-rel=\"lightbox-image-0\" data-rl_title=\"\" data-rl_caption=\"\" title=\"\"><img loading=\"lazy\" decoding=\"async\" class=\" wp-image-518 alignleft\" src=\"https:\/\/venezia.webdiocesi.it\/Evangelizzazione-e-Catechesi\/wp-content\/uploads\/sites\/17\/2016\/01\/LogoMaria_bassa-300x254.jpg\" alt=\"LogoMaria_bassa\" width=\"350\" height=\"297\" srcset=\"https:\/\/www.patriarcatovenezia.it\/evangelizzazione-e-catechesi\/wp-content\/uploads\/sites\/17\/2016\/01\/LogoMaria_bassa-300x254.jpg 300w, https:\/\/www.patriarcatovenezia.it\/evangelizzazione-e-catechesi\/wp-content\/uploads\/sites\/17\/2016\/01\/LogoMaria_bassa-331x280.jpg 331w, https:\/\/www.patriarcatovenezia.it\/evangelizzazione-e-catechesi\/wp-content\/uploads\/sites\/17\/2016\/01\/LogoMaria_bassa.jpg 784w\" sizes=\"(max-width: 350px) 100vw, 350px\" \/><\/a>Dall\u2019anno 2012-13 l\u2019Ufficio Catechistico Diocesano in collaborazione con la sezione Arte e Spiritualit\u00e0 dello Studium Cattolico Veneziano propone alle parrocchie del centro storico veneziano un percorso di iniziazione al volto storico- creativo della Chiesa locale. L&#8217;obiettivo \u00e8 quello di affiancare i catechisti nel loro specifico compito di annuncio del <em>kerygma <\/em>e nell&#8217;introduzione di bambini e ragazzi all&#8217;incontro personale con Ges\u00f9 Cristo nella comunit\u00e0 cristiana, offrendo loro un percorso attraverso le immagini sacre, a partire da quelle contenute nelle proprie chiese parrocchiali.<\/p>\n<p style=\"text-align: justify\">Si potranno cos\u00ec attuare nuove vie di coinvolgimento di fanciulli e ragazzi nella testimonianza cristiana fattasi arte, favorendo in loro una maggior conoscenza dell&#8217;arte sacra appartenente alla storia e alla fede della propria comunit\u00e0 cristiana.<\/p>\n<hr \/>\n<p style=\"text-align: justify\"><strong><a href=\"https:\/\/venezia.webdiocesi.it\/Evangelizzazione-e-Catechesi\/wp-content\/uploads\/sites\/17\/2016\/01\/Bella2.jpg\" data-rel=\"lightbox-image-1\" data-rl_title=\"\" data-rl_caption=\"\" title=\"\"><img loading=\"lazy\" decoding=\"async\" class=\" wp-image-523 alignleft\" src=\"https:\/\/venezia.webdiocesi.it\/Evangelizzazione-e-Catechesi\/wp-content\/uploads\/sites\/17\/2016\/01\/Bella2-261x300.jpg\" alt=\"Bella2\" width=\"142\" height=\"163\" srcset=\"https:\/\/www.patriarcatovenezia.it\/evangelizzazione-e-catechesi\/wp-content\/uploads\/sites\/17\/2016\/01\/Bella2-261x300.jpg 261w, https:\/\/www.patriarcatovenezia.it\/evangelizzazione-e-catechesi\/wp-content\/uploads\/sites\/17\/2016\/01\/Bella2-244x280.jpg 244w, https:\/\/www.patriarcatovenezia.it\/evangelizzazione-e-catechesi\/wp-content\/uploads\/sites\/17\/2016\/01\/Bella2-669x768.jpg 669w, https:\/\/www.patriarcatovenezia.it\/evangelizzazione-e-catechesi\/wp-content\/uploads\/sites\/17\/2016\/01\/Bella2.jpg 674w\" sizes=\"(max-width: 142px) 100vw, 142px\" \/><\/a> \u00a0<\/strong><strong>IL PROGETTO \u00e8 una preziosa occasione per:<\/strong><\/p>\n<ul style=\"text-align: justify\">\n<li>scoprire la storia della propria chiesa e della propria comunit\u00e0 attraverso le testimonianze di arte, fede e cultura che le appartengono<\/li>\n<li>riflettere sulle Verit\u00e0 che Dio ci rivela attraverso l\u2019arte e la storia<\/li>\n<li>amare ancora di pi\u00f9 la propria chiesa riscoprendo cos\u00ec la propria appartenenza ad una comunit\u00e0 unica e irripetibile<\/li>\n<li><\/li>\n<\/ul>\n<p><strong><img loading=\"lazy\" decoding=\"async\" class=\"wp-image-525 alignleft\" src=\"https:\/\/venezia.webdiocesi.it\/Evangelizzazione-e-Catechesi\/wp-content\/uploads\/sites\/17\/2016\/01\/Bella4-225x300.jpg\" alt=\"Bella4\" width=\"147\" height=\"196\" srcset=\"https:\/\/www.patriarcatovenezia.it\/evangelizzazione-e-catechesi\/wp-content\/uploads\/sites\/17\/2016\/01\/Bella4-225x300.jpg 225w, https:\/\/www.patriarcatovenezia.it\/evangelizzazione-e-catechesi\/wp-content\/uploads\/sites\/17\/2016\/01\/Bella4-210x280.jpg 210w, https:\/\/www.patriarcatovenezia.it\/evangelizzazione-e-catechesi\/wp-content\/uploads\/sites\/17\/2016\/01\/Bella4-576x768.jpg 576w, https:\/\/www.patriarcatovenezia.it\/evangelizzazione-e-catechesi\/wp-content\/uploads\/sites\/17\/2016\/01\/Bella4.jpg 735w\" sizes=\"(max-width: 147px) 100vw, 147px\" \/>GLI INCONTRI sono rivolti ai catechisti e agli operatori parrocchiali che cercano:<\/strong><\/p>\n<ul style=\"text-align: justify\">\n<li>nuovi strumenti di coinvolgimento dei ragazzi<\/li>\n<li>nuove parole per testimoniare Cristo<\/li>\n<li>nuove attivit\u00e0 divertenti e creative per ragazzi<\/li>\n<\/ul>\n<p style=\"text-align: justify\"><strong>\u2026 e a TUTTI coloro che hanno la gioia di ripensare la propria storia e la propria fede attraverso l\u2019arte e la cultura.<\/strong><\/p>\n<p style=\"text-align: justify\"><strong><img loading=\"lazy\" decoding=\"async\" class=\"wp-image-524 alignleft\" src=\"https:\/\/venezia.webdiocesi.it\/Evangelizzazione-e-Catechesi\/wp-content\/uploads\/sites\/17\/2016\/01\/Bella3-300x169.jpg\" alt=\"Bella3\" width=\"236\" height=\"133\" srcset=\"https:\/\/www.patriarcatovenezia.it\/evangelizzazione-e-catechesi\/wp-content\/uploads\/sites\/17\/2016\/01\/Bella3-300x169.jpg 300w, https:\/\/www.patriarcatovenezia.it\/evangelizzazione-e-catechesi\/wp-content\/uploads\/sites\/17\/2016\/01\/Bella3-360x203.jpg 360w, https:\/\/www.patriarcatovenezia.it\/evangelizzazione-e-catechesi\/wp-content\/uploads\/sites\/17\/2016\/01\/Bella3.jpg 685w\" sizes=\"(max-width: 236px) 100vw, 236px\" \/>IL PERCORSO \u00e8 pensato per ragazzi tra i 10 e li 11 anni, ma \u00e8 facilmente adattabile a tutti i gruppi di catechismo<\/strong>, offrendo spunti di riflessione e di lavoro per qualsiasi et\u00e0.\u00a0Gli incontri, il cui numero verr\u00e0 concordato con il parroco e i catechisti a seconda delle esigenze e delle potenzialit\u00e0 di ogni singola realt\u00e0, si terranno nei locali messi a disposizione di ogni parrocchia interessata.<\/p>\n<hr \/>\n<p style=\"text-align: justify\">\n<p style=\"text-align: justify\"><img loading=\"lazy\" decoding=\"async\" class=\"wp-image-676 alignleft\" src=\"https:\/\/venezia.webdiocesi.it\/Evangelizzazione-e-Catechesi\/wp-content\/uploads\/sites\/17\/2016\/01\/arte1-300x25.png\" alt=\"arte1\" width=\"480\" height=\"40\" srcset=\"https:\/\/www.patriarcatovenezia.it\/evangelizzazione-e-catechesi\/wp-content\/uploads\/sites\/17\/2016\/01\/arte1-300x25.png 300w, https:\/\/www.patriarcatovenezia.it\/evangelizzazione-e-catechesi\/wp-content\/uploads\/sites\/17\/2016\/01\/arte1-768x64.png 768w, https:\/\/www.patriarcatovenezia.it\/evangelizzazione-e-catechesi\/wp-content\/uploads\/sites\/17\/2016\/01\/arte1-1024x85.png 1024w, https:\/\/www.patriarcatovenezia.it\/evangelizzazione-e-catechesi\/wp-content\/uploads\/sites\/17\/2016\/01\/arte1-360x30.png 360w\" sizes=\"(max-width: 480px) 100vw, 480px\" \/><\/p>\n<p style=\"text-align: justify\"><strong>Clicca sul banner se vuoi accedere a quest&#8217;area di archivio<\/strong><\/p>\n","protected":false},"excerpt":{"rendered":"<p>Il progetto &#8220;Bella la nostra chiesa!&#8221;\u00a0\u00a0L\u2019arte a servizio dell\u2019iniziazione cristiana Dall\u2019anno 2012-13 l\u2019Ufficio Catechistico Diocesano in collaborazione con la sezione Arte e Spiritualit\u00e0 dello Studium Cattolico Veneziano propone alle parrocchie del centro storico veneziano un percorso di iniziazione al volto storico- creativo della Chiesa locale. L&#8217;obiettivo \u00e8 quello di affiancare i catechisti nel loro specifico [&hellip;]<\/p>\n","protected":false},"author":0,"featured_media":0,"parent":0,"menu_order":0,"comment_status":"closed","ping_status":"closed","template":"","meta":{"_acf_changed":false,"ip_address":"","user_agent":"","level":"","revision":"","cookie_id":"","page_referer":"","html_form":"","footnotes":""},"class_list":["post-319","page","type-page","status-publish","hentry"],"acf":[],"_links":{"self":[{"href":"https:\/\/www.patriarcatovenezia.it\/evangelizzazione-e-catechesi\/wp-json\/wp\/v2\/pages\/319"}],"collection":[{"href":"https:\/\/www.patriarcatovenezia.it\/evangelizzazione-e-catechesi\/wp-json\/wp\/v2\/pages"}],"about":[{"href":"https:\/\/www.patriarcatovenezia.it\/evangelizzazione-e-catechesi\/wp-json\/wp\/v2\/types\/page"}],"author":[{"embeddable":true,"href":"https:\/\/www.patriarcatovenezia.it\/evangelizzazione-e-catechesi\/wp-json\/wp\/v2\/users\/9"}],"replies":[{"embeddable":true,"href":"https:\/\/www.patriarcatovenezia.it\/evangelizzazione-e-catechesi\/wp-json\/wp\/v2\/comments?post=319"}],"version-history":[{"count":18,"href":"https:\/\/www.patriarcatovenezia.it\/evangelizzazione-e-catechesi\/wp-json\/wp\/v2\/pages\/319\/revisions"}],"predecessor-version":[{"id":679,"href":"https:\/\/www.patriarcatovenezia.it\/evangelizzazione-e-catechesi\/wp-json\/wp\/v2\/pages\/319\/revisions\/679"}],"wp:attachment":[{"href":"https:\/\/www.patriarcatovenezia.it\/evangelizzazione-e-catechesi\/wp-json\/wp\/v2\/media?parent=319"}],"curies":[{"name":"wp","href":"https:\/\/api.w.org\/{rel}","templated":true}]}}