{"id":2868,"date":"2020-01-31T12:58:01","date_gmt":"2020-01-31T11:58:01","guid":{"rendered":"https:\/\/venezia.webdiocesi.it\/Evangelizzazione-e-Catechesi\/?page_id=2868"},"modified":"2024-02-14T16:14:57","modified_gmt":"2024-02-14T15:14:57","slug":"cammino-di-quaresima-2020-bambini-e-ragazzi","status":"publish","type":"page","link":"https:\/\/www.patriarcatovenezia.it\/evangelizzazione-e-catechesi\/attivita\/cammino-di-quaresima-2020-bambini-e-ragazzi\/","title":{"rendered":"CAMMINO di QUARESIMA 2020 &#8211; Dove trionfa l&#8217;amore&#8230; zampilla la vita"},"content":{"rendered":"<p><img loading=\"lazy\" decoding=\"async\" class=\"wp-image-2862 alignleft\" src=\"https:\/\/venezia.webdiocesi.it\/Evangelizzazione-e-Catechesi\/wp-content\/uploads\/sites\/17\/2020\/01\/quaresima2020-300x258.png\" alt=\"\" width=\"348\" height=\"300\" \/><\/p>\n<p>Il cammino della Quaresima 2020 ci d\u00e0 la possibilit\u00e0 di fare un ulteriore passo verso l\u2019orizzonte triennale scelto come Chiesa di Venezia: \u201cVivi in Cristo\u201d. Prima di tutto ci aiuta a considerare la domanda di <em>vita<\/em> che abita il cuore di ogni uomo (anche se spesso giace dimenticata negli scantinati!), di quella <em>pienezza di vita <\/em>a cui solo la persona di Ges\u00f9 pu\u00f2 rispondere in modo esaustivo, proprio come una sorgente d\u2019acqua fresca ristora un assetato. Le letture dell\u2019anno A delineano un chiaro percorso \u201cbattesimale\u201d che parte dalla Genesi &#8211; in cui si narra l\u2019origine e il senso della vita umana \u2013 e ci accompagna progressivamente a contemplare nella Pasqua del Signore la vittoria della vita sulla morte. Ad apertura del cammino quaresimale ci imbattiamo nell\u2019<em>albero della vita <\/em>che a fine percorso riconosceremo immagine di Ges\u00f9 crocifisso e della sua Risurrezione: <strong>la vita, che tanto cerchiamo, \u201czampilla\u201d solo dove trionfa l\u2019amore!<\/strong><\/p>\n<p>Papa Francesco nella Veglia Pasquale 2019 ci esortava:<\/p>\n<blockquote><p>\u201c<em>Non rimaniamo a guardare per terra impauriti, guardiamo a Ges\u00f9 risorto: il suo sguardo ci infonde speranza, perch\u00e9 ci dice che siamo sempre amati e che nonostante tutto quello che possiamo combinare il suo amore non cambia.<\/em> (\u2026) <em>Chiediamoci:\u00a0nella vita dove guardo?\u00a0Contemplo ambienti sepolcrali o cerco il Vivente?\u201d<\/em><\/p>\n<p>&nbsp;<\/p><\/blockquote>\n<p><strong><img loading=\"lazy\" decoding=\"async\" class=\" wp-image-1244 alignleft\" src=\"https:\/\/venezia.webdiocesi.it\/Evangelizzazione-e-Catechesi\/wp-content\/uploads\/sites\/17\/2016\/01\/mano_che_indica20Dx.gif\" alt=\"\" width=\"45\" height=\"30\" \/>MATERIALI SCARICABILI:<\/strong><\/p>\n<ul>\n<li><strong><a href=\"https:\/\/venezia.webdiocesi.it\/Evangelizzazione-e-Catechesi\/wp-content\/uploads\/sites\/17\/2020\/02\/CAMMINO_QUARESIMA_2020.pdf\">il SUSSIDIO<\/a> <\/strong>(bambini e ragazzi)<\/li>\n<li>il <strong><a href=\"https:\/\/venezia.webdiocesi.it\/Evangelizzazione-e-Catechesi\/wp-content\/uploads\/sites\/17\/2020\/02\/approfondimento_catechista.pdf\">testo di approfondimento<\/a><\/strong>\u00a0per il catechista<\/li>\n<li>brevi<strong> <a href=\"https:\/\/venezia.webdiocesi.it\/Evangelizzazione-e-Catechesi\/wp-content\/uploads\/sites\/17\/2020\/02\/ALLEGATO_storie_testi_link.pdf\">storie, testi\u00a0e video<\/a><\/strong>\u00a0citati nel sussidio<\/li>\n<li>schede preadolescenti <strong><a href=\"https:\/\/venezia.webdiocesi.it\/Evangelizzazione-e-Catechesi\/wp-content\/uploads\/sites\/17\/2020\/02\/SACERDOTE_RE_PROFETA.pdf\">SACERDOTE, RE e PROFETA<\/a><\/strong>\u00a0(in vista anche della <strong><a href=\"https:\/\/venezia.webdiocesi.it\/pastorale-ragazzi\/festa-dei-ragazzi\/fdr-2020-in-onda\/\">Festa dei Ragazzi diocesana<\/a><\/strong>)<\/li>\n<\/ul>\n<hr \/>\n<p style=\"text-align: justify\">Ogni scheda settimanale del sussidio \u00e8 fatta di:<\/p>\n<ul>\n<li style=\"text-align: justify\">un breve<strong> COMMENTO <\/strong>(del Vangelo domenicale e, se possibile, anche di altre letture) che aiuti a mettersi in ascolto, a \u201ccentrarsi\u201d sulla Parola di Dio e a coglierne i suggerimenti rispetto al tema scelto;<\/li>\n<li style=\"text-align: justify\">un approccio \u201cpratico\u201d al <strong>SEGNO<\/strong> della settimana e indirizzato soprattutto ai gruppi di bambini, perch\u00e9 sappiamo come i piccoli hanno bisogno di vedere, toccare, assaggiare\u2026<\/li>\n<li style=\"text-align: justify\">idee e spunti per costruire <strong>ATTIVIT\u00c0\u00a0<\/strong>con la fascia 6-10 anni e con i preadolescenti;<\/li>\n<li style=\"text-align: justify\">una <strong>PREGHIERA<\/strong> e il richiamo al segno iniziale, ma questa volta in vista di <strong>UN IMPEGNO<\/strong> per la vita cristiana, in forza del Battesimo.<\/li>\n<\/ul>\n<hr \/>\n<h4><strong>QUARESIMA e PASQUA 2020<\/strong><\/h4>\n<p><img loading=\"lazy\" decoding=\"async\" class=\" wp-image-2950 alignleft\" src=\"https:\/\/venezia.webdiocesi.it\/Evangelizzazione-e-Catechesi\/wp-content\/uploads\/sites\/17\/2020\/03\/fatta_in_casa-300x264.png\" alt=\"\" width=\"265\" height=\"233\" \/>L\u2019invito \u201c<strong>DISTANTI DAL COVID-19 e STRETTI A GES\u00d9\u201d<\/strong>\u00a0ci d\u00e0 la possibilit\u00e0 di gustare una\u00a0<strong>CATECHESI\u2026 FATTA IN CASA!<\/strong><\/p>\n<p>Dedicata ai pi\u00f9 piccoli \u00e8 possibile scaricare da qui una semplice pagina illustrata per \u201centrare\u201d nel Vangelo della domenica<strong>,\u00a0<\/strong>riflettere e pregare assieme ai fratelli pi\u00f9 grandi, ai genitori o ai nonni. Questo strumento \u00e8 solo un<strong>\u00a0ALLEGATO\u00a0<\/strong>alla\u00a0<strong>PREGHIERA\u00a0<\/strong>offerta a tutti (adulti, giovani e famiglie), molti altri suggerimenti li trovate sulla\u00a0<strong><a href=\"https:\/\/venezia.webdiocesi.it\/anno-pastorale\/indicazioni-e-proposte-pastorali-per-la-quaresima-e-la-pasqua-2020\/\">pagina diocesana<\/a>\u00a0<\/strong>appositamente dedicata.<\/p>\n<ul>\n<li>SECONDA DOMENICA DI QUARESIMA:\u00a0<a href=\"https:\/\/venezia.webdiocesi.it\/Evangelizzazione-e-Catechesi\/wp-content\/uploads\/sites\/17\/2020\/03\/Allegato_bambini_II_sett.pdf\">allegato<\/a>\u00a0(per i pi\u00f9 piccoli)<\/li>\n<li>TERZA DOMENICA DI QUARESIMA:\u00a0<a href=\"https:\/\/venezia.webdiocesi.it\/Evangelizzazione-e-Catechesi\/wp-content\/uploads\/sites\/17\/2020\/03\/Allegato_per_bambini_III_dom.pdf\">allegato<\/a>\u00a0(per i pi\u00f9 piccoli)<\/li>\n<li>QUARTA DOMENICA DI QUARESIMA:\u00a0<a href=\"https:\/\/venezia.webdiocesi.it\/Evangelizzazione-e-Catechesi\/wp-content\/uploads\/sites\/17\/2020\/03\/Allegato_per_bambini_IV_dom.pdf\">allegato<\/a>\u00a0(per i pi\u00f9 piccoli)<\/li>\n<li>QUINTA DOMENICA DI QUARESIMA:\u00a0<a href=\"https:\/\/venezia.webdiocesi.it\/Evangelizzazione-e-Catechesi\/wp-content\/uploads\/sites\/17\/2020\/03\/Allegato_per_bambini_V_dom.pdf\">allegato<\/a>\u00a0(per i pi\u00f9 piccoli)<\/li>\n<\/ul>\n<p>&nbsp;<\/p>\n<p><img loading=\"lazy\" decoding=\"async\" class=\" wp-image-3138 alignright\" src=\"https:\/\/venezia.webdiocesi.it\/Evangelizzazione-e-Catechesi\/wp-content\/uploads\/sites\/17\/2020\/03\/TITOLO-300x161.jpg\" alt=\"\" width=\"337\" height=\"181\" \/><\/p>\n<p>Nella\u00a0<strong>Pasqua 2020<\/strong>, segnata dalla pandemia, \u00e8 venuta a mancare alla comunit\u00e0 cristiana la celebrazione comunitaria di tutti i riti del triduo pasquale e noi sappiamo come una comunit\u00e0 reale che celebra e vive la Pasqua sia una insostituibile fonte per l\u2019iniziazione cristiana dei nostri ragazzi. Consapevoli di questo, vorremmo offrire loro, tramite i catechisti e le famiglie, un piccolo accompagnamento che possa comunque aiutarli ogni giorno a soffermarsi sul mistero pasquale e a coglierne il valore per la propria vita.<\/p>\n<p><a href=\"https:\/\/venezia.webdiocesi.it\/Evangelizzazione-e-Catechesi\/attivita\/ragazzi-e-pasqua-il-triduo-pasquale-con-le-opere-di-tintoretto\/\"><strong>vai alla pagina per scaricare tutti i materiali<\/strong><\/a><\/p>\n","protected":false},"excerpt":{"rendered":"<p>Il cammino della Quaresima 2020 ci d\u00e0 la possibilit\u00e0 di fare un ulteriore passo verso l\u2019orizzonte triennale scelto come Chiesa di Venezia: \u201cVivi in Cristo\u201d. Prima di tutto ci aiuta a considerare la domanda di vita che abita il cuore di ogni uomo (anche se spesso giace dimenticata negli scantinati!), di quella pienezza di vita [&hellip;]<\/p>\n","protected":false},"author":0,"featured_media":0,"parent":2158,"menu_order":0,"comment_status":"closed","ping_status":"closed","template":"","meta":{"_acf_changed":false,"ip_address":"","user_agent":"","level":"","revision":"","cookie_id":"","page_referer":"","html_form":"","footnotes":""},"class_list":["post-2868","page","type-page","status-publish","hentry"],"acf":[],"_links":{"self":[{"href":"https:\/\/www.patriarcatovenezia.it\/evangelizzazione-e-catechesi\/wp-json\/wp\/v2\/pages\/2868"}],"collection":[{"href":"https:\/\/www.patriarcatovenezia.it\/evangelizzazione-e-catechesi\/wp-json\/wp\/v2\/pages"}],"about":[{"href":"https:\/\/www.patriarcatovenezia.it\/evangelizzazione-e-catechesi\/wp-json\/wp\/v2\/types\/page"}],"author":[{"embeddable":true,"href":"https:\/\/www.patriarcatovenezia.it\/evangelizzazione-e-catechesi\/wp-json\/wp\/v2\/users\/9"}],"replies":[{"embeddable":true,"href":"https:\/\/www.patriarcatovenezia.it\/evangelizzazione-e-catechesi\/wp-json\/wp\/v2\/comments?post=2868"}],"version-history":[{"count":9,"href":"https:\/\/www.patriarcatovenezia.it\/evangelizzazione-e-catechesi\/wp-json\/wp\/v2\/pages\/2868\/revisions"}],"predecessor-version":[{"id":4687,"href":"https:\/\/www.patriarcatovenezia.it\/evangelizzazione-e-catechesi\/wp-json\/wp\/v2\/pages\/2868\/revisions\/4687"}],"up":[{"embeddable":true,"href":"https:\/\/www.patriarcatovenezia.it\/evangelizzazione-e-catechesi\/wp-json\/wp\/v2\/pages\/2158"}],"wp:attachment":[{"href":"https:\/\/www.patriarcatovenezia.it\/evangelizzazione-e-catechesi\/wp-json\/wp\/v2\/media?parent=2868"}],"curies":[{"name":"wp","href":"https:\/\/api.w.org\/{rel}","templated":true}]}}