{"id":2792,"date":"2019-11-06T14:20:52","date_gmt":"2019-11-06T13:20:52","guid":{"rendered":"https:\/\/venezia.webdiocesi.it\/Evangelizzazione-e-Catechesi\/?page_id=2792"},"modified":"2020-11-27T16:03:49","modified_gmt":"2020-11-27T15:03:49","slug":"cammino-di-avvento-2019-e-quaresima-2020","status":"publish","type":"page","link":"https:\/\/www.patriarcatovenezia.it\/evangelizzazione-e-catechesi\/attivita\/bambini-e-ragazzi\/cammino-di-avvento-2019-e-quaresima-2020\/","title":{"rendered":"Cammino di Avvento 2019 e Quaresima 2020"},"content":{"rendered":"<h4 style=\"text-align: center\"><span style=\"color: #800080\"><strong>QUARESIMA e PASQUA 2020<\/strong><\/span><\/h4>\n<p><img loading=\"lazy\" decoding=\"async\" class=\" wp-image-2950 alignleft\" src=\"https:\/\/venezia.webdiocesi.it\/Evangelizzazione-e-Catechesi\/wp-content\/uploads\/sites\/17\/2020\/03\/fatta_in_casa-300x264.png\" alt=\"\" width=\"265\" height=\"233\" \/>L&#8217;invito &#8220;<strong><span style=\"color: #008000\">DISTANTI DAL COVID-19 e STRETTI A GES\u00d9&#8221;<\/span><\/strong>\u00a0ci d\u00e0 la possibilit\u00e0 di gustare una\u00a0<strong>CATECHESI&#8230; FATTA IN CASA!<\/strong><\/p>\n<p>Dedicata ai pi\u00f9 piccoli \u00e8 possibile scaricare da qui una semplice pagina illustrata per &#8220;entrare&#8221; nel Vangelo della domenica<strong>,\u00a0<\/strong>riflettere e pregare assieme ai fratelli pi\u00f9 grandi, ai genitori o ai nonni. Questo strumento \u00e8 solo un<strong> ALLEGATO\u00a0<\/strong>alla <strong>PREGHIERA <\/strong>offerta a tutti (adulti, giovani e famiglie), molti altri suggerimenti li trovate sulla <strong><a href=\"https:\/\/venezia.webdiocesi.it\/anno-pastorale\/indicazioni-e-proposte-pastorali-per-la-quaresima-e-la-pasqua-2020\/\">pagina diocesana<\/a>\u00a0<\/strong>appositamente dedicata.<\/p>\n<ul>\n<li>SECONDA DOMENICA DI QUARESIMA:\u00a0<a href=\"https:\/\/venezia.webdiocesi.it\/Evangelizzazione-e-Catechesi\/wp-content\/uploads\/sites\/17\/2020\/03\/Allegato_bambini_II_sett.pdf\">allegato<\/a> (per i pi\u00f9 piccoli)<\/li>\n<li>TERZA DOMENICA DI QUARESIMA: <a href=\"https:\/\/venezia.webdiocesi.it\/Evangelizzazione-e-Catechesi\/wp-content\/uploads\/sites\/17\/2020\/03\/Allegato_per_bambini_III_dom.pdf\">allegato<\/a> (per i pi\u00f9 piccoli)<\/li>\n<li>QUARTA DOMENICA DI QUARESIMA: <a href=\"https:\/\/venezia.webdiocesi.it\/Evangelizzazione-e-Catechesi\/wp-content\/uploads\/sites\/17\/2020\/03\/Allegato_per_bambini_IV_dom.pdf\">allegato<\/a> (per i pi\u00f9 piccoli)<\/li>\n<li>QUINTA DOMENICA DI QUARESIMA: <a href=\"https:\/\/venezia.webdiocesi.it\/Evangelizzazione-e-Catechesi\/wp-content\/uploads\/sites\/17\/2020\/03\/Allegato_per_bambini_V_dom.pdf\">allegato<\/a> (per i pi\u00f9 piccoli)<\/li>\n<\/ul>\n<p>&nbsp;<\/p>\n<p><img loading=\"lazy\" decoding=\"async\" class=\" wp-image-3138 alignright\" src=\"https:\/\/venezia.webdiocesi.it\/Evangelizzazione-e-Catechesi\/wp-content\/uploads\/sites\/17\/2020\/03\/TITOLO-300x161.jpg\" alt=\"\" width=\"337\" height=\"181\" \/><\/p>\n<p style=\"text-align: right\">Nella <strong>Pasqua 2020<\/strong>, segnata dalla pandemia, \u00e8 venuta a mancare alla comunit\u00e0 cristiana la celebrazione comunitaria di tutti i riti del triduo pasquale e noi sappiamo come una comunit\u00e0 reale che celebra e vive la Pasqua sia una insostituibile fonte per l\u2019iniziazione cristiana dei nostri ragazzi. Consapevoli di questo, vorremmo offrire loro, tramite i catechisti e le famiglie, un piccolo accompagnamento che possa comunque aiutarli ogni giorno a soffermarsi sul mistero pasquale e a coglierne il valore per la propria vita.<\/p>\n<p style=\"text-align: right\"><a href=\"https:\/\/venezia.webdiocesi.it\/Evangelizzazione-e-Catechesi\/attivita\/ragazzi-e-pasqua-il-triduo-pasquale-con-le-opere-di-tintoretto\/\"><strong>vai alla pagina per scaricare tutti i materiali<\/strong><\/a><\/p>\n<p>&nbsp;<\/p>\n<hr \/>\n<h4 style=\"text-align: center\"><span style=\"color: #800080\"><strong>AVVENTO e NATALE 2019<\/strong><\/span><\/h4>\n<p><img loading=\"lazy\" decoding=\"async\" class=\" wp-image-2793 alignleft\" src=\"https:\/\/venezia.webdiocesi.it\/Evangelizzazione-e-Catechesi\/wp-content\/uploads\/sites\/17\/2019\/11\/avvento2019-300x171.png\" alt=\"\" width=\"337\" height=\"192\" \/><\/p>\n<p><span style=\"color: #000080\"><strong>Ufficio evangelizzazione e catechesi in collaborazione con Caritas diocesana e San Vincenzo Mestrina &#8211; anno A<\/strong><\/span><\/p>\n<p><strong><span style=\"color: #3366ff\">SCARICA l&#8217;introduzione:<\/span>\u00a0<a href=\"https:\/\/venezia.webdiocesi.it\/Evangelizzazione-e-Catechesi\/wp-content\/uploads\/sites\/17\/2019\/11\/Sussidio_Avvento2019_introduzione.pdf\">Sussidio_Avvento2019_introduzione<\/a><\/strong><\/p>\n<p><span style=\"color: #ff00ff\"><strong><span style=\"color: #3366ff\">SCARICA l<\/span><\/strong><\/span><strong style=\"color: #ff00ff\"><span style=\"color: #3366ff\">e schede per le 4 settimane:<\/span>\u00a0<a href=\"https:\/\/venezia.webdiocesi.it\/Evangelizzazione-e-Catechesi\/wp-content\/uploads\/sites\/17\/2019\/11\/Sussidio_Avvento2019_schede.pdf\">Sussidio_Avvento2019_schede<\/a><\/strong><\/p>\n<p><strong><span style=\"color: #008080\"><span style=\"color: #3366ff\">SCARICA l&#8217;allegato per gruppi 6-10<\/span>:\u00a0<a href=\"https:\/\/venezia.webdiocesi.it\/Evangelizzazione-e-Catechesi\/wp-content\/uploads\/sites\/17\/2019\/11\/attivita_II_settimana_Tintoretto.pdf\">attivita_II_settimana_Tintoretto<\/a><\/span><\/strong><\/p>\n<p><strong><img loading=\"lazy\" decoding=\"async\" class=\"\" src=\"https:\/\/reygif.com\/media\/oveja-9832.gif\" alt=\"Immagine correlata\" width=\"80\" height=\"49\" \/>Clicca qui per le notizie\u00a0<\/strong><strong>sull&#8217;<a href=\"https:\/\/venezia.webdiocesi.it\/Evangelizzazione-e-Catechesi\/attivita\/bambini-e-ragazzi\/incontro-della-carita-2019\/\">Incontro della Carit\u00e0<\/a> 2019!!!<\/strong><\/p>\n<p>La nostra Chiesa di Venezia \u00e8 appena entrata in un triennio che ci aiuter\u00e0 ad approfondire cosa vuole dire per noi essere \u201cvivi in Cristo\u201d. \u00a0Tutti i fedeli battezzati sono dunque invitati a riscoprire il proprio Battesimo e a comprendere, sempre pi\u00f9 e sempre meglio, la bellezza dell\u2019essere <em>figli di Dio<\/em> in Cristo Ges\u00f9. Ci\u00f2 vale anche per i pi\u00f9 piccoli delle nostre comunit\u00e0.<\/p>\n<p>Riassumiamo il breve cammino che ci aspetta in questa tabella<\/p>\n<table style=\"height: 372px\" width=\"802\">\n<tbody>\n<tr>\n<td width=\"66\"><\/td>\n<td width=\"227\"><strong>azioni in cui crescere come figli<\/strong><\/td>\n<td width=\"191\"><strong>nella liturgia<\/strong><\/td>\n<td width=\"158\"><strong>segno<\/strong><\/td>\n<\/tr>\n<tr>\n<td width=\"66\"><strong>1^ sett<\/strong><\/td>\n<td width=\"227\">DIPENDERE\/CHIEDERE<\/td>\n<td width=\"191\"><em>preghiere dei fedeli<\/em><\/td>\n<td width=\"158\">fasce<\/td>\n<\/tr>\n<tr>\n<td width=\"66\"><strong>2^ sett<\/strong><\/td>\n<td width=\"227\">OBBEDIRE<\/td>\n<td width=\"191\"><em>atto penitenziale<\/em><\/td>\n<td width=\"158\">paglia<\/td>\n<\/tr>\n<tr>\n<td width=\"66\"><strong>3^ sett<\/strong><\/td>\n<td width=\"227\">CONDIVIDERE<\/td>\n<td width=\"191\"><em>preghiera dopo la comunione<\/em><\/td>\n<td width=\"158\">mangiatoia<\/td>\n<\/tr>\n<tr>\n<td width=\"66\"><strong>4^ sett<\/strong><\/td>\n<td width=\"227\">SOGNARE con DIO\/RISPONDERE<\/td>\n<td width=\"191\"><em>professione di fede<\/em><\/td>\n<td width=\"158\">Ges\u00f9 bambino<\/td>\n<\/tr>\n<\/tbody>\n<\/table>\n<p>&nbsp;<\/p>\n","protected":false},"excerpt":{"rendered":"<p>QUARESIMA e PASQUA 2020 L&#8217;invito &#8220;DISTANTI DAL COVID-19 e STRETTI A GES\u00d9&#8221;\u00a0ci d\u00e0 la possibilit\u00e0 di gustare una\u00a0CATECHESI&#8230; FATTA IN CASA! Dedicata ai pi\u00f9 piccoli \u00e8 possibile scaricare da qui una semplice pagina illustrata per &#8220;entrare&#8221; nel Vangelo della domenica,\u00a0riflettere e pregare assieme ai fratelli pi\u00f9 grandi, ai genitori o ai nonni. Questo strumento \u00e8 [&hellip;]<\/p>\n","protected":false},"author":0,"featured_media":0,"parent":225,"menu_order":0,"comment_status":"closed","ping_status":"closed","template":"","meta":{"_acf_changed":false,"ip_address":"","user_agent":"","level":"","revision":"","cookie_id":"","page_referer":"","html_form":"","footnotes":""},"class_list":["post-2792","page","type-page","status-publish","hentry"],"acf":[],"_links":{"self":[{"href":"https:\/\/www.patriarcatovenezia.it\/evangelizzazione-e-catechesi\/wp-json\/wp\/v2\/pages\/2792"}],"collection":[{"href":"https:\/\/www.patriarcatovenezia.it\/evangelizzazione-e-catechesi\/wp-json\/wp\/v2\/pages"}],"about":[{"href":"https:\/\/www.patriarcatovenezia.it\/evangelizzazione-e-catechesi\/wp-json\/wp\/v2\/types\/page"}],"author":[{"embeddable":true,"href":"https:\/\/www.patriarcatovenezia.it\/evangelizzazione-e-catechesi\/wp-json\/wp\/v2\/users\/9"}],"replies":[{"embeddable":true,"href":"https:\/\/www.patriarcatovenezia.it\/evangelizzazione-e-catechesi\/wp-json\/wp\/v2\/comments?post=2792"}],"version-history":[{"count":16,"href":"https:\/\/www.patriarcatovenezia.it\/evangelizzazione-e-catechesi\/wp-json\/wp\/v2\/pages\/2792\/revisions"}],"predecessor-version":[{"id":3532,"href":"https:\/\/www.patriarcatovenezia.it\/evangelizzazione-e-catechesi\/wp-json\/wp\/v2\/pages\/2792\/revisions\/3532"}],"up":[{"embeddable":true,"href":"https:\/\/www.patriarcatovenezia.it\/evangelizzazione-e-catechesi\/wp-json\/wp\/v2\/pages\/225"}],"wp:attachment":[{"href":"https:\/\/www.patriarcatovenezia.it\/evangelizzazione-e-catechesi\/wp-json\/wp\/v2\/media?parent=2792"}],"curies":[{"name":"wp","href":"https:\/\/api.w.org\/{rel}","templated":true}]}}