{"id":2646,"date":"2019-05-08T16:20:02","date_gmt":"2019-05-08T14:20:02","guid":{"rendered":"https:\/\/venezia.webdiocesi.it\/Evangelizzazione-e-Catechesi\/?page_id=2646"},"modified":"2019-05-08T16:23:59","modified_gmt":"2019-05-08T14:23:59","slug":"festa-dei-ragazzi-2019","status":"publish","type":"page","link":"https:\/\/www.patriarcatovenezia.it\/evangelizzazione-e-catechesi\/archivio-attivita\/festa-dei-ragazzi-2019\/","title":{"rendered":"FESTA dei RAGAZZI 2019"},"content":{"rendered":"<header class=\"article-header\">\n<h3 class=\"page-title\"><img loading=\"lazy\" decoding=\"async\" class=\"wp-image-2583 alignleft\" src=\"https:\/\/venezia.webdiocesi.it\/Evangelizzazione-e-Catechesi\/wp-content\/uploads\/sites\/17\/2019\/03\/nwsFdR19-300x90.png\" alt=\"\" width=\"650\" height=\"195\" srcset=\"https:\/\/www.patriarcatovenezia.it\/evangelizzazione-e-catechesi\/wp-content\/uploads\/sites\/17\/2019\/03\/nwsFdR19-300x90.png 300w, https:\/\/www.patriarcatovenezia.it\/evangelizzazione-e-catechesi\/wp-content\/uploads\/sites\/17\/2019\/03\/nwsFdR19-360x108.png 360w, https:\/\/www.patriarcatovenezia.it\/evangelizzazione-e-catechesi\/wp-content\/uploads\/sites\/17\/2019\/03\/nwsFdR19.png 708w\" sizes=\"(max-width: 650px) 100vw, 650px\" \/><\/h3>\n<\/header>\n<section class=\"entry-content\">\n<h4><span style=\"color: #ff0000\"><strong>Festa diocesana dei ragazzi<\/strong><\/span><\/h4>\n<h4><span style=\"color: #ff0000\"><strong>\u201cSANTI DI GIOIA\u201d<\/strong><\/span><\/h4>\n<h4><span style=\"color: #ff0000\"><strong>domenica 7 aprile 2019<\/strong><\/span><\/h4>\n<h4><span style=\"color: #ff0000\"><strong>dalle ore 9.30 alle ore 16.30<\/strong><\/span><\/h4>\n<h4><span style=\"color: #ff0000\"><strong><em>presso il PalaTurismo di JESOLO (p.zza Brescia, 11)<\/em><\/strong><\/span><\/h4>\n<p><a href=\"https:\/\/venezia.webdiocesi.it\/pastorale-ragazzi\/s-videogallery\/festa-ragazzi-2019-promo\/\"><img loading=\"lazy\" decoding=\"async\" class=\"aligncenter wp-image-1114 size-full\" src=\"https:\/\/venezia.webdiocesi.it\/pastorale-ragazzi\/wp-content\/uploads\/sites\/9\/2019\/02\/FestaRagazzi2019-promo.png\" alt=\"\" width=\"1920\" height=\"1080\" \/><\/a><\/p>\n<hr \/>\n<p>Alla festa sono invitati\u00a0<strong>tutti i ragazzi dagli 11 ai 14 anni, con i loro catechisti ed educatori<\/strong>, pi\u00f9 eventuali altre figure di accompagnamento.<\/p>\n<p>LE COORDINATE DIOCESANE<\/p>\n<p>Vivere nel quotidiano la<em><strong> Gaudete et Exultate<\/strong> <\/em>a misura di Ragazzo. In quest\u2019anno pastorale si \u00e8 scelto di seguire le indicazioni di Papa Francesco.<br \/>\nAnche noi abbiamo voluto inserirci in questo solco e proporre una festa che permetta di cogliere come poter \u201cvivere concretamente\u201d con gioia la santit\u00e0, nell\u2019avventura grande che \u00e8 la vita dei nostri amici preadolescenti. Ecco perch\u00e9 proporremo delle testimonianze di vita dove coglieremo, in un confronto tra luci e tenebre, la forza di testimoniare la gioia di esserci e come la nostra vita pu\u00f2 risultare riflesso dell\u2019amore di Dio del quale noi siamo immagine e somiglianza.<br \/>\nCos\u00ec anche il cammino che proponiamo prima della festa sar\u00e0 incentrato sulla via della gioia che propone Ges\u00f9, cio\u00e8 le Beatitudini, corredato da testimonianze di chi ha cercato di viverle.<br \/>\nTutto questo diventa primo annuncio, Kerigma, gioia che scaturisce dall\u2019incontro con quel Ges\u00f9 che, unico, pu\u00f2 rendere la gioia \u201cvera\u201d.<\/p>\n<hr \/>\n<header class=\"article-header\">\n<h1 class=\"entry-title single-title\">Per prepararsi alla Festa\u2026tutti beati!<\/h1>\n<p class=\"byline\"><img loading=\"lazy\" decoding=\"async\" class=\"attachment-single-post-thumbnail wp-post-image alignleft\" src=\"https:\/\/venezia.webdiocesi.it\/pastorale-ragazzi\/wp-content\/uploads\/sites\/9\/2019\/01\/id.jpg\" alt=\"\" width=\"446\" height=\"381\" \/><\/p>\n<p><strong><a href=\"https:\/\/venezia.webdiocesi.it\/pastorale-ragazzi\/wp-content\/uploads\/sites\/9\/2019\/01\/intro-Le-otto-beatitudini.pdf\">intro \u2013 Le otto beatitudini<\/a><\/strong><\/p>\n<p><strong><a href=\"https:\/\/venezia.webdiocesi.it\/pastorale-ragazzi\/wp-content\/uploads\/sites\/9\/2019\/01\/1-beati-i-poveri.pdf\">1 \u2013 beati i poveri<\/a><\/strong><\/p>\n<p><strong><a href=\"https:\/\/venezia.webdiocesi.it\/pastorale-ragazzi\/wp-content\/uploads\/sites\/9\/2019\/01\/2-beati-i-tristi.pdf\">2 \u2013 beati i tristi<\/a><\/strong><\/p>\n<p><strong><a href=\"https:\/\/venezia.webdiocesi.it\/pastorale-ragazzi\/wp-content\/uploads\/sites\/9\/2019\/01\/3-beati-i-miti.pdf\">3 \u2013 beati i miti<\/a><\/strong><\/p>\n<p><strong><a href=\"https:\/\/venezia.webdiocesi.it\/pastorale-ragazzi\/wp-content\/uploads\/sites\/9\/2019\/01\/4-beati-i-giusti.pdf\">4 \u2013 beati i giusti<\/a><\/strong><\/p>\n<p><strong><a href=\"https:\/\/venezia.webdiocesi.it\/pastorale-ragazzi\/wp-content\/uploads\/sites\/9\/2019\/01\/5-beati-i-misericordiosi.pdf\">5 \u2013 beati i misericordiosi<\/a><\/strong><\/p>\n<p><strong><a href=\"https:\/\/venezia.webdiocesi.it\/pastorale-ragazzi\/wp-content\/uploads\/sites\/9\/2019\/01\/6-beati-i-puri-di-cuore.pdf\">6 \u2013 beati i puri di cuore<\/a><\/strong><\/p>\n<p><strong><a href=\"https:\/\/venezia.webdiocesi.it\/pastorale-ragazzi\/wp-content\/uploads\/sites\/9\/2019\/01\/7-beati-gli-operatori-di-pace.pdf\">7 \u2013 beati gli operatori di pace<\/a><\/strong><\/p>\n<p><strong><a href=\"https:\/\/venezia.webdiocesi.it\/pastorale-ragazzi\/wp-content\/uploads\/sites\/9\/2019\/01\/8-beati-i-fedeli-e-i-giusti.pdf\">8 \u2013 beati i fedeli e i giusti<\/a><\/strong><\/p>\n<\/header>\n<section class=\"entry-content\">\n<h2><\/h2>\n<p>&nbsp;<\/p>\n<\/section>\n<\/section>\n","protected":false},"excerpt":{"rendered":"<p>Festa diocesana dei ragazzi \u201cSANTI DI GIOIA\u201d domenica 7 aprile 2019 dalle ore 9.30 alle ore 16.30 presso il PalaTurismo di JESOLO (p.zza Brescia, 11) Alla festa sono invitati\u00a0tutti i ragazzi dagli 11 ai 14 anni, con i loro catechisti ed educatori, pi\u00f9 eventuali altre figure di accompagnamento. LE COORDINATE DIOCESANE Vivere nel quotidiano la [&hellip;]<\/p>\n","protected":false},"author":0,"featured_media":0,"parent":221,"menu_order":0,"comment_status":"closed","ping_status":"closed","template":"","meta":{"_acf_changed":false,"ip_address":"","user_agent":"","level":"","revision":"","cookie_id":"","page_referer":"","html_form":"","footnotes":""},"class_list":["post-2646","page","type-page","status-publish","hentry"],"acf":[],"_links":{"self":[{"href":"https:\/\/www.patriarcatovenezia.it\/evangelizzazione-e-catechesi\/wp-json\/wp\/v2\/pages\/2646"}],"collection":[{"href":"https:\/\/www.patriarcatovenezia.it\/evangelizzazione-e-catechesi\/wp-json\/wp\/v2\/pages"}],"about":[{"href":"https:\/\/www.patriarcatovenezia.it\/evangelizzazione-e-catechesi\/wp-json\/wp\/v2\/types\/page"}],"author":[{"embeddable":true,"href":"https:\/\/www.patriarcatovenezia.it\/evangelizzazione-e-catechesi\/wp-json\/wp\/v2\/users\/9"}],"replies":[{"embeddable":true,"href":"https:\/\/www.patriarcatovenezia.it\/evangelizzazione-e-catechesi\/wp-json\/wp\/v2\/comments?post=2646"}],"version-history":[{"count":4,"href":"https:\/\/www.patriarcatovenezia.it\/evangelizzazione-e-catechesi\/wp-json\/wp\/v2\/pages\/2646\/revisions"}],"predecessor-version":[{"id":2651,"href":"https:\/\/www.patriarcatovenezia.it\/evangelizzazione-e-catechesi\/wp-json\/wp\/v2\/pages\/2646\/revisions\/2651"}],"up":[{"embeddable":true,"href":"https:\/\/www.patriarcatovenezia.it\/evangelizzazione-e-catechesi\/wp-json\/wp\/v2\/pages\/221"}],"wp:attachment":[{"href":"https:\/\/www.patriarcatovenezia.it\/evangelizzazione-e-catechesi\/wp-json\/wp\/v2\/media?parent=2646"}],"curies":[{"name":"wp","href":"https:\/\/api.w.org\/{rel}","templated":true}]}}