{"id":2320,"date":"2018-01-25T12:58:29","date_gmt":"2018-01-25T11:58:29","guid":{"rendered":"https:\/\/venezia.webdiocesi.it\/Evangelizzazione-e-Catechesi\/?page_id=2320"},"modified":"2018-10-31T15:53:01","modified_gmt":"2018-10-31T14:53:01","slug":"cammino-di-quaresima-2018","status":"publish","type":"page","link":"https:\/\/www.patriarcatovenezia.it\/evangelizzazione-e-catechesi\/archivio-attivita\/cammino-di-quaresima-2018\/","title":{"rendered":"Cammino di Avvento 2017 e Quaresima 2018"},"content":{"rendered":"<h3><span style=\"color: #993366\"><strong>CAMMINO di QUARESIMA 2018 \u2013 anno B<\/strong><\/span><\/h3>\n<p><img loading=\"lazy\" decoding=\"async\" class=\"aligncenter wp-image-2321\" src=\"https:\/\/venezia.webdiocesi.it\/Evangelizzazione-e-Catechesi\/wp-content\/uploads\/sites\/17\/2018\/01\/logoQuar2018_lungo-300x81.png\" alt=\"\" width=\"525\" height=\"142\" srcset=\"https:\/\/www.patriarcatovenezia.it\/evangelizzazione-e-catechesi\/wp-content\/uploads\/sites\/17\/2018\/01\/logoQuar2018_lungo-300x81.png 300w, https:\/\/www.patriarcatovenezia.it\/evangelizzazione-e-catechesi\/wp-content\/uploads\/sites\/17\/2018\/01\/logoQuar2018_lungo-768x207.png 768w, https:\/\/www.patriarcatovenezia.it\/evangelizzazione-e-catechesi\/wp-content\/uploads\/sites\/17\/2018\/01\/logoQuar2018_lungo-360x97.png 360w, https:\/\/www.patriarcatovenezia.it\/evangelizzazione-e-catechesi\/wp-content\/uploads\/sites\/17\/2018\/01\/logoQuar2018_lungo.png 929w\" sizes=\"(max-width: 525px) 100vw, 525px\" \/><\/p>\n<p style=\"text-align: justify\"><strong><a href=\"https:\/\/venezia.webdiocesi.it\/Evangelizzazione-e-Catechesi\/wp-content\/uploads\/sites\/17\/2018\/01\/SCHEDE_Quaresima2018.pdf\">LE CINQUE SCHEDE<\/a> <\/strong>che il Centro Missionario ha preparato per l\u2019itinerario quaresimale, vengono offerte innanzitutto ai catechisti, che potranno usarle come riferimento per la riflessione, la preghiera e l\u2019impegno personale di carit\u00e0. Ma possono servire ad <strong>ogni battezzato<\/strong> per il proprio cammino di conversione verso la Pasqua, affinch\u00e9 cresca soprattutto nella testimonianza e nella capacit\u00e0 di fare\u00a0<em>&#8220;alleanza con ogni uomo&#8221;<\/em>.<\/p>\n<p style=\"text-align: justify\">Ogni scheda riporta:<\/p>\n<ul>\n<li style=\"text-align: justify\">il brano della <strong>prima lettura domenicale<\/strong>, seguito da un breve commento;<img loading=\"lazy\" decoding=\"async\" class=\"wp-image-2328 alignright\" src=\"https:\/\/venezia.webdiocesi.it\/Evangelizzazione-e-Catechesi\/wp-content\/uploads\/sites\/17\/2018\/01\/PAD-261x300.png\" alt=\"\" width=\"165\" height=\"189\" srcset=\"https:\/\/www.patriarcatovenezia.it\/evangelizzazione-e-catechesi\/wp-content\/uploads\/sites\/17\/2018\/01\/PAD-261x300.png 261w, https:\/\/www.patriarcatovenezia.it\/evangelizzazione-e-catechesi\/wp-content\/uploads\/sites\/17\/2018\/01\/PAD-243x280.png 243w, https:\/\/www.patriarcatovenezia.it\/evangelizzazione-e-catechesi\/wp-content\/uploads\/sites\/17\/2018\/01\/PAD.png 445w\" sizes=\"(max-width: 165px) 100vw, 165px\" \/><\/li>\n<li style=\"text-align: justify\">un suggerimento che nasce dalla Parola di Dio per\u00a0l&#8217;<strong>impegno<\/strong> nella vita di tutti i giorni;<\/li>\n<li style=\"text-align: justify\">un <strong>progetto\u00a0missionario<\/strong>, che viene portato avanti dai sacerdoti, religiosi e laici della nostra Diocesi, nei territori dove lavorano;<\/li>\n<li style=\"text-align: justify\">una <strong>preghiera <\/strong>finale, a cui si pu\u00f2 dare voce in maniera personale o nel cammino di gruppo;<\/li>\n<li style=\"text-align: justify\">il richiamo alla raccolta\u00a0<strong>UN PANE PER AMOR DI DIO<\/strong>, con cui sosteniamo l&#8217;impegno missionario della Chiesa veneziana.<\/li>\n<\/ul>\n<hr \/>\n<p><strong style=\"text-align: center\"><span style=\"color: #993366\">PER L&#8217;ACCOMPAGNAMENTO DEI BAMBINI E DEI RAGAZZI<\/span><\/strong><\/p>\n<h4 style=\"text-align: center\"><strong><span style=\"color: #993366\"><img loading=\"lazy\" decoding=\"async\" class=\"wp-image-1244 alignleft\" src=\"https:\/\/venezia.webdiocesi.it\/Evangelizzazione-e-Catechesi\/wp-content\/uploads\/sites\/17\/2016\/01\/mano_che_indica20Dx.gif\" alt=\"mano_che_indica%20Dx\" width=\"88\" height=\"59\" \/><\/span><\/strong><\/h4>\n<p><b><span style=\"color: #0000ff\">PER I GRUPPI DI PREADOLESCENTI<\/span>\u00a0<\/b>ricordiamo solo che la Quaresima 2018 \u00e8 parte del <strong><a href=\"https:\/\/venezia.webdiocesi.it\/pastorale-ragazzi\/2017\/12\/29\/materiale-per-la-preparazione\/\">cammino di preparazione<\/a><\/strong> al <a href=\"https:\/\/venezia.webdiocesi.it\/pastorale-ragazzi\/232-2\/assisi-2018\/\"><strong>Pellegrinaggio<\/strong> <strong>diocesano ad Assisi<\/strong> <\/a>(20-22 aprile) per il quale \u00e8 gi\u00e0 stato messo a disposizione ampio materiale nelle pagine del sito della Pastorale dei Ragazzi. Cinque tappe (delle 12 suggerite) prevedono un collegamento con i vangeli delle domeniche di Quaresima, ma niente impedisce ai gruppi parrocchiali di abbinare altre tappe alle cinque settimane prima di Pasqua, in base naturalmente alle tematiche sviluppati in esse.<\/p>\n<h4 style=\"text-align: center\"><strong><span style=\"color: #993366\"><img loading=\"lazy\" decoding=\"async\" class=\"wp-image-1244 alignleft\" src=\"https:\/\/venezia.webdiocesi.it\/Evangelizzazione-e-Catechesi\/wp-content\/uploads\/sites\/17\/2016\/01\/mano_che_indica20Dx.gif\" alt=\"mano_che_indica%20Dx\" width=\"88\" height=\"59\" \/><\/span><\/strong><\/h4>\n<p><span style=\"color: #0000ff\"><strong>PER I GRUPPI DI BAMBINI<\/strong> <\/span>(6-10 anni), a partire dai contenuti delle cinque <strong>schede<\/strong>, elaborate assieme all\u2019Ufficio missionario, forniamo qui di seguito altri materiali utili per ideare le attivit\u00e0 di catechesi a misura di bambino e alcune idee per chi desidera rendere organico e visibile il cammino proposto&#8230;<\/p>\n<p><a href=\"http:\/\/www.notedipastoralegiovanile.it\/index.php?option=com_content&amp;view=article&amp;id=7405:lalleanza-esperienza-di-amicizia-con-dio-e-di-fraternita-tra-gli-uomini&amp;catid=97:npg-annata-2004&amp;Itemid=207\"><img loading=\"lazy\" decoding=\"async\" class=\"alignright wp-image-2350\" src=\"https:\/\/venezia.webdiocesi.it\/Evangelizzazione-e-Catechesi\/wp-content\/uploads\/sites\/17\/2018\/01\/studio-300x189.png\" alt=\"\" width=\"245\" height=\"156\" \/><\/a><\/p>\n<ul>\n<li><strong><a href=\"https:\/\/venezia.webdiocesi.it\/Evangelizzazione-e-Catechesi\/wp-content\/uploads\/sites\/17\/2018\/01\/PRESENTAZIONE_Quaresima2018.pdf\">PRESENTAZIONE_Quaresima2018<\/a><\/strong><\/li>\n<li><strong><a href=\"https:\/\/venezia.webdiocesi.it\/Evangelizzazione-e-Catechesi\/wp-content\/uploads\/sites\/17\/2018\/01\/suggerimentiATTIVITA_6-10anni.pdf\">suggerimentiATTIVITA_6-10anni<\/a><\/strong><\/li>\n<\/ul>\n<p>Materiali di supporto pratico\/grafico<\/p>\n<ul>\n<li><strong><a href=\"https:\/\/venezia.webdiocesi.it\/Evangelizzazione-e-Catechesi\/wp-content\/uploads\/sites\/17\/2018\/01\/PERSONAGGI_disegni.pdf\">PERSONAGGI_disegni<\/a><\/strong><\/li>\n<li><strong><a href=\"https:\/\/venezia.webdiocesi.it\/Evangelizzazione-e-Catechesi\/wp-content\/uploads\/sites\/17\/2018\/01\/SEGNI_Quaresima_2018.pdf\">SEGNI_disegni<\/a><\/strong><\/li>\n<li><strong><a href=\"https:\/\/venezia.webdiocesi.it\/Evangelizzazione-e-Catechesi\/wp-content\/uploads\/sites\/17\/2018\/01\/tovaglia.pdf\">tovaglia<\/a><\/strong><\/li>\n<\/ul>\n<p>P.S.: per altre richieste grafiche (sempre se possiamo esservi utili), scrivete a: <strong>catechistico@patriarcatovenezia.it<\/strong><\/p>\n<hr \/>\n<p><strong>Ufficio evangelizzazione e catechesi <\/strong>&#8211;\u00a0in collaborazione con <strong>Ufficio missioni<\/strong><\/p>\n<h4 style=\"text-align: left\"><strong>Cammino di AVVENTO e NATALE &#8211; a<\/strong><strong>nno B<img loading=\"lazy\" decoding=\"async\" class=\" wp-image-2277 alignright\" src=\"https:\/\/venezia.webdiocesi.it\/Evangelizzazione-e-Catechesi\/wp-content\/uploads\/sites\/17\/2017\/11\/annunciazione-rialto-dx-S-225x300.jpg\" alt=\"\" width=\"104\" height=\"139\" srcset=\"https:\/\/www.patriarcatovenezia.it\/evangelizzazione-e-catechesi\/wp-content\/uploads\/sites\/17\/2017\/11\/annunciazione-rialto-dx-S-225x300.jpg 225w, https:\/\/www.patriarcatovenezia.it\/evangelizzazione-e-catechesi\/wp-content\/uploads\/sites\/17\/2017\/11\/annunciazione-rialto-dx-S-210x280.jpg 210w, https:\/\/www.patriarcatovenezia.it\/evangelizzazione-e-catechesi\/wp-content\/uploads\/sites\/17\/2017\/11\/annunciazione-rialto-dx-S.jpg 240w\" sizes=\"(max-width: 104px) 100vw, 104px\" \/><\/strong><\/h4>\n<h3 style=\"text-align: center\"><span style=\"color: #993366\"><strong>\u201c<\/strong><strong>NULLA <\/strong><strong>\u00c8 <\/strong><strong>IMPOSSIBILE A DIO<\/strong><strong>\u201d <\/strong>(Lc 1,37)<\/span><\/h3>\n<p><span style=\"color: #666699\"><em>\u00a0<\/em><\/span><\/p>\n<p><span style=\"color: #666699\"><em>Dal discorso di Papa Francesco alla GMG 2016<\/em><\/span><\/p>\n<blockquote><p><span style=\"color: #666699\">\u201cLa vita di oggi ci dice che \u00e8 molto facile fissare l\u2019attenzione su quello che ci divide, su quello che ci separa. Vorrebbero farci credere che chiuderci \u00e8 il miglior modo di proteggerci da ci\u00f2 che ci fa male. Oggi noi adulti abbiamo bisogno di voi, per insegnarci a convivere nella diversit\u00e0, nel dialogo, nel condividere la multiculturalit\u00e0 non come una minaccia ma come un\u2019opportunit\u00e0: <\/span><strong style=\"color: #666699\">abbiate il coraggio di insegnarci che \u00e8 pi\u00f9 facile costruire ponti che innalzare muri! E tutti insieme chiediamo che esigiate da noi di percorrere le strade della fraternit\u00e0<\/strong><span style=\"color: #666699\">\u201d.<\/span><\/p><\/blockquote>\n<p>Tale desiderio di Papa Francesco per un percorso intergenerazionale che conduca alla fraternit\u00e0, ispira il nostro cammino di Avvento 2017. Questo sussidio intende proprio aiutare a dare corpo all\u2019invito del Papa a \u201cfarsi ponti\u201d che faremo rimbalzare in tutta la citt\u00e0 di Venezia il 3 dicembre con tutti i bambini che vorranno unirsi. Ci pare che esso, infatti, risponda bene &#8211; in chiave contemporanea &#8211; sia all\u2019esortazione sempre viva di San Giovanni Battista a <em>preparare la via<\/em> all\u2019incontro con il Signore, sia al bisogno di trovare forme nuove e attuali per vivere il Vangelo della fraternit\u00e0, con uno stile fortemente missionario.<\/p>\n<p><strong><img loading=\"lazy\" decoding=\"async\" class=\" wp-image-2283 alignleft\" src=\"https:\/\/venezia.webdiocesi.it\/Evangelizzazione-e-Catechesi\/wp-content\/uploads\/sites\/17\/2017\/11\/4Candele-300x149.png\" alt=\"\" width=\"296\" height=\"148\" \/><a href=\"https:\/\/venezia.webdiocesi.it\/Evangelizzazione-e-Catechesi\/wp-content\/uploads\/sites\/17\/2017\/11\/SussidioAvvento2017.pdf\">SCARICA IL SUSSIDIO<\/a> per la fascia d&#8217;et\u00e0 6-10 anni<\/strong><\/p>\n<p>&nbsp;<\/p>\n<p><a href=\"https:\/\/venezia.webdiocesi.it\/Evangelizzazione-e-Catechesi\/attivita\/incontro-della-carita-2017\/\"><img loading=\"lazy\" decoding=\"async\" class=\"wp-image-2252 alignright\" src=\"https:\/\/venezia.webdiocesi.it\/Evangelizzazione-e-Catechesi\/wp-content\/uploads\/sites\/17\/2017\/11\/logoIDC2017-300x178.png\" alt=\"\" width=\"254\" height=\"151\" \/><\/a><\/p>\n","protected":false},"excerpt":{"rendered":"<p>CAMMINO di QUARESIMA 2018 \u2013 anno B LE CINQUE SCHEDE che il Centro Missionario ha preparato per l\u2019itinerario quaresimale, vengono offerte innanzitutto ai catechisti, che potranno usarle come riferimento per la riflessione, la preghiera e l\u2019impegno personale di carit\u00e0. Ma possono servire ad ogni battezzato per il proprio cammino di conversione verso la Pasqua, affinch\u00e9 [&hellip;]<\/p>\n","protected":false},"author":0,"featured_media":0,"parent":221,"menu_order":0,"comment_status":"closed","ping_status":"closed","template":"","meta":{"_acf_changed":false,"ip_address":"","user_agent":"","level":"","revision":"","cookie_id":"","page_referer":"","html_form":"","footnotes":""},"class_list":["post-2320","page","type-page","status-publish","hentry"],"acf":[],"_links":{"self":[{"href":"https:\/\/www.patriarcatovenezia.it\/evangelizzazione-e-catechesi\/wp-json\/wp\/v2\/pages\/2320"}],"collection":[{"href":"https:\/\/www.patriarcatovenezia.it\/evangelizzazione-e-catechesi\/wp-json\/wp\/v2\/pages"}],"about":[{"href":"https:\/\/www.patriarcatovenezia.it\/evangelizzazione-e-catechesi\/wp-json\/wp\/v2\/types\/page"}],"author":[{"embeddable":true,"href":"https:\/\/www.patriarcatovenezia.it\/evangelizzazione-e-catechesi\/wp-json\/wp\/v2\/users\/9"}],"replies":[{"embeddable":true,"href":"https:\/\/www.patriarcatovenezia.it\/evangelizzazione-e-catechesi\/wp-json\/wp\/v2\/comments?post=2320"}],"version-history":[{"count":18,"href":"https:\/\/www.patriarcatovenezia.it\/evangelizzazione-e-catechesi\/wp-json\/wp\/v2\/pages\/2320\/revisions"}],"predecessor-version":[{"id":2486,"href":"https:\/\/www.patriarcatovenezia.it\/evangelizzazione-e-catechesi\/wp-json\/wp\/v2\/pages\/2320\/revisions\/2486"}],"up":[{"embeddable":true,"href":"https:\/\/www.patriarcatovenezia.it\/evangelizzazione-e-catechesi\/wp-json\/wp\/v2\/pages\/221"}],"wp:attachment":[{"href":"https:\/\/www.patriarcatovenezia.it\/evangelizzazione-e-catechesi\/wp-json\/wp\/v2\/media?parent=2320"}],"curies":[{"name":"wp","href":"https:\/\/api.w.org\/{rel}","templated":true}]}}