{"id":2081,"date":"2017-06-09T16:06:54","date_gmt":"2017-06-09T14:06:54","guid":{"rendered":"https:\/\/venezia.webdiocesi.it\/Evangelizzazione-e-Catechesi\/?page_id=2081"},"modified":"2017-06-09T16:20:08","modified_gmt":"2017-06-09T14:20:08","slug":"cammino-di-avvento-2006-e-quaresima-2007_ragazzi","status":"publish","type":"page","link":"https:\/\/www.patriarcatovenezia.it\/evangelizzazione-e-catechesi\/archivio-attivita\/cammino-di-avvento-2006-e-quaresima-2007_ragazzi\/","title":{"rendered":"Cammino di Avvento 2006 e Quaresima 2007_ragazzi"},"content":{"rendered":"<p style=\"text-align: right\"><strong>AVVENTO e SANTO NATALE 2006<\/strong><\/p>\n<h4 style=\"text-align: right\"><span style=\"color: #993366\"><strong><img loading=\"lazy\" decoding=\"async\" class=\"size-medium wp-image-2085 alignright\" src=\"https:\/\/venezia.webdiocesi.it\/Evangelizzazione-e-Catechesi\/wp-content\/uploads\/sites\/17\/2017\/06\/castello-collage-chiaro-300x198.jpg\" alt=\"\" width=\"300\" height=\"198\" \/>EVVIVA IL RE DEI RE!<\/strong><\/span><\/h4>\n<p>Carissimi, il tempo di Avvento, inizio dell&#8217;anno liturgico, \u00e8 sempre ricco di spunti per riscoprire le verit\u00e0 della nostra fede in Ges\u00f9 Cristo, Parola di Dio fatta carne. Pur dovendo richiamare ogni anno la dimensione dell&#8217;attesa (di Ges\u00f9 che \u00e8 venuto, che viene e che verr\u00e0), sentiamo come nell&#8217;annuncio gioioso degli angeli ai pastori si rinnovi in noi lo stupore e la gioia grande di vedere Dio all&#8217;opera nella storia umana. L&#8217;attesa del popolo di Israele, diventa la nostra, le parole dei profeti e le promesse di Dio, schiudono anche a noi oggi prospettive di speranza. E alcune figure, immagini, che sembrano lontane dal nostro tempo, diventano invece cos\u00ec familiari per chi ama la Parola di Dio e con essa nutre la preghiera di ogni giorno. Ecco dove nasce lo slogan di quest&#8217;anno e il desiderio di ritrovare il senso della parola \u201cRe\u201d, \u201cSignore\u201d, riferita a Ges\u00f9, compimento di tutte le attese, per esprimere il bisogno di salvezza, di affidamento, di dono totale sia nostro che dei pi\u00f9 piccoli.<br \/>\nCrediamo che la regalit\u00e0 di Cristo non abiti solo la Parola ascoltata e pregata in tante nostre liturgie, ma possa e debba trovare cittadinanza nel vissuto di ogni cristiano, perch\u00e9 insieme ai Magi anche noi possiamo dire: <em>&#8220;Dov&#8217;\u00e8 il re dei Giudei che \u00e8 nato? Abbiamo visto sorgere la sua stella, e siamo venuti per adorarlo&#8221;.<\/em> (Mt 2, 2)<\/p>\n<p><strong>Scarica:<\/strong><\/p>\n<ul>\n<li><strong>la <a href=\"https:\/\/venezia.webdiocesi.it\/Evangelizzazione-e-Catechesi\/wp-content\/uploads\/sites\/17\/2017\/06\/foglio_copertina_11-14.pdf\">presentazione del cammino<\/a><\/strong><\/li>\n<li><strong>le 4 schede\u00a0<a href=\"https:\/\/venezia.webdiocesi.it\/Evangelizzazione-e-Catechesi\/wp-content\/uploads\/sites\/17\/2017\/06\/schede_Evviva_11-14.pdf\">EvvivaIlRe_11-14<\/a><\/strong><\/li>\n<li><strong>le schede di approfondimento su <a href=\"https:\/\/venezia.webdiocesi.it\/Evangelizzazione-e-Catechesi\/wp-content\/uploads\/sites\/17\/2017\/06\/Giovanni_Battista.pdf\">Giovanni_Battista<\/a><\/strong><\/li>\n<\/ul>\n<hr \/>\n<p><strong>QUARESIMA e SANTA PASQUA 2007<\/strong><\/p>\n<h5>\u00a0<span style=\"color: #993366\"><strong>&#8220;QUESTO\u00a0\u00c8 IL MIO CORPO&#8221;<\/strong><\/span><\/h5>\n<p><img loading=\"lazy\" decoding=\"async\" class=\"size-medium wp-image-2082 alignleft\" src=\"https:\/\/venezia.webdiocesi.it\/Evangelizzazione-e-Catechesi\/wp-content\/uploads\/sites\/17\/2017\/06\/Pellicano-297x300.jpg\" alt=\"\" width=\"297\" height=\"300\" srcset=\"https:\/\/www.patriarcatovenezia.it\/evangelizzazione-e-catechesi\/wp-content\/uploads\/sites\/17\/2017\/06\/Pellicano-297x300.jpg 297w, https:\/\/www.patriarcatovenezia.it\/evangelizzazione-e-catechesi\/wp-content\/uploads\/sites\/17\/2017\/06\/Pellicano-277x280.jpg 277w, https:\/\/www.patriarcatovenezia.it\/evangelizzazione-e-catechesi\/wp-content\/uploads\/sites\/17\/2017\/06\/Pellicano.jpg 368w\" sizes=\"(max-width: 297px) 100vw, 297px\" \/>Il cammino di Quaresima di quest&#8217;anno \u00e8 un progressivo processo di \u201cliberazione\u201d di tutta la propria persona, proposto ai ragazzi attraverso l&#8217;immagine di un corpo che, cercando e trovando risposta immediata ai suoi bisogni solo nelle cose materiali, rischia di ripiegarsi su se stesso, impedendo cos\u00ec le funzioni pi\u00f9 elementari e finisce per negare la relazione con gli altri, quindi la realizzazione di s\u00e9. Da una situazione iniziale, infatti, di chiusura e \u201catrofizzazione\u201d di alcune parti del corpo, settimana per settimana la Parola di Dio aiuter\u00e0 ad aprirsi al mondo, agli altri, al Signore\u2026 Si rimetter\u00e0 in funzione tutto noi stessi (l&#8217;immagine del corpo \u00e8 un&#8217;immagine unitaria e globale) per una salvezza in Ges\u00f9 che non riguarda solo l&#8217;anima, ma la persona intera. Per i ragazzi ci\u00f2 deve annunciare che la loro corporeit\u00e0, anch&#8217;essa dono di Dio, in Ges\u00f9 \u00e8 assunta ed esaltata al massimo, sia nei suoi aspetti belli (quelli dell&#8217;espressione e della relazione) che in quelli pi\u00f9 difficili, come il dolore, la sofferenza, la malattia. La risurrezione di Ges\u00f9, punto di arrivo e senso di questo cammino quaresimale, \u00e8 risurrezione nella carne e ci dice che il corpo che ci \u00e8 stato donato non pu\u00f2 avere il sopravvento, ma non \u00e8 neanche un peso o un impaccio, esso trova perfezione e completezza nel disegno di Dio, come ci ha insegnato Ges\u00f9.<\/p>\n<p>Scarica la presentazione del cammino e le schede per i gruppi 11-14 anni:<\/p>\n<p><strong>\u2666 <a href=\"https:\/\/venezia.webdiocesi.it\/Evangelizzazione-e-Catechesi\/wp-content\/uploads\/sites\/17\/2017\/06\/1_Questo-\u00e8-il-mio-corpo_11-14.pdf\">1_Questo \u00e8 il mio corpo_11-14<\/a>\u00a0 \u00a0 \u00a0 \u00a0\u2666\u00a0\u00a0<a href=\"https:\/\/venezia.webdiocesi.it\/Evangelizzazione-e-Catechesi\/wp-content\/uploads\/sites\/17\/2017\/06\/2_Questo-\u00e8-il-mio-corpo_11-14.pdf\">2_Questo \u00e8 il mio corpo_11-14<\/a><\/strong><\/p>\n<hr \/>\n<p style=\"text-align: center\"><strong>Per le informazioni sul Pellegrinaggio a Roma 2007 clicca sull&#8217;immagine<a href=\"https:\/\/venezia.webdiocesi.it\/Evangelizzazione-e-Catechesi\/archivio-attivita\/roma-2007_pellegrinaggio-preadolescenti\/?repeat=w3tc\"><img loading=\"lazy\" decoding=\"async\" class=\"aligncenter wp-image-2066 size-medium\" src=\"https:\/\/venezia.webdiocesi.it\/Evangelizzazione-e-Catechesi\/wp-content\/uploads\/sites\/17\/2017\/06\/PASS-senza-buco-194x300.jpg\" width=\"194\" height=\"300\" srcset=\"https:\/\/www.patriarcatovenezia.it\/evangelizzazione-e-catechesi\/wp-content\/uploads\/sites\/17\/2017\/06\/PASS-senza-buco-194x300.jpg 194w, https:\/\/www.patriarcatovenezia.it\/evangelizzazione-e-catechesi\/wp-content\/uploads\/sites\/17\/2017\/06\/PASS-senza-buco-768x1187.jpg 768w, https:\/\/www.patriarcatovenezia.it\/evangelizzazione-e-catechesi\/wp-content\/uploads\/sites\/17\/2017\/06\/PASS-senza-buco-662x1024.jpg 662w, https:\/\/www.patriarcatovenezia.it\/evangelizzazione-e-catechesi\/wp-content\/uploads\/sites\/17\/2017\/06\/PASS-senza-buco-181x280.jpg 181w, https:\/\/www.patriarcatovenezia.it\/evangelizzazione-e-catechesi\/wp-content\/uploads\/sites\/17\/2017\/06\/PASS-senza-buco-497x768.jpg 497w, https:\/\/www.patriarcatovenezia.it\/evangelizzazione-e-catechesi\/wp-content\/uploads\/sites\/17\/2017\/06\/PASS-senza-buco.jpg 1082w\" sizes=\"(max-width: 194px) 100vw, 194px\" \/><\/a><br \/>\n<\/strong><\/p>\n","protected":false},"excerpt":{"rendered":"<p>AVVENTO e SANTO NATALE 2006 EVVIVA IL RE DEI RE! Carissimi, il tempo di Avvento, inizio dell&#8217;anno liturgico, \u00e8 sempre ricco di spunti per riscoprire le verit\u00e0 della nostra fede in Ges\u00f9 Cristo, Parola di Dio fatta carne. Pur dovendo richiamare ogni anno la dimensione dell&#8217;attesa (di Ges\u00f9 che \u00e8 venuto, che viene e che [&hellip;]<\/p>\n","protected":false},"author":0,"featured_media":0,"parent":221,"menu_order":0,"comment_status":"closed","ping_status":"closed","template":"","meta":{"_acf_changed":false,"ip_address":"","user_agent":"","level":"","revision":"","cookie_id":"","page_referer":"","html_form":"","footnotes":""},"class_list":["post-2081","page","type-page","status-publish","hentry"],"acf":[],"_links":{"self":[{"href":"https:\/\/www.patriarcatovenezia.it\/evangelizzazione-e-catechesi\/wp-json\/wp\/v2\/pages\/2081"}],"collection":[{"href":"https:\/\/www.patriarcatovenezia.it\/evangelizzazione-e-catechesi\/wp-json\/wp\/v2\/pages"}],"about":[{"href":"https:\/\/www.patriarcatovenezia.it\/evangelizzazione-e-catechesi\/wp-json\/wp\/v2\/types\/page"}],"author":[{"embeddable":true,"href":"https:\/\/www.patriarcatovenezia.it\/evangelizzazione-e-catechesi\/wp-json\/wp\/v2\/users\/9"}],"replies":[{"embeddable":true,"href":"https:\/\/www.patriarcatovenezia.it\/evangelizzazione-e-catechesi\/wp-json\/wp\/v2\/comments?post=2081"}],"version-history":[{"count":3,"href":"https:\/\/www.patriarcatovenezia.it\/evangelizzazione-e-catechesi\/wp-json\/wp\/v2\/pages\/2081\/revisions"}],"predecessor-version":[{"id":2093,"href":"https:\/\/www.patriarcatovenezia.it\/evangelizzazione-e-catechesi\/wp-json\/wp\/v2\/pages\/2081\/revisions\/2093"}],"up":[{"embeddable":true,"href":"https:\/\/www.patriarcatovenezia.it\/evangelizzazione-e-catechesi\/wp-json\/wp\/v2\/pages\/221"}],"wp:attachment":[{"href":"https:\/\/www.patriarcatovenezia.it\/evangelizzazione-e-catechesi\/wp-json\/wp\/v2\/media?parent=2081"}],"curies":[{"name":"wp","href":"https:\/\/api.w.org\/{rel}","templated":true}]}}