{"id":2063,"date":"2017-06-09T15:05:39","date_gmt":"2017-06-09T13:05:39","guid":{"rendered":"https:\/\/venezia.webdiocesi.it\/Evangelizzazione-e-Catechesi\/?page_id=2063"},"modified":"2017-06-09T15:18:50","modified_gmt":"2017-06-09T13:18:50","slug":"roma-2007_pellegrinaggio-preadolescenti","status":"publish","type":"page","link":"https:\/\/www.patriarcatovenezia.it\/evangelizzazione-e-catechesi\/archivio-attivita\/roma-2007_pellegrinaggio-preadolescenti\/","title":{"rendered":"Roma 2007_pellegrinaggio preadolescenti"},"content":{"rendered":"<h4><strong><img loading=\"lazy\" decoding=\"async\" class=\" wp-image-2066 alignright\" src=\"https:\/\/venezia.webdiocesi.it\/Evangelizzazione-e-Catechesi\/wp-content\/uploads\/sites\/17\/2017\/06\/PASS-senza-buco-194x300.jpg\" alt=\"\" width=\"175\" height=\"271\" srcset=\"https:\/\/www.patriarcatovenezia.it\/evangelizzazione-e-catechesi\/wp-content\/uploads\/sites\/17\/2017\/06\/PASS-senza-buco-194x300.jpg 194w, https:\/\/www.patriarcatovenezia.it\/evangelizzazione-e-catechesi\/wp-content\/uploads\/sites\/17\/2017\/06\/PASS-senza-buco-768x1187.jpg 768w, https:\/\/www.patriarcatovenezia.it\/evangelizzazione-e-catechesi\/wp-content\/uploads\/sites\/17\/2017\/06\/PASS-senza-buco-662x1024.jpg 662w, https:\/\/www.patriarcatovenezia.it\/evangelizzazione-e-catechesi\/wp-content\/uploads\/sites\/17\/2017\/06\/PASS-senza-buco-181x280.jpg 181w, https:\/\/www.patriarcatovenezia.it\/evangelizzazione-e-catechesi\/wp-content\/uploads\/sites\/17\/2017\/06\/PASS-senza-buco-497x768.jpg 497w, https:\/\/www.patriarcatovenezia.it\/evangelizzazione-e-catechesi\/wp-content\/uploads\/sites\/17\/2017\/06\/PASS-senza-buco.jpg 1082w\" sizes=\"(max-width: 175px) 100vw, 175px\" \/><\/strong><\/h4>\n<h4><strong><span style=\"color: #993366\">&#8220;TU SEI PIETRO&#8221;<\/span><\/strong><\/h4>\n<p><strong><u>Programma di massima<\/u><\/strong><\/p>\n<p><strong>Sabato 28 aprile<\/strong><\/p>\n<ul>\n<li>partenza da Venezia \/ Mestre \/ Riviera \/ Litorale (<em>pomeriggio<\/em> o <em>mattina<\/em> a seconda della scelta della parrocchia e della possibilit\u00e0 dei ragazzi di saltare una giornata di scuola o di avere gi\u00e0 il sabato libero dalle lezioni)<\/li>\n<li>eventuale sosta-visita in una citt\u00e0 lungo il percorso verso Roma, es: Assisi (per chi parte la mattina fornirsi di pranzo al sacco)<\/li>\n<li>arrivo in serata a Roma nei luoghi di alloggio<\/li>\n<li>cena e pernottamento<\/li>\n<\/ul>\n<p><strong><img loading=\"lazy\" decoding=\"async\" class=\"size-medium wp-image-2064 alignright\" src=\"https:\/\/venezia.webdiocesi.it\/Evangelizzazione-e-Catechesi\/wp-content\/uploads\/sites\/17\/2017\/06\/cartoncino-ricordo-208x300.jpg\" alt=\"\" width=\"208\" height=\"300\" srcset=\"https:\/\/www.patriarcatovenezia.it\/evangelizzazione-e-catechesi\/wp-content\/uploads\/sites\/17\/2017\/06\/cartoncino-ricordo-208x300.jpg 208w, https:\/\/www.patriarcatovenezia.it\/evangelizzazione-e-catechesi\/wp-content\/uploads\/sites\/17\/2017\/06\/cartoncino-ricordo-768x1107.jpg 768w, https:\/\/www.patriarcatovenezia.it\/evangelizzazione-e-catechesi\/wp-content\/uploads\/sites\/17\/2017\/06\/cartoncino-ricordo-710x1024.jpg 710w, https:\/\/www.patriarcatovenezia.it\/evangelizzazione-e-catechesi\/wp-content\/uploads\/sites\/17\/2017\/06\/cartoncino-ricordo-194x280.jpg 194w, https:\/\/www.patriarcatovenezia.it\/evangelizzazione-e-catechesi\/wp-content\/uploads\/sites\/17\/2017\/06\/cartoncino-ricordo-533x768.jpg 533w, https:\/\/www.patriarcatovenezia.it\/evangelizzazione-e-catechesi\/wp-content\/uploads\/sites\/17\/2017\/06\/cartoncino-ricordo.jpg 1338w\" sizes=\"(max-width: 208px) 100vw, 208px\" \/>Domenica 29 aprile<\/strong><\/p>\n<ul>\n<li style=\"text-align: left\">colazione<\/li>\n<li style=\"text-align: left\">trasferimento presso Piazza S. Pietro per l\u2019Angelus del papa;<\/li>\n<li style=\"text-align: left\">indicativamente la S. Messa sar\u00e0 celebrata nel pomeriggio con il Patriarca<\/li>\n<li style=\"text-align: left\">visita alla citt\u00e0 (basiliche romane o catacombe)*<\/li>\n<li style=\"text-align: left\">rientro in albergo per la cena e il pernottamento<\/li>\n<\/ul>\n<p><strong>Luned\u00ec 30 aprile<\/strong><\/p>\n<ul>\n<li>colazione<\/li>\n<li>visita alla citt\u00e0 (basiliche romane o catacombe)*<\/li>\n<li>ritorno a Venezia (con il pranzo al sacco fornito dall\u2019albergo)<\/li>\n<\/ul>\n<p><em>* prevediamo di segnalare alcuni luoghi da visitare e alcuni percorsi di abbinamento tra questi con un sussidio per la preghiera e la spiegazione dei luoghi. Ciascun gruppo definir\u00e0 il proprio itinerario con libert\u00e0, segnalandone le scelte all\u2019Ufficio Catechistico.<\/em><\/p>\n<hr \/>\n<p><img loading=\"lazy\" decoding=\"async\" class=\" wp-image-2070 alignleft\" src=\"https:\/\/venezia.webdiocesi.it\/Evangelizzazione-e-Catechesi\/wp-content\/uploads\/sites\/17\/2017\/06\/scola.jpg\" alt=\"\" width=\"128\" height=\"177\" \/><\/p>\n<p>&nbsp;<\/p>\n<p>Scarica l&#8217;<strong><a href=\"https:\/\/venezia.webdiocesi.it\/Evangelizzazione-e-Catechesi\/wp-content\/uploads\/sites\/17\/2017\/06\/Trascrizione-Omelia-Patriarca-Angelo.pdf\">Omelia del Patriarca Angelo<\/a> <\/strong>alla Santa Messa celebrata nel Pellegrinaggio<\/p>\n<p><em>domenica 29 aprile 2007 &#8211; Basilica dei XII Apostoli (Roma)<\/em><\/p>\n","protected":false},"excerpt":{"rendered":"<p>&#8220;TU SEI PIETRO&#8221; Programma di massima Sabato 28 aprile partenza da Venezia \/ Mestre \/ Riviera \/ Litorale (pomeriggio o mattina a seconda della scelta della parrocchia e della possibilit\u00e0 dei ragazzi di saltare una giornata di scuola o di avere gi\u00e0 il sabato libero dalle lezioni) eventuale sosta-visita in una citt\u00e0 lungo il percorso [&hellip;]<\/p>\n","protected":false},"author":0,"featured_media":0,"parent":221,"menu_order":0,"comment_status":"closed","ping_status":"closed","template":"","meta":{"_acf_changed":false,"ip_address":"","user_agent":"","level":"","revision":"","cookie_id":"","page_referer":"","html_form":"","footnotes":""},"class_list":["post-2063","page","type-page","status-publish","hentry"],"acf":[],"_links":{"self":[{"href":"https:\/\/www.patriarcatovenezia.it\/evangelizzazione-e-catechesi\/wp-json\/wp\/v2\/pages\/2063"}],"collection":[{"href":"https:\/\/www.patriarcatovenezia.it\/evangelizzazione-e-catechesi\/wp-json\/wp\/v2\/pages"}],"about":[{"href":"https:\/\/www.patriarcatovenezia.it\/evangelizzazione-e-catechesi\/wp-json\/wp\/v2\/types\/page"}],"author":[{"embeddable":true,"href":"https:\/\/www.patriarcatovenezia.it\/evangelizzazione-e-catechesi\/wp-json\/wp\/v2\/users\/9"}],"replies":[{"embeddable":true,"href":"https:\/\/www.patriarcatovenezia.it\/evangelizzazione-e-catechesi\/wp-json\/wp\/v2\/comments?post=2063"}],"version-history":[{"count":4,"href":"https:\/\/www.patriarcatovenezia.it\/evangelizzazione-e-catechesi\/wp-json\/wp\/v2\/pages\/2063\/revisions"}],"predecessor-version":[{"id":2074,"href":"https:\/\/www.patriarcatovenezia.it\/evangelizzazione-e-catechesi\/wp-json\/wp\/v2\/pages\/2063\/revisions\/2074"}],"up":[{"embeddable":true,"href":"https:\/\/www.patriarcatovenezia.it\/evangelizzazione-e-catechesi\/wp-json\/wp\/v2\/pages\/221"}],"wp:attachment":[{"href":"https:\/\/www.patriarcatovenezia.it\/evangelizzazione-e-catechesi\/wp-json\/wp\/v2\/media?parent=2063"}],"curies":[{"name":"wp","href":"https:\/\/api.w.org\/{rel}","templated":true}]}}