{"id":2036,"date":"2017-06-01T15:51:07","date_gmt":"2017-06-01T13:51:07","guid":{"rendered":"https:\/\/venezia.webdiocesi.it\/Evangelizzazione-e-Catechesi\/?page_id=2036"},"modified":"2017-06-01T15:52:18","modified_gmt":"2017-06-01T13:52:18","slug":"incontro-della-carita-2016-2","status":"publish","type":"page","link":"https:\/\/www.patriarcatovenezia.it\/evangelizzazione-e-catechesi\/archivio-attivita\/incontro-della-carita-2016-2\/","title":{"rendered":"Incontro della Carit\u00e0 2016"},"content":{"rendered":"<p style=\"text-align: justify\"><img loading=\"lazy\" decoding=\"async\" class=\" wp-image-1497 alignleft\" src=\"https:\/\/venezia.webdiocesi.it\/Evangelizzazione-e-Catechesi\/wp-content\/uploads\/sites\/17\/2016\/11\/titoloIdC2016-300x86.png\" alt=\"\" width=\"372\" height=\"108\" \/>Per tutti i gruppi di bambini del Patriarcato: il tradizionale appuntamento con il Patriarca in vista del Santo Natale quest&#8217;anno si svolger\u00e0 in <strong>Basilica di San Marco, domenica 18 dicembre, a partire dalle ore 15.30<\/strong>.<\/p>\n<p style=\"text-align: justify\">Lo slogan <strong>&#8220;Ges\u00f9, tutti ti cercano&#8221;<\/strong> accompagner\u00e0 i bambini nella scoperta del bisogno che giace nel cuore di ogni uomo o donna di fare esperienza di <em>gioia vera<\/em>. Il tema della &#8220;ricerca&#8221; sar\u00e0 presentato all&#8217;interno dell&#8217;Incontro diocesano grazie anche al contributo della Parrocchia di Quarto d&#8217;Altino e ai loro &#8220;specialissimi&#8221; investigatori. La collaborazione con CARITAS DIOCESANA e SAN VINCENZO MESTRINA ha permesso di individuare come gesto di solidariet\u00e0 la raccolta di MATERIALE PER LA SCUOLA che verr\u00e0 donato ai coetanei delle zone terremotate nel centro-Italia.<\/p>\n<p style=\"text-align: justify\">Per tutte le <span style=\"text-decoration: underline\">informazioni<\/span> necessarie alla partecipazione e per scaricare la <span style=\"text-decoration: underline\">locandina<\/span> (che sar\u00e0 in distribuzione nelle parrocchie a partire da gioved\u00ec 1 dicembre) vedi gli allegati qui sotto.<\/p>\n","protected":false},"excerpt":{"rendered":"<p>Per tutti i gruppi di bambini del Patriarcato: il tradizionale appuntamento con il Patriarca in vista del Santo Natale quest&#8217;anno si svolger\u00e0 in Basilica di San Marco, domenica 18 dicembre, a partire dalle ore 15.30. Lo slogan &#8220;Ges\u00f9, tutti ti cercano&#8221; accompagner\u00e0 i bambini nella scoperta del bisogno che giace nel cuore di ogni uomo [&hellip;]<\/p>\n","protected":false},"author":0,"featured_media":0,"parent":221,"menu_order":0,"comment_status":"closed","ping_status":"closed","template":"","meta":{"_acf_changed":false,"ip_address":"","user_agent":"","level":"","revision":"","cookie_id":"","page_referer":"","html_form":"","footnotes":""},"class_list":["post-2036","page","type-page","status-publish","hentry"],"acf":[],"_links":{"self":[{"href":"https:\/\/www.patriarcatovenezia.it\/evangelizzazione-e-catechesi\/wp-json\/wp\/v2\/pages\/2036"}],"collection":[{"href":"https:\/\/www.patriarcatovenezia.it\/evangelizzazione-e-catechesi\/wp-json\/wp\/v2\/pages"}],"about":[{"href":"https:\/\/www.patriarcatovenezia.it\/evangelizzazione-e-catechesi\/wp-json\/wp\/v2\/types\/page"}],"author":[{"embeddable":true,"href":"https:\/\/www.patriarcatovenezia.it\/evangelizzazione-e-catechesi\/wp-json\/wp\/v2\/users\/9"}],"replies":[{"embeddable":true,"href":"https:\/\/www.patriarcatovenezia.it\/evangelizzazione-e-catechesi\/wp-json\/wp\/v2\/comments?post=2036"}],"version-history":[{"count":2,"href":"https:\/\/www.patriarcatovenezia.it\/evangelizzazione-e-catechesi\/wp-json\/wp\/v2\/pages\/2036\/revisions"}],"predecessor-version":[{"id":2038,"href":"https:\/\/www.patriarcatovenezia.it\/evangelizzazione-e-catechesi\/wp-json\/wp\/v2\/pages\/2036\/revisions\/2038"}],"up":[{"embeddable":true,"href":"https:\/\/www.patriarcatovenezia.it\/evangelizzazione-e-catechesi\/wp-json\/wp\/v2\/pages\/221"}],"wp:attachment":[{"href":"https:\/\/www.patriarcatovenezia.it\/evangelizzazione-e-catechesi\/wp-json\/wp\/v2\/media?parent=2036"}],"curies":[{"name":"wp","href":"https:\/\/api.w.org\/{rel}","templated":true}]}}