{"id":2005,"date":"2017-06-01T14:48:42","date_gmt":"2017-06-01T12:48:42","guid":{"rendered":"https:\/\/venezia.webdiocesi.it\/Evangelizzazione-e-Catechesi\/?page_id=2005"},"modified":"2017-06-01T15:06:58","modified_gmt":"2017-06-01T13:06:58","slug":"incontro-della-carita-2009","status":"publish","type":"page","link":"https:\/\/www.patriarcatovenezia.it\/evangelizzazione-e-catechesi\/archivio-attivita\/incontro-della-carita-2009\/","title":{"rendered":"Incontro della Carit\u00e0 2009"},"content":{"rendered":"<h4><img loading=\"lazy\" decoding=\"async\" class=\"size-medium wp-image-2006 alignleft\" src=\"https:\/\/venezia.webdiocesi.it\/Evangelizzazione-e-Catechesi\/wp-content\/uploads\/sites\/17\/2017\/06\/locandina-IDC-2009-208x300.jpg\" alt=\"\" width=\"208\" height=\"300\" srcset=\"https:\/\/www.patriarcatovenezia.it\/evangelizzazione-e-catechesi\/wp-content\/uploads\/sites\/17\/2017\/06\/locandina-IDC-2009-208x300.jpg 208w, https:\/\/www.patriarcatovenezia.it\/evangelizzazione-e-catechesi\/wp-content\/uploads\/sites\/17\/2017\/06\/locandina-IDC-2009-194x280.jpg 194w, https:\/\/www.patriarcatovenezia.it\/evangelizzazione-e-catechesi\/wp-content\/uploads\/sites\/17\/2017\/06\/locandina-IDC-2009.jpg 506w\" sizes=\"(max-width: 208px) 100vw, 208px\" \/><\/h4>\n<h4>DOMENICA 20 DICEMBRE<\/h4>\n<h5><strong>ore 15.30 &#8211; Basilica di San Marco<\/strong><\/h5>\n<h4><span style=\"color: #993366\">INCONTRO della CARITA&#8217; 2009<\/span><\/h4>\n<h4><span style=\"color: #993366\"><strong>CON GESU&#8217; AL CENTRO&#8230; TUTTI SONO DENTRO!<\/strong><\/span><\/h4>\n<p>\u00e8 lo slogan dell\u2019incontro che riassume in modo \u201cleggero\u201d una verit\u00e0 assai profonda che possiamo contemplare nell\u2019immagine del presepio: dall\u2019amore di Dio, nessuno pu\u00f2 sentirsi escluso! La figura dei pastori (a cui \u00e8 abbinata la II settimana di Avvento) ha dato lo spunto per questa riflessione sul rischio quotidiano di emarginare qualcuno dal nostro vivere, dalle nostre attivit\u00e0, dai nostri giudizi\u2026 ma che la \u201csorpresa\u201d del Natale mette a nudo.<br \/>\nLa famiglia di Betlemme \u00e8 costretta a vivere un\u2019esperienza cos\u00ec importante come la nascita di un figlio, ai \u201cmargini\u201d di una citt\u00e0 e ben rappresenta tante famiglie che proprio in quest\u2019ultimo periodo faticano a sentirsi \u201cdentro\u201d alla societ\u00e0 e scivolano sulla soglia della povert\u00e0 sia materiale che del mondo delle relazioni. I pastori delle campagne vicine, occupanti gli ultimi posti della scala sociale di allora, vengono invitati per primi dagli angeli ad assistere e a gioire dell\u2019evento centrale per la storia della salvezza che, assieme alla morte e risurrezione di Ges\u00f9, rivela all\u2019uomo fino a che punto Dio \u00e8 arrivato ad amarci.<\/p>\n<p><strong>La raccolta\u00a0di prodotti per bambini <\/strong>non va scambiata per l\u2019ennesima iniziativa \u201cnatalizia\u201d, ma \u00e8 mirata a sensibilizzare i piccoli nella condivisione. Per questo \u00e8 importante che essi siano protagonisti di questo gesto fatto con la loro famiglia e mettano in gioco qualcosa di s\u00e9 (investendo i propri risparmi, comprando di persona i prodotti, prendendo consapevolezza del costo di alcuni generi, etc\u2026).<\/p>\n<hr \/>\n<p><strong>Scarica le <a href=\"https:\/\/venezia.webdiocesi.it\/Evangelizzazione-e-Catechesi\/wp-content\/uploads\/sites\/17\/2017\/06\/INCONTRO-DELLA-CARITA-2009.pdf\">indicazione per la partecipazione<\/a><\/strong><\/p>\n<p><a href=\"https:\/\/venezia.webdiocesi.it\/Evangelizzazione-e-Catechesi\/s-photogallery\/idc2009_foto-presepi\/\"><strong>Guarda le foto dei presepi realizzati dai gruppi parrocchiali!<\/strong><\/a><\/p>\n","protected":false},"excerpt":{"rendered":"<p>DOMENICA 20 DICEMBRE ore 15.30 &#8211; Basilica di San Marco INCONTRO della CARITA&#8217; 2009 CON GESU&#8217; AL CENTRO&#8230; TUTTI SONO DENTRO! \u00e8 lo slogan dell\u2019incontro che riassume in modo \u201cleggero\u201d una verit\u00e0 assai profonda che possiamo contemplare nell\u2019immagine del presepio: dall\u2019amore di Dio, nessuno pu\u00f2 sentirsi escluso! La figura dei pastori (a cui \u00e8 abbinata [&hellip;]<\/p>\n","protected":false},"author":0,"featured_media":0,"parent":221,"menu_order":0,"comment_status":"closed","ping_status":"closed","template":"","meta":{"_acf_changed":false,"ip_address":"","user_agent":"","level":"","revision":"","cookie_id":"","page_referer":"","html_form":"","footnotes":""},"class_list":["post-2005","page","type-page","status-publish","hentry"],"acf":[],"_links":{"self":[{"href":"https:\/\/www.patriarcatovenezia.it\/evangelizzazione-e-catechesi\/wp-json\/wp\/v2\/pages\/2005"}],"collection":[{"href":"https:\/\/www.patriarcatovenezia.it\/evangelizzazione-e-catechesi\/wp-json\/wp\/v2\/pages"}],"about":[{"href":"https:\/\/www.patriarcatovenezia.it\/evangelizzazione-e-catechesi\/wp-json\/wp\/v2\/types\/page"}],"author":[{"embeddable":true,"href":"https:\/\/www.patriarcatovenezia.it\/evangelizzazione-e-catechesi\/wp-json\/wp\/v2\/users\/9"}],"replies":[{"embeddable":true,"href":"https:\/\/www.patriarcatovenezia.it\/evangelizzazione-e-catechesi\/wp-json\/wp\/v2\/comments?post=2005"}],"version-history":[{"count":3,"href":"https:\/\/www.patriarcatovenezia.it\/evangelizzazione-e-catechesi\/wp-json\/wp\/v2\/pages\/2005\/revisions"}],"predecessor-version":[{"id":2023,"href":"https:\/\/www.patriarcatovenezia.it\/evangelizzazione-e-catechesi\/wp-json\/wp\/v2\/pages\/2005\/revisions\/2023"}],"up":[{"embeddable":true,"href":"https:\/\/www.patriarcatovenezia.it\/evangelizzazione-e-catechesi\/wp-json\/wp\/v2\/pages\/221"}],"wp:attachment":[{"href":"https:\/\/www.patriarcatovenezia.it\/evangelizzazione-e-catechesi\/wp-json\/wp\/v2\/media?parent=2005"}],"curies":[{"name":"wp","href":"https:\/\/api.w.org\/{rel}","templated":true}]}}