{"id":1992,"date":"2017-06-01T12:36:54","date_gmt":"2017-06-01T10:36:54","guid":{"rendered":"https:\/\/venezia.webdiocesi.it\/Evangelizzazione-e-Catechesi\/?page_id=1992"},"modified":"2017-06-01T12:52:14","modified_gmt":"2017-06-01T10:52:14","slug":"incontro-della-carita-2010","status":"publish","type":"page","link":"https:\/\/www.patriarcatovenezia.it\/evangelizzazione-e-catechesi\/archivio-attivita\/incontro-della-carita-2010\/","title":{"rendered":"Incontro della Carit\u00e0 2010"},"content":{"rendered":"<p><strong><img loading=\"lazy\" decoding=\"async\" class=\" wp-image-1993 alignleft\" src=\"https:\/\/venezia.webdiocesi.it\/Evangelizzazione-e-Catechesi\/wp-content\/uploads\/sites\/17\/2017\/06\/locandina-300x208.jpg\" alt=\"\" width=\"346\" height=\"240\" srcset=\"https:\/\/www.patriarcatovenezia.it\/evangelizzazione-e-catechesi\/wp-content\/uploads\/sites\/17\/2017\/06\/locandina-300x208.jpg 300w, https:\/\/www.patriarcatovenezia.it\/evangelizzazione-e-catechesi\/wp-content\/uploads\/sites\/17\/2017\/06\/locandina-768x532.jpg 768w, https:\/\/www.patriarcatovenezia.it\/evangelizzazione-e-catechesi\/wp-content\/uploads\/sites\/17\/2017\/06\/locandina-1024x709.jpg 1024w, https:\/\/www.patriarcatovenezia.it\/evangelizzazione-e-catechesi\/wp-content\/uploads\/sites\/17\/2017\/06\/locandina-360x249.jpg 360w, https:\/\/www.patriarcatovenezia.it\/evangelizzazione-e-catechesi\/wp-content\/uploads\/sites\/17\/2017\/06\/locandina.jpg 1922w\" sizes=\"(max-width: 346px) 100vw, 346px\" \/><\/strong><\/p>\n<p>&nbsp;<\/p>\n<h4><strong>DOMENICA 19 DICEMBRE &#8211; Basilica di San Marco<\/strong><\/h4>\n<h5><strong>INCONTRO DELLA CARITA&#8217; 2010<\/strong><\/h5>\n<h4><span style=\"color: #993366\"><strong>TENDIAMO A GESU&#8217;<\/strong><\/span><\/h4>\n<h5><span style=\"color: #993366\"><strong>&#8220;E venne ad abitare in mezzo a noi&#8221;<\/strong><\/span><\/h5>\n<p>&nbsp;<\/p>\n<p>A conclusione del cammino di Avvento che ci ha visti impegnati nella costruzione della tenda simbolo della comunit\u00e0 che si ripensa a partire dal dono di Ges\u00f9 che nasce per noi, \u00e8 stato scoperto un nuovo significato del verbo \u201ctendere\u201d. Esso vuole esprimere il desiderio profondo di andare incontro a Dio che si fa uomo e preparare per lui la dimora accogliente delle nostre comunit\u00e0, che hanno a cuore il territorio in cui vivono e il mondo intero.<\/p>\n<hr \/>\n<p><strong>La raccolta<img loading=\"lazy\" decoding=\"async\" class=\"size-medium wp-image-1995 alignleft\" src=\"https:\/\/venezia.webdiocesi.it\/Evangelizzazione-e-Catechesi\/wp-content\/uploads\/sites\/17\/2017\/06\/biglietto-per-Gerico-fronte-300x212.jpg\" alt=\"\" width=\"300\" height=\"212\" \/><\/strong><br \/>\nProprio per questo allargare il cuore anche ai fratelli pi\u00f9 lontani e \u201ctendere\u201d loro la mano, quest\u2019anno si \u00e8 scelto di sostenere economicamente una realt\u00e0 presente e operante in <strong>Terra Santa<\/strong>, m\u00e8ta del pellegrinaggio diocesano che si realizzer\u00e0 assieme al Patriarca Angelo nel novembre 2011.<\/p>\n<p>Ci\u00f2 vuol dire due scelte caratterizzanti questo Incontro della Carit\u00e0 2010:<br \/>\n<strong>1.<\/strong> la raccolta di fondi, avviata in questo Avvento, va portata<img loading=\"lazy\" decoding=\"async\" class=\"size-medium wp-image-1996 alignright\" src=\"https:\/\/venezia.webdiocesi.it\/Evangelizzazione-e-Catechesi\/wp-content\/uploads\/sites\/17\/2017\/06\/biglietto-per-Gerico-retro-300x214.jpg\" alt=\"\" width=\"300\" height=\"214\" \/> domenica 19 dicembre dai bambini che partecipano all\u2019incontro, in busta chiusa o in altre forme che i gruppi potranno preferire;<br \/>\n<strong>2.<\/strong> la raccolta non finir\u00e0 con il Natale, ma rester\u00e0 aperta fino alla fine di ottobre 2011 e i gruppi potranno continuare a realizzare iniziative a sostegno di questo gesto di carit\u00e0, inviando i soldi all\u2019ufficio catechistico diocesano che far\u00e0 da punto di riferimento.<\/p>\n<p>&nbsp;<\/p>\n<hr \/>\n<p><img loading=\"lazy\" decoding=\"async\" class=\"aligncenter  wp-image-2002\" src=\"https:\/\/venezia.webdiocesi.it\/Evangelizzazione-e-Catechesi\/wp-content\/uploads\/sites\/17\/2017\/06\/PH_072-300x200.jpg\" alt=\"\" width=\"456\" height=\"304\" srcset=\"https:\/\/www.patriarcatovenezia.it\/evangelizzazione-e-catechesi\/wp-content\/uploads\/sites\/17\/2017\/06\/PH_072-300x200.jpg 300w, https:\/\/www.patriarcatovenezia.it\/evangelizzazione-e-catechesi\/wp-content\/uploads\/sites\/17\/2017\/06\/PH_072-360x239.jpg 360w, https:\/\/www.patriarcatovenezia.it\/evangelizzazione-e-catechesi\/wp-content\/uploads\/sites\/17\/2017\/06\/PH_072.jpg 448w\" sizes=\"(max-width: 456px) 100vw, 456px\" \/><\/p>\n","protected":false},"excerpt":{"rendered":"<p>&nbsp; DOMENICA 19 DICEMBRE &#8211; Basilica di San Marco INCONTRO DELLA CARITA&#8217; 2010 TENDIAMO A GESU&#8217; &#8220;E venne ad abitare in mezzo a noi&#8221; &nbsp; A conclusione del cammino di Avvento che ci ha visti impegnati nella costruzione della tenda simbolo della comunit\u00e0 che si ripensa a partire dal dono di Ges\u00f9 che nasce per [&hellip;]<\/p>\n","protected":false},"author":0,"featured_media":0,"parent":221,"menu_order":0,"comment_status":"closed","ping_status":"closed","template":"","meta":{"_acf_changed":false,"ip_address":"","user_agent":"","level":"","revision":"","cookie_id":"","page_referer":"","html_form":"","footnotes":""},"class_list":["post-1992","page","type-page","status-publish","hentry"],"acf":[],"_links":{"self":[{"href":"https:\/\/www.patriarcatovenezia.it\/evangelizzazione-e-catechesi\/wp-json\/wp\/v2\/pages\/1992"}],"collection":[{"href":"https:\/\/www.patriarcatovenezia.it\/evangelizzazione-e-catechesi\/wp-json\/wp\/v2\/pages"}],"about":[{"href":"https:\/\/www.patriarcatovenezia.it\/evangelizzazione-e-catechesi\/wp-json\/wp\/v2\/types\/page"}],"author":[{"embeddable":true,"href":"https:\/\/www.patriarcatovenezia.it\/evangelizzazione-e-catechesi\/wp-json\/wp\/v2\/users\/9"}],"replies":[{"embeddable":true,"href":"https:\/\/www.patriarcatovenezia.it\/evangelizzazione-e-catechesi\/wp-json\/wp\/v2\/comments?post=1992"}],"version-history":[{"count":4,"href":"https:\/\/www.patriarcatovenezia.it\/evangelizzazione-e-catechesi\/wp-json\/wp\/v2\/pages\/1992\/revisions"}],"predecessor-version":[{"id":2003,"href":"https:\/\/www.patriarcatovenezia.it\/evangelizzazione-e-catechesi\/wp-json\/wp\/v2\/pages\/1992\/revisions\/2003"}],"up":[{"embeddable":true,"href":"https:\/\/www.patriarcatovenezia.it\/evangelizzazione-e-catechesi\/wp-json\/wp\/v2\/pages\/221"}],"wp:attachment":[{"href":"https:\/\/www.patriarcatovenezia.it\/evangelizzazione-e-catechesi\/wp-json\/wp\/v2\/media?parent=1992"}],"curies":[{"name":"wp","href":"https:\/\/api.w.org\/{rel}","templated":true}]}}