{"id":1980,"date":"2017-06-01T12:14:51","date_gmt":"2017-06-01T10:14:51","guid":{"rendered":"https:\/\/venezia.webdiocesi.it\/Evangelizzazione-e-Catechesi\/?page_id=1980"},"modified":"2017-06-01T12:17:27","modified_gmt":"2017-06-01T10:17:27","slug":"festa-dei-ragazzi-2008","status":"publish","type":"page","link":"https:\/\/www.patriarcatovenezia.it\/evangelizzazione-e-catechesi\/archivio-attivita\/festa-dei-ragazzi-2008\/","title":{"rendered":"Festa dei Ragazzi 2008"},"content":{"rendered":"<p><img loading=\"lazy\" decoding=\"async\" class=\" wp-image-1982 alignleft\" src=\"https:\/\/venezia.webdiocesi.it\/Evangelizzazione-e-Catechesi\/wp-content\/uploads\/sites\/17\/2017\/06\/Loc_ONOFF-213x300.png\" alt=\"\" width=\"298\" height=\"420\" srcset=\"https:\/\/www.patriarcatovenezia.it\/evangelizzazione-e-catechesi\/wp-content\/uploads\/sites\/17\/2017\/06\/Loc_ONOFF-213x300.png 213w, https:\/\/www.patriarcatovenezia.it\/evangelizzazione-e-catechesi\/wp-content\/uploads\/sites\/17\/2017\/06\/Loc_ONOFF-768x1084.png 768w, https:\/\/www.patriarcatovenezia.it\/evangelizzazione-e-catechesi\/wp-content\/uploads\/sites\/17\/2017\/06\/Loc_ONOFF-726x1024.png 726w, https:\/\/www.patriarcatovenezia.it\/evangelizzazione-e-catechesi\/wp-content\/uploads\/sites\/17\/2017\/06\/Loc_ONOFF-198x280.png 198w, https:\/\/www.patriarcatovenezia.it\/evangelizzazione-e-catechesi\/wp-content\/uploads\/sites\/17\/2017\/06\/Loc_ONOFF-544x768.png 544w, https:\/\/www.patriarcatovenezia.it\/evangelizzazione-e-catechesi\/wp-content\/uploads\/sites\/17\/2017\/06\/Loc_ONOFF.png 1352w\" sizes=\"(max-width: 298px) 100vw, 298px\" \/><\/p>\n<h4><strong>DOMENICA 6 APRILE 2008<\/strong><\/h4>\n<h5><strong>Palaexpomar di Caorle<\/strong><\/h5>\n<h4><strong>Festa diocesana dei Ragazzi<\/strong><\/h4>\n<h4><span style=\"color: #ff0000\"><strong>ON-OFF &#8230;<\/strong><\/span><span style=\"color: #ff0000\"><strong>Non ci ardeva forse il cuore nel petto?<\/strong><\/span><\/h4>\n<p>Con il percorso quaresimale e la Festa diocesana si desidera aiutare i ragazzi (cresimandi e cresimati) ad interrogarsi e verificarsi sul loro modo di stare al\/nel mondo: un percorso di approfondimento sul dono del Battesimo che hanno ricevuto, come chiamata fondamentale a rimanere uniti a Cristo e a far parte della Chiesa. In essa i preadolescenti sono spronati ad attingere all\u2019unica vera sorgente che \u00e8 il Cristo, crocifisso e risorto, cos\u00ec da diventare protagonisti sempre pi\u00f9 consapevoli e responsabili e <strong>in Lui rimanere \u201caccesi\u201d<\/strong> passando attraverso ogni esperienza della vita. A conclusione della giornata viene affidato al Patriarca Angelo nell\u2019omelia, il messaggio \u201ccuore\u201d della giornata.<\/p>\n<p>&nbsp;<\/p>\n<p><strong>PROGRAMMA<\/strong><\/p>\n<p><strong>Dalle ore 9.45<\/strong> \u00a0\u00a0\u00a0\u00a0\u00a0\u00a0\u00a0\u00a0 Apertura del Palaexpomar<\/p>\n<p><strong>Ore 10.15<\/strong>\u00a0\u00a0\u00a0\u00a0\u00a0\u00a0\u00a0\u00a0\u00a0\u00a0\u00a0\u00a0\u00a0\u00a0\u00a0\u00a0\u00a0 Preghiera di inizio<\/p>\n<p><strong>Ore 10.30<\/strong>\u00a0\u00a0\u00a0\u00a0\u00a0\u00a0\u00a0\u00a0\u00a0\u00a0\u00a0\u00a0\u00a0\u00a0\u00a0\u00a0\u00a0 Lancio della giornata<\/p>\n<p><strong>Ore 11.00<\/strong>\u00a0\u00a0\u00a0\u00a0\u00a0\u00a0\u00a0\u00a0\u00a0\u00a0\u00a0\u00a0\u00a0\u00a0\u00a0\u00a0\u00a0 Giochi e attivit\u00e0 negli stand del Palaexpomar<\/p>\n<p><strong>Ore 12.30<\/strong>\u00a0\u00a0\u00a0\u00a0\u00a0\u00a0\u00a0\u00a0\u00a0\u00a0\u00a0\u00a0\u00a0\u00a0\u00a0\u00a0\u00a0 Pranzo al sacco (da consumare all\u2019aperto in caso di bel tempo o in caso contrario presso la struttura del Palaexpomar)<\/p>\n<p><strong>Ore 13.30<\/strong>\u00a0\u00a0\u00a0\u00a0\u00a0\u00a0\u00a0\u00a0\u00a0\u00a0\u00a0\u00a0\u00a0\u00a0\u00a0\u00a0\u00a0 Proposta di animazione dal palco<\/p>\n<p><strong>Ore 13.45<\/strong>\u00a0\u00a0\u00a0\u00a0\u00a0\u00a0\u00a0\u00a0\u00a0\u00a0\u00a0\u00a0\u00a0\u00a0\u00a0\u00a0\u00a0 Giochi e animazione<\/p>\n<p><strong>Ore 15.00<\/strong>\u00a0\u00a0\u00a0\u00a0\u00a0\u00a0\u00a0\u00a0\u00a0\u00a0\u00a0\u00a0\u00a0\u00a0\u00a0\u00a0\u00a0 Spostamento di gruppo verso il Duomo di S. Stefano per la celebrazione della S. Messa<\/p>\n<p><strong>Ore 16.00<\/strong>\u00a0\u00a0\u00a0\u00a0\u00a0\u00a0\u00a0\u00a0\u00a0\u00a0\u00a0\u00a0\u00a0\u00a0\u00a0\u00a0\u00a0 S. Messa presieduta dal Patriarca<\/p>\n<p>&nbsp;<\/p>\n<p><strong>Ore 17.00<\/strong> \u00a0\u00a0\u00a0\u00a0\u00a0\u00a0\u00a0\u00a0\u00a0\u00a0\u00a0\u00a0\u00a0\u00a0\u00a0\u00a0 Chiusura della giornata<\/p>\n<p>&nbsp;<\/p>\n","protected":false},"excerpt":{"rendered":"<p>DOMENICA 6 APRILE 2008 Palaexpomar di Caorle Festa diocesana dei Ragazzi ON-OFF &#8230;Non ci ardeva forse il cuore nel petto? Con il percorso quaresimale e la Festa diocesana si desidera aiutare i ragazzi (cresimandi e cresimati) ad interrogarsi e verificarsi sul loro modo di stare al\/nel mondo: un percorso di approfondimento sul dono del Battesimo [&hellip;]<\/p>\n","protected":false},"author":0,"featured_media":0,"parent":221,"menu_order":0,"comment_status":"closed","ping_status":"closed","template":"","meta":{"_acf_changed":false,"ip_address":"","user_agent":"","level":"","revision":"","cookie_id":"","page_referer":"","html_form":"","footnotes":""},"class_list":["post-1980","page","type-page","status-publish","hentry"],"acf":[],"_links":{"self":[{"href":"https:\/\/www.patriarcatovenezia.it\/evangelizzazione-e-catechesi\/wp-json\/wp\/v2\/pages\/1980"}],"collection":[{"href":"https:\/\/www.patriarcatovenezia.it\/evangelizzazione-e-catechesi\/wp-json\/wp\/v2\/pages"}],"about":[{"href":"https:\/\/www.patriarcatovenezia.it\/evangelizzazione-e-catechesi\/wp-json\/wp\/v2\/types\/page"}],"author":[{"embeddable":true,"href":"https:\/\/www.patriarcatovenezia.it\/evangelizzazione-e-catechesi\/wp-json\/wp\/v2\/users\/9"}],"replies":[{"embeddable":true,"href":"https:\/\/www.patriarcatovenezia.it\/evangelizzazione-e-catechesi\/wp-json\/wp\/v2\/comments?post=1980"}],"version-history":[{"count":3,"href":"https:\/\/www.patriarcatovenezia.it\/evangelizzazione-e-catechesi\/wp-json\/wp\/v2\/pages\/1980\/revisions"}],"predecessor-version":[{"id":1986,"href":"https:\/\/www.patriarcatovenezia.it\/evangelizzazione-e-catechesi\/wp-json\/wp\/v2\/pages\/1980\/revisions\/1986"}],"up":[{"embeddable":true,"href":"https:\/\/www.patriarcatovenezia.it\/evangelizzazione-e-catechesi\/wp-json\/wp\/v2\/pages\/221"}],"wp:attachment":[{"href":"https:\/\/www.patriarcatovenezia.it\/evangelizzazione-e-catechesi\/wp-json\/wp\/v2\/media?parent=1980"}],"curies":[{"name":"wp","href":"https:\/\/api.w.org\/{rel}","templated":true}]}}