{"id":1938,"date":"2017-05-31T15:18:37","date_gmt":"2017-05-31T13:18:37","guid":{"rendered":"https:\/\/venezia.webdiocesi.it\/Evangelizzazione-e-Catechesi\/?page_id=1938"},"modified":"2017-05-31T15:36:31","modified_gmt":"2017-05-31T13:36:31","slug":"cammino-di-avvento-2009-e-quaresima-2010_ragazzi","status":"publish","type":"page","link":"https:\/\/www.patriarcatovenezia.it\/evangelizzazione-e-catechesi\/cammino-di-avvento-2009-e-quaresima-2010_ragazzi\/","title":{"rendered":"Cammino di Avvento 2009 e Quaresima 2010_ragazzi"},"content":{"rendered":"<h5 style=\"text-align: right\"><strong><img loading=\"lazy\" decoding=\"async\" class=\"size-medium wp-image-1889 alignleft\" src=\"https:\/\/venezia.webdiocesi.it\/Evangelizzazione-e-Catechesi\/wp-content\/uploads\/sites\/17\/2017\/05\/presepio-300x156.jpg\" alt=\"\" width=\"300\" height=\"156\" srcset=\"https:\/\/www.patriarcatovenezia.it\/evangelizzazione-e-catechesi\/wp-content\/uploads\/sites\/17\/2017\/05\/presepio-300x156.jpg 300w, https:\/\/www.patriarcatovenezia.it\/evangelizzazione-e-catechesi\/wp-content\/uploads\/sites\/17\/2017\/05\/presepio-768x399.jpg 768w, https:\/\/www.patriarcatovenezia.it\/evangelizzazione-e-catechesi\/wp-content\/uploads\/sites\/17\/2017\/05\/presepio-1024x532.jpg 1024w, https:\/\/www.patriarcatovenezia.it\/evangelizzazione-e-catechesi\/wp-content\/uploads\/sites\/17\/2017\/05\/presepio-360x187.jpg 360w\" sizes=\"(max-width: 300px) 100vw, 300px\" \/>AVVENTO e SANTO NATALE 2009 &#8211; anno c<\/strong><\/h5>\n<h4 style=\"text-align: right\"><span style=\"color: #993366\"><strong>RESTA IN ATTESA&#8230;\u00c8 UNA SORPRESA!<\/strong><\/span><\/h4>\n<p>Come \u00e8 possibile farsi sorprendere da qualcosa che si conosce bene e si attende?<br \/>\nUna sorpresa in genere \u00e8 qualcosa che si riceve in modo \u201cinaspettato\u201d e che non fa effetto se si sa gi\u00e0 e <em>come e dove\u00a0<\/em>deve avvenire. Un&#8217;autentica sorpresa sarebbe se il 28 luglio tutti si svegliassero e quel giorno, di colpo,\u2026 fosse Natale!<br \/>\nIl nostro \u00e8 un Dio che ama fare sorprese. Tutta la Bibbia infatti \u00e8 ricca di persone che si stupiscono, gioiscono o si arrabbiano per come Lui si presenta e agisce nella loro storia. Ma sono tante anche le persone che non si fanno sorprendere per niente, perch\u00e9, avendo deciso loro <em>come\u00a0<\/em>deve essere Dio\u2026 non sanno riconoscerlo.<br \/>\nForse Dio riesce a sorprendere solo chi rinuncia all&#8217;azione? Non sono l&#8217;indifferenza e la passivit\u00e0 che producono \u00a0stupore, ma non \u00e8 necessario nemmeno affannarsi ad inseguire lo spettacolare.<br \/>\nDio sorprende quando pu\u00f2 agire, cio\u00e8 quando, grazie alla nostra attesa partecipata, la sua iniziativa trova accoglienza. A noi allora il compito di costruire le condizioni perch\u00e9 Dio si renda presente\u2026 in modo <em>sorprendente!<\/em><\/p>\n<p><strong>Scarica qui i materiali: \u00a0\u2666\u00a0<a href=\"https:\/\/venezia.webdiocesi.it\/Evangelizzazione-e-Catechesi\/wp-content\/uploads\/sites\/17\/2017\/05\/Presentazione_11-14.pdf\">Sussidio &#8220;RESTA IN ATTESA&#8230;&#8221;<\/a>\u00a0 \u00a0<\/strong><strong>\u2666\u00a0\u00a0<a href=\"https:\/\/venezia.webdiocesi.it\/Evangelizzazione-e-Catechesi\/wp-content\/uploads\/sites\/17\/2017\/05\/Schede_restainattesa_11-14.pdf\">Schede_restainattesa_11-14<\/a><\/strong><\/p>\n<p><strong>Schede sui personaggi del presepio: \u00a0\u2666\u00a0<a href=\"https:\/\/venezia.webdiocesi.it\/Evangelizzazione-e-Catechesi\/wp-content\/uploads\/sites\/17\/2017\/05\/Giuseppe.pdf\">Giuseppe<\/a> \u2666\u00a0<a href=\"https:\/\/venezia.webdiocesi.it\/Evangelizzazione-e-Catechesi\/wp-content\/uploads\/sites\/17\/2017\/05\/Maria.pdf\">Maria<\/a> \u2666\u00a0<a href=\"https:\/\/venezia.webdiocesi.it\/Evangelizzazione-e-Catechesi\/wp-content\/uploads\/sites\/17\/2017\/05\/Pastori.pdf\">Pastori<\/a><\/strong><\/p>\n<p><em><strong>N.B.:<\/strong> Tutti i disegni sono stati realizzati da <strong>Maria Gianola<\/strong> e da lei stessa gentilmente messi a disposizione dei bambini del Patriarcato.<\/em><\/p>\n<hr \/>\n<h5 style=\"text-align: left\"><strong>QUARESIMA e SANTA PASQUA 2010 &#8211; anno C<\/strong><\/h5>\n<h4 style=\"text-align: left\"><span style=\"color: #993366\"><strong><img loading=\"lazy\" decoding=\"async\" class=\"wp-image-1895 alignleft\" src=\"https:\/\/venezia.webdiocesi.it\/Evangelizzazione-e-Catechesi\/wp-content\/uploads\/sites\/17\/2017\/05\/generaleBN.jpg\" alt=\"\" width=\"226\" height=\"221\" \/>DALLA TESTA AI PIEDI<\/strong><\/span><\/h4>\n<p>La quaresima 2010, terzo passo del cammino verso il pellegrinaggio ad Assisi, viene offerta allora ai ragazzi come un periodo per \u201cprendersi sul serio\u201d, dalla testa&#8230; ai piedi, cio\u00e8 nella totalit\u00e0 di ci\u00f2 che siamo, e accogliere da Ges\u00f9 Cristo il significato profondo dell\u2019amore a cui siamo chiamati a dare forma. Nel nostro cammino San Francesco diventa il paradigma della ricerca della felicit\u00e0, sincera e piena di slancio, che solo un giovane \u201caffamato di senso\u201d (tale e quale a lui) pu\u00f2 comprendere.<\/p>\n<p>&nbsp;<\/p>\n<p><strong>Scarica qui i materiali utili per il cammino di gruppo: \u00a0<\/strong><\/p>\n<p>\u2666\u00a0<strong><a href=\"https:\/\/venezia.webdiocesi.it\/Evangelizzazione-e-Catechesi\/wp-content\/uploads\/sites\/17\/2017\/05\/Mer-delle-ceneri.pdf\">Mercoled\u00ec delle ceneri<\/a><\/strong><\/p>\n<p>\u2666<strong>\u00a0<a href=\"https:\/\/venezia.webdiocesi.it\/Evangelizzazione-e-Catechesi\/wp-content\/uploads\/sites\/17\/2017\/05\/Pres_Dallatestaaipiedi_11-14.pdf\">Pres_Dallatestaaipiedi_11-14<\/a><\/strong><\/p>\n<p>\u2666\u00a0<strong><a href=\"https:\/\/venezia.webdiocesi.it\/Evangelizzazione-e-Catechesi\/wp-content\/uploads\/sites\/17\/2017\/05\/Dalla_testa_ai_piedi_11-14.pdf\">Schede per i gruppi 11-14 anni<\/a>\u00a0 \u00a0<\/strong><strong>\u00a0<\/strong><\/p>\n<p>\u2666<strong>\u00a0<a href=\"https:\/\/venezia.webdiocesi.it\/Evangelizzazione-e-Catechesi\/wp-content\/uploads\/sites\/17\/2017\/05\/Altre-idee-per-11-14-anni.pdf\">Altre idee per 11-14 anni<\/a><\/strong><\/p>\n","protected":false},"excerpt":{"rendered":"<p>AVVENTO e SANTO NATALE 2009 &#8211; anno c RESTA IN ATTESA&#8230;\u00c8 UNA SORPRESA! Come \u00e8 possibile farsi sorprendere da qualcosa che si conosce bene e si attende? Una sorpresa in genere \u00e8 qualcosa che si riceve in modo \u201cinaspettato\u201d e che non fa effetto se si sa gi\u00e0 e come e dove\u00a0deve avvenire. Un&#8217;autentica sorpresa [&hellip;]<\/p>\n","protected":false},"author":0,"featured_media":0,"parent":0,"menu_order":0,"comment_status":"closed","ping_status":"closed","template":"","meta":{"_acf_changed":false,"ip_address":"","user_agent":"","level":"","revision":"","cookie_id":"","page_referer":"","html_form":"","footnotes":""},"class_list":["post-1938","page","type-page","status-publish","hentry"],"acf":[],"_links":{"self":[{"href":"https:\/\/www.patriarcatovenezia.it\/evangelizzazione-e-catechesi\/wp-json\/wp\/v2\/pages\/1938"}],"collection":[{"href":"https:\/\/www.patriarcatovenezia.it\/evangelizzazione-e-catechesi\/wp-json\/wp\/v2\/pages"}],"about":[{"href":"https:\/\/www.patriarcatovenezia.it\/evangelizzazione-e-catechesi\/wp-json\/wp\/v2\/types\/page"}],"author":[{"embeddable":true,"href":"https:\/\/www.patriarcatovenezia.it\/evangelizzazione-e-catechesi\/wp-json\/wp\/v2\/users\/9"}],"replies":[{"embeddable":true,"href":"https:\/\/www.patriarcatovenezia.it\/evangelizzazione-e-catechesi\/wp-json\/wp\/v2\/comments?post=1938"}],"version-history":[{"count":3,"href":"https:\/\/www.patriarcatovenezia.it\/evangelizzazione-e-catechesi\/wp-json\/wp\/v2\/pages\/1938\/revisions"}],"predecessor-version":[{"id":1944,"href":"https:\/\/www.patriarcatovenezia.it\/evangelizzazione-e-catechesi\/wp-json\/wp\/v2\/pages\/1938\/revisions\/1944"}],"wp:attachment":[{"href":"https:\/\/www.patriarcatovenezia.it\/evangelizzazione-e-catechesi\/wp-json\/wp\/v2\/media?parent=1938"}],"curies":[{"name":"wp","href":"https:\/\/api.w.org\/{rel}","templated":true}]}}