{"id":1917,"date":"2017-05-31T14:47:31","date_gmt":"2017-05-31T12:47:31","guid":{"rendered":"https:\/\/venezia.webdiocesi.it\/Evangelizzazione-e-Catechesi\/?page_id=1917"},"modified":"2017-06-01T16:08:47","modified_gmt":"2017-06-01T14:08:47","slug":"cammino-di-avvento-2008-e-quaresima-2009_bambini","status":"publish","type":"page","link":"https:\/\/www.patriarcatovenezia.it\/evangelizzazione-e-catechesi\/archivio-attivita\/cammino-di-avvento-2008-e-quaresima-2009_bambini\/","title":{"rendered":"Cammino di Avvento 2008 e Quaresima 2009_bambini"},"content":{"rendered":"<p style=\"text-align: right\"><strong>AVVENTO e NATALE 2008 &#8211; anno B<\/strong><\/p>\n<h4><img loading=\"lazy\" decoding=\"async\" class=\"size-full wp-image-1853 alignleft\" src=\"https:\/\/venezia.webdiocesi.it\/Evangelizzazione-e-Catechesi\/wp-content\/uploads\/sites\/17\/2017\/05\/logoAvvento.jpg\" alt=\"\" width=\"245\" height=\"140\" \/><span style=\"color: #ff0000\"><strong>UNA STALLA A 5 STELLE<\/strong><\/span><\/h4>\n<p>Chi, ascoltando il racconto della nascita di Ges\u00f9, non ha condiviso la trepidazione di Maria incinta, ormai prossima al parto, e di Giuseppe suo sposo, gi\u00e0 preoccupato di aver dovuto costringerla ad un viaggio cos\u00ec faticoso e ora alla ricerca di un riparo tranquillo per far nascere il bambino?<br \/>\nLa scena che il Vangelo ci presenta sembra un po\u2019 lontana da certe immagini composte e sdolcinate che affollano i nostri natali, ci richiama pi\u00f9 l\u2019urgenza e le difficolt\u00e0 di una concreta famiglia costretta ad affrontare e risolvere un problema non da poco come quello dell\u2019alloggio, arrivando a scontrarsi con una realt\u00e0 in cui \u201cper loro non c\u2019era posto\u201d. Non avevano prenotato? Le soluzioni last-minute a quel tempo forse non esistevano e Betlemme, piccola com\u2019era, non aveva di sicuro molti spazi per i \u201cturisti\u201d, tanto pi\u00f9 che il censimento in atto doveva aver mandato in tilt gli albergatori del posto&#8230; Scherzi a parte, a volte per\u00f2 \u00e8 bello ricordarci che \u00e8 proprio in una situazione cos\u00ec \u201cprecaria\u201d che Ges\u00f9, il salvatore del mondo, \u00e8 venuto ad abitare tra noi. Una situazione cos\u00ec vicina alla nostra umana quotidianit\u00e0 da farci cogliere con chiarezza come i fatti stessi della vita siano la trama su cui il disegno di Dio prende vita.<a href=\"https:\/\/venezia.webdiocesi.it\/Evangelizzazione-e-Catechesi\/?page_id=2041&amp;preview=true\"><img loading=\"lazy\" decoding=\"async\" class=\"wp-image-2046 size-medium alignright\" src=\"https:\/\/venezia.webdiocesi.it\/Evangelizzazione-e-Catechesi\/wp-content\/uploads\/sites\/17\/2017\/05\/locandinaIDCpiccola-141x300.jpg\" width=\"141\" height=\"300\" srcset=\"https:\/\/www.patriarcatovenezia.it\/evangelizzazione-e-catechesi\/wp-content\/uploads\/sites\/17\/2017\/05\/locandinaIDCpiccola-141x300.jpg 141w, https:\/\/www.patriarcatovenezia.it\/evangelizzazione-e-catechesi\/wp-content\/uploads\/sites\/17\/2017\/05\/locandinaIDCpiccola-768x1630.jpg 768w, https:\/\/www.patriarcatovenezia.it\/evangelizzazione-e-catechesi\/wp-content\/uploads\/sites\/17\/2017\/05\/locandinaIDCpiccola-483x1024.jpg 483w, https:\/\/www.patriarcatovenezia.it\/evangelizzazione-e-catechesi\/wp-content\/uploads\/sites\/17\/2017\/05\/locandinaIDCpiccola-132x280.jpg 132w, https:\/\/www.patriarcatovenezia.it\/evangelizzazione-e-catechesi\/wp-content\/uploads\/sites\/17\/2017\/05\/locandinaIDCpiccola-362x768.jpg 362w, https:\/\/www.patriarcatovenezia.it\/evangelizzazione-e-catechesi\/wp-content\/uploads\/sites\/17\/2017\/05\/locandinaIDCpiccola.jpg 1141w\" sizes=\"(max-width: 141px) 100vw, 141px\" \/><\/a><\/p>\n<p>Ecco il desiderio per questo Avvento di scoprirci \u201calbergo\u201d, dimora per Ges\u00f9 che viene e far s\u00ec che sia Egli stesso a mostrarci come esserlo di settimana in settimana, attraverso i vangeli della domenica e con un modello d\u2018eccezione: Maria di Nazareth.<\/p>\n<p><strong>Materiali scaricabili:\u00a0\u2666 <a href=\"https:\/\/venezia.webdiocesi.it\/Evangelizzazione-e-Catechesi\/wp-content\/uploads\/sites\/17\/2017\/05\/pres_1stallaa5stelle_6-10.pdf\">presentazione_1stallaa5stelle_6-10<\/a>\u00a0 <\/strong><\/p>\n<p><strong>\u2666 <a href=\"https:\/\/venezia.webdiocesi.it\/Evangelizzazione-e-Catechesi\/wp-content\/uploads\/sites\/17\/2017\/05\/Prima_1stallaa5stelle_6-10.pdf\">Prima_1stallaa5stelle_6-10<\/a>\u00a0 \u2666\u00a0<a href=\"https:\/\/venezia.webdiocesi.it\/Evangelizzazione-e-Catechesi\/wp-content\/uploads\/sites\/17\/2017\/05\/Seconda_1stallaa5stelle_6-10.pdf\">Seconda_1stallaa5stelle_6-10<\/a><\/strong><\/p>\n<p><strong>\u2666 <a href=\"https:\/\/venezia.webdiocesi.it\/Evangelizzazione-e-Catechesi\/wp-content\/uploads\/sites\/17\/2017\/05\/Terza_1stallaa5stelle_6-10.pdf\">Terza_1stallaa5stelle_6-10<\/a>\u00a0\u00a0\u2666\u00a0<a href=\"https:\/\/venezia.webdiocesi.it\/Evangelizzazione-e-Catechesi\/wp-content\/uploads\/sites\/17\/2017\/05\/Quarta_1stallaa5stelle_6-10.pdf\">Quarta_1stallaa5stelle_6-10<\/a><\/strong><\/p>\n<p>&nbsp;<\/p>\n<p style=\"text-align: right\"><span style=\"color: #0000ff\"><strong>Clicca sulla locandina per avere notizie dell&#8217;Incontro della Carit\u00e0 2008<\/strong><\/span><\/p>\n<hr \/>\n<p style=\"text-align: right\"><strong>QUARESIMA e SANTA PASQUA 2009 &#8211; anno B<\/strong><\/p>\n<h4 style=\"text-align: left\"><strong><img loading=\"lazy\" decoding=\"async\" class=\" wp-image-1854 alignleft\" src=\"https:\/\/venezia.webdiocesi.it\/Evangelizzazione-e-Catechesi\/wp-content\/uploads\/sites\/17\/2017\/05\/logo-color_Q09-296x300.jpg\" alt=\"\" width=\"198\" height=\"201\" srcset=\"https:\/\/www.patriarcatovenezia.it\/evangelizzazione-e-catechesi\/wp-content\/uploads\/sites\/17\/2017\/05\/logo-color_Q09-296x300.jpg 296w, https:\/\/www.patriarcatovenezia.it\/evangelizzazione-e-catechesi\/wp-content\/uploads\/sites\/17\/2017\/05\/logo-color_Q09-276x280.jpg 276w, https:\/\/www.patriarcatovenezia.it\/evangelizzazione-e-catechesi\/wp-content\/uploads\/sites\/17\/2017\/05\/logo-color_Q09.jpg 310w\" sizes=\"(max-width: 198px) 100vw, 198px\" \/><\/strong><\/h4>\n<h4 style=\"text-align: left\"><span style=\"color: #ff0000\"><strong>&#8220;PERC<\/strong><strong>H\u00c9 IL MONDO SI SALVI PER MEZZO DI LUI&#8221;<\/strong><\/span><\/h4>\n<p><strong>Perch\u00e9 Ges\u00f9 si \u00e8 fatto uomo, \u00e8 morto sulla croce ed \u00e8 risorto?<\/strong><br \/>\n<em>Per salvarci&#8230;<\/em><br \/>\nRisposta \u201cda catechismo\u201d &#8211; direbbe qualcuno. Certamente corretta, sintetica e decisamente pregnante, cio\u00e8 densa di significato, talmente tanto da far fatica a tradurla con parole proprie, quelle del quotidiano. Per chi non vive la fede come i quiz della patente e prende la cosa sul serio \u00e8 inevitabile veder spuntare da questa risposta altre 1000 domande a grappolo&#8230; Salvarci da cosa? Salvarci perch\u00e9? Che cosa ci salva? Ma in cosa consiste questa salvezza? E noi vogliamo essere salvati? Che differenza c\u2019\u00e8 tra salvezza e redenzione? \u2026<br \/>\nDomande scomode sulle quali possiamo glissare o improvvisare risposte per i ragazzi curiosi del nostro gruppo, ma la verit\u00e0 \u00e8 che sono strade inevitabili che conducono al cuore della nostra fede in Ges\u00f9 Cristo e che per ogni cristiano adulto (o che voglia diventare tale) \u00e8 necessario percorrere, ogni volta con maggior consapevolezza (data dall\u2019et\u00e0 e dall\u2019esperienza), pur accettando di stare alla presenza del Mistero. Narrare la fede ai piccoli, richiede sempre uno sforzo e un rinnovamento spirituale per l\u2019adulto che \u00e8 Grazia e ricerca del cuore e della ragione, cos\u00ec che il senso della propria vita sia continuamente illuminato e rafforzato.<\/p>\n<p>\u2666 <strong><a href=\"https:\/\/venezia.webdiocesi.it\/Evangelizzazione-e-Catechesi\/wp-content\/uploads\/sites\/17\/2017\/05\/Present_Percheilmondo_6-10.pdf\">Present_Percheilmondo_6-10<\/a> <\/strong>\u00a0 \u00a0\u2666\u00a0<strong><a href=\"https:\/\/venezia.webdiocesi.it\/Evangelizzazione-e-Catechesi\/wp-content\/uploads\/sites\/17\/2017\/05\/Schede_Percheilmondo_6-10.pdf\">Schede_Percheilmondo_6-10<\/a>\u00a0\u00a0<\/strong><\/p>\n<p>Per facili tare la comunicazione dei\u00a0contenuti del cammino di Quaresima e la\u00a0comprensione da parte dei bambini,<br \/>\nattraverso immagini e realt\u00e0 che\u00a0conoscono, abbiamo pensato di suggerire\u00a05 figure di animali (una per ogni\u00a0settimana), rappresentanti cinque modi\u00a0diversi per vivere gi\u00e0 qui, gi\u00e0 ora, una vita \u201cda \u201csalvati\u201d, in comunione con Dio e con i fratelli.<br \/>\n<strong>N.B.<\/strong>: Queste figure illustrano anche la pagina della preghiera. Leggi la\u00a0<strong><a href=\"https:\/\/venezia.webdiocesi.it\/Evangelizzazione-e-Catechesi\/wp-content\/uploads\/sites\/17\/2017\/05\/descrizione-animali.pdf\">descrizione animali<\/a><\/strong><\/p>\n<p>&nbsp;<\/p>\n","protected":false},"excerpt":{"rendered":"<p>AVVENTO e NATALE 2008 &#8211; anno B UNA STALLA A 5 STELLE Chi, ascoltando il racconto della nascita di Ges\u00f9, non ha condiviso la trepidazione di Maria incinta, ormai prossima al parto, e di Giuseppe suo sposo, gi\u00e0 preoccupato di aver dovuto costringerla ad un viaggio cos\u00ec faticoso e ora alla ricerca di un riparo [&hellip;]<\/p>\n","protected":false},"author":0,"featured_media":0,"parent":221,"menu_order":0,"comment_status":"closed","ping_status":"closed","template":"","meta":{"_acf_changed":false,"ip_address":"","user_agent":"","level":"","revision":"","cookie_id":"","page_referer":"","html_form":"","footnotes":""},"class_list":["post-1917","page","type-page","status-publish","hentry"],"acf":[],"_links":{"self":[{"href":"https:\/\/www.patriarcatovenezia.it\/evangelizzazione-e-catechesi\/wp-json\/wp\/v2\/pages\/1917"}],"collection":[{"href":"https:\/\/www.patriarcatovenezia.it\/evangelizzazione-e-catechesi\/wp-json\/wp\/v2\/pages"}],"about":[{"href":"https:\/\/www.patriarcatovenezia.it\/evangelizzazione-e-catechesi\/wp-json\/wp\/v2\/types\/page"}],"author":[{"embeddable":true,"href":"https:\/\/www.patriarcatovenezia.it\/evangelizzazione-e-catechesi\/wp-json\/wp\/v2\/users\/9"}],"replies":[{"embeddable":true,"href":"https:\/\/www.patriarcatovenezia.it\/evangelizzazione-e-catechesi\/wp-json\/wp\/v2\/comments?post=1917"}],"version-history":[{"count":2,"href":"https:\/\/www.patriarcatovenezia.it\/evangelizzazione-e-catechesi\/wp-json\/wp\/v2\/pages\/1917\/revisions"}],"predecessor-version":[{"id":2047,"href":"https:\/\/www.patriarcatovenezia.it\/evangelizzazione-e-catechesi\/wp-json\/wp\/v2\/pages\/1917\/revisions\/2047"}],"up":[{"embeddable":true,"href":"https:\/\/www.patriarcatovenezia.it\/evangelizzazione-e-catechesi\/wp-json\/wp\/v2\/pages\/221"}],"wp:attachment":[{"href":"https:\/\/www.patriarcatovenezia.it\/evangelizzazione-e-catechesi\/wp-json\/wp\/v2\/media?parent=1917"}],"curies":[{"name":"wp","href":"https:\/\/api.w.org\/{rel}","templated":true}]}}