{"id":1887,"date":"2017-05-31T12:23:07","date_gmt":"2017-05-31T10:23:07","guid":{"rendered":"https:\/\/venezia.webdiocesi.it\/Evangelizzazione-e-Catechesi\/?page_id=1887"},"modified":"2017-06-01T15:12:21","modified_gmt":"2017-06-01T13:12:21","slug":"cammini-di-avvento-2009-e-quaresima-2010_bambini","status":"publish","type":"page","link":"https:\/\/www.patriarcatovenezia.it\/evangelizzazione-e-catechesi\/archivio-attivita\/cammini-di-avvento-2009-e-quaresima-2010_bambini\/","title":{"rendered":"Cammino di Avvento 2009 e Quaresima 2010_bambini"},"content":{"rendered":"<h5 style=\"text-align: right\"><img loading=\"lazy\" decoding=\"async\" class=\"size-medium wp-image-1889 alignleft\" src=\"https:\/\/venezia.webdiocesi.it\/Evangelizzazione-e-Catechesi\/wp-content\/uploads\/sites\/17\/2017\/05\/presepio-300x156.jpg\" alt=\"\" width=\"300\" height=\"156\" srcset=\"https:\/\/www.patriarcatovenezia.it\/evangelizzazione-e-catechesi\/wp-content\/uploads\/sites\/17\/2017\/05\/presepio-300x156.jpg 300w, https:\/\/www.patriarcatovenezia.it\/evangelizzazione-e-catechesi\/wp-content\/uploads\/sites\/17\/2017\/05\/presepio-768x399.jpg 768w, https:\/\/www.patriarcatovenezia.it\/evangelizzazione-e-catechesi\/wp-content\/uploads\/sites\/17\/2017\/05\/presepio-1024x532.jpg 1024w, https:\/\/www.patriarcatovenezia.it\/evangelizzazione-e-catechesi\/wp-content\/uploads\/sites\/17\/2017\/05\/presepio-360x187.jpg 360w\" sizes=\"(max-width: 300px) 100vw, 300px\" \/><strong>AVVENTO e SANTO NATALE 2009 &#8211; anno c<\/strong><\/h5>\n<h4 style=\"text-align: right\"><span style=\"color: #993366\"><strong>RESTA IN ATTESA&#8230;\u00c8 UNA SORPRESA!<\/strong><\/span><\/h4>\n<p>Come \u00e8 possibile farsi sorprendere da qualcosa che si conosce bene e si attende?<br \/>\nUna sorpresa in genere \u00e8 qualcosa che si riceve in modo \u201cinaspettato\u201d e che non fa effetto se si sa gi\u00e0 e <em>come e dove\u00a0<\/em>deve avvenire. Un&#8217;autentica sorpresa sarebbe se il 28 luglio tutti si svegliassero e quel giorno, di colpo,\u2026 fosse Natale!<br \/>\nIl nostro \u00e8 un Dio che ama fare sorprese. Tutta la Bibbia infatti \u00e8 ricca di persone che si stupiscono, gioiscono o si arrabbiano per come Lui si presenta e agisce nella loro storia. Ma sono tante anche le persone che non si fanno sorprendere per niente, perch\u00e9, avendo deciso loro <em>come\u00a0<\/em>deve essere Dio\u2026 non sanno riconoscerlo.<br \/>\nForse Dio riesce a sorprendere solo chi rinuncia all&#8217;azione? Non sono l&#8217;indifferenza e la passivit\u00e0 che producono \u00a0stupore, ma non \u00e8 necessario nemmeno affannarsi ad inseguire lo spettacolare.<br \/>\nDio sorprende quando pu\u00f2 agire, cio\u00e8 quando, grazie alla nostra attesa partecipata, la sua iniziativa trova accoglienza. A noi allora il compito di costruire le condizioni perch\u00e9 Dio si renda presente\u2026 in modo <em>sorprendente!<\/em><\/p>\n<p><strong>Scarica qui i materiali: \u00a0\u2666\u00a0<a href=\"https:\/\/venezia.webdiocesi.it\/Evangelizzazione-e-Catechesi\/wp-content\/uploads\/sites\/17\/2017\/05\/Present_Restainattesa_6-10.pdf\">Present_Restainattesa_6-10<\/a>\u00a0 \u00a0 \u00a0<\/strong><strong>\u2666\u00a0<a href=\"https:\/\/venezia.webdiocesi.it\/Evangelizzazione-e-Catechesi\/wp-content\/uploads\/sites\/17\/2017\/05\/Schede_Restainattesa_6-10.pdf\">Schede_Restainattesa_6-10<\/a>\u00a0 \u00a0 \u00a0<\/strong><\/p>\n<p><strong>Schede sui personaggi del presepio: \u00a0\u2666\u00a0<a href=\"https:\/\/venezia.webdiocesi.it\/Evangelizzazione-e-Catechesi\/wp-content\/uploads\/sites\/17\/2017\/05\/Giuseppe.pdf\">Giuseppe<\/a> \u2666\u00a0<a href=\"https:\/\/venezia.webdiocesi.it\/Evangelizzazione-e-Catechesi\/wp-content\/uploads\/sites\/17\/2017\/05\/Maria.pdf\">Maria<\/a> \u2666\u00a0<a href=\"https:\/\/venezia.webdiocesi.it\/Evangelizzazione-e-Catechesi\/wp-content\/uploads\/sites\/17\/2017\/05\/Pastori.pdf\">Pastori<\/a><\/strong><\/p>\n<p><em><strong>N.B.:<\/strong> Tutti i disegni sono stati realizzati da <strong>Maria Gianola<\/strong> e da lei stessa gentilmente messi a disposizione dei bambini del Patriarcato.<\/em><\/p>\n<p><a href=\"https:\/\/venezia.webdiocesi.it\/Evangelizzazione-e-Catechesi\/archivio-attivita\/incontro-della-carita-2009\/\"><img loading=\"lazy\" decoding=\"async\" class=\"wp-image-2006 alignleft\" src=\"https:\/\/venezia.webdiocesi.it\/Evangelizzazione-e-Catechesi\/wp-content\/uploads\/sites\/17\/2017\/06\/locandina-IDC-2009-208x300.jpg\" width=\"132\" height=\"190\" srcset=\"https:\/\/www.patriarcatovenezia.it\/evangelizzazione-e-catechesi\/wp-content\/uploads\/sites\/17\/2017\/06\/locandina-IDC-2009-208x300.jpg 208w, https:\/\/www.patriarcatovenezia.it\/evangelizzazione-e-catechesi\/wp-content\/uploads\/sites\/17\/2017\/06\/locandina-IDC-2009-194x280.jpg 194w, https:\/\/www.patriarcatovenezia.it\/evangelizzazione-e-catechesi\/wp-content\/uploads\/sites\/17\/2017\/06\/locandina-IDC-2009.jpg 506w\" sizes=\"(max-width: 132px) 100vw, 132px\" \/><\/a><\/p>\n<p>&nbsp;<\/p>\n<p><strong>Clicca sulla locandina per avere notizie sull&#8217;Incontro della Carit\u00e0 2009<\/strong><\/p>\n<p>&nbsp;<\/p>\n<p>&nbsp;<\/p>\n<p>&nbsp;<\/p>\n<hr \/>\n<h5 style=\"text-align: left\"><strong>QUARESIMA e SANTA PASQUA 2010 &#8211; anno C<\/strong><\/h5>\n<h4 style=\"text-align: left\"><span style=\"color: #993366\"><strong><img loading=\"lazy\" decoding=\"async\" class=\"wp-image-1895 alignright\" src=\"https:\/\/venezia.webdiocesi.it\/Evangelizzazione-e-Catechesi\/wp-content\/uploads\/sites\/17\/2017\/05\/generaleBN.jpg\" alt=\"\" width=\"226\" height=\"221\" \/>DALLA TESTA AI PIEDI<\/strong><\/span><\/h4>\n<p>Dovendo introdurre per la prima volta o cercando di spiegare il senso di ci\u00f2 che la comunit\u00e0 cristiana \u00e8 invitata a vivere in questo tempo, con i bambini \u00e8 bene partire dal significato della Quaresima come tempo per il \u201ccombattimento\u201d e la conversione. Il valore di <em>penitenza<\/em> e <em>mortificazione<\/em> che rischiano di starci cos\u00ec stretti ai nostri tempi&#8230; vanno recuperati liberandoli da pregiudizi (soprattutto nelle famiglie) e riconducendo qualsiasi gesto di questo tipo all&#8217;amore da cui sgorga. Ai nostri bambini \u201cfare quaresima\u201d dice ben poco, abituati come sono a non distinguere il tempo della festa da quello dell&#8217;attesa o della ferialit\u00e0. Il cammino proposto ha proprio l&#8217;intento di accompagnarli nella scelta e nell&#8217;esperienza del limite o della mancanza per verificare la <em>funzionalit\u00e0<\/em> dei loro 5 sensi.<br \/>\nIl nostro corpo \u00e8 dotato di vista, udito, gusto, olfatto, tatto come finestre sul mondo &#8211; per dirla in modo \u201ctecnologico\u201d &#8211;<br \/>\ncome <em>periferiche<\/em> per interfacciarsi con l&#8217;esterno.<\/p>\n<p><strong>Scarica qui i materiali utili per il cammino di gruppo: \u00a0<\/strong><\/p>\n<p>\u2666\u00a0<strong><a href=\"https:\/\/venezia.webdiocesi.it\/Evangelizzazione-e-Catechesi\/wp-content\/uploads\/sites\/17\/2017\/05\/Mer-delle-ceneri.pdf\">Mercoled\u00ec delle ceneri<\/a><\/strong><\/p>\n<p>\u2666\u00a0<strong><a href=\"https:\/\/venezia.webdiocesi.it\/Evangelizzazione-e-Catechesi\/wp-content\/uploads\/sites\/17\/2017\/05\/pres_FacciamoQuaresima_6-10.pdf\">pres_FacciamoQuaresima_6-10<\/a>\u00a0 \u00a0 \u00a0\u00a0<\/strong><strong>\u2666\u00a0<a href=\"https:\/\/venezia.webdiocesi.it\/Evangelizzazione-e-Catechesi\/wp-content\/uploads\/sites\/17\/2017\/05\/Schede_FacciamoQuaresima_6-10.pdf\">Schede_FacciamoQuaresima_6-10<\/a><\/strong><\/p>\n<p>\u2666<strong>\u00a0<a href=\"https:\/\/venezia.webdiocesi.it\/Evangelizzazione-e-Catechesi\/wp-content\/uploads\/sites\/17\/2017\/05\/Altre-idee-per-6-10-anni.pdf\">Altre idee per 6-10 anni<\/a><\/strong><\/p>\n","protected":false},"excerpt":{"rendered":"<p>AVVENTO e SANTO NATALE 2009 &#8211; anno c RESTA IN ATTESA&#8230;\u00c8 UNA SORPRESA! Come \u00e8 possibile farsi sorprendere da qualcosa che si conosce bene e si attende? Una sorpresa in genere \u00e8 qualcosa che si riceve in modo \u201cinaspettato\u201d e che non fa effetto se si sa gi\u00e0 e come e dove\u00a0deve avvenire. Un&#8217;autentica sorpresa [&hellip;]<\/p>\n","protected":false},"author":0,"featured_media":0,"parent":221,"menu_order":0,"comment_status":"closed","ping_status":"closed","template":"","meta":{"_acf_changed":false,"ip_address":"","user_agent":"","level":"","revision":"","cookie_id":"","page_referer":"","html_form":"","footnotes":""},"class_list":["post-1887","page","type-page","status-publish","hentry"],"acf":[],"_links":{"self":[{"href":"https:\/\/www.patriarcatovenezia.it\/evangelizzazione-e-catechesi\/wp-json\/wp\/v2\/pages\/1887"}],"collection":[{"href":"https:\/\/www.patriarcatovenezia.it\/evangelizzazione-e-catechesi\/wp-json\/wp\/v2\/pages"}],"about":[{"href":"https:\/\/www.patriarcatovenezia.it\/evangelizzazione-e-catechesi\/wp-json\/wp\/v2\/types\/page"}],"author":[{"embeddable":true,"href":"https:\/\/www.patriarcatovenezia.it\/evangelizzazione-e-catechesi\/wp-json\/wp\/v2\/users\/9"}],"replies":[{"embeddable":true,"href":"https:\/\/www.patriarcatovenezia.it\/evangelizzazione-e-catechesi\/wp-json\/wp\/v2\/comments?post=1887"}],"version-history":[{"count":3,"href":"https:\/\/www.patriarcatovenezia.it\/evangelizzazione-e-catechesi\/wp-json\/wp\/v2\/pages\/1887\/revisions"}],"predecessor-version":[{"id":2025,"href":"https:\/\/www.patriarcatovenezia.it\/evangelizzazione-e-catechesi\/wp-json\/wp\/v2\/pages\/1887\/revisions\/2025"}],"up":[{"embeddable":true,"href":"https:\/\/www.patriarcatovenezia.it\/evangelizzazione-e-catechesi\/wp-json\/wp\/v2\/pages\/221"}],"wp:attachment":[{"href":"https:\/\/www.patriarcatovenezia.it\/evangelizzazione-e-catechesi\/wp-json\/wp\/v2\/media?parent=1887"}],"curies":[{"name":"wp","href":"https:\/\/api.w.org\/{rel}","templated":true}]}}