{"id":1852,"date":"2017-05-31T10:52:45","date_gmt":"2017-05-31T08:52:45","guid":{"rendered":"https:\/\/venezia.webdiocesi.it\/Evangelizzazione-e-Catechesi\/?page_id=1852"},"modified":"2017-05-31T11:13:24","modified_gmt":"2017-05-31T09:13:24","slug":"cammino-di-avvento-2008-e-quaresima-2009_ragazzi","status":"publish","type":"page","link":"https:\/\/www.patriarcatovenezia.it\/evangelizzazione-e-catechesi\/archivio-attivita\/cammino-di-avvento-2008-e-quaresima-2009_ragazzi\/","title":{"rendered":"Cammino di Avvento 2008 e Quaresima 2009_ragazzi"},"content":{"rendered":"<p style=\"text-align: right\"><strong>AVVENTO e NATALE 2008 &#8211; anno B<\/strong><\/p>\n<h4><img loading=\"lazy\" decoding=\"async\" class=\"size-full wp-image-1853 alignleft\" src=\"https:\/\/venezia.webdiocesi.it\/Evangelizzazione-e-Catechesi\/wp-content\/uploads\/sites\/17\/2017\/05\/logoAvvento.jpg\" alt=\"\" width=\"245\" height=\"140\" \/><span style=\"color: #ff0000\"><strong>UNA STALLA A 5 STELLE<\/strong><\/span><\/h4>\n<p>Chi, ascoltando il racconto della nascita di Ges\u00f9, non ha condiviso la trepidazione di Maria incinta, ormai prossima al parto, e di Giuseppe suo sposo, gi\u00e0 preoccupato di aver dovuto costringerla ad un viaggio cos\u00ec faticoso e ora alla ricerca di un riparo tranquillo per far nascere il bambino?<br \/>\nLa scena che il Vangelo ci presenta sembra un po\u2019 lontana da certe immagini composte e sdolcinate che affollano i nostri natali, ci richiama pi\u00f9 l\u2019urgenza e le difficolt\u00e0 di una concreta famiglia costretta ad affrontare e risolvere un problema non da poco come quello dell\u2019alloggio, arrivando a scontrarsi con una realt\u00e0 in cui \u201cper loro non c\u2019era posto\u201d. Non avevano prenotato? Le soluzioni last-minute a quel tempo forse non esistevano e Betlemme, piccola com\u2019era, non aveva di sicuro molti spazi per i \u201cturisti\u201d, tanto pi\u00f9 che il censimento in atto doveva aver mandato in tilt gli albergatori del posto&#8230; Scherzi a parte, a volte per\u00f2 \u00e8 bello ricordarci che \u00e8 proprio in una situazione cos\u00ec \u201cprecaria\u201d che Ges\u00f9, il salvatore del mondo, \u00e8 venuto ad abitare tra noi. Una situazione cos\u00ec vicina alla nostra umana quotidianit\u00e0 da farci cogliere con chiarezza come i fatti stessi della vita siano la trama su cui il disegno di Dio prende vita.<\/p>\n<p>Ecco il desiderio per questo Avvento di scoprirci \u201calbergo\u201d, dimora per Ges\u00f9 che viene e far s\u00ec che sia Egli stesso a mostrarci come esserlo di settimana in settimana, attraverso i vangeli della domenica e con un modello d\u2018eccezione: Maria di Nazareth.<\/p>\n<p><strong>Materiali scaricabili:<\/strong><\/p>\n<p>\u2666 <a href=\"https:\/\/venezia.webdiocesi.it\/Evangelizzazione-e-Catechesi\/wp-content\/uploads\/sites\/17\/2017\/05\/Presentazione_11-14-1.pdf\">Presentazione_11-14<\/a>\u00a0\u00a0\u2666 <a href=\"https:\/\/venezia.webdiocesi.it\/Evangelizzazione-e-Catechesi\/wp-content\/uploads\/sites\/17\/2017\/05\/Prima-settimana_11-14-1.pdf\">Prima settimana_11-14<\/a>\u00a0 \u2666\u00a0<a href=\"https:\/\/venezia.webdiocesi.it\/Evangelizzazione-e-Catechesi\/wp-content\/uploads\/sites\/17\/2017\/05\/Seconda-settimana_11-14-1.pdf\">Seconda settimana_11-14<\/a><\/p>\n<p>\u2666 <a href=\"https:\/\/venezia.webdiocesi.it\/Evangelizzazione-e-Catechesi\/wp-content\/uploads\/sites\/17\/2017\/05\/Terza-settimana_11-14-1.pdf\">Terza settimana_11-14<\/a>\u00a0 \u2666\u00a0<a href=\"https:\/\/venezia.webdiocesi.it\/Evangelizzazione-e-Catechesi\/wp-content\/uploads\/sites\/17\/2017\/05\/Terza-settimana_11-14-1.pdf\">Quarta settimana_11-14<\/a><\/p>\n<hr \/>\n<p style=\"text-align: right\"><strong>QUARESIMA e SANTA PASQUA 2009 &#8211; anno B<\/strong><\/p>\n<h4 style=\"text-align: left\"><strong><img loading=\"lazy\" decoding=\"async\" class=\" wp-image-1854 alignleft\" src=\"https:\/\/venezia.webdiocesi.it\/Evangelizzazione-e-Catechesi\/wp-content\/uploads\/sites\/17\/2017\/05\/logo-color_Q09-296x300.jpg\" alt=\"\" width=\"198\" height=\"201\" srcset=\"https:\/\/www.patriarcatovenezia.it\/evangelizzazione-e-catechesi\/wp-content\/uploads\/sites\/17\/2017\/05\/logo-color_Q09-296x300.jpg 296w, https:\/\/www.patriarcatovenezia.it\/evangelizzazione-e-catechesi\/wp-content\/uploads\/sites\/17\/2017\/05\/logo-color_Q09-276x280.jpg 276w, https:\/\/www.patriarcatovenezia.it\/evangelizzazione-e-catechesi\/wp-content\/uploads\/sites\/17\/2017\/05\/logo-color_Q09.jpg 310w\" sizes=\"(max-width: 198px) 100vw, 198px\" \/><\/strong><\/h4>\n<h4 style=\"text-align: left\"><span style=\"color: #ff0000\"><strong>&#8220;PERC<\/strong><strong>H\u00c9 IL MONDO SI SALVI PER MEZZO DI LUI&#8221;<\/strong><\/span><\/h4>\n<p>Il cammino per i gruppi dagli 11 ai 14 anni assume poi anche una valenza in pi\u00f9 in quanto avvicinamento alla Festa diocesana con il Patriarca Angelo che quest\u2019anno si svolger\u00e0 domenica 19 aprile al Palaexpomar di Caorle. L\u2019appuntamento, ormai tappa tradizionale, ha dimostrato di essere una buonissima esperienza di Chiesa che vede sempre maggiore partecipazione, aumenta l\u2019entusiasmo e l\u2019appartenenza al gruppo in un\u2019et\u00e0 cos\u00ec delicata e piena di sfide.<\/p>\n<p>&nbsp;<\/p>\n<p><strong>Materiali scaricabili:<\/strong><\/p>\n<p>\u2666 <a href=\"https:\/\/venezia.webdiocesi.it\/Evangelizzazione-e-Catechesi\/wp-content\/uploads\/sites\/17\/2017\/05\/presentazione-11-14-1.pdf\">presentazione 11-14<\/a>\u00a0 \u00a0\u2666\u00a0<a href=\"https:\/\/venezia.webdiocesi.it\/Evangelizzazione-e-Catechesi\/wp-content\/uploads\/sites\/17\/2017\/05\/1settimana.pdf\">1^settimana<\/a>\u00a0 \u2666\u00a0<a href=\"https:\/\/venezia.webdiocesi.it\/Evangelizzazione-e-Catechesi\/wp-content\/uploads\/sites\/17\/2017\/05\/2settimana.pdf\">2^settimana<\/a><\/p>\n<p>\u2666<a href=\"https:\/\/venezia.webdiocesi.it\/Evangelizzazione-e-Catechesi\/wp-content\/uploads\/sites\/17\/2017\/05\/3settimana.pdf\"> 3^settimana<\/a>\u00a0 \u00a0\u2666\u00a0<a href=\"https:\/\/venezia.webdiocesi.it\/Evangelizzazione-e-Catechesi\/wp-content\/uploads\/sites\/17\/2017\/05\/4settimana.pdf\">4^settimana<\/a>\u00a0 \u00a0\u2666\u00a0<a href=\"https:\/\/venezia.webdiocesi.it\/Evangelizzazione-e-Catechesi\/wp-content\/uploads\/sites\/17\/2017\/05\/5settimana.pdf\">5^settimana<\/a>\u00a0 \u2666\u00a0<a href=\"https:\/\/venezia.webdiocesi.it\/Evangelizzazione-e-Catechesi\/wp-content\/uploads\/sites\/17\/2017\/05\/Palme.pdf\">Palme<\/a><\/p>\n","protected":false},"excerpt":{"rendered":"<p>AVVENTO e NATALE 2008 &#8211; anno B UNA STALLA A 5 STELLE Chi, ascoltando il racconto della nascita di Ges\u00f9, non ha condiviso la trepidazione di Maria incinta, ormai prossima al parto, e di Giuseppe suo sposo, gi\u00e0 preoccupato di aver dovuto costringerla ad un viaggio cos\u00ec faticoso e ora alla ricerca di un riparo [&hellip;]<\/p>\n","protected":false},"author":0,"featured_media":0,"parent":221,"menu_order":0,"comment_status":"closed","ping_status":"closed","template":"","meta":{"_acf_changed":false,"ip_address":"","user_agent":"","level":"","revision":"","cookie_id":"","page_referer":"","html_form":"","footnotes":""},"class_list":["post-1852","page","type-page","status-publish","hentry"],"acf":[],"_links":{"self":[{"href":"https:\/\/www.patriarcatovenezia.it\/evangelizzazione-e-catechesi\/wp-json\/wp\/v2\/pages\/1852"}],"collection":[{"href":"https:\/\/www.patriarcatovenezia.it\/evangelizzazione-e-catechesi\/wp-json\/wp\/v2\/pages"}],"about":[{"href":"https:\/\/www.patriarcatovenezia.it\/evangelizzazione-e-catechesi\/wp-json\/wp\/v2\/types\/page"}],"author":[{"embeddable":true,"href":"https:\/\/www.patriarcatovenezia.it\/evangelizzazione-e-catechesi\/wp-json\/wp\/v2\/users\/9"}],"replies":[{"embeddable":true,"href":"https:\/\/www.patriarcatovenezia.it\/evangelizzazione-e-catechesi\/wp-json\/wp\/v2\/comments?post=1852"}],"version-history":[{"count":3,"href":"https:\/\/www.patriarcatovenezia.it\/evangelizzazione-e-catechesi\/wp-json\/wp\/v2\/pages\/1852\/revisions"}],"predecessor-version":[{"id":1872,"href":"https:\/\/www.patriarcatovenezia.it\/evangelizzazione-e-catechesi\/wp-json\/wp\/v2\/pages\/1852\/revisions\/1872"}],"up":[{"embeddable":true,"href":"https:\/\/www.patriarcatovenezia.it\/evangelizzazione-e-catechesi\/wp-json\/wp\/v2\/pages\/221"}],"wp:attachment":[{"href":"https:\/\/www.patriarcatovenezia.it\/evangelizzazione-e-catechesi\/wp-json\/wp\/v2\/media?parent=1852"}],"curies":[{"name":"wp","href":"https:\/\/api.w.org\/{rel}","templated":true}]}}