{"id":1847,"date":"2017-05-31T10:37:27","date_gmt":"2017-05-31T08:37:27","guid":{"rendered":"https:\/\/venezia.webdiocesi.it\/Evangelizzazione-e-Catechesi\/?page_id=1847"},"modified":"2017-06-09T14:47:17","modified_gmt":"2017-06-09T12:47:17","slug":"festa-dei-ragazzi-2009","status":"publish","type":"page","link":"https:\/\/www.patriarcatovenezia.it\/evangelizzazione-e-catechesi\/archivio-attivita\/festa-dei-ragazzi-2009\/","title":{"rendered":"Festa dei Ragazzi 2009"},"content":{"rendered":"<h4><img loading=\"lazy\" decoding=\"async\" class=\"size-medium wp-image-1849 alignleft\" src=\"https:\/\/venezia.webdiocesi.it\/Evangelizzazione-e-Catechesi\/wp-content\/uploads\/sites\/17\/2017\/05\/PRIMO-LOGO-FESTA-300x159.jpg\" alt=\"\" width=\"300\" height=\"159\" srcset=\"https:\/\/www.patriarcatovenezia.it\/evangelizzazione-e-catechesi\/wp-content\/uploads\/sites\/17\/2017\/05\/PRIMO-LOGO-FESTA-300x159.jpg 300w, https:\/\/www.patriarcatovenezia.it\/evangelizzazione-e-catechesi\/wp-content\/uploads\/sites\/17\/2017\/05\/PRIMO-LOGO-FESTA-768x408.jpg 768w, https:\/\/www.patriarcatovenezia.it\/evangelizzazione-e-catechesi\/wp-content\/uploads\/sites\/17\/2017\/05\/PRIMO-LOGO-FESTA-1024x544.jpg 1024w, https:\/\/www.patriarcatovenezia.it\/evangelizzazione-e-catechesi\/wp-content\/uploads\/sites\/17\/2017\/05\/PRIMO-LOGO-FESTA-360x191.jpg 360w, https:\/\/www.patriarcatovenezia.it\/evangelizzazione-e-catechesi\/wp-content\/uploads\/sites\/17\/2017\/05\/PRIMO-LOGO-FESTA.jpg 1440w\" sizes=\"(max-width: 300px) 100vw, 300px\" \/><strong>DOMENICA 19 APRILE 2009<\/strong><\/h4>\n<h5><strong>Palaexpomar di Caorle<\/strong><\/h5>\n<h4><strong>FESTA DIOCESANA DEI RAGAZZI\u00a0<\/strong><\/h4>\n<h4><span style=\"color: #ff0000\"><strong>CI SALVI CHI PUO&#8217;<\/strong><\/span><\/h4>\n<hr \/>\n<p><strong>Programma di massima<\/strong><img loading=\"lazy\" decoding=\"async\" class=\"size-medium wp-image-1848 alignright\" src=\"https:\/\/venezia.webdiocesi.it\/Evangelizzazione-e-Catechesi\/wp-content\/uploads\/sites\/17\/2017\/05\/LOCANDINA-219x300.jpg\" alt=\"\" width=\"219\" height=\"300\" srcset=\"https:\/\/www.patriarcatovenezia.it\/evangelizzazione-e-catechesi\/wp-content\/uploads\/sites\/17\/2017\/05\/LOCANDINA-219x300.jpg 219w, https:\/\/www.patriarcatovenezia.it\/evangelizzazione-e-catechesi\/wp-content\/uploads\/sites\/17\/2017\/05\/LOCANDINA-768x1052.jpg 768w, https:\/\/www.patriarcatovenezia.it\/evangelizzazione-e-catechesi\/wp-content\/uploads\/sites\/17\/2017\/05\/LOCANDINA-747x1024.jpg 747w, https:\/\/www.patriarcatovenezia.it\/evangelizzazione-e-catechesi\/wp-content\/uploads\/sites\/17\/2017\/05\/LOCANDINA-204x280.jpg 204w, https:\/\/www.patriarcatovenezia.it\/evangelizzazione-e-catechesi\/wp-content\/uploads\/sites\/17\/2017\/05\/LOCANDINA-561x768.jpg 561w, https:\/\/www.patriarcatovenezia.it\/evangelizzazione-e-catechesi\/wp-content\/uploads\/sites\/17\/2017\/05\/LOCANDINA.jpg 1605w\" sizes=\"(max-width: 219px) 100vw, 219px\" \/><\/p>\n<p>Ore 9.30 \u2013 10.00 \u00a0\u00a0\u00a0\u00a0 <em>Accoglienza presso il Palaexpomar<\/em><\/p>\n<p>Ore 10.00 &#8211; 11.00\u00a0\u00a0\u00a0\u00a0 <em>Preghiera del mattino e lancio della festa<\/em><\/p>\n<p>Ore 10.30 &#8211; 12.30\u00a0\u00a0\u00a0\u00a0 <em>Apertura degli stand: giochi e attivit\u00e0<\/em><\/p>\n<p>Ore 12.30 &#8211; 13.30 \u00a0\u00a0\u00a0 <em>Pranzo al sacco<\/em><\/p>\n<p>Ore 13.30 &#8211; 15.30\u00a0\u00a0\u00a0\u00a0 <em>Ripresa attivit\u00e0-spettacolo<\/em><\/p>\n<p>Ore 15.30 \u2013 16.00 \u00a0\u00a0 <em>Preparazione Santa Messa<\/em><\/p>\n<p>Ore 16.00 &#8211; 17.00\u00a0\u00a0\u00a0\u00a0 <em>Celebrazione Santa Messa con il Patriarca A. Scola<\/em><\/p>\n<p>Ore 17.00 \u00a0\u00a0\u00a0\u00a0\u00a0\u00a0\u00a0\u00a0\u00a0\u00a0\u00a0\u00a0\u00a0\u00a0\u00a0\u00a0 <em>Chiusura Festa e rientro nelle parrocchie<\/em><\/p>\n<hr \/>\n<p><strong>Tema\u00a0 <\/strong><strong>\u201cCI SALVI CHI PUO\u2019\u201d<\/strong><\/p>\n<p>\u2026\u00e8 lo slogan che cerca di sintetizzare un intero percorso diocesano proposto per la Quaresima 2009 (contenuto nel sussidio<a href=\"https:\/\/venezia.webdiocesi.it\/Evangelizzazione-e-Catechesi\/archivio-attivita\/cammino-di-avvento-2008-e-quaresima-2009_ragazzi\/\"><strong><em> \u201cPerch\u00e9 il mondo si salvi per mezzo di Lui\u201d<\/em><\/strong><\/a>, distribuito nelle parrocchie) e dare corpo alla tematica della Salvezza in Cristo Ges\u00f9 con le parole e i gesti della quotidianit\u00e0 dei preadolescenti. \u00c8\u00a0un tentativo di intercettare le loro domande di \u201csalvezza\u201d e farle incontrare con la Persona di Ges\u00f9, l\u2019unica risposta di verit\u00e0 per una piena realizzazione di se stessi. Tra i tanti S.O.S. che risuonano nel mondo o il diffuso senso di autosufficienza da Dio\u2026 pare che sia possibile solo una soluzione individualistica, un estremo <em>\u201csi salvi chi pu\u00f2\u201d<\/em> svuotato di ogni responsabilit\u00e0, che affida alle forze umane del singolo una salvezza incerta, per lo pi\u00f9 legata al caso o alla fortuna.<\/p>\n<p>Il nostro \u201c<strong>ci<\/strong>\u201d iniziale dello slogan insiste invece su una dimensione comunitaria, necessaria assieme a quella personale, per giocarsi la propria vita e imparare giorno dopo giorno ad affidarla a \u201c<strong>CHI<\/strong>\u201d ha realmente il potere di salvarne ogni aspetto.<\/p>\n<p>In questo \u201c<strong>CHI<\/strong>\u201d c\u2019\u00e8 la persona di Ges\u00f9, capace di attirare a s\u00e9 tutti gli uomini, da una posizione scomoda e ripugnante come quella della croce\u2026 alla quale i ragazzi saranno aiutati a guardare con un cammino quaresimale di seria verifica personale per smascherare i molteplici e falsi \u201cchi\u201d in cui spesso cercano salvezze approssimative e deludenti.<\/p>\n<p>L\u2019immagine dell\u2019<strong>ANCORA<\/strong> accompagna lo slogan, desiderando richiamare alla mente la stabilit\u00e0 e la sicurezza su cui la nostra fede \u00e8 fondata.<\/p>\n<p>ATTENZIONE! <strong>Per un accompagnamento personale dei ragazzi alla FESTA vedi i numeri de la\u00a0<a href=\"https:\/\/venezia.webdiocesi.it\/Evangelizzazione-e-Catechesi\/archivio-attivita\/festa-dei-ragazzi-2009\/la-gazzetta-di-ermancora\/\">GAZZETTA DI ERMANCORA<\/a>!<\/strong><\/p>\n<p><img loading=\"lazy\" decoding=\"async\" class=\"aligncenter wp-image-1874\" src=\"https:\/\/venezia.webdiocesi.it\/Evangelizzazione-e-Catechesi\/wp-content\/uploads\/sites\/17\/2017\/05\/testata-a-colori-300x81.jpg\" alt=\"\" width=\"496\" height=\"134\" srcset=\"https:\/\/www.patriarcatovenezia.it\/evangelizzazione-e-catechesi\/wp-content\/uploads\/sites\/17\/2017\/05\/testata-a-colori-300x81.jpg 300w, https:\/\/www.patriarcatovenezia.it\/evangelizzazione-e-catechesi\/wp-content\/uploads\/sites\/17\/2017\/05\/testata-a-colori-768x208.jpg 768w, https:\/\/www.patriarcatovenezia.it\/evangelizzazione-e-catechesi\/wp-content\/uploads\/sites\/17\/2017\/05\/testata-a-colori-1024x277.jpg 1024w, https:\/\/www.patriarcatovenezia.it\/evangelizzazione-e-catechesi\/wp-content\/uploads\/sites\/17\/2017\/05\/testata-a-colori-360x97.jpg 360w, https:\/\/www.patriarcatovenezia.it\/evangelizzazione-e-catechesi\/wp-content\/uploads\/sites\/17\/2017\/05\/testata-a-colori.jpg 1471w\" sizes=\"(max-width: 496px) 100vw, 496px\" \/><\/p>\n<p>&nbsp;<\/p>\n","protected":false},"excerpt":{"rendered":"<p>DOMENICA 19 APRILE 2009 Palaexpomar di Caorle FESTA DIOCESANA DEI RAGAZZI\u00a0 CI SALVI CHI PUO&#8217; Programma di massima Ore 9.30 \u2013 10.00 \u00a0\u00a0\u00a0\u00a0 Accoglienza presso il Palaexpomar Ore 10.00 &#8211; 11.00\u00a0\u00a0\u00a0\u00a0 Preghiera del mattino e lancio della festa Ore 10.30 &#8211; 12.30\u00a0\u00a0\u00a0\u00a0 Apertura degli stand: giochi e attivit\u00e0 Ore 12.30 &#8211; 13.30 \u00a0\u00a0\u00a0 Pranzo al [&hellip;]<\/p>\n","protected":false},"author":0,"featured_media":0,"parent":221,"menu_order":0,"comment_status":"closed","ping_status":"closed","template":"","meta":{"_acf_changed":false,"ip_address":"","user_agent":"","level":"","revision":"","cookie_id":"","page_referer":"","html_form":"","footnotes":""},"class_list":["post-1847","page","type-page","status-publish","hentry"],"acf":[],"_links":{"self":[{"href":"https:\/\/www.patriarcatovenezia.it\/evangelizzazione-e-catechesi\/wp-json\/wp\/v2\/pages\/1847"}],"collection":[{"href":"https:\/\/www.patriarcatovenezia.it\/evangelizzazione-e-catechesi\/wp-json\/wp\/v2\/pages"}],"about":[{"href":"https:\/\/www.patriarcatovenezia.it\/evangelizzazione-e-catechesi\/wp-json\/wp\/v2\/types\/page"}],"author":[{"embeddable":true,"href":"https:\/\/www.patriarcatovenezia.it\/evangelizzazione-e-catechesi\/wp-json\/wp\/v2\/users\/9"}],"replies":[{"embeddable":true,"href":"https:\/\/www.patriarcatovenezia.it\/evangelizzazione-e-catechesi\/wp-json\/wp\/v2\/comments?post=1847"}],"version-history":[{"count":4,"href":"https:\/\/www.patriarcatovenezia.it\/evangelizzazione-e-catechesi\/wp-json\/wp\/v2\/pages\/1847\/revisions"}],"predecessor-version":[{"id":2061,"href":"https:\/\/www.patriarcatovenezia.it\/evangelizzazione-e-catechesi\/wp-json\/wp\/v2\/pages\/1847\/revisions\/2061"}],"up":[{"embeddable":true,"href":"https:\/\/www.patriarcatovenezia.it\/evangelizzazione-e-catechesi\/wp-json\/wp\/v2\/pages\/221"}],"wp:attachment":[{"href":"https:\/\/www.patriarcatovenezia.it\/evangelizzazione-e-catechesi\/wp-json\/wp\/v2\/media?parent=1847"}],"curies":[{"name":"wp","href":"https:\/\/api.w.org\/{rel}","templated":true}]}}