{"id":1734,"date":"2017-05-24T15:43:30","date_gmt":"2017-05-24T13:43:30","guid":{"rendered":"https:\/\/venezia.webdiocesi.it\/Evangelizzazione-e-Catechesi\/?page_id=1734"},"modified":"2017-05-31T14:15:33","modified_gmt":"2017-05-31T12:15:33","slug":"cammino-di-avvento-2014-e-quaresima-2015_ragazzi","status":"publish","type":"page","link":"https:\/\/www.patriarcatovenezia.it\/evangelizzazione-e-catechesi\/archivio-attivita\/cammino-di-avvento-2014-e-quaresima-2015_ragazzi\/","title":{"rendered":"Cammino di Avvento 2014 e Quaresima 2015_ragazzi"},"content":{"rendered":"<h5 style=\"text-align: right\"><span style=\"color: #993366\"><strong>AVVENTO e NATALE &#8211; anno B<\/strong><\/span><\/h5>\n<p>Il cammino di Avvento che qui offriamo alle comunit\u00e0 educanti per i gruppi di <img loading=\"lazy\" decoding=\"async\" class=\"size-medium wp-image-1733 alignleft\" src=\"https:\/\/venezia.webdiocesi.it\/Evangelizzazione-e-Catechesi\/wp-content\/uploads\/sites\/17\/2017\/05\/accordati1-300x87.jpg\" alt=\"\" width=\"300\" height=\"87\" \/>ragazzi dagli 11 ai 14 anni, si inquadra nell\u2019orizzonte pastorale diocesano 2014\u20102015 che ha come titolo \u201cCantare la fede\u201d e desidera sviluppare questa immagine del canto corale quale chiave di lettura del Natale e del periodo di preparazione ad esso, nelle diverse parrocchie.<br \/>\nL\u2019espressione \u201ccantare la fede\u201d suggerita da Papa Francesco e rilanciata dal nostro Patriarca, non \u00e8 solo un\u2019azione, ma contiene gi\u00e0 in s\u00e9 la motivazione: la gioia del Vangelo \u00e8 ci\u00f2 che sprigiona e alimenta il canto. Una fede cantata \u00e8 dunque una fede che riconosce in Ges\u00f9 Cristo la melodia pi\u00f9 bella da far giungere ad ogni uomo o donna, grande o piccolo, invitandolo per \u201ccontagio\u201d ad unirsi al coro dei credenti. Come ci richiama il Patriarca Francesco: siamo chiamati a dilatare nelle nostre citt\u00e0 e nei paesi, in ogni periferia delle anime e dei corpi, la corsa del Vangelo. (v. \u201cCantare la fede\u201d p. 3).<\/p>\n<hr \/>\n<h5 style=\"text-align: left\"><span style=\"color: #993366\"><strong>QUARESIMA e SANTA PASQUA\u00a0&#8211; anno B<\/strong><\/span><\/h5>\n<p style=\"text-align: left\"><span style=\"color: #000000\"><img loading=\"lazy\" decoding=\"async\" class=\"size-medium wp-image-1908 alignleft\" src=\"https:\/\/venezia.webdiocesi.it\/Evangelizzazione-e-Catechesi\/wp-content\/uploads\/sites\/17\/2017\/05\/locandina-QUARESIMA-2015-300x212.png\" alt=\"\" width=\"300\" height=\"212\" srcset=\"https:\/\/www.patriarcatovenezia.it\/evangelizzazione-e-catechesi\/wp-content\/uploads\/sites\/17\/2017\/05\/locandina-QUARESIMA-2015-300x212.png 300w, https:\/\/www.patriarcatovenezia.it\/evangelizzazione-e-catechesi\/wp-content\/uploads\/sites\/17\/2017\/05\/locandina-QUARESIMA-2015-360x255.png 360w, https:\/\/www.patriarcatovenezia.it\/evangelizzazione-e-catechesi\/wp-content\/uploads\/sites\/17\/2017\/05\/locandina-QUARESIMA-2015.png 475w\" sizes=\"(max-width: 300px) 100vw, 300px\" \/>Il tema che, come Centro Missionario e Ufficio evangelizzazione e catechesi proponiamo alle comunit\u00e0 parrocchiali, si raccoglie attorno a tre espressioni che ci accompagneranno, di domenica in domenica, fino alla Pasqua di risurrezione: uscire &#8211; incontrare &#8211; donarsi &#8211; Tre verbi che siamo chiamati ad imparare a declinare nella vita di tutti i giorni e che ci permetteranno<br \/>\ndi seguire Ges\u00f9 in cammino verso Gerusalemme.<br \/>\n<\/span><\/p>\n<p style=\"text-align: left\"><span style=\"color: #000000\"><strong>USCIRE<\/strong> da noi stessi, dalle sicurezze acquisite, dalla pigrizia, dalla comodit\u00e0, dalle piccole schiavit\u00f9 quotidiane.<br \/>\n<\/span><\/p>\n<p style=\"text-align: left\"><span style=\"color: #000000\"><strong>INCONTRARE<\/strong> gli altri, i diversi, nelle \u201cperiferie esistenziali\u201d indicate da Papa Francesco, quelli che normalmente si evita di incrociare anche solo con lo sguardo. Incontrare per essere incontrati, per conoscer meglio se stessi, per rivelarsi ed accogliere la rivelazione dell\u2019altro. Incontrare coloro che stanno sulla soglia o in ricerca, al fine di condividerne gli interrogativi e le domande di senso.<br \/>\n<\/span><\/p>\n<p style=\"text-align: left\"><span style=\"color: #000000\"><strong>DONARSI<\/strong> lasciandoci \u201ccadere\u201d senza timore, come chicchi nella terra, per aprire la nostra vita a prospettive nuove che solo l\u2019educazione al dono pu\u00f2 generare. Donare il proprio tempo, che \u00e8 la nostra vita, le cose che la riempiono di nulla, la propria libert\u00e0 che \u00e8 reale solo se condivisa con qualcuno. Donare per poter esistere veramente, perch\u00e9 solo il dono ci ha generati e ci genera alla vita. Lasciarsi educare da Ges\u00f9 alla gratuit\u00e0 come stile di vita, significa rimanere alla scuola della sua Passione per divenire \u201cesperti\u201d in amore e \u201cprofessionisti\u201d del dono, veri discepoli di colui che non ritenne un privilegio l\u2019essere come Dio, ma svuot\u00f2 se stesso (\u2026) facendosi obbediente fino alla morte e a una morte di croce (cf Fil 2,6-8) per amore verso di te e del Padre.<\/span><\/p>\n<p style=\"text-align: left\"><img loading=\"lazy\" decoding=\"async\" class=\"size-full wp-image-1735 alignleft\" src=\"https:\/\/venezia.webdiocesi.it\/Evangelizzazione-e-Catechesi\/wp-content\/uploads\/sites\/17\/2017\/05\/francesco2.jpg\" alt=\"\" width=\"188\" height=\"189\" srcset=\"https:\/\/www.patriarcatovenezia.it\/evangelizzazione-e-catechesi\/wp-content\/uploads\/sites\/17\/2017\/05\/francesco2.jpg 188w, https:\/\/www.patriarcatovenezia.it\/evangelizzazione-e-catechesi\/wp-content\/uploads\/sites\/17\/2017\/05\/francesco2-150x150.jpg 150w\" sizes=\"(max-width: 188px) 100vw, 188px\" \/><\/p>\n<p style=\"text-align: left\">Personaggio d\u2019eccezione con cui confrontarci secondo tale dinamica evangelica:<\/p>\n<p style=\"text-align: left\"><span style=\"color: #000000\"><strong>San FRANCESCO d\u2019Assisi<\/strong> \u2013 per i gruppi di preadolescenti che hanno come m\u00e8ta il\u00a0pellegrinaggio diocesano con il Patriarca (17-19 aprile p.v.)<\/span><\/p>\n<p>&nbsp;<\/p>\n","protected":false},"excerpt":{"rendered":"<p>AVVENTO e NATALE &#8211; anno B Il cammino di Avvento che qui offriamo alle comunit\u00e0 educanti per i gruppi di ragazzi dagli 11 ai 14 anni, si inquadra nell\u2019orizzonte pastorale diocesano 2014\u20102015 che ha come titolo \u201cCantare la fede\u201d e desidera sviluppare questa immagine del canto corale quale chiave di lettura del Natale e del [&hellip;]<\/p>\n","protected":false},"author":0,"featured_media":0,"parent":221,"menu_order":0,"comment_status":"closed","ping_status":"closed","template":"","meta":{"_acf_changed":false,"ip_address":"","user_agent":"","level":"","revision":"","cookie_id":"","page_referer":"","html_form":"","footnotes":""},"class_list":["post-1734","page","type-page","status-publish","hentry"],"acf":[],"_links":{"self":[{"href":"https:\/\/www.patriarcatovenezia.it\/evangelizzazione-e-catechesi\/wp-json\/wp\/v2\/pages\/1734"}],"collection":[{"href":"https:\/\/www.patriarcatovenezia.it\/evangelizzazione-e-catechesi\/wp-json\/wp\/v2\/pages"}],"about":[{"href":"https:\/\/www.patriarcatovenezia.it\/evangelizzazione-e-catechesi\/wp-json\/wp\/v2\/types\/page"}],"author":[{"embeddable":true,"href":"https:\/\/www.patriarcatovenezia.it\/evangelizzazione-e-catechesi\/wp-json\/wp\/v2\/users\/9"}],"replies":[{"embeddable":true,"href":"https:\/\/www.patriarcatovenezia.it\/evangelizzazione-e-catechesi\/wp-json\/wp\/v2\/comments?post=1734"}],"version-history":[{"count":3,"href":"https:\/\/www.patriarcatovenezia.it\/evangelizzazione-e-catechesi\/wp-json\/wp\/v2\/pages\/1734\/revisions"}],"predecessor-version":[{"id":1909,"href":"https:\/\/www.patriarcatovenezia.it\/evangelizzazione-e-catechesi\/wp-json\/wp\/v2\/pages\/1734\/revisions\/1909"}],"up":[{"embeddable":true,"href":"https:\/\/www.patriarcatovenezia.it\/evangelizzazione-e-catechesi\/wp-json\/wp\/v2\/pages\/221"}],"wp:attachment":[{"href":"https:\/\/www.patriarcatovenezia.it\/evangelizzazione-e-catechesi\/wp-json\/wp\/v2\/media?parent=1734"}],"curies":[{"name":"wp","href":"https:\/\/api.w.org\/{rel}","templated":true}]}}