{"id":1723,"date":"2017-05-23T16:40:01","date_gmt":"2017-05-23T14:40:01","guid":{"rendered":"https:\/\/venezia.webdiocesi.it\/Evangelizzazione-e-Catechesi\/?page_id=1723"},"modified":"2017-05-31T14:08:12","modified_gmt":"2017-05-31T12:08:12","slug":"cammino-di-avvento-2015-e-quaresima-2016_ragazzi","status":"publish","type":"page","link":"https:\/\/www.patriarcatovenezia.it\/evangelizzazione-e-catechesi\/archivio-attivita\/cammino-di-avvento-2015-e-quaresima-2016_ragazzi\/","title":{"rendered":"Cammino di Avvento 2015 e Quaresima 2016_ragazzi"},"content":{"rendered":"<h5 style=\"text-align: right\"><strong>AVVENTO e NATALE 2015 &#8211; anno\u00a0C<\/strong><\/h5>\n<p><img loading=\"lazy\" decoding=\"async\" class=\"size-medium wp-image-1728 alignright\" src=\"https:\/\/venezia.webdiocesi.it\/Evangelizzazione-e-Catechesi\/wp-content\/uploads\/sites\/17\/2017\/05\/titoloprimo-passo-300x93.jpg\" alt=\"\" width=\"300\" height=\"93\" srcset=\"https:\/\/www.patriarcatovenezia.it\/evangelizzazione-e-catechesi\/wp-content\/uploads\/sites\/17\/2017\/05\/titoloprimo-passo-300x93.jpg 300w, https:\/\/www.patriarcatovenezia.it\/evangelizzazione-e-catechesi\/wp-content\/uploads\/sites\/17\/2017\/05\/titoloprimo-passo-768x238.jpg 768w, https:\/\/www.patriarcatovenezia.it\/evangelizzazione-e-catechesi\/wp-content\/uploads\/sites\/17\/2017\/05\/titoloprimo-passo-1024x317.jpg 1024w, https:\/\/www.patriarcatovenezia.it\/evangelizzazione-e-catechesi\/wp-content\/uploads\/sites\/17\/2017\/05\/titoloprimo-passo-360x111.jpg 360w, https:\/\/www.patriarcatovenezia.it\/evangelizzazione-e-catechesi\/wp-content\/uploads\/sites\/17\/2017\/05\/titoloprimo-passo.jpg 1056w\" sizes=\"(max-width: 300px) 100vw, 300px\" \/>Il cammino che vi proponiamo per l\u2019Avvento e il Natale non pu\u00f2 ovviamente prescindere dall\u2019anno giubilare indetto da Papa Francesco che ci apprestiamo a vivere assieme a tutta la Chiesa sparsa nel mondo. Nel nostro Patriarcato si aprir\u00e0 ufficialmente la <em>porta santa<\/em> della Cattedrale di San Marco <u>domenica 13 dicembre<\/u>.<\/p>\n<p>Caratteristica fondamentale di Dio, la MISERICORDIA \u00e8 forse una parola poco in uso tra i preadolescenti, ma possiamo aiutarli a distinguere al suo interno i termini che ce la restituiscono in un duplice significato: MISER (povero) COR (cuore). La Misericordia \u00e8 tradotta spesso con \u201ccom-passione\u201d (altro termine composto da tradurre, ma forse pi\u00f9 conosciuto) perci\u00f2 possiamo dire che <em>i poveri trovano \u201ccasa\u201d nel cuore di Dio<\/em>\u2026 perch\u00e8 <em>il cuore di Dio batte per i poveri<\/em>.<\/p>\n<p>Partendo come sempre dai Vangeli delle quattro domeniche d\u2019Avvento, scopriamo allora che siamo chiamati un po\u2019 alla volta ad \u201callenare\u201d il nostro di cuore, liberandolo da pesantezze e pigrizie, per predisporlo alla venuta di Ges\u00f9 con la stessa totale disponibilit\u00e0 di Maria.<\/p>\n<p>L\u2019ascolto della Parola e l\u2019esercizio nel metterla in pratica siamo convinti offrano questo corretto <em>allenamento<\/em>, ovvero la possibilit\u00e0 di <strong>sincronizzarci con il ritmo del cuore di Dio<\/strong>, il solo capace di donarci pace e allo stesso tempo contagiare di gioia evangelica i fratelli e le sorelle che ci stanno a fianco.<\/p>\n<hr \/>\n<h5 style=\"text-align: left\"><span style=\"color: #000000\"><strong>QUARESIMA\u00a0e SANTA PASQUA 2016 &#8211; anno\u00a0C<\/strong><\/span><\/h5>\n<p style=\"text-align: left\"><img loading=\"lazy\" decoding=\"async\" class=\"size-full wp-image-1726 alignleft\" src=\"https:\/\/venezia.webdiocesi.it\/Evangelizzazione-e-Catechesi\/wp-content\/uploads\/sites\/17\/2017\/05\/altuofianco.jpg\" alt=\"\" width=\"252\" height=\"88\" \/>SECONDO PASSO verso la Festa dei Ragazzi 2016 \u2010 Per il cammino di Quaresima e in vista della Santa Pasqua, ci attende un percorso liturgico che assume i tratti e la sensibilit\u00e0 propria dell\u2019evangelista Luca (il cantore della tenerezza e della misericordia del Padre) che ci esorta a vivere questo allenamento della sincronia con il cuore di Dio nei gesti ogni giorno: le OPERE DI MISERICORDIA corporale e spirituale.<br \/>\nL\u2019ambientazione matematica scelta per il percorso giubilare 11\u201014 anni ci mette davanti ora la <strong>SOTTRAZIONE<\/strong>. Come afferma mons. Betori, Vescovo di Firenze: <em>\u00abnella prospettiva della Pasqua, la quaresima non appare come la sottrazione di qualcosa, un ennesimo &#8216;no&#8217; detto ai desideri dell&#8217;uomo &#8216;come accusano molti&#8217;, ma, al contrario, un pieno &#8216;s\u00ec&#8217; alla vita e alla sua felicit\u00e0, che scaturisce dal &#8216;s\u00ec&#8217; di Dio all&#8217;umanit\u00e0\u00bb.<\/em><\/p>\n<p>&nbsp;<\/p>\n","protected":false},"excerpt":{"rendered":"<p>AVVENTO e NATALE 2015 &#8211; anno\u00a0C Il cammino che vi proponiamo per l\u2019Avvento e il Natale non pu\u00f2 ovviamente prescindere dall\u2019anno giubilare indetto da Papa Francesco che ci apprestiamo a vivere assieme a tutta la Chiesa sparsa nel mondo. Nel nostro Patriarcato si aprir\u00e0 ufficialmente la porta santa della Cattedrale di San Marco domenica 13 [&hellip;]<\/p>\n","protected":false},"author":0,"featured_media":0,"parent":221,"menu_order":0,"comment_status":"closed","ping_status":"closed","template":"","meta":{"_acf_changed":false,"ip_address":"","user_agent":"","level":"","revision":"","cookie_id":"","page_referer":"","html_form":"","footnotes":""},"class_list":["post-1723","page","type-page","status-publish","hentry"],"acf":[],"_links":{"self":[{"href":"https:\/\/www.patriarcatovenezia.it\/evangelizzazione-e-catechesi\/wp-json\/wp\/v2\/pages\/1723"}],"collection":[{"href":"https:\/\/www.patriarcatovenezia.it\/evangelizzazione-e-catechesi\/wp-json\/wp\/v2\/pages"}],"about":[{"href":"https:\/\/www.patriarcatovenezia.it\/evangelizzazione-e-catechesi\/wp-json\/wp\/v2\/types\/page"}],"author":[{"embeddable":true,"href":"https:\/\/www.patriarcatovenezia.it\/evangelizzazione-e-catechesi\/wp-json\/wp\/v2\/users\/9"}],"replies":[{"embeddable":true,"href":"https:\/\/www.patriarcatovenezia.it\/evangelizzazione-e-catechesi\/wp-json\/wp\/v2\/comments?post=1723"}],"version-history":[{"count":3,"href":"https:\/\/www.patriarcatovenezia.it\/evangelizzazione-e-catechesi\/wp-json\/wp\/v2\/pages\/1723\/revisions"}],"predecessor-version":[{"id":1906,"href":"https:\/\/www.patriarcatovenezia.it\/evangelizzazione-e-catechesi\/wp-json\/wp\/v2\/pages\/1723\/revisions\/1906"}],"up":[{"embeddable":true,"href":"https:\/\/www.patriarcatovenezia.it\/evangelizzazione-e-catechesi\/wp-json\/wp\/v2\/pages\/221"}],"wp:attachment":[{"href":"https:\/\/www.patriarcatovenezia.it\/evangelizzazione-e-catechesi\/wp-json\/wp\/v2\/media?parent=1723"}],"curies":[{"name":"wp","href":"https:\/\/api.w.org\/{rel}","templated":true}]}}