{"id":1650,"date":"2017-03-31T15:41:05","date_gmt":"2017-03-31T13:41:05","guid":{"rendered":"https:\/\/venezia.webdiocesi.it\/Evangelizzazione-e-Catechesi\/?page_id=1650"},"modified":"2019-05-08T15:32:29","modified_gmt":"2019-05-08T13:32:29","slug":"cammino-di-avvento-2010-e-quaresima-2011","status":"publish","type":"page","link":"https:\/\/www.patriarcatovenezia.it\/evangelizzazione-e-catechesi\/archivio-attivita\/cammino-di-avvento-2010-e-quaresima-2011\/","title":{"rendered":"Cammini di Avvento 2010 e Quaresima 2011_bambini e ragazzi"},"content":{"rendered":"<h5 style=\"text-align: right\"><strong>AVVENTO e NATALE 2010 \u2013 anno A<\/strong><\/h5>\n<h4 style=\"text-align: right\"><span style=\"color: #993366\"><strong>E VENNE AD ABITARE IN MEZZO A NOI<\/strong><\/span><\/h4>\n<p><img loading=\"lazy\" decoding=\"async\" class=\"size-medium wp-image-1651 alignleft\" src=\"https:\/\/venezia.webdiocesi.it\/Evangelizzazione-e-Catechesi\/wp-content\/uploads\/sites\/17\/2017\/03\/tenda-300x183.jpg\" alt=\"\" width=\"300\" height=\"183\" srcset=\"https:\/\/www.patriarcatovenezia.it\/evangelizzazione-e-catechesi\/wp-content\/uploads\/sites\/17\/2017\/03\/tenda-300x183.jpg 300w, https:\/\/www.patriarcatovenezia.it\/evangelizzazione-e-catechesi\/wp-content\/uploads\/sites\/17\/2017\/03\/tenda-768x469.jpg 768w, https:\/\/www.patriarcatovenezia.it\/evangelizzazione-e-catechesi\/wp-content\/uploads\/sites\/17\/2017\/03\/tenda-360x220.jpg 360w, https:\/\/www.patriarcatovenezia.it\/evangelizzazione-e-catechesi\/wp-content\/uploads\/sites\/17\/2017\/03\/tenda.jpg 990w\" sizes=\"(max-width: 300px) 100vw, 300px\" \/>L&#8217;Avvento che ci apprestiamo a vivere d\u00e0 inizio al ciclo delle letture dell&#8217;anno A, con il caratteristico invito all&#8217;attesa-conversione in vista della festa del Santo Natale, ma ponendo anche l&#8217;accento sulla dimensione comunitaria di questa attesa.<br \/>\nIl dono pi\u00f9 grande, quello di un \u201cfiglio\u201d, compimento della promessa al popolo d&#8217;Israele, va colto infatti in tutto il suo valore di identit\u00e0 e di progetto per il popolo stesso.<\/p>\n<p>In questo Avvento 2010 desideriamo allora domandarci: <strong>cosa significa per la nostra comunit\u00e0\u00a0<\/strong><strong>attendere Ges\u00f9? Cosa dice questo dono al nostro essere comunit\u00e0 cristiana? Come\u00a0<\/strong><strong>cambia il nostro stare insieme a partire da quel bambino?<a href=\"https:\/\/venezia.webdiocesi.it\/Evangelizzazione-e-Catechesi\/archivio-attivita\/incontro-della-carita-2010\/?repeat=w3tc\"><img loading=\"lazy\" decoding=\"async\" class=\"alignright wp-image-1993\" src=\"https:\/\/venezia.webdiocesi.it\/Evangelizzazione-e-Catechesi\/wp-content\/uploads\/sites\/17\/2017\/06\/locandina-300x208.jpg\" width=\"245\" height=\"170\" srcset=\"https:\/\/www.patriarcatovenezia.it\/evangelizzazione-e-catechesi\/wp-content\/uploads\/sites\/17\/2017\/06\/locandina-300x208.jpg 300w, https:\/\/www.patriarcatovenezia.it\/evangelizzazione-e-catechesi\/wp-content\/uploads\/sites\/17\/2017\/06\/locandina-768x532.jpg 768w, https:\/\/www.patriarcatovenezia.it\/evangelizzazione-e-catechesi\/wp-content\/uploads\/sites\/17\/2017\/06\/locandina-1024x709.jpg 1024w, https:\/\/www.patriarcatovenezia.it\/evangelizzazione-e-catechesi\/wp-content\/uploads\/sites\/17\/2017\/06\/locandina-360x249.jpg 360w, https:\/\/www.patriarcatovenezia.it\/evangelizzazione-e-catechesi\/wp-content\/uploads\/sites\/17\/2017\/06\/locandina.jpg 1922w\" sizes=\"(max-width: 245px) 100vw, 245px\" \/><\/a><\/strong><br \/>\nTrattandosi non di un anniversario da festeggiare o di un periodo in cui essere pi\u00f9 buoni (per non ben definiti motivi), ma di un incontro vivo e vero con l&#8217;Emmanuele, Dio-con-noi, nell&#8217;attesa del suo ritorno alla fine dei tempi\u2026 abbiamo accolto il suggerimento di un\u2019antica immagine biblica:\u00a0<strong>LA TENDA<\/strong><\/p>\n<p style=\"text-align: right\"><span style=\"color: #0000ff\"><strong>Clicca sulla locandina per avere notizie sull&#8217;Incontro della Carit\u00e0 2010<\/strong><\/span><\/p>\n<hr \/>\n<h5 style=\"text-align: left\"><strong>QUARESIMA e PASQUA \u00a02011 \u2013 anno A<\/strong><\/h5>\n<h4 style=\"text-align: left\"><span style=\"color: #993366\"><strong>\u201cAPRITE LE PORTE A CRISTO\u201d &#8211;\u00a0<\/strong><strong>Una vita nuova&#8230; chiavi in mano!<\/strong><\/span><\/h4>\n<p style=\"text-align: left\"><img loading=\"lazy\" decoding=\"async\" class=\"wp-image-1652 alignright\" src=\"https:\/\/venezia.webdiocesi.it\/Evangelizzazione-e-Catechesi\/wp-content\/uploads\/sites\/17\/2017\/03\/chiave-278x300.jpg\" alt=\"\" width=\"185\" height=\"200\" \/>Le \u201cchiavi in mano\u201d sono una garanzia dell&#8217;amore con cui siamo stati amati in Ges\u00f9 e inseriti nell&#8217;amore trinitario con il Battesimo, ma sono anche la responsabilit\u00e0 affidata a tutti i battezzati perch\u00e9 di queste chiavi, nella vita terrena, ne facciano l&#8217;uso migliore: <strong>quello di aprire le porte a Dio e costruire il Suo Regno, gi\u00e0 qui, ora<\/strong>.<\/p>\n<p style=\"text-align: left\">Potremmo essere tentati di pensare che l&#8217;immagine delle <em>chiavi<\/em> sia rischiosa e si presti ad un&#8217;idea sbagliata di autonomia dell&#8217;uomo da Dio, ma \u00e8 guardando a Ges\u00f9 che troviamo la giusta interpretazione, facendoci aiutare dalla letture che la Chiesa ci offre nel tempo di Quaresima. Nel deserto Ges\u00f9 non ha avuto forse la possibilit\u00e0 di scegliere un&#8217;altra via, quella pi\u00f9 seducente che il diavolo gli indicava? Ma il suo chiudere le porte a Satana per aprirle alla volont\u00e0 del Padre, lo conduce a rivelare ai discepoli sul Tabor il vero volto di Figlio, e a spalancare la sua vita per donarla a chiunque incontrer\u00e0 andando verso Gerusalemme (la donna samaritana, il cieco, Lazzaro e le sue sorelle). A loro volta queste persone non sono mai \u201cforzate\u201d ad aprirsi alla fede, ma usano le \u201cchiavi\u201d che hanno ricevuto, rispondendo liberamente all&#8217;azione dello Spirito di Ges\u00f9 nella propria esistenza quotidiana.<\/p>\n<p style=\"text-align: left\">La croce: la chiave pi\u00f9 difficile da accettare, sulla quale Ges\u00f9 ha allargato le braccia, affinch\u00e9, ancora una volta, gli uomini fossero liberi di usare le loro e addirittura chiudere le porte in faccia a Dio. Nel silenzio del sepolcro, dove le chiavi \u201cumane\u201d sono ormai esaurite, risuona l&#8217;Alleluja pasquale perch\u00e9 solo Dio Padre pu\u00f2 rotolare via la porta di roccia e far risorgere il Figlio amato.<\/p>\n","protected":false},"excerpt":{"rendered":"<p>AVVENTO e NATALE 2010 \u2013 anno A E VENNE AD ABITARE IN MEZZO A NOI L&#8217;Avvento che ci apprestiamo a vivere d\u00e0 inizio al ciclo delle letture dell&#8217;anno A, con il caratteristico invito all&#8217;attesa-conversione in vista della festa del Santo Natale, ma ponendo anche l&#8217;accento sulla dimensione comunitaria di questa attesa. Il dono pi\u00f9 grande, [&hellip;]<\/p>\n","protected":false},"author":0,"featured_media":0,"parent":221,"menu_order":0,"comment_status":"closed","ping_status":"closed","template":"","meta":{"_acf_changed":false,"ip_address":"","user_agent":"","level":"","revision":"","cookie_id":"","page_referer":"","html_form":"","footnotes":""},"class_list":["post-1650","page","type-page","status-publish","hentry"],"acf":[],"_links":{"self":[{"href":"https:\/\/www.patriarcatovenezia.it\/evangelizzazione-e-catechesi\/wp-json\/wp\/v2\/pages\/1650"}],"collection":[{"href":"https:\/\/www.patriarcatovenezia.it\/evangelizzazione-e-catechesi\/wp-json\/wp\/v2\/pages"}],"about":[{"href":"https:\/\/www.patriarcatovenezia.it\/evangelizzazione-e-catechesi\/wp-json\/wp\/v2\/types\/page"}],"author":[{"embeddable":true,"href":"https:\/\/www.patriarcatovenezia.it\/evangelizzazione-e-catechesi\/wp-json\/wp\/v2\/users\/9"}],"replies":[{"embeddable":true,"href":"https:\/\/www.patriarcatovenezia.it\/evangelizzazione-e-catechesi\/wp-json\/wp\/v2\/comments?post=1650"}],"version-history":[{"count":4,"href":"https:\/\/www.patriarcatovenezia.it\/evangelizzazione-e-catechesi\/wp-json\/wp\/v2\/pages\/1650\/revisions"}],"predecessor-version":[{"id":2028,"href":"https:\/\/www.patriarcatovenezia.it\/evangelizzazione-e-catechesi\/wp-json\/wp\/v2\/pages\/1650\/revisions\/2028"}],"up":[{"embeddable":true,"href":"https:\/\/www.patriarcatovenezia.it\/evangelizzazione-e-catechesi\/wp-json\/wp\/v2\/pages\/221"}],"wp:attachment":[{"href":"https:\/\/www.patriarcatovenezia.it\/evangelizzazione-e-catechesi\/wp-json\/wp\/v2\/media?parent=1650"}],"curies":[{"name":"wp","href":"https:\/\/api.w.org\/{rel}","templated":true}]}}