{"id":1211,"date":"2016-07-08T15:59:28","date_gmt":"2016-07-08T13:59:28","guid":{"rendered":"https:\/\/venezia.webdiocesi.it\/Evangelizzazione-e-Catechesi\/?page_id=1211"},"modified":"2019-05-08T15:26:01","modified_gmt":"2019-05-08T13:26:01","slug":"cammini-di-avvento-2013-e-quaresima-2014_bambini","status":"publish","type":"page","link":"https:\/\/www.patriarcatovenezia.it\/evangelizzazione-e-catechesi\/archivio-attivita\/cammini-di-avvento-2013-e-quaresima-2014_bambini\/","title":{"rendered":"Cammino di Avvento 2013 e Quaresima 2014_bambini e ragazzi"},"content":{"rendered":"<h5 style=\"text-align: right\"><strong><span style=\"color: #000000\">AVVENTO e NATALE 2013 &#8211; anno A<\/span><\/strong><\/h5>\n<h4 style=\"text-align: right\"><img loading=\"lazy\" decoding=\"async\" class=\" wp-image-1212 alignleft\" src=\"https:\/\/venezia.webdiocesi.it\/Evangelizzazione-e-Catechesi\/wp-content\/uploads\/sites\/17\/2016\/07\/candele-di-natale_16.gif\" alt=\"candele-di-natale_16\" width=\"268\" height=\"187\" \/><span style=\"color: #993366\">IL PIENO DELLA FEDE<\/span> (a cura dell&#8217;unit\u00e0 pastorale del Lido)<\/h4>\n<p style=\"text-align: justify\">L\u2019Avvento non \u00e8 tempo di tristezza, ma di gioia. Questo tempo liturgico, che \u00e8 tempo comunitario, invita a\u00a0celebrare l\u2019attesa di Cristo che viene ad abitare in mezzo a noi e alimenta la speranza in Colui che Dio\u00a0manda a salvare l\u2019umanit\u00e0. E il \u201cMessia\u201d, il \u201cCristo\u201d, viene a noi sempre nel mistero. Viene a noi nel mistero\u00a0della carne \u2013ossia della storia\u2010, viene a noi nel mistero dell\u2019eucaristia nella quale i cristiani possono\u00a0riconoscere personalmente e comunitariamente il Signore che \u201cviene\u201d nella loro vita, che pianta la sua\u00a0tenda in mezzo a noi e che di educa, di domenica in domenica, ad un atteggiamento di accoglienza.<br \/>\nI Padri della Chiesa parlavano di una \u201csobria ebrietas\u201d, una serena e pacata esultanza per la certezza che\u00a0egli viene e che noi possiamo accoglierlo nelle nostre case. Senza questo tempo di \u201capprendimento\u201d\u00a0all\u2019accoglienza, diviene difficile celebrare cristianamente il Natale.<a href=\"https:\/\/venezia.webdiocesi.it\/Evangelizzazione-e-Catechesi\/incontro-della-carita-2013\/\"><img loading=\"lazy\" decoding=\"async\" class=\"wp-image-1709 alignright\" src=\"https:\/\/venezia.webdiocesi.it\/Evangelizzazione-e-Catechesi\/wp-content\/uploads\/sites\/17\/2017\/05\/loc2013-213x300.jpg\" width=\"186\" height=\"261\" \/><\/a><br \/>\nSiamo anche consapevoli che l\u2019incontro con colui che viene nella nostra vita, incontro che salva, comporta\u00a0anche un \u201cgiudizio\u201d sulla storia e sulle nostre singole vite. Il giudizio sulla vita \u00e8 adesso e, alla luce della sua\u00a0presenza, comporta e chiede conversione.<br \/>\n<strong>Allegati al Sussidio (scaricabile a fondo pagina):<\/strong><\/p>\n<p style=\"text-align: justify\"><a href=\"https:\/\/venezia.webdiocesi.it\/Evangelizzazione-e-Catechesi\/wp-content\/uploads\/sites\/17\/2016\/07\/attivita-candela-avvento.pdf\" rel=\"\">attivita candela avvento<\/a><\/p>\n<p style=\"text-align: justify\"><a href=\"https:\/\/venezia.webdiocesi.it\/Evangelizzazione-e-Catechesi\/wp-content\/uploads\/sites\/17\/2016\/07\/LE-4-CANDELE-DI-AVVENTO_PREGHIERE.pdf\" rel=\"\">LE 4 CANDELE DI AVVENTO_PREGHIERE<\/a><\/p>\n<hr \/>\n<h5 style=\"text-align: left\"><strong>QUARESIMA\u00a0e SANTA PASQUA 2014 &#8211; anno A<\/strong><\/h5>\n<h4><span style=\"color: #993366\"><strong><img loading=\"lazy\" decoding=\"async\" class=\" wp-image-1234 aligncenter\" src=\"https:\/\/venezia.webdiocesi.it\/Evangelizzazione-e-Catechesi\/wp-content\/uploads\/sites\/17\/2016\/07\/bannerquar2014-300x127.jpg\" alt=\"bannerquar2014\" width=\"451\" height=\"191\" srcset=\"https:\/\/www.patriarcatovenezia.it\/evangelizzazione-e-catechesi\/wp-content\/uploads\/sites\/17\/2016\/07\/bannerquar2014-300x127.jpg 300w, https:\/\/www.patriarcatovenezia.it\/evangelizzazione-e-catechesi\/wp-content\/uploads\/sites\/17\/2016\/07\/bannerquar2014-360x153.jpg 360w, https:\/\/www.patriarcatovenezia.it\/evangelizzazione-e-catechesi\/wp-content\/uploads\/sites\/17\/2016\/07\/bannerquar2014.jpg 448w\" sizes=\"(max-width: 451px) 100vw, 451px\" \/><\/strong><\/span><\/h4>\n<h4 style=\"text-align: center\"><span style=\"color: #993366\"><strong><em>&#8220;Quello che ho te lo do&#8221;<\/em> <\/strong><em>(At 3, 6)<\/em><\/span><\/h4>\n<p style=\"text-align: justify\"><strong><span style=\"color: #333399\">IL VANGELO\u2026 dal punto di vista dei discepoli.\u00a0<\/span><\/strong>Pur essendo i discepoli presenti in quasi tutti gli episodi narrati nel vangelo e, dunque, molto vicini al Maestro, essi non sono esattamente degli esempi di \u201cempatia\u201d con Lui. Ci aspetteremmo fossero pi\u00f9 svegli e lesti nel mettere in pratica i Suoi insegnamenti &#8211; data la frequentazione h24 e i 3 anni di sequela &#8211; spesso, invece, lo fraintendono o non capiscono il senso dei suoi gesti. Sono degli ammiratori entusiasti, s\u00ec, ma faticano a riconoscere in lui il Messia o perch\u00e9 non combacia con l\u2019idea che ciascuno di loro si \u00e8 fatto o, il pi\u00f9 delle volte, perch\u00e9 restano letteralmente spiazzati dalla \u201crivoluzione\u201d che Ges\u00f9 porta con s\u00e9 nella vita e nella cultura del tempo. Nonostante questo, una cosa per\u00f2 la sanno: vale la pena restare con Lui! La loro fatica \u00e8 la nostra fatica; quella destinata probabilmente al discepolo di ogni tempo e, cio\u00e8, l\u2019incapacit\u00e0 di interpretare correttamente la via percorsa da Ges\u00f9 Cristo in obbedienza alla volont\u00e0 di Dio, la sua missione, se non leggendola alla luce della Pasqua: della croce e del sepolcro vuoto.<\/p>\n<p style=\"text-align: justify\"><span style=\"color: #333399\"><strong>RICHIAMO AGLI ATTI\u2026 lo Spirito del Risorto accompagna la Chiesa.<\/strong>\u00a0<\/span>L\u2019altra scelta che accompagner\u00e0 questo cammino quaresimale \u00e8 una sorta di \u201cstrabismo temporale\u201d, cio\u00e8 il tenere un occhio sui vangeli uno sulla vita delle prime comunit\u00e0 cristiane raccontata negli Atti degli apostoli. \u00e8 l\u2019azione dello Spirito Santo, infatti, a cambiare il cuore delle persone o a fornire la direzione in cui camminare come Chiesa. L\u2019intento \u00e8 quello di offrire, soprattutto ai gruppi di preadolescenti &#8211; invitati a partecipare e vivere la <u>Festa<\/u><u> diocesana del 6 aprile<\/u> &#8211; quegli elementi che permettano di riflettere anche sul nostro essere Chiesa oggi (a partire da alcuni episodi scelti <em>ad hoc<\/em>), per assumere gli stessi atteggiamenti di Ges\u00f9, poich\u00e9 il Suo Spirito vive in noi tramite il Battesimo ricevuto.<\/p>\n<p style=\"text-align: justify\">Ad amalgamare queste due scelte, abbiamo raccolto dal messaggio di Papa Francesco per la Quaresima 2014 il suo invito a riconoscere le nostre povert\u00e0, a spogliarci di ci\u00f2 che non salva, per tendere le braccia verso Dio Padre e ricevere da Lui ci\u00f2 di cui abbiamo davvero bisogno: il suo amore.\u00a0Lo proveremo a vivere soprattutto nel nostro <u>celebrare<\/u> come comunit\u00e0 parrocchiale che sa riconoscere e chiedere scusa delle proprie miserie, che si preoccupa di alleviare quelle dei poveri e si arricchisce spiritualmente della Grazia di Dio per essere testimoni credibili della gioia del Vangelo.<\/p>\n<h4><\/h4>\n","protected":false},"excerpt":{"rendered":"<p>AVVENTO e NATALE 2013 &#8211; anno A IL PIENO DELLA FEDE (a cura dell&#8217;unit\u00e0 pastorale del Lido) L\u2019Avvento non \u00e8 tempo di tristezza, ma di gioia. Questo tempo liturgico, che \u00e8 tempo comunitario, invita a\u00a0celebrare l\u2019attesa di Cristo che viene ad abitare in mezzo a noi e alimenta la speranza in Colui che Dio\u00a0manda a [&hellip;]<\/p>\n","protected":false},"author":0,"featured_media":0,"parent":221,"menu_order":0,"comment_status":"closed","ping_status":"closed","template":"","meta":{"_acf_changed":false,"ip_address":"","user_agent":"","level":"","revision":"","cookie_id":"","page_referer":"","html_form":"","footnotes":""},"class_list":["post-1211","page","type-page","status-publish","hentry"],"acf":[],"_links":{"self":[{"href":"https:\/\/www.patriarcatovenezia.it\/evangelizzazione-e-catechesi\/wp-json\/wp\/v2\/pages\/1211"}],"collection":[{"href":"https:\/\/www.patriarcatovenezia.it\/evangelizzazione-e-catechesi\/wp-json\/wp\/v2\/pages"}],"about":[{"href":"https:\/\/www.patriarcatovenezia.it\/evangelizzazione-e-catechesi\/wp-json\/wp\/v2\/types\/page"}],"author":[{"embeddable":true,"href":"https:\/\/www.patriarcatovenezia.it\/evangelizzazione-e-catechesi\/wp-json\/wp\/v2\/users\/9"}],"replies":[{"embeddable":true,"href":"https:\/\/www.patriarcatovenezia.it\/evangelizzazione-e-catechesi\/wp-json\/wp\/v2\/comments?post=1211"}],"version-history":[{"count":4,"href":"https:\/\/www.patriarcatovenezia.it\/evangelizzazione-e-catechesi\/wp-json\/wp\/v2\/pages\/1211\/revisions"}],"predecessor-version":[{"id":2031,"href":"https:\/\/www.patriarcatovenezia.it\/evangelizzazione-e-catechesi\/wp-json\/wp\/v2\/pages\/1211\/revisions\/2031"}],"up":[{"embeddable":true,"href":"https:\/\/www.patriarcatovenezia.it\/evangelizzazione-e-catechesi\/wp-json\/wp\/v2\/pages\/221"}],"wp:attachment":[{"href":"https:\/\/www.patriarcatovenezia.it\/evangelizzazione-e-catechesi\/wp-json\/wp\/v2\/media?parent=1211"}],"curies":[{"name":"wp","href":"https:\/\/api.w.org\/{rel}","templated":true}]}}