{"id":1124,"date":"2016-06-10T15:54:33","date_gmt":"2016-06-10T13:54:33","guid":{"rendered":"https:\/\/venezia.webdiocesi.it\/Evangelizzazione-e-Catechesi\/?page_id=1124"},"modified":"2016-07-08T15:26:57","modified_gmt":"2016-07-08T13:26:57","slug":"corsi-2014-2015","status":"publish","type":"page","link":"https:\/\/www.patriarcatovenezia.it\/evangelizzazione-e-catechesi\/archivio-attivita\/archiviocrosi\/corsi-2014-2015\/","title":{"rendered":"Corsi 2014-2015"},"content":{"rendered":"<h4 style=\"text-align: center\"><span style=\"color: #993366\"><strong>\u00a0\u00abTEORIA GENDER\u00bb: REALT\u00c0 O MANIPOLAZIONE?<\/strong><\/span><\/h4>\n<p><strong><u>Promotori<\/u><\/strong>. Il corso \u00e8 promosso in collaborazione tra l\u2019ISSR S. Lorenzo Giustiniani (Studium Generale Marcianum) e la Scuola di Formazione S. Caterina d\u2019Alessandria che, come espressioni altamente qualificate del Patriarcato di Venezia, si propongono di contribuire al dibattito pubblico a partire dal loro ruolo (accademico e divulgativo) all\u2019interno dell\u2019orizzonte veneziano.<\/p>\n<p>Trattandosi di una problematica che oggettivamente interessa in modo trasversale moltissimi settori e ambiti pastorali, i promotori intendono chiedere e offrire collaborazione a quanti pi\u00f9 Uffici, Enti e Organismi diocesani possibile, affinch\u00e9 ci sia il pi\u00f9 ampio coinvolgimento attivo di tutti coloro che di fatto sono protagonisti di questa sfida culturale.<\/p>\n<p><strong><u>Obiettivi<\/u><\/strong>. Il corso si propone di approfondire la conoscenza dell\u2019ideologia gender ponendola a confronto con la prospettiva cristiana. \u00c8 un itinerario formativo che intende presentare, in pi\u00f9 tappe e a pi\u00f9 voci,i presupposti di un\u2019ideologia che sta progressivamente \u2013 e in modo spesso subdolo \u2013 occupando molti spazi educativi e informativi.<\/p>\n<p>In particolare si intende offrire, in modalit\u00e0 scientificamente accurata ma accessibile a tutti, un\u2019occasione di comprensione e di riflessione su un fenomeno che sta entrando con prepotenza nel contesto nazionale e, quasi come avamposto, nel territorio veneziano.<\/p>\n<p><strong><u>Destinatari<\/u>.<\/strong> Il corso si rivolge a:<\/p>\n<ul>\n<li>studenti delle due scuole promotrici;<\/li>\n<li>studenti universitari<\/li>\n<li>genitori<\/li>\n<li>insegnanti<\/li>\n<li>catechisti<\/li>\n<li>educatori, formatori, operatori pastorali (patronati, equipe\u2026)<\/li>\n<\/ul>\n<p><strong><u>Percorso.<\/u> <\/strong>Si intende illustrare e discutere la complessa e multiforme \u00abteoria gender\u00bb secondo diversi approcci (storico, biologico, giuridico) soffermandosi con particolare attenzione critica alle sue basi antropologiche e ai risvolti comunicativi che attualmente risultano particolarmente pervasivi.<\/p>\n<hr \/>\n<p><em>Lezione<\/em> 1\u00a0\u00a0\u00a0 <strong>La \u00abteoria gender\u00bb. Una ricognizione storica<\/strong><\/p>\n<p><em>Relatore<\/em>\u00a0\u00a0\u00a0\u00a0\u00a0 Corrado Cannizzaro<\/p>\n<p><em>Traccia<\/em>\u00a0\u00a0\u00a0\u00a0\u00a0\u00a0 L\u2019ideologia gender oggi \u00e8 in una fase molto avanzata, tale da invadere quasi tutti gli ambiti della vita umana (intellettuale, sociale, educativo, politico\u2026). La sua nascita \u00e8 tuttavia recente e il suo sviluppo tutt\u2019altro che lineare. L\u2019accesso a questo mondo variegato e cangiante \u00e8 offerto attraverso un breve percorso storico che ne traccia l\u2019evoluzione, fino ad alcuni recenti interventi del Magistero cattolico (ad es. CET) e di diversi movimenti attenti alla questione.<\/p>\n<hr \/>\n<p><em>Lezione<\/em> 2\u00a0\u00a0\u00a0 <strong>L\u2019origine della differenza. La biologia umana<\/strong><\/p>\n<p><em>Relatore<\/em>\u00a0\u00a0\u00a0\u00a0\u00a0 Bruno Mozzanega<\/p>\n<p><em>Traccia<\/em>\u00a0\u00a0\u00a0\u00a0\u00a0\u00a0 L\u2019ideologia gender si basa sul principio che non esista un sesso di nascita, ma dall\u2019altro lato individua 56 possibili identificazioni sessuali. Dal punto di vista della biologia dello sviluppo dell\u2019essere umano, possiamo dire che l\u2019uomo sia sessualmente neutro? Biologicamente quanti sessi esistono?<\/p>\n<hr \/>\n<p><em>Lezione<\/em> 3\u00a0\u00a0\u00a0 <strong><em>Gender theory<\/em>: Quale antropologia?<\/strong><\/p>\n<p><em>Relatore<\/em>\u00a0\u00a0\u00a0\u00a0\u00a0 Nicola Petrovich<\/p>\n<p><em>Traccia<\/em>\u00a0\u00a0\u00a0\u00a0\u00a0\u00a0 L\u2019ideologia gender si basa su un\u2019antropologia che, proponendo l\u2019uguaglianza e la non discriminazione, in realt\u00e0 nega la differenza sessuale. \u00c8 possibile invece proporre un\u2019antropologia che, fondata sulla differenza sessuale, mostri la consistenza e il valore dell\u2019identit\u00e0 di genere? La riflessione cristiana su uomo-donna e maschio-femmina: strada percorsa e passi ancora da compiere.<\/p>\n<hr \/>\n<p><em>Lezione<\/em> 4\u00a0\u00a0\u00a0 <strong>Gender: tra linguaggio e comunicazione<\/strong><\/p>\n<p><em>Relatore<\/em>\u00a0\u00a0\u00a0\u00a0\u00a0 Emmanuele Muresu<\/p>\n<p><em>Traccia<\/em>\u00a0\u00a0\u00a0\u00a0\u00a0\u00a0 L\u2019ideologia gender si propone di riscrivere il vocabolario e le strategie educative. Questa lezione far\u00e0 un breve scorcio su come funzione il sistema educativo nei paesi in cui\u00a0 \u00e8 gi\u00e0 in vigore e sui primi passi che si stanno muovendo in Italia, soprattutto a Venezia.<\/p>\n<hr \/>\n<p><em>Lezione<\/em> 5\u00a0\u00a0\u00a0 <strong>Verso un diritto a-sessuato?<\/strong><\/p>\n<p><em>Relatore<\/em>\u00a0\u00a0\u00a0\u00a0\u00a0 Elisabetta De Septis<\/p>\n<p><em>Traccia<\/em>\u00a0\u00a0\u00a0\u00a0\u00a0\u00a0 Lo svilupparsi dell\u2019ideologia gender propone sempre pi\u00f9 di modificare le fondamenta giuridiche dell\u2019umana convivenza per elaborare un diritto dove i sessi non sono considerati. Non si possono per\u00f2 nascondere i limiti e le contraddizioni di un sistema giuridico cos\u00ec impostato.<\/p>\n<p>&nbsp;<\/p>\n<p><strong><u>Calendario<\/u><\/strong><\/p>\n<p>&nbsp;<\/p>\n<table style=\"height: 472px\" width=\"619\">\n<tbody>\n<tr>\n<td width=\"64\"><strong>\u00a0<\/strong><\/td>\n<td width=\"134\"><strong>Mestre<\/strong><\/td>\n<td width=\"132\"><strong>Venezia<\/strong><\/td>\n<td width=\"132\"><strong>Litorale<\/strong><\/td>\n<td width=\"132\"><strong>Riviera<\/strong><\/td>\n<\/tr>\n<tr>\n<td width=\"64\"><strong>Orario<\/strong><\/td>\n<td width=\"134\">20.45 \u2013 22.15<\/td>\n<td width=\"132\">17.00 \u2013 19.00<\/td>\n<td width=\"132\">20.45 \u2013 22.15<\/td>\n<td width=\"132\">20.45 \u2013 22.15<\/td>\n<\/tr>\n<tr>\n<td width=\"64\"><strong>Sede<\/strong><\/td>\n<td width=\"134\">Centro Urbani<\/td>\n<td width=\"132\">Marcianum<\/td>\n<td width=\"132\">Eraclea<\/td>\n<td width=\"132\">Gambarare<\/td>\n<\/tr>\n<tr>\n<td width=\"64\"><strong>Lez. 1<\/strong><\/td>\n<td width=\"134\">mar 21 ott<\/td>\n<td width=\"132\">lun 20 ott<\/td>\n<td width=\"132\">lun 12 gen<\/td>\n<td width=\"132\">mar 13 gen<\/td>\n<\/tr>\n<tr>\n<td width=\"64\"><strong>Lez. 2<\/strong><\/td>\n<td width=\"134\">mar 28 ott<\/td>\n<td width=\"132\">lun 27 ott<\/td>\n<td width=\"132\">lun 19 gen<\/td>\n<td width=\"132\">mar 20 gen<\/td>\n<\/tr>\n<tr>\n<td width=\"64\"><strong>Lez. 3<\/strong><\/td>\n<td width=\"134\">mar 4 nov<\/td>\n<td width=\"132\">lun 3 nov<\/td>\n<td width=\"132\">lun 26 gen<\/td>\n<td width=\"132\">mar 27 gen<\/td>\n<\/tr>\n<tr>\n<td width=\"64\"><strong>Lez. 4<\/strong><\/td>\n<td width=\"134\">mar 11 nov<\/td>\n<td width=\"132\">lun 10 nov<\/td>\n<td width=\"132\">lun 2 feb<\/td>\n<td width=\"132\">mar 3 feb<\/td>\n<\/tr>\n<tr>\n<td width=\"64\"><strong>Lez. 5<\/strong><\/td>\n<td width=\"134\">mar 18 nov<\/td>\n<td width=\"132\">lun 17 nov<\/td>\n<td width=\"132\">lun 9 feb<\/td>\n<td width=\"132\">mar 10 feb<\/td>\n<\/tr>\n<\/tbody>\n<\/table>\n<p>&nbsp;<\/p>\n<p><strong><u>Iscrizione<\/u><\/strong>: \u00e8 prevista un\u2019iscrizione obbligatoria e gratuita.<\/p>\n","protected":false},"excerpt":{"rendered":"<p>\u00a0\u00abTEORIA GENDER\u00bb: REALT\u00c0 O MANIPOLAZIONE? Promotori. Il corso \u00e8 promosso in collaborazione tra l\u2019ISSR S. Lorenzo Giustiniani (Studium Generale Marcianum) e la Scuola di Formazione S. Caterina d\u2019Alessandria che, come espressioni altamente qualificate del Patriarcato di Venezia, si propongono di contribuire al dibattito pubblico a partire dal loro ruolo (accademico e divulgativo) all\u2019interno dell\u2019orizzonte veneziano. [&hellip;]<\/p>\n","protected":false},"author":0,"featured_media":0,"parent":1204,"menu_order":0,"comment_status":"closed","ping_status":"closed","template":"","meta":{"_acf_changed":false,"ip_address":"","user_agent":"","level":"","revision":"","cookie_id":"","page_referer":"","html_form":"","footnotes":""},"class_list":["post-1124","page","type-page","status-publish","hentry"],"acf":[],"_links":{"self":[{"href":"https:\/\/www.patriarcatovenezia.it\/evangelizzazione-e-catechesi\/wp-json\/wp\/v2\/pages\/1124"}],"collection":[{"href":"https:\/\/www.patriarcatovenezia.it\/evangelizzazione-e-catechesi\/wp-json\/wp\/v2\/pages"}],"about":[{"href":"https:\/\/www.patriarcatovenezia.it\/evangelizzazione-e-catechesi\/wp-json\/wp\/v2\/types\/page"}],"author":[{"embeddable":true,"href":"https:\/\/www.patriarcatovenezia.it\/evangelizzazione-e-catechesi\/wp-json\/wp\/v2\/users\/9"}],"replies":[{"embeddable":true,"href":"https:\/\/www.patriarcatovenezia.it\/evangelizzazione-e-catechesi\/wp-json\/wp\/v2\/comments?post=1124"}],"version-history":[{"count":3,"href":"https:\/\/www.patriarcatovenezia.it\/evangelizzazione-e-catechesi\/wp-json\/wp\/v2\/pages\/1124\/revisions"}],"predecessor-version":[{"id":1128,"href":"https:\/\/www.patriarcatovenezia.it\/evangelizzazione-e-catechesi\/wp-json\/wp\/v2\/pages\/1124\/revisions\/1128"}],"up":[{"embeddable":true,"href":"https:\/\/www.patriarcatovenezia.it\/evangelizzazione-e-catechesi\/wp-json\/wp\/v2\/pages\/1204"}],"wp:attachment":[{"href":"https:\/\/www.patriarcatovenezia.it\/evangelizzazione-e-catechesi\/wp-json\/wp\/v2\/media?parent=1124"}],"curies":[{"name":"wp","href":"https:\/\/api.w.org\/{rel}","templated":true}]}}