{"id":1079,"date":"2016-06-09T15:41:41","date_gmt":"2016-06-09T13:41:41","guid":{"rendered":"https:\/\/venezia.webdiocesi.it\/Evangelizzazione-e-Catechesi\/?page_id=1079"},"modified":"2016-07-08T15:29:44","modified_gmt":"2016-07-08T13:29:44","slug":"giornate-catechistiche-2009","status":"publish","type":"page","link":"https:\/\/www.patriarcatovenezia.it\/evangelizzazione-e-catechesi\/archivio-attivita\/archivioggcat\/giornate-catechistiche-2009\/","title":{"rendered":"Giornate catechistiche 2009"},"content":{"rendered":"<p>Il tem<img loading=\"lazy\" decoding=\"async\" class=\" wp-image-1092 alignleft\" src=\"https:\/\/venezia.webdiocesi.it\/Evangelizzazione-e-Catechesi\/wp-content\/uploads\/sites\/17\/2016\/06\/ggcat2009-300x225.jpg\" alt=\"ggcat2009\" width=\"370\" height=\"279\" srcset=\"https:\/\/www.patriarcatovenezia.it\/evangelizzazione-e-catechesi\/wp-content\/uploads\/sites\/17\/2016\/06\/ggcat2009-300x225.jpg 300w, https:\/\/www.patriarcatovenezia.it\/evangelizzazione-e-catechesi\/wp-content\/uploads\/sites\/17\/2016\/06\/ggcat2009-768x576.jpg 768w, https:\/\/www.patriarcatovenezia.it\/evangelizzazione-e-catechesi\/wp-content\/uploads\/sites\/17\/2016\/06\/ggcat2009-360x270.jpg 360w, https:\/\/www.patriarcatovenezia.it\/evangelizzazione-e-catechesi\/wp-content\/uploads\/sites\/17\/2016\/06\/ggcat2009.jpg 980w\" sizes=\"(max-width: 370px) 100vw, 370px\" \/>a scelto per quest\u2019anno dalle commissioni diocesane \u00e8 riassunto nell\u2019affermazione dei Martiri di Abitene del IV secolo d.C.:<\/p>\n<h4 style=\"text-align: center\"><strong><em>\u201cSenza la Domenica non possiamo vivere\u201d<\/em><\/strong><\/h4>\n<p>Esso sar\u00e0 un\u2019occasione preziosa per riscoprire il valore centrale dell\u2019Eucarestia nella vita del cristiano, prima di tutto per noi e poi per i ragazzi che ci sono affidati assieme alle loro famiglie.<\/p>\n<p>Questo \u201cviaggio\u201d intorno all\u2019Eucarestia mira soprattutto a coglierne l\u2019aspetto fondativo e \u201cplasmante\u201d per la Comunit\u00e0 cristiana, partendo dal celebrare, per toccare tutti gli ambiti in cui comunitariamente testimoniamo la nostra fede in Ges\u00f9 Cristo. I laboratori della prima giornata serviranno proprio per partire dalla realt\u00e0 e aprirla ai richiami e ai suggerimenti che il relatore ci offrir\u00e0 il giorno successivo. Per una preparazione al tema consigliamo la lettura dell\u2019esortazione apostolica <em>\u201cSacramentum Caritatis\u201d <\/em>e la <strong>catechesi di mons. B. Forte che trovate in<\/strong> <strong>allegato<\/strong>.<\/p>\n<hr \/>\n<p>1. Laboratorio per gruppi su\u00a0<em>\u201cL\u2019 Eucarestia motore\u00a0della comunit\u00e0 cristiana\u201d<\/em> &gt;scarica il\u00a0<a href=\"https:\/\/venezia.webdiocesi.it\/Evangelizzazione-e-Catechesi\/wp-content\/uploads\/sites\/17\/2016\/06\/riassunto-LABORATORI.pdf\" rel=\"\">riassunto LABORATORI<\/a><\/p>\n<p>2. <a href=\"https:\/\/venezia.webdiocesi.it\/Evangelizzazione-e-Catechesi\/wp-content\/uploads\/sites\/17\/2016\/06\/Relazione-don-N.Petrovich.pdf\" rel=\"\">Relazione don N.Petrovich<\/a>\u00a0<em>&#8220;Eternamente alleati&#8221; &#8211; Eucarestia e mistero nuziale<\/em><\/p>\n<p>3. Cammino diocesano\u00a0per i bambini e i ragazzi &#8211;\u00a0Presentazione a cura dell&#8217;UCD<\/p>\n","protected":false},"excerpt":{"rendered":"<p>Il tema scelto per quest\u2019anno dalle commissioni diocesane \u00e8 riassunto nell\u2019affermazione dei Martiri di Abitene del IV secolo d.C.: \u201cSenza la Domenica non possiamo vivere\u201d Esso sar\u00e0 un\u2019occasione preziosa per riscoprire il valore centrale dell\u2019Eucarestia nella vita del cristiano, prima di tutto per noi e poi per i ragazzi che ci sono affidati assieme alle [&hellip;]<\/p>\n","protected":false},"author":0,"featured_media":0,"parent":1200,"menu_order":0,"comment_status":"closed","ping_status":"closed","template":"","meta":{"_acf_changed":false,"ip_address":"","user_agent":"","level":"","revision":"","cookie_id":"","page_referer":"","html_form":"","footnotes":""},"class_list":["post-1079","page","type-page","status-publish","hentry"],"acf":[],"_links":{"self":[{"href":"https:\/\/www.patriarcatovenezia.it\/evangelizzazione-e-catechesi\/wp-json\/wp\/v2\/pages\/1079"}],"collection":[{"href":"https:\/\/www.patriarcatovenezia.it\/evangelizzazione-e-catechesi\/wp-json\/wp\/v2\/pages"}],"about":[{"href":"https:\/\/www.patriarcatovenezia.it\/evangelizzazione-e-catechesi\/wp-json\/wp\/v2\/types\/page"}],"author":[{"embeddable":true,"href":"https:\/\/www.patriarcatovenezia.it\/evangelizzazione-e-catechesi\/wp-json\/wp\/v2\/users\/9"}],"replies":[{"embeddable":true,"href":"https:\/\/www.patriarcatovenezia.it\/evangelizzazione-e-catechesi\/wp-json\/wp\/v2\/comments?post=1079"}],"version-history":[{"count":7,"href":"https:\/\/www.patriarcatovenezia.it\/evangelizzazione-e-catechesi\/wp-json\/wp\/v2\/pages\/1079\/revisions"}],"predecessor-version":[{"id":1097,"href":"https:\/\/www.patriarcatovenezia.it\/evangelizzazione-e-catechesi\/wp-json\/wp\/v2\/pages\/1079\/revisions\/1097"}],"up":[{"embeddable":true,"href":"https:\/\/www.patriarcatovenezia.it\/evangelizzazione-e-catechesi\/wp-json\/wp\/v2\/pages\/1200"}],"wp:attachment":[{"href":"https:\/\/www.patriarcatovenezia.it\/evangelizzazione-e-catechesi\/wp-json\/wp\/v2\/media?parent=1079"}],"curies":[{"name":"wp","href":"https:\/\/api.w.org\/{rel}","templated":true}]}}