{"id":4170,"date":"2023-07-13T14:17:43","date_gmt":"2023-07-13T12:17:43","guid":{"rendered":"https:\/\/venezia.webdiocesi.it\/esercizispirituali-oders\/?page_id=4170"},"modified":"2023-07-13T14:17:43","modified_gmt":"2023-07-13T12:17:43","slug":"sposi","status":"publish","type":"page","link":"https:\/\/www.patriarcatovenezia.it\/esercizispirituali-oders\/sposi\/","title":{"rendered":"Sposi"},"content":{"rendered":"<hr \/>\n<p><a href=\"https:\/\/venezia.webdiocesi.it\/esercizispirituali-oders\/wp-content\/uploads\/sites\/4\/2018\/10\/dettaglio-adorazione-sposi.jpg\" data-rel=\"lightbox-image-0\" data-rl_title=\"\" data-rl_caption=\"\" title=\"\"><img loading=\"lazy\" decoding=\"async\" class=\"size-medium wp-image-1797 alignleft\" src=\"https:\/\/venezia.webdiocesi.it\/esercizispirituali-oders\/wp-content\/uploads\/sites\/4\/2018\/10\/dettaglio-adorazione-sposi-300x155.jpg\" alt=\"\" width=\"300\" height=\"155\" srcset=\"https:\/\/www.patriarcatovenezia.it\/esercizispirituali-oders\/wp-content\/uploads\/sites\/4\/2018\/10\/dettaglio-adorazione-sposi-300x155.jpg 300w, https:\/\/www.patriarcatovenezia.it\/esercizispirituali-oders\/wp-content\/uploads\/sites\/4\/2018\/10\/dettaglio-adorazione-sposi-360x186.jpg 360w, https:\/\/www.patriarcatovenezia.it\/esercizispirituali-oders\/wp-content\/uploads\/sites\/4\/2018\/10\/dettaglio-adorazione-sposi.jpg 481w\" sizes=\"(max-width: 300px) 100vw, 300px\" \/><\/a>\u00c8\u00a0 una proposta di spiritualit\u00e0 sponsale, un&#8217;opportunit\u00e0 per regalarsi un tempo finalmente senza affanni e ritrovare <strong>la sorgente della propria storia<\/strong>, riparendo con rinnovata energia.<\/p>\n<p>Ai corsi <strong>possono partecipare anche i figli<\/strong>\u00a0(indicativamente da 0 a 13 anni), per i quali \u00e8 previsto un servizio di animazione in base alle fasce di et\u00e0.<\/p>\n<blockquote><p>Contagiati dall\u2019entusiasmo trasmesso da chi aveva gi\u00e0 provato questa esperienza, io, mia moglie e nostra figlia di 8 anni abbiamo deciso di partecipare agli esercizi. Condividiamo anche noi con entusiasmo alcune impressioni dopo questa bellissima esperienza\u2026<\/p>\n<p><em>\u00c8 davvero raro e prezioso ritrovare nella nostra vita pressata da impegni di lavoro e di famiglia, un tempo sospeso e prolungato di ascolto, di meditazione e condivisione come quello vissuto a Cavallino. Momenti di intensa partecipazione comunitaria sono stati vissuti anche da tutti i bambini e ragazzi presenti che hanno incontrato nuovi amici e condiviso con loro giochi e giornate sotto l\u2019occhio attento e la guida degli animatori. Gli esercizi aiutano a ritrovare una rinnovata dimensione interiore e al tempo stesso pienamente in continuit\u00e0 con la vita quotidiana. Gli affanni restano ma in una prospettiva differente e pi\u00f9 leggera. Io che partecipavo per la prima volta ho provato soprattutto lo stupore di (ri)scoprire che la dimensione spirituale \u00e8 assolutamente inscindibile dalla quotidianit\u00e0 della vita e dall\u2019impegno personale<\/em> (Daniele).<a href=\"https:\/\/venezia.webdiocesi.it\/esercizispirituali-oders\/wp-content\/uploads\/sites\/4\/2018\/10\/sposi-con-figli-pranzo.png\" data-rel=\"lightbox-image-1\" data-rl_title=\"\" data-rl_caption=\"\" title=\"\"><img loading=\"lazy\" decoding=\"async\" class=\"size-medium wp-image-1853 alignright\" src=\"https:\/\/venezia.webdiocesi.it\/esercizispirituali-oders\/wp-content\/uploads\/sites\/4\/2018\/10\/sposi-con-figli-pranzo-300x159.png\" alt=\"\" width=\"300\" height=\"159\" srcset=\"https:\/\/www.patriarcatovenezia.it\/esercizispirituali-oders\/wp-content\/uploads\/sites\/4\/2018\/10\/sposi-con-figli-pranzo-300x159.png 300w, https:\/\/www.patriarcatovenezia.it\/esercizispirituali-oders\/wp-content\/uploads\/sites\/4\/2018\/10\/sposi-con-figli-pranzo-768x407.png 768w, https:\/\/www.patriarcatovenezia.it\/esercizispirituali-oders\/wp-content\/uploads\/sites\/4\/2018\/10\/sposi-con-figli-pranzo-1024x542.png 1024w, https:\/\/www.patriarcatovenezia.it\/esercizispirituali-oders\/wp-content\/uploads\/sites\/4\/2018\/10\/sposi-con-figli-pranzo-360x191.png 360w, https:\/\/www.patriarcatovenezia.it\/esercizispirituali-oders\/wp-content\/uploads\/sites\/4\/2018\/10\/sposi-con-figli-pranzo.png 1309w\" sizes=\"(max-width: 300px) 100vw, 300px\" \/><\/a><\/p>\n<p><em>Ero gi\u00e0 da giorni curiosa di quello che sarebbe stato. Avevo gi\u00e0 sentito parlare degli esercizi come una bella esperienza e mi chiedevo perci\u00f2 con un leggero sorriso che cosa sarebbe successo in quel di Cavallino.\u00a0Non ho aspettato tanto per capirlo. Cinque minuti dopo aver poggiato le valigie, nel primo saluto in chiesa risuonavano le seguenti parole: \u201cSiamo tutti fratelli! Siamo TUTTI DIVERSI E UGUALMENTE FIGLI di un unico Padre creatore del mondo e di tutti gli uomini. Dio Padre parla direttamente a ciascuno di noi e siccome siamo diversi, Dio Padre ci parla in maniera diversa\u201d. Ed io, nella mia diversit\u00e0, mi sono sentita subito bene: non rifiutata ma accolta, non giudicata ma accettata, non ostacolata ma presa per mano e poi coccolata e consolata.<\/em><br \/>\n<em>Mentre ci venivano spiegate le Sacre Scritture io rivedevo la storia di noi tutti e anche la mia storia. Avevo paura. Paura di poter ascoltare parole dissonanti da quel bello che stavo scoprendo e di essere nuovamente delusa. Ma questo non \u00e8 mai successo, mai un fastidio, un graffio, mai una delusione. Pi\u00f9 le Parole proseguivano, pi\u00f9 il mio cuore si apriva. Una magia. Amore genera Amore. Le mie ferite sono state curate<\/em> (Michela).<\/p><\/blockquote>\n","protected":false},"excerpt":{"rendered":"<p>\u00c8\u00a0 una proposta di spiritualit\u00e0 sponsale, un&#8217;opportunit\u00e0 per regalarsi un tempo finalmente senza affanni e ritrovare la sorgente della propria storia, riparendo con rinnovata energia. Ai corsi possono partecipare anche i figli\u00a0(indicativamente da 0 a 13 anni), per i quali \u00e8 previsto un servizio di animazione in base alle fasce di et\u00e0. Contagiati dall\u2019entusiasmo trasmesso [&hellip;]<\/p>\n","protected":false},"author":0,"featured_media":0,"parent":0,"menu_order":2,"comment_status":"closed","ping_status":"closed","template":"","meta":{"_acf_changed":false,"ip_address":"","user_agent":"","level":"","revision":"","cookie_id":"","page_referer":"","html_form":"","footnotes":""},"class_list":["post-4170","page","type-page","status-publish","hentry"],"acf":[],"_links":{"self":[{"href":"https:\/\/www.patriarcatovenezia.it\/esercizispirituali-oders\/wp-json\/wp\/v2\/pages\/4170"}],"collection":[{"href":"https:\/\/www.patriarcatovenezia.it\/esercizispirituali-oders\/wp-json\/wp\/v2\/pages"}],"about":[{"href":"https:\/\/www.patriarcatovenezia.it\/esercizispirituali-oders\/wp-json\/wp\/v2\/types\/page"}],"author":[{"embeddable":true,"href":"https:\/\/www.patriarcatovenezia.it\/esercizispirituali-oders\/wp-json\/wp\/v2\/users\/10"}],"replies":[{"embeddable":true,"href":"https:\/\/www.patriarcatovenezia.it\/esercizispirituali-oders\/wp-json\/wp\/v2\/comments?post=4170"}],"version-history":[{"count":1,"href":"https:\/\/www.patriarcatovenezia.it\/esercizispirituali-oders\/wp-json\/wp\/v2\/pages\/4170\/revisions"}],"predecessor-version":[{"id":4171,"href":"https:\/\/www.patriarcatovenezia.it\/esercizispirituali-oders\/wp-json\/wp\/v2\/pages\/4170\/revisions\/4171"}],"wp:attachment":[{"href":"https:\/\/www.patriarcatovenezia.it\/esercizispirituali-oders\/wp-json\/wp\/v2\/media?parent=4170"}],"curies":[{"name":"wp","href":"https:\/\/api.w.org\/{rel}","templated":true}]}}