{"id":4161,"date":"2023-07-13T13:59:02","date_gmt":"2023-07-13T11:59:02","guid":{"rendered":"https:\/\/venezia.webdiocesi.it\/esercizispirituali-oders\/?page_id=4161"},"modified":"2023-07-13T14:29:24","modified_gmt":"2023-07-13T12:29:24","slug":"giovani","status":"publish","type":"page","link":"https:\/\/www.patriarcatovenezia.it\/esercizispirituali-oders\/giovani\/","title":{"rendered":"Giovani"},"content":{"rendered":"<hr \/>\n<blockquote><p><em>Ci sono amici ed esperienze che ti accompagnano per tutta la vita: sono quelli pi\u00f9 veri.\u00a0Possiamo dire di essere stati accompagnati fin qui da un\u2019esperienza e da amici cui difficilmente rinunceremmo: \u00e8 la realt\u00e0 degli esercizi spirituali ed in essa la mano di un Dio che ti viene a cercare, ti d\u00e0 un appuntamento per sentire come stai, per fare luce sulla tua vita, in qualsiasi tappa tu sia.\u00a0<\/em><\/p><\/blockquote>\n<p><a href=\"https:\/\/venezia.webdiocesi.it\/esercizispirituali-oders\/wp-content\/uploads\/sites\/4\/2019\/11\/paolo-19-3.jpg\" data-rel=\"lightbox-image-0\" data-rl_title=\"\" data-rl_caption=\"\" title=\"\"><img loading=\"lazy\" decoding=\"async\" class=\"size-medium wp-image-2775 alignleft\" src=\"https:\/\/venezia.webdiocesi.it\/esercizispirituali-oders\/wp-content\/uploads\/sites\/4\/2019\/11\/paolo-19-3-300x171.jpg\" alt=\"\" width=\"300\" height=\"171\" srcset=\"https:\/\/www.patriarcatovenezia.it\/esercizispirituali-oders\/wp-content\/uploads\/sites\/4\/2019\/11\/paolo-19-3-300x171.jpg 300w, https:\/\/www.patriarcatovenezia.it\/esercizispirituali-oders\/wp-content\/uploads\/sites\/4\/2019\/11\/paolo-19-3-768x438.jpg 768w, https:\/\/www.patriarcatovenezia.it\/esercizispirituali-oders\/wp-content\/uploads\/sites\/4\/2019\/11\/paolo-19-3-1024x584.jpg 1024w, https:\/\/www.patriarcatovenezia.it\/esercizispirituali-oders\/wp-content\/uploads\/sites\/4\/2019\/11\/paolo-19-3-360x205.jpg 360w, https:\/\/www.patriarcatovenezia.it\/esercizispirituali-oders\/wp-content\/uploads\/sites\/4\/2019\/11\/paolo-19-3-1320x753.jpg 1320w, https:\/\/www.patriarcatovenezia.it\/esercizispirituali-oders\/wp-content\/uploads\/sites\/4\/2019\/11\/paolo-19-3.jpg 1461w\" sizes=\"(max-width: 300px) 100vw, 300px\" \/><\/a>Capita a tutti di desiderare un po\u2019 di pacificazione con noi stessi, un po\u2019 di chiarezza sulla propria vita\u2026\u00a0Uno sguardo buono su di noi ci fa scoprire chi siamo veramente!\u00a0Noi non lo sappiamo, non siamo capaci di leggerci bene dentro, non sempre comprendiamo quello che si agita nel nostro cuore.\u00a0Dicono che \u201cDio \u00e8 pi\u00f9 grande del nostro cuore\u201d. Ma troppo spesso Dio \u00e8 quello che immaginiamo noi, una costruzione della nostra mente. Finisce per essere una proiezione di noi stessi che ci giudica, ci pesa. E lo mettiamo da parte.\u00a0\u201cDio nessuno l\u2019ha mai visto\u201d, ma se apriamo il vangelo scopriamo che Ges\u00f9 ci vuole rivelare il volto inimmaginabile di Dio, padre appassionato della sorte dei suoi figli.\u00a0Ci affascina: quando Ges\u00f9 incontra le persone, le raggiunge nella loro identit\u00e0 pi\u00f9 profonda, le aggiusta dentro, rimettendole in contatto con la parte migliore di s\u00e9. Cos\u00ec apre e allarga gli orizzonti asfittici.\u00a0<strong>Questi sono gli esercizi spirituali: giornate in cui togliere ogni ostacolo all\u2019incontro con Ges\u00f9<\/strong>, <em>\u201cspalancargli l\u2019ingresso della parte pi\u00f9 recondita di noi stessi dove proviamo le gioie pi\u00f9 intense, sperimentiamo le delusioni pi\u00f9 cocenti, ci giochiamo le scelte della vita\u201d<\/em> (dalla predicazione di don Aldo Martin agli esercizi spirituali diocesani per i giovani 2019).\u00a0Lo scopo \u00e8 gioia autentica, umanit\u00e0 pacificata interiormente, capace di pi\u00f9 belle relazioni.<\/p>\n<p><em><a href=\"https:\/\/venezia.webdiocesi.it\/esercizispirituali-oders\/wp-content\/uploads\/sites\/4\/2016\/06\/giovani-in-chiesa-e1467101978121.jpg\" data-rel=\"lightbox-image-1\" data-rl_title=\"\" data-rl_caption=\"\" title=\"\"><img loading=\"lazy\" decoding=\"async\" class=\"wp-image-592 size-medium alignright\" src=\"https:\/\/venezia.webdiocesi.it\/esercizispirituali-oders\/wp-content\/uploads\/sites\/4\/2016\/06\/giovani-in-chiesa-e1467101978121-300x186.jpg\" alt=\"\" width=\"300\" height=\"186\" srcset=\"https:\/\/www.patriarcatovenezia.it\/esercizispirituali-oders\/wp-content\/uploads\/sites\/4\/2016\/06\/giovani-in-chiesa-e1467101978121-300x186.jpg 300w, https:\/\/www.patriarcatovenezia.it\/esercizispirituali-oders\/wp-content\/uploads\/sites\/4\/2016\/06\/giovani-in-chiesa-e1467101978121-360x223.jpg 360w, https:\/\/www.patriarcatovenezia.it\/esercizispirituali-oders\/wp-content\/uploads\/sites\/4\/2016\/06\/giovani-in-chiesa-e1467101978121.jpg 612w\" sizes=\"(max-width: 300px) 100vw, 300px\" \/><\/a><\/em><\/p>\n<p>Per camminare come persone e come cristiani, c&#8217;\u00e8 bisogno di fermarsi. Il silenzio \u00e8 quello spazio in cui\u00a0<strong>approfondire il proprio cammino di fede e incontrare il Signore, entrando in un dialogo personale con Lui. <\/strong>Silenzio\u00a0per ascoltare la Parola di Dio che parla al cuore, per cogliere la sua presenza, per lasciarsi indicare la via del bene e della pienezza, per trarre luce e forza per le piccole e grandi decisioni che segnano il passo nel cammino di ogni giorno.\u00a0Gli esercizi spirituali sono un regalo per la propria vita!<\/p>\n<blockquote><p><em>Siamo venuti agli esercizi la prima volta da \u201cgiovani\u201d, noi due quasi non ci conoscevamo\u2026 poi qualche anno dopo, visto che avevamo cominciato a frequentarci e a stare assieme, ci \u00e8 piaciuto provare a guardare alla nostra storia d\u2019amore assieme al Signore, con le paure e l\u2019entusiasmo che spesso caratterizza il periodo \u201cda morosi\u201d\u2026 e ora sono anni che veniamo agli esercizi degli sposi \u2026 questo non per fare la nostra cronistoria, ma per dire che Dio ha sempre qualcosa da svelarci, in qualunque et\u00e0 della vita.\u00a0<\/em><em>Guardare a Lui \u00e8 un po\u2019 come guardare noi stessi in uno specchio, vedendoci un po\u2019 pi\u00f9 chiaro, rispetto a quando ci guardiamo da soli. (<\/em>Silvia e Mirko)<\/p><\/blockquote>\n","protected":false},"excerpt":{"rendered":"<p>Ci sono amici ed esperienze che ti accompagnano per tutta la vita: sono quelli pi\u00f9 veri.\u00a0Possiamo dire di essere stati accompagnati fin qui da un\u2019esperienza e da amici cui difficilmente rinunceremmo: \u00e8 la realt\u00e0 degli esercizi spirituali ed in essa la mano di un Dio che ti viene a cercare, ti d\u00e0 un appuntamento per [&hellip;]<\/p>\n","protected":false},"author":0,"featured_media":0,"parent":0,"menu_order":4,"comment_status":"closed","ping_status":"closed","template":"","meta":{"_acf_changed":false,"ip_address":"","user_agent":"","level":"","revision":"","cookie_id":"","page_referer":"","html_form":"","footnotes":""},"class_list":["post-4161","page","type-page","status-publish","hentry"],"acf":[],"_links":{"self":[{"href":"https:\/\/www.patriarcatovenezia.it\/esercizispirituali-oders\/wp-json\/wp\/v2\/pages\/4161"}],"collection":[{"href":"https:\/\/www.patriarcatovenezia.it\/esercizispirituali-oders\/wp-json\/wp\/v2\/pages"}],"about":[{"href":"https:\/\/www.patriarcatovenezia.it\/esercizispirituali-oders\/wp-json\/wp\/v2\/types\/page"}],"author":[{"embeddable":true,"href":"https:\/\/www.patriarcatovenezia.it\/esercizispirituali-oders\/wp-json\/wp\/v2\/users\/10"}],"replies":[{"embeddable":true,"href":"https:\/\/www.patriarcatovenezia.it\/esercizispirituali-oders\/wp-json\/wp\/v2\/comments?post=4161"}],"version-history":[{"count":8,"href":"https:\/\/www.patriarcatovenezia.it\/esercizispirituali-oders\/wp-json\/wp\/v2\/pages\/4161\/revisions"}],"predecessor-version":[{"id":4175,"href":"https:\/\/www.patriarcatovenezia.it\/esercizispirituali-oders\/wp-json\/wp\/v2\/pages\/4161\/revisions\/4175"}],"wp:attachment":[{"href":"https:\/\/www.patriarcatovenezia.it\/esercizispirituali-oders\/wp-json\/wp\/v2\/media?parent=4161"}],"curies":[{"name":"wp","href":"https:\/\/api.w.org\/{rel}","templated":true}]}}