{"id":210,"date":"2019-08-06T12:44:18","date_gmt":"2019-08-06T10:44:18","guid":{"rendered":"https:\/\/venezia.webdiocesi.it\/caritas\/?page_id=210"},"modified":"2023-02-14T11:52:19","modified_gmt":"2023-02-14T10:52:19","slug":"servizio-docce","status":"publish","type":"page","link":"https:\/\/www.patriarcatovenezia.it\/caritas\/servizi\/servizio-docce\/","title":{"rendered":"Servizio docce"},"content":{"rendered":"<div style=\"width: 1920px;\" class=\"wp-video\"><!--[if lt IE 9]><script>document.createElement('video');<\/script><![endif]-->\n<video class=\"wp-video-shortcode\" id=\"video-210-1\" width=\"1920\" height=\"1080\" preload=\"metadata\" controls=\"controls\"><source type=\"video\/mp4\" src=\"https:\/\/venezia.webdiocesi.it\/caritas\/wp-content\/uploads\/sites\/14\/2022\/10\/scena-6.mp4?_=1\" \/><a href=\"https:\/\/venezia.webdiocesi.it\/caritas\/wp-content\/uploads\/sites\/14\/2022\/10\/scena-6.mp4\">https:\/\/venezia.webdiocesi.it\/caritas\/wp-content\/uploads\/sites\/14\/2022\/10\/scena-6.mp4<\/a><\/video><\/div>\n<hr \/>\n<p>In due strutture c\u2019\u00e8 la possibilit\u00e0, anche per chi non \u00e8 ospite di nessuna Casa d\u2019accoglienza, di usufruire del servizio docce, di avere un cambio di vestiti, e comunque di curare l\u2019aspetto personale, sempre nell\u2019ottica di valorizzazione della Persona.<\/p>\n<p>E\u2019 possibile in questo modo, anche se in un momento di difficolt\u00e0, presentarsi dignitosamente a un colloquio di lavoro o continuare a mantenere il posto di lavoro.<\/p>\n<p>&nbsp;<\/p>\n<table width=\"747\">\n<tbody>\n<tr>\n<td width=\"352\"><b>Casa d\u2019accoglienza S. Giuseppe<br \/>\n<\/b><\/p>\n<p>Venezia, Castello &#8211; 2129<a href=\"https:\/\/venezia.webdiocesi.it\/caritas\/wp-content\/uploads\/sites\/14\/2019\/08\/tana.jpg\" data-rel=\"lightbox-image-0\" data-rl_title=\"\" data-rl_caption=\"\" title=\"\"><img loading=\"lazy\" decoding=\"async\" class=\"size-thumbnail wp-image-184 alignleft\" src=\"https:\/\/venezia.webdiocesi.it\/caritas\/wp-content\/uploads\/sites\/14\/2019\/08\/tana-150x150.jpg\" alt=\"\" width=\"150\" height=\"150\" srcset=\"https:\/\/www.patriarcatovenezia.it\/caritas\/wp-content\/uploads\/sites\/14\/2019\/08\/tana-150x150.jpg 150w, https:\/\/www.patriarcatovenezia.it\/caritas\/wp-content\/uploads\/sites\/14\/2019\/08\/tana-200x200.jpg 200w\" sizes=\"(max-width: 150px) 100vw, 150px\" \/><\/a><\/td>\n<td width=\"55\"><\/td>\n<td width=\"341\">SOSPESO PER MANUTENZIONE<\/td>\n<\/tr>\n<\/tbody>\n<\/table>\n","protected":false},"excerpt":{"rendered":"<p>In due strutture c\u2019\u00e8 la possibilit\u00e0, anche per chi non \u00e8 ospite di nessuna Casa d\u2019accoglienza, di usufruire del servizio docce, di avere un cambio di vestiti, e comunque di curare l\u2019aspetto personale, sempre nell\u2019ottica di valorizzazione della Persona. E\u2019 possibile in questo modo, anche se in un momento di difficolt\u00e0, presentarsi dignitosamente a un [&hellip;]<\/p>\n","protected":false},"author":0,"featured_media":0,"parent":162,"menu_order":0,"comment_status":"closed","ping_status":"closed","template":"","meta":{"_acf_changed":false,"ip_address":"","user_agent":"","level":"","revision":"","cookie_id":"","page_referer":"","html_form":"","footnotes":""},"class_list":["post-210","page","type-page","status-publish","hentry"],"acf":[],"_links":{"self":[{"href":"https:\/\/www.patriarcatovenezia.it\/caritas\/wp-json\/wp\/v2\/pages\/210"}],"collection":[{"href":"https:\/\/www.patriarcatovenezia.it\/caritas\/wp-json\/wp\/v2\/pages"}],"about":[{"href":"https:\/\/www.patriarcatovenezia.it\/caritas\/wp-json\/wp\/v2\/types\/page"}],"author":[{"embeddable":true,"href":"https:\/\/www.patriarcatovenezia.it\/caritas\/wp-json\/wp\/v2\/users\/10"}],"replies":[{"embeddable":true,"href":"https:\/\/www.patriarcatovenezia.it\/caritas\/wp-json\/wp\/v2\/comments?post=210"}],"version-history":[{"count":8,"href":"https:\/\/www.patriarcatovenezia.it\/caritas\/wp-json\/wp\/v2\/pages\/210\/revisions"}],"predecessor-version":[{"id":1117,"href":"https:\/\/www.patriarcatovenezia.it\/caritas\/wp-json\/wp\/v2\/pages\/210\/revisions\/1117"}],"up":[{"embeddable":true,"href":"https:\/\/www.patriarcatovenezia.it\/caritas\/wp-json\/wp\/v2\/pages\/162"}],"wp:attachment":[{"href":"https:\/\/www.patriarcatovenezia.it\/caritas\/wp-json\/wp\/v2\/media?parent=210"}],"curies":[{"name":"wp","href":"https:\/\/api.w.org\/{rel}","templated":true}]}}