{"id":1134,"date":"2023-02-15T10:19:54","date_gmt":"2023-02-15T09:19:54","guid":{"rendered":"https:\/\/venezia.webdiocesi.it\/caritas\/?page_id=1134"},"modified":"2024-09-17T10:42:12","modified_gmt":"2024-09-17T08:42:12","slug":"ambulatorio","status":"publish","type":"page","link":"https:\/\/www.patriarcatovenezia.it\/caritas\/servizi\/ambulatorio\/","title":{"rendered":"Ambulatorio"},"content":{"rendered":"<div id=\"pl-1134\"  class=\"panel-layout\" ><div id=\"pg-1134-0\"  class=\"panel-grid panel-no-style\" ><div id=\"pgc-1134-0-0\"  class=\"panel-grid-cell\" ><div id=\"panel-1134-0-0-0\" class=\"so-panel widget widget_media_video panel-first-child\" data-index=\"0\" ><div style=\"width:100%;\" class=\"wp-video\"><!--[if lt IE 9]><script>document.createElement('video');<\/script><![endif]-->\n<video class=\"wp-video-shortcode\" id=\"video-1134-1\" preload=\"metadata\" controls=\"controls\"><source type=\"video\/mp4\" src=\"https:\/\/www.patriarcatovenezia.it\/caritas\/wp-content\/uploads\/sites\/14\/2022\/10\/scena-4.mp4?_=1\" \/><source type=\"video\/mp4\" src=\"http:\/\/venezia.webdiocesi.it\/caritas\/wp-content\/uploads\/sites\/14\/2022\/10\/scena-4.mp4?_=1\" \/><a href=\"https:\/\/www.patriarcatovenezia.it\/caritas\/wp-content\/uploads\/sites\/14\/2022\/10\/scena-4.mp4\">https:\/\/www.patriarcatovenezia.it\/caritas\/wp-content\/uploads\/sites\/14\/2022\/10\/scena-4.mp4<\/a><\/video><\/div><\/div><div id=\"panel-1134-0-0-1\" class=\"so-panel widget widget_sow-editor panel-last-child\" data-index=\"1\" ><div\n\t\t\t\n\t\t\tclass=\"so-widget-sow-editor so-widget-sow-editor-base\"\n\t\t\t\n\t\t>\n<div class=\"siteorigin-widget-tinymce textwidget\">\n\t<hr \/>\n<p>L\u2019ambulatorio di prossimit\u00e0 intende garantire il diritto alla salute e la promozione della dignit\u00e0 delle fasce pi\u00f9 deboli mettendo a disposizione, di tutte le persone e delle famiglie in difficolt\u00e0 e senza reddito, un importante servizio gratuito di assistenza medica specialistica di carattere essenziale o urgente.<\/p>\n<h4><strong>ORARI<\/strong><\/h4>\n<p>Luned\u00ec e venerd\u00ec | 09.00 - 12.00<br \/>\nMercoled\u00ec | 15.00 - 18.00<\/p>\n<h4><strong>CONTATTI<\/strong><\/h4>\n<p>Mail: <a href=\"mailto:ambulatorio.caritas@patriarcatovenezia.it\">ambulatorio.caritas@patriarcatovenezia.it<\/a><br \/>\nTelefono: <a href=\"tel:3898469418\">389 846 9418<\/a>\u00a0- <a href=\"tel:3341032714\">3341032714<\/a><\/p>\n<p>&nbsp;<\/p>\n<\/div>\n<\/div><\/div><\/div><\/div><\/div>","protected":false},"excerpt":{"rendered":"<p>L\u2019ambulatorio di prossimit\u00e0 intende garantire il diritto alla salute e la promozione della dignit\u00e0 delle fasce pi\u00f9 deboli mettendo a disposizione, di tutte le persone e delle famiglie in difficolt\u00e0 e senza reddito, un importante servizio gratuito di assistenza medica specialistica di carattere essenziale o urgente. ORARI Luned\u00ec e venerd\u00ec | 09.00 &#8211; 12.00 Mercoled\u00ec [&hellip;]<\/p>\n","protected":false},"author":0,"featured_media":0,"parent":162,"menu_order":0,"comment_status":"closed","ping_status":"closed","template":"","meta":{"_acf_changed":false,"ip_address":"","user_agent":"","level":"","revision":"","cookie_id":"","page_referer":"","html_form":"","footnotes":""},"class_list":["post-1134","page","type-page","status-publish","hentry"],"acf":[],"_links":{"self":[{"href":"https:\/\/www.patriarcatovenezia.it\/caritas\/wp-json\/wp\/v2\/pages\/1134"}],"collection":[{"href":"https:\/\/www.patriarcatovenezia.it\/caritas\/wp-json\/wp\/v2\/pages"}],"about":[{"href":"https:\/\/www.patriarcatovenezia.it\/caritas\/wp-json\/wp\/v2\/types\/page"}],"author":[{"embeddable":true,"href":"https:\/\/www.patriarcatovenezia.it\/caritas\/wp-json\/wp\/v2\/users\/27"}],"replies":[{"embeddable":true,"href":"https:\/\/www.patriarcatovenezia.it\/caritas\/wp-json\/wp\/v2\/comments?post=1134"}],"version-history":[{"count":5,"href":"https:\/\/www.patriarcatovenezia.it\/caritas\/wp-json\/wp\/v2\/pages\/1134\/revisions"}],"predecessor-version":[{"id":1825,"href":"https:\/\/www.patriarcatovenezia.it\/caritas\/wp-json\/wp\/v2\/pages\/1134\/revisions\/1825"}],"up":[{"embeddable":true,"href":"https:\/\/www.patriarcatovenezia.it\/caritas\/wp-json\/wp\/v2\/pages\/162"}],"wp:attachment":[{"href":"https:\/\/www.patriarcatovenezia.it\/caritas\/wp-json\/wp\/v2\/media?parent=1134"}],"curies":[{"name":"wp","href":"https:\/\/api.w.org\/{rel}","templated":true}]}}